{"id":10901,"date":"2025-08-01T03:12:04","date_gmt":"2025-08-01T03:12:04","guid":{"rendered":"https:\/\/sinoextrud.com\/product\/aluminum-enclosure-heat-sink-for-electronics\/"},"modified":"2025-08-01T03:12:04","modified_gmt":"2025-08-01T03:12:04","slug":"aluminiumskabinet-koleplade-til-elektronik","status":"publish","type":"product","link":"https:\/\/sinoextrud.com\/da\/product\/aluminum-enclosure-heat-sink-for-electronics\/","title":{"rendered":"Aluminiumskabinet k\u00f8leplade til elektronik"},"content":{"rendered":"<h2>Detaljer om produkter<\/h2>\n<div class=\"product-table\">\n<div class=\"row\">\n<div class=\"cell label\">CNC-bearbejdning eller ej<\/div>\n<div class=\"cell value\">Cnc-bearbejdning<\/div>\n<\/div>\n<div class=\"row\">\n<div class=\"cell label\">Materialekapacitet<\/div>\n<div class=\"cell value\">Aluminium, messing, bronze, kobber, h\u00e6rdede metaller, \u00e6delmetaller, rustfrit st\u00e5l, st\u00e5llegeringer, andet<\/div>\n<\/div>\n<div class=\"row\">\n<div class=\"cell label\">Type<\/div>\n<div class=\"cell value\">BORING, \u00e6tsning\/kemisk bearbejdning, laserbearbejdning, fr\u00e6sning, andre bearbejdningstjenester, hurtig prototypefremstilling, drejning, tr\u00e5dgnistning<\/div>\n<\/div>\n<div class=\"row\">\n<div class=\"cell label\">Mikrobearbejdning eller ej<\/div>\n<div class=\"cell value\">Mikrobearbejdning<\/div>\n<\/div>\n<div class=\"row\">\n<div class=\"cell label\">Salg af enheder<\/div>\n<div class=\"cell value\">En enkelt genstand<\/div>\n<\/div>\n<\/div>\n<p><\/p>\n<h2>Vores produktionsbase<\/h2>\n<h3>Panorama over fabrikken<\/h3>\n<p><img decoding=\"async\" src=\"\/wp-content\/uploads\/factory-01.webp\"\/><\/p>\n<h3>V\u00e6rksted til fremstilling af aluminiumst\u00e6nger<\/h3>\n<p><img decoding=\"async\" src=\"\/wp-content\/uploads\/factory-02.webp\"\/><\/p>\n<p><img decoding=\"async\" src=\"\/wp-content\/uploads\/factory-03.webp\"\/><\/p>\n<h3>Lager til opbevaring af skimmelsvampe<\/h3>\n<p><img decoding=\"async\" src=\"\/wp-content\/uploads\/factory-04.webp\"\/><\/p>\n<h3>43 ekstruderingslinjer for aluminium (500-5500 ton)<\/h3>\n<p><img decoding=\"async\" src=\"\/wp-content\/uploads\/factory-05.webp\"\/><\/p>\n<p><img decoding=\"async\" src=\"\/wp-content\/uploads\/factory-06.webp\"\/><\/p>\n<p><img decoding=\"async\" src=\"\/wp-content\/uploads\/factory-07.webp\"\/><\/p>\n<h3>V\u00e6rksted for pulverlakering<\/h3>\n<p><img decoding=\"async\" src=\"\/wp-content\/uploads\/factory-09.webp\"\/><\/p>\n<h3>Anodiseringsv\u00e6rksted<\/h3>\n<p><img decoding=\"async\" src=\"\/wp-content\/uploads\/factory-10.webp\"\/><\/p>\n<h3>Workshop om dyb behandling<\/h3>\n<p><img decoding=\"async\" src=\"\/wp-content\/uploads\/factory-11.webp\"\/><\/p>\n<h3>V\u00e6rksted for CNC-pr\u00e6cisionsbearbejdning<\/h3>\n<p><img decoding=\"async\" src=\"\/wp-content\/uploads\/factory-11.5.webp\"\/><\/p>\n<h3>F\u00e6rdigvare- og eksportlager<\/h3>\n<p><img decoding=\"async\" src=\"\/wp-content\/uploads\/factory-12.webp\"\/><\/p>\n<p><img decoding=\"async\" src=\"\/wp-content\/uploads\/factory-13.webp\"\/><\/p>\n<p><img decoding=\"async\" src=\"\/wp-content\/uploads\/factory-14.webp\"\/><\/p>\n<h2>OFTE STILLEDE SP\u00d8RGSM\u00c5L<\/h2>\n<p><strong>1. Hvad er de vigtigste fordele ved at bruge en k\u00f8leplade til aluminiumskabinetter?<\/strong><br \/>Den giver effektiv varmeafledning, letv\u00e6gtsdesign og holdbarhed.<\/p>\n<p><strong>2. Kan aluminiumskabinettets k\u00f8leplade tilpasses?<\/strong><br \/>Ja, vi tilbyder tilpasning af design og dimensioner, s\u00e5 de passer til dine specifikke behov.<\/p>\n<p><strong>3. Er denne k\u00f8leplade egnet til h\u00f8jtydende enheder?<\/strong><br \/>Ja, den er designet til at h\u00e5ndtere h\u00f8jtydende applikationer, der kr\u00e6ver effektiv varmestyring.<\/p>\n<p><strong>4. Hvilke materialer er k\u00f8lepladen lavet af?<\/strong><br \/>K\u00f8lepladen er lavet af aluminium af h\u00f8j kvalitet for optimal varmeledningsevne.<\/p>\n<p><strong>5. Kan dette produkt bruges i forskellige elektroniske apparater?<\/strong><br \/>Ja, den er kompatibel med en lang r\u00e6kke enheder til alsidig brug.<\/p>\n<p><strong>6. Hvordan forbedrer k\u00f8lepladen enhedens ydeevne?<\/strong><br \/>Ved effektivt at aflede varmen opretholder den optimale driftstemperaturer og forbedrer ydeevnen.<\/p>\n<p><strong>7. Leverer I k\u00f8lepladerne med international logistiksupport?<\/strong><br \/>Ja, vi tilbyder omfattende forsendelsesl\u00f8sninger til levering i hele verden.<\/p>\n<p><\/p>","protected":false},"featured_media":10846,"template":"","categories":[72],"class_list":["post-10901","product","type-product","status-publish","has-post-thumbnail","hentry","category-extruded-aluminum-heatsink"],"meta_box":{"hilight_text_group":[{"product_hilight_text":"<li>Efficient heat dissipation for improved performance<\/li>\n<li>Customizable designs to fit specific device requirements<\/li>\n<li>Durable aluminum construction for long-lasting usage<\/li>\n<li>Lightweight design for easy integration<\/li>\n<li>Compatible with a wide range of electronic devices<\/li>"}],"feature_list":[]},"_links":{"self":[{"href":"https:\/\/sinoextrud.com\/da\/wp-json\/wp\/v2\/product\/10901","targetHints":{"allow":["GET"]}}],"collection":[{"href":"https:\/\/sinoextrud.com\/da\/wp-json\/wp\/v2\/product"}],"about":[{"href":"https:\/\/sinoextrud.com\/da\/wp-json\/wp\/v2\/types\/product"}],"wp:featuredmedia":[{"embeddable":true,"href":"https:\/\/sinoextrud.com\/da\/wp-json\/wp\/v2\/media\/10846"}],"wp:attachment":[{"href":"https:\/\/sinoextrud.com\/da\/wp-json\/wp\/v2\/media?parent=10901"}],"wp:term":[{"taxonomy":"category","embeddable":true,"href":"https:\/\/sinoextrud.com\/da\/wp-json\/wp\/v2\/categories?post=10901"}],"curies":[{"name":"wp","href":"https:\/\/api.w.org\/{rel}","templated":true}]}}