{"id":10899,"date":"2025-08-01T03:11:59","date_gmt":"2025-08-01T03:11:59","guid":{"rendered":"https:\/\/sinoextrud.com\/product\/round-processing-extruded-aluminum-heat-sink\/"},"modified":"2025-08-01T03:11:59","modified_gmt":"2025-08-01T03:11:59","slug":"rund-forarbejdning-af-ekstruderet-aluminiumskoleplade","status":"publish","type":"product","link":"https:\/\/sinoextrud.com\/da\/product\/round-processing-extruded-aluminum-heat-sink\/","title":{"rendered":"K\u00f8leplade af ekstruderet aluminium med rund forarbejdning"},"content":{"rendered":"<h2>Detaljer om produkter<\/h2>\n<div class=\"product-table\">\n<div class=\"row\">\n<div class=\"cell label\">Karakter<\/div>\n<div class=\"cell value\">6061;6063;6463<\/div>\n<\/div>\n<div class=\"row\">\n<div class=\"cell label\">Tolerance<\/div>\n<div class=\"cell value\">\u00b11%<\/div>\n<\/div>\n<div class=\"row\">\n<div class=\"cell label\">Leveringstid<\/div>\n<div class=\"cell value\">8-14 dage<\/div>\n<\/div>\n<div class=\"row\">\n<div class=\"cell label\">Temperament<\/div>\n<div class=\"cell value\">T5;T6<\/div>\n<\/div>\n<div class=\"row\">\n<div class=\"cell label\">Anvendelse<\/div>\n<div class=\"cell value\">Radiator<\/div>\n<\/div>\n<div class=\"row\">\n<div class=\"cell label\">Form<\/div>\n<div class=\"cell value\">T - Profil<\/div>\n<\/div>\n<div class=\"row\">\n<div class=\"cell label\">Legering eller ej<\/div>\n<div class=\"cell value\">Er legeret<\/div>\n<\/div>\n<div class=\"row\">\n<div class=\"cell label\">Behandling af service<\/div>\n<div class=\"cell value\">Stansning, sk\u00e6ring<\/div>\n<\/div>\n<div class=\"row\">\n<div class=\"cell label\">Type<\/div>\n<div class=\"cell value\">k\u00f8leplade af aluminium<\/div>\n<\/div>\n<div class=\"row\">\n<div class=\"cell label\">Materiale<\/div>\n<div class=\"cell value\">Aluminium<\/div>\n<\/div>\n<div class=\"row\">\n<div class=\"cell label\">F\u00e6rdigg\u00f8r<\/div>\n<div class=\"cell value\">Pulverlakering, maling, anodisering, galvanisering, b\u00f8rstet, naturlig, brugerdefineret<\/div>\n<\/div>\n<div class=\"row\">\n<div class=\"cell label\">St\u00f8rrelse<\/div>\n<div class=\"cell value\">3D,CAD,PDF<\/div>\n<\/div>\n<div class=\"row\">\n<div class=\"cell label\">Pr\u00e6cision<\/div>\n<div class=\"cell value\">+-0,1 mm<\/div>\n<\/div>\n<div class=\"row\">\n<div class=\"cell label\">Forarbejdning<\/div>\n<div class=\"cell value\">CNC<\/div>\n<\/div>\n<div class=\"row\">\n<div class=\"cell label\">QC-system<\/div>\n<div class=\"cell value\">Opbevar detaljerede QC-optegnelser<\/div>\n<\/div>\n<div class=\"row\">\n<div class=\"cell label\">Svejsning<\/div>\n<div class=\"cell value\">TIG,MIG,Spot<\/div>\n<\/div>\n<div class=\"row\">\n<div class=\"cell label\">Certifikat<\/div>\n<div class=\"cell value\">ISO9001:2008,ISO14000<\/div>\n<\/div>\n<div class=\"row\">\n<div class=\"cell label\">Virksomhedstype<\/div>\n<div class=\"cell value\">Producent, fabrik<\/div>\n<\/div>\n<div class=\"row\">\n<div class=\"cell label\">Salg af enheder<\/div>\n<div class=\"cell value\">En enkelt genstand<\/div>\n<\/div>\n<div class=\"row\">\n<div class=\"cell label\">Enkelt pakkest\u00f8rrelse<\/div>\n<div class=\"cell value\">10X10X10 cm<\/div>\n<\/div>\n<div class=\"row\">\n<div class=\"cell label\">Enkelt bruttov\u00e6gt<\/div>\n<div class=\"cell value\">1.000 KG<\/div>\n<\/div>\n<\/div>\n<p><\/p>\n<h2>Vores produktionsbase<\/h2>\n<h3>Panorama over fabrikken<\/h3>\n<p><img decoding=\"async\" src=\"\/wp-content\/uploads\/factory-01.webp\"\/><\/p>\n<h3>V\u00e6rksted til fremstilling af aluminiumst\u00e6nger<\/h3>\n<p><img decoding=\"async\" src=\"\/wp-content\/uploads\/factory-02.webp\"\/><\/p>\n<p><img decoding=\"async\" src=\"\/wp-content\/uploads\/factory-03.webp\"\/><\/p>\n<h3>Lager til opbevaring af skimmelsvampe<\/h3>\n<p><img decoding=\"async\" src=\"\/wp-content\/uploads\/factory-04.webp\"\/><\/p>\n<h3>43 ekstruderingslinjer for aluminium (500-5500 ton)<\/h3>\n<p><img decoding=\"async\" src=\"\/wp-content\/uploads\/factory-05.webp\"\/><\/p>\n<p><img decoding=\"async\" src=\"\/wp-content\/uploads\/factory-06.webp\"\/><\/p>\n<p><img decoding=\"async\" src=\"\/wp-content\/uploads\/factory-07.webp\"\/><\/p>\n<h3>V\u00e6rksted for pulverlakering<\/h3>\n<p><img decoding=\"async\" src=\"\/wp-content\/uploads\/factory-09.webp\"\/><\/p>\n<h3>Anodiseringsv\u00e6rksted<\/h3>\n<p><img decoding=\"async\" src=\"\/wp-content\/uploads\/factory-10.webp\"\/><\/p>\n<h3>Workshop om dyb behandling<\/h3>\n<p><img decoding=\"async\" src=\"\/wp-content\/uploads\/factory-11.webp\"\/><\/p>\n<h3>V\u00e6rksted for CNC-pr\u00e6cisionsbearbejdning<\/h3>\n<p><img decoding=\"async\" src=\"\/wp-content\/uploads\/factory-11.5.webp\"\/><\/p>\n<h3>F\u00e6rdigvare- og eksportlager<\/h3>\n<p><img decoding=\"async\" src=\"\/wp-content\/uploads\/factory-12.webp\"\/><\/p>\n<p><img decoding=\"async\" src=\"\/wp-content\/uploads\/factory-13.webp\"\/><\/p>\n<p><img decoding=\"async\" src=\"\/wp-content\/uploads\/factory-14.webp\"\/><\/p>\n<h2>OFTE STILLEDE SP\u00d8RGSM\u00c5L<\/h2>\n<p><strong>1. Hvad g\u00f8r k\u00f8lelegemer af ekstruderet aluminium effektive?<\/strong><br \/>Ekstruderingsprocessen giver mulighed for optimal varmeafledning, hvilket forbedrer enhedens ydeevne.<\/p>\n<p><strong>2. Kan jeg tilpasse denne aluminiumsk\u00f8leplade til mit produkt?<\/strong><br \/>Ja, vi tilbyder tilpasning af st\u00f8rrelse, design og finish, s\u00e5 det passer til dine behov.<\/p>\n<p><strong>3. Er denne k\u00f8leplade egnet til applikationer med h\u00f8je temperaturer?<\/strong><br \/>Ja, dens aluminiumsmateriale er designet til p\u00e5lidelig ydeevne i milj\u00f8er med h\u00f8je temperaturer.<\/p>\n<p><strong>4. Underst\u00f8tter dette produkt bulkordrer til industriel brug?<\/strong><br \/>Absolut, vi im\u00f8dekommer b\u00e5de sm\u00e5 og store industrielle ordrer med fleksible MOQ'er.<\/p>\n<p><strong>5. Hvor holdbar er k\u00f8lepladen af ekstruderet aluminium?<\/strong><br \/>Den er fremstillet af aluminium af h\u00f8j kvalitet og er meget holdbar og modstandsdygtig over for korrosion.<\/p>\n<p><strong>6. Kan jeg bede om en bestemt farve til k\u00f8lepladen?<\/strong><br \/>Ja, vi giver mulighed for farvetilpasning, s\u00e5 det passer til dit produkts design.<\/p>\n<p><strong>7. Giver I teknisk support til integration af k\u00f8leplader?<\/strong><br \/>Ja, vores team tilbyder omfattende support til integration af k\u00f8lelegemer i dine systemer.<\/p>\n<p><\/p>","protected":false},"featured_media":10863,"template":"","categories":[72],"class_list":["post-10899","product","type-product","status-publish","has-post-thumbnail","hentry","category-extruded-aluminum-heatsink"],"meta_box":{"hilight_text_group":[{"product_hilight_text":"<li>Efficient heat dissipation for enhanced performance<\/li>\n<li>Customizable sizes and finishes to meet specific needs<\/li>\n<li>Lightweight design suitable for various electronic applications<\/li>\n<li>Corrosion-resistant aluminum material ensures longevity<\/li>\n<li>Supports both small and large-scale production requirements<\/li>"}],"feature_list":[]},"_links":{"self":[{"href":"https:\/\/sinoextrud.com\/da\/wp-json\/wp\/v2\/product\/10899","targetHints":{"allow":["GET"]}}],"collection":[{"href":"https:\/\/sinoextrud.com\/da\/wp-json\/wp\/v2\/product"}],"about":[{"href":"https:\/\/sinoextrud.com\/da\/wp-json\/wp\/v2\/types\/product"}],"wp:featuredmedia":[{"embeddable":true,"href":"https:\/\/sinoextrud.com\/da\/wp-json\/wp\/v2\/media\/10863"}],"wp:attachment":[{"href":"https:\/\/sinoextrud.com\/da\/wp-json\/wp\/v2\/media?parent=10899"}],"wp:term":[{"taxonomy":"category","embeddable":true,"href":"https:\/\/sinoextrud.com\/da\/wp-json\/wp\/v2\/categories?post=10899"}],"curies":[{"name":"wp","href":"https:\/\/api.w.org\/{rel}","templated":true}]}}