{"id":10893,"date":"2025-08-01T03:11:46","date_gmt":"2025-08-01T03:11:46","guid":{"rendered":"https:\/\/sinoextrud.com\/product\/silver-aluminum-vapor-chamber-radiator-for-submarines\/"},"modified":"2025-08-01T03:11:46","modified_gmt":"2025-08-01T03:11:46","slug":"solv-aluminium-dampkammer-radiator-til-ubade","status":"publish","type":"product","link":"https:\/\/sinoextrud.com\/da\/product\/silver-aluminum-vapor-chamber-radiator-for-submarines\/","title":{"rendered":"S\u00f8lvfarvet aluminiumsk\u00f8ler med dampkammer til ub\u00e5de"},"content":{"rendered":"<h2>Detaljer om produkter<\/h2>\n<div class=\"product-table\">\n<div class=\"row\">\n<div class=\"cell label\">CNC-bearbejdning eller ej<\/div>\n<div class=\"cell value\">Cnc-bearbejdning<\/div>\n<\/div>\n<div class=\"row\">\n<div class=\"cell label\">Materialekapacitet<\/div>\n<div class=\"cell value\">Aluminium, messing, bronze, kobber, h\u00e6rdede metaller, \u00e6delmetaller, rustfrit st\u00e5l, st\u00e5llegeringer, cnc-bearbejdning af plast<\/div>\n<\/div>\n<div class=\"row\">\n<div class=\"cell label\">Type<\/div>\n<div class=\"cell value\">R\u00f8mning, boring, \u00e6tsning \/ kemisk bearbejdning, laserbearbejdning, fr\u00e6sning, andre bearbejdningstjenester, hurtig prototyping, drejning, tr\u00e5dgnistning<\/div>\n<\/div>\n<div class=\"row\">\n<div class=\"cell label\">Mikrobearbejdning eller ej<\/div>\n<div class=\"cell value\">Mikrobearbejdning<\/div>\n<\/div>\n<div class=\"row\">\n<div class=\"cell label\">Materiale<\/div>\n<div class=\"cell value\">Aluminium, messing, kobber, rustfrit st\u00e5l osv.<\/div>\n<\/div>\n<div class=\"row\">\n<div class=\"cell label\">F\u00e6rdigg\u00f8r<\/div>\n<div class=\"cell value\">Polering, sandbl\u00e6sning, farveanodisering, plettering osv.<\/div>\n<\/div>\n<div class=\"row\">\n<div class=\"cell label\">MOQ<\/div>\n<div class=\"cell value\">Nej<\/div>\n<\/div>\n<div class=\"row\">\n<div class=\"cell label\">Pr\u00f8ve<\/div>\n<div class=\"cell value\">Tilg\u00e6ngelig<\/div>\n<\/div>\n<div class=\"row\">\n<div class=\"cell label\">Pr\u00f8vetid<\/div>\n<div class=\"cell value\">7-10 dage<\/div>\n<\/div>\n<div class=\"row\">\n<div class=\"cell label\">Pr\u00e6cisionsomr\u00e5de<\/div>\n<div class=\"cell value\">0,010-0,002 mm<\/div>\n<\/div>\n<div class=\"row\">\n<div class=\"cell label\">OEM\/ODM<\/div>\n<div class=\"cell value\">Velkommen til<\/div>\n<\/div>\n<div class=\"row\">\n<div class=\"cell label\">Tegningstype<\/div>\n<div class=\"cell value\">JPEG, PDF, DWG, DXF, IGS, STEP, CAD<\/div>\n<\/div>\n<div class=\"row\">\n<div class=\"cell label\">Salg af enheder<\/div>\n<div class=\"cell value\">En enkelt genstand<\/div>\n<\/div>\n<div class=\"row\">\n<div class=\"cell label\">Enkelt pakkest\u00f8rrelse<\/div>\n<div class=\"cell value\">8X10X9 cm<\/div>\n<\/div>\n<div class=\"row\">\n<div class=\"cell label\">Enkelt bruttov\u00e6gt<\/div>\n<div class=\"cell value\">0,030 KG<\/div>\n<\/div>\n<\/div>\n<p><\/p>\n<h2>Vores produktionsbase<\/h2>\n<h3>Panorama over fabrikken<\/h3>\n<p><img decoding=\"async\" src=\"\/wp-content\/uploads\/factory-01.webp\"\/><\/p>\n<h3>V\u00e6rksted til fremstilling af aluminiumst\u00e6nger<\/h3>\n<p><img decoding=\"async\" src=\"\/wp-content\/uploads\/factory-02.webp\"\/><\/p>\n<p><img decoding=\"async\" src=\"\/wp-content\/uploads\/factory-03.webp\"\/><\/p>\n<h3>Lager til opbevaring af skimmelsvampe<\/h3>\n<p><img decoding=\"async\" src=\"\/wp-content\/uploads\/factory-04.webp\"\/><\/p>\n<h3>43 ekstruderingslinjer for aluminium (500-5500 ton)<\/h3>\n<p><img decoding=\"async\" src=\"\/wp-content\/uploads\/factory-05.webp\"\/><\/p>\n<p><img decoding=\"async\" src=\"\/wp-content\/uploads\/factory-06.webp\"\/><\/p>\n<p><img decoding=\"async\" src=\"\/wp-content\/uploads\/factory-07.webp\"\/><\/p>\n<h3>V\u00e6rksted for pulverlakering<\/h3>\n<p><img decoding=\"async\" src=\"\/wp-content\/uploads\/factory-09.webp\"\/><\/p>\n<h3>Anodiseringsv\u00e6rksted<\/h3>\n<p><img decoding=\"async\" src=\"\/wp-content\/uploads\/factory-10.webp\"\/><\/p>\n<h3>Workshop om dyb behandling<\/h3>\n<p><img decoding=\"async\" src=\"\/wp-content\/uploads\/factory-11.webp\"\/><\/p>\n<h3>V\u00e6rksted for CNC-pr\u00e6cisionsbearbejdning<\/h3>\n<p><img decoding=\"async\" src=\"\/wp-content\/uploads\/factory-11.5.webp\"\/><\/p>\n<h3>F\u00e6rdigvare- og eksportlager<\/h3>\n<p><img decoding=\"async\" src=\"\/wp-content\/uploads\/factory-12.webp\"\/><\/p>\n<p><img decoding=\"async\" src=\"\/wp-content\/uploads\/factory-13.webp\"\/><\/p>\n<p><img decoding=\"async\" src=\"\/wp-content\/uploads\/factory-14.webp\"\/><\/p>\n<h2>OFTE STILLEDE SP\u00d8RGSM\u00c5L<\/h2>\n<p><strong>1. Er Silver Aluminum Vapor Chamber Radiator egnet til alle ub\u00e5dsmodeller?<\/strong><br \/>Ja, den kan tilpasses, s\u00e5 den passer til forskellige ub\u00e5dsdesigns.<\/p>\n<p><strong>2. Hvilke materialer er brugt i radiatorens konstruktion?<\/strong><br \/>Radiatoren er lavet af aluminium af h\u00f8j kvalitet, hvilket sikrer holdbarhed og effektivitet.<\/p>\n<p><strong>3. Hvordan forbedrer dampkammerteknologien den termiske styring?<\/strong><br \/>Dampkammerteknologi fordeler varmen j\u00e6vnt og forbedrer k\u00f8leeffektiviteten.<\/p>\n<p><strong>4. Kan denne radiator modst\u00e5 barske havmilj\u00f8er?<\/strong><br \/>Ja, den er korrosionsbestandig og designet specielt til marine forhold.<\/p>\n<p><strong>5. Er der en minimumsordre for B2B-kunder?<\/strong><br \/>Minimumsordreantal kan diskuteres for at opfylde specifikke forretningskrav.<\/p>\n<p><strong>6. Kan vi f\u00e5 en pr\u00f8vek\u00f8ler til test?<\/strong><br \/>Ja, der findes pr\u00f8veenheder til test for at sikre kompatibilitet.<\/p>\n<p><strong>7. Tilbyder I support til installation og tekniske sp\u00f8rgsm\u00e5l?<\/strong><br \/>Ja, vores tekniske team yder support til installation og andre foresp\u00f8rgsler.<\/p>\n<p><\/p>","protected":false},"featured_media":10866,"template":"","categories":[74],"class_list":["post-10893","product","type-product","status-publish","has-post-thumbnail","hentry","category-vapor-chamber"],"meta_box":{"hilight_text_group":[{"product_hilight_text":"<li>Engineered specifically for submarine environments<\/li>\n<li>Constructed from high-quality aluminum for durability<\/li>\n<li>Efficient thermal management with vapor chamber technology<\/li>\n<li>Corrosion-resistant design ideal for marine applications<\/li>\n<li>Customizable size and specifications for B2B needs<\/li>"}],"feature_list":[]},"_links":{"self":[{"href":"https:\/\/sinoextrud.com\/da\/wp-json\/wp\/v2\/product\/10893","targetHints":{"allow":["GET"]}}],"collection":[{"href":"https:\/\/sinoextrud.com\/da\/wp-json\/wp\/v2\/product"}],"about":[{"href":"https:\/\/sinoextrud.com\/da\/wp-json\/wp\/v2\/types\/product"}],"wp:featuredmedia":[{"embeddable":true,"href":"https:\/\/sinoextrud.com\/da\/wp-json\/wp\/v2\/media\/10866"}],"wp:attachment":[{"href":"https:\/\/sinoextrud.com\/da\/wp-json\/wp\/v2\/media?parent=10893"}],"wp:term":[{"taxonomy":"category","embeddable":true,"href":"https:\/\/sinoextrud.com\/da\/wp-json\/wp\/v2\/categories?post=10893"}],"curies":[{"name":"wp","href":"https:\/\/api.w.org\/{rel}","templated":true}]}}