{"id":10892,"date":"2025-08-01T03:11:43","date_gmt":"2025-08-01T03:11:43","guid":{"rendered":"https:\/\/sinoextrud.com\/product\/aluminium-heat-sink-for-superconducting-applications\/"},"modified":"2025-08-01T03:11:43","modified_gmt":"2025-08-01T03:11:43","slug":"koleplade-af-aluminium-til-superledende-applikationer","status":"publish","type":"product","link":"https:\/\/sinoextrud.com\/da\/product\/aluminium-heat-sink-for-superconducting-applications\/","title":{"rendered":"K\u00f8leplade i aluminium til superledende applikationer"},"content":{"rendered":"<h2>Detaljer om produkter<\/h2>\n<div class=\"product-table\">\n<div class=\"row\">\n<div class=\"cell label\">Karakter<\/div>\n<div class=\"cell value\">6000-serien<\/div>\n<\/div>\n<div class=\"row\">\n<div class=\"cell label\">Tolerance<\/div>\n<div class=\"cell value\">\u00b110%<\/div>\n<\/div>\n<div class=\"row\">\n<div class=\"cell label\">Leveringstid<\/div>\n<div class=\"cell value\">31-45 dage<\/div>\n<\/div>\n<div class=\"row\">\n<div class=\"cell label\">Temperament<\/div>\n<div class=\"cell value\">T3-T8<\/div>\n<\/div>\n<div class=\"row\">\n<div class=\"cell label\">Anvendelse<\/div>\n<div class=\"cell value\">K\u00f8leplade<\/div>\n<\/div>\n<div class=\"row\">\n<div class=\"cell label\">Form<\/div>\n<div class=\"cell value\">flad<\/div>\n<\/div>\n<div class=\"row\">\n<div class=\"cell label\">Legering eller ej<\/div>\n<div class=\"cell value\">Ikke-legeret<\/div>\n<\/div>\n<div class=\"row\">\n<div class=\"cell label\">Behandling af service<\/div>\n<div class=\"cell value\">B\u00f8jning, afrulning, svejsning, stansning, sk\u00e6ring<\/div>\n<\/div>\n<div class=\"row\">\n<div class=\"cell label\">Produktets navn<\/div>\n<div class=\"cell value\">Tilpasset vandk\u00f8leplade Aluminium flydende kold plade<\/div>\n<\/div>\n<div class=\"row\">\n<div class=\"cell label\">Materiale<\/div>\n<div class=\"cell value\">6063 aluminiumslegering<\/div>\n<\/div>\n<div class=\"row\">\n<div class=\"cell label\">MOQ<\/div>\n<div class=\"cell value\">1 stk.<\/div>\n<\/div>\n<div class=\"row\">\n<div class=\"cell label\">Anvendelse<\/div>\n<div class=\"cell value\">Vandk\u00f8lingssystem<\/div>\n<\/div>\n<div class=\"row\">\n<div class=\"cell label\">Certificering<\/div>\n<div class=\"cell value\">ISO 9001\/ROHS<\/div>\n<\/div>\n<div class=\"row\">\n<div class=\"cell label\">St\u00f8rrelse<\/div>\n<div class=\"cell value\">Kundernes tegning<\/div>\n<\/div>\n<div class=\"row\">\n<div class=\"cell label\">N\u00f8gleord<\/div>\n<div class=\"cell value\">afk\u00f8let k\u00f8leplade, vandk\u00f8leplade, v\u00e6skek\u00f8leplade, vandblok<\/div>\n<\/div>\n<div class=\"row\">\n<div class=\"cell label\">Pakke<\/div>\n<div class=\"cell value\">Skr\u00e6ddersyet emballage<\/div>\n<\/div>\n<div class=\"row\">\n<div class=\"cell label\">Leveringstid<\/div>\n<div class=\"cell value\">20-45 dage<\/div>\n<\/div>\n<div class=\"row\">\n<div class=\"cell label\">Fremstilling<\/div>\n<div class=\"cell value\">CNC-bearbejdning osv.<\/div>\n<\/div>\n<div class=\"row\">\n<div class=\"cell label\">Salg af enheder<\/div>\n<div class=\"cell value\">En enkelt genstand<\/div>\n<\/div>\n<div class=\"row\">\n<div class=\"cell label\">Enkelt pakkest\u00f8rrelse<\/div>\n<div class=\"cell value\">35X30X2 cm<\/div>\n<\/div>\n<div class=\"row\">\n<div class=\"cell label\">Enkelt bruttov\u00e6gt<\/div>\n<div class=\"cell value\">1.200 KG<\/div>\n<\/div>\n<\/div>\n<p><\/p>\n<h2>Vores produktionsbase<\/h2>\n<h3>Panorama over fabrikken<\/h3>\n<p><img decoding=\"async\" src=\"\/wp-content\/uploads\/factory-01.webp\"\/><\/p>\n<h3>V\u00e6rksted til fremstilling af aluminiumst\u00e6nger<\/h3>\n<p><img decoding=\"async\" src=\"\/wp-content\/uploads\/factory-02.webp\"\/><\/p>\n<p><img decoding=\"async\" src=\"\/wp-content\/uploads\/factory-03.webp\"\/><\/p>\n<h3>Lager til opbevaring af skimmelsvampe<\/h3>\n<p><img decoding=\"async\" src=\"\/wp-content\/uploads\/factory-04.webp\"\/><\/p>\n<h3>43 ekstruderingslinjer for aluminium (500-5500 ton)<\/h3>\n<p><img decoding=\"async\" src=\"\/wp-content\/uploads\/factory-05.webp\"\/><\/p>\n<p><img decoding=\"async\" src=\"\/wp-content\/uploads\/factory-06.webp\"\/><\/p>\n<p><img decoding=\"async\" src=\"\/wp-content\/uploads\/factory-07.webp\"\/><\/p>\n<h3>V\u00e6rksted for pulverlakering<\/h3>\n<p><img decoding=\"async\" src=\"\/wp-content\/uploads\/factory-09.webp\"\/><\/p>\n<h3>Anodiseringsv\u00e6rksted<\/h3>\n<p><img decoding=\"async\" src=\"\/wp-content\/uploads\/factory-10.webp\"\/><\/p>\n<h3>Workshop om dyb behandling<\/h3>\n<p><img decoding=\"async\" src=\"\/wp-content\/uploads\/factory-11.webp\"\/><\/p>\n<h3>V\u00e6rksted for CNC-pr\u00e6cisionsbearbejdning<\/h3>\n<p><img decoding=\"async\" src=\"\/wp-content\/uploads\/factory-11.5.webp\"\/><\/p>\n<h3>F\u00e6rdigvare- og eksportlager<\/h3>\n<p><img decoding=\"async\" src=\"\/wp-content\/uploads\/factory-12.webp\"\/><\/p>\n<p><img decoding=\"async\" src=\"\/wp-content\/uploads\/factory-13.webp\"\/><\/p>\n<p><img decoding=\"async\" src=\"\/wp-content\/uploads\/factory-14.webp\"\/><\/p>\n<h2>OFTE STILLEDE SP\u00d8RGSM\u00c5L<\/h2>\n<p><strong>1. Hvad er den prim\u00e6re funktion af k\u00f8lepladen i aluminium?<\/strong><br \/>Dens prim\u00e6re funktion er at sprede varmen effektivt i superledende applikationer.<\/p>\n<p><strong>2. Kan k\u00f8lepladen i aluminium tilpasses til specifikke krav?<\/strong><br \/>Ja, den kan skr\u00e6ddersys til at opfylde specifikke st\u00f8rrelses- og varmespecifikationer.<\/p>\n<p><strong>3. Er denne aluminiumsk\u00f8leplade egnet til alle typer superledende systemer?<\/strong><br \/>Den er designet til superledende systemer med gennemsnitstemperatur, men kan tilpasses til andre typer.<\/p>\n<p><strong>4. Underst\u00f8tter det integration med eksisterende k\u00f8lesystemer?<\/strong><br \/>Ja, den er kompatibel med forskellige k\u00f8lesystemer og v\u00e6sker for problemfri integration.<\/p>\n<p><strong>5. Hvilke materialer er brugt i k\u00f8lepladen af aluminium?<\/strong><br \/>Den er fremstillet af aluminium af h\u00f8j kvalitet, som giver fremragende varmeledningsevne og korrosionsbestandighed.<\/p>\n<p><strong>6. Hvordan bidrager k\u00f8lepladen i aluminium til systemets effektivitet?<\/strong><br \/>Ved effektivt at bortlede varmen forbedrer det den samlede ydeevne og p\u00e5lidelighed af superledende systemer.<\/p>\n<p><strong>7. Giver du teknisk support til installation?<\/strong><br \/>Ja, omfattende installation og teknisk support er tilg\u00e6ngelig for alle kunder.<\/p>\n<p><\/p>","protected":false},"featured_media":10734,"template":"","categories":[72],"class_list":["post-10892","product","type-product","status-publish","has-post-thumbnail","hentry","category-extruded-aluminum-heatsink"],"meta_box":{"hilight_text_group":[{"product_hilight_text":"<li>Efficient thermal management for superconducting applications<\/li>\n<li>Customizable design to fit specific system requirements<\/li>\n<li>Lightweight construction for easy installation and handling<\/li>\n<li>Corrosion-resistant materials for long-term performance<\/li>\n<li>Compatible with various cooling fluids and systems<\/li>"}],"feature_list":[]},"_links":{"self":[{"href":"https:\/\/sinoextrud.com\/da\/wp-json\/wp\/v2\/product\/10892","targetHints":{"allow":["GET"]}}],"collection":[{"href":"https:\/\/sinoextrud.com\/da\/wp-json\/wp\/v2\/product"}],"about":[{"href":"https:\/\/sinoextrud.com\/da\/wp-json\/wp\/v2\/types\/product"}],"wp:featuredmedia":[{"embeddable":true,"href":"https:\/\/sinoextrud.com\/da\/wp-json\/wp\/v2\/media\/10734"}],"wp:attachment":[{"href":"https:\/\/sinoextrud.com\/da\/wp-json\/wp\/v2\/media?parent=10892"}],"wp:term":[{"taxonomy":"category","embeddable":true,"href":"https:\/\/sinoextrud.com\/da\/wp-json\/wp\/v2\/categories?post=10892"}],"curies":[{"name":"wp","href":"https:\/\/api.w.org\/{rel}","templated":true}]}}