{"id":10891,"date":"2025-08-01T03:11:41","date_gmt":"2025-08-01T03:11:41","guid":{"rendered":"https:\/\/sinoextrud.com\/product\/highly-quality-aluminum-heat-sink-for-devices\/"},"modified":"2025-08-01T03:11:41","modified_gmt":"2025-08-01T03:11:41","slug":"aluminiumskoleplade-af-hoj-kvalitet-til-enheder","status":"publish","type":"product","link":"https:\/\/sinoextrud.com\/da\/product\/highly-quality-aluminum-heat-sink-for-devices\/","title":{"rendered":"Aluminiumsk\u00f8leplade af h\u00f8j kvalitet til enheder"},"content":{"rendered":"<h2>Detaljer om produkter<\/h2>\n<div class=\"product-table\">\n<div class=\"row\">\n<div class=\"cell label\">Karakter<\/div>\n<div class=\"cell value\">6000-serien<\/div>\n<\/div>\n<div class=\"row\">\n<div class=\"cell label\">Tolerance<\/div>\n<div class=\"cell value\">0,01 mm<\/div>\n<\/div>\n<div class=\"row\">\n<div class=\"cell label\">Leveringstid<\/div>\n<div class=\"cell value\">inden for 7 dage<\/div>\n<\/div>\n<div class=\"row\">\n<div class=\"cell label\">Temperament<\/div>\n<div class=\"cell value\">T3-T8<\/div>\n<\/div>\n<div class=\"row\">\n<div class=\"cell label\">Anvendelse<\/div>\n<div class=\"cell value\">Bil, industri, rumfart<\/div>\n<\/div>\n<div class=\"row\">\n<div class=\"cell label\">Form<\/div>\n<div class=\"cell value\">Tilpasset og p\u00e5 lager<\/div>\n<\/div>\n<div class=\"row\">\n<div class=\"cell label\">Legering eller ej<\/div>\n<div class=\"cell value\">Er legeret<\/div>\n<\/div>\n<div class=\"row\">\n<div class=\"cell label\">Behandling af service<\/div>\n<div class=\"cell value\">B\u00f8jning, svejsning, stansning, sk\u00e6ring<\/div>\n<\/div>\n<div class=\"row\">\n<div class=\"cell label\">Produktets navn<\/div>\n<div class=\"cell value\">Professionel, avanceret k\u00f8leplade i aluminiumslegering<\/div>\n<\/div>\n<div class=\"row\">\n<div class=\"cell label\">St\u00f8rrelse<\/div>\n<div class=\"cell value\">kundens anmodning<\/div>\n<\/div>\n<div class=\"row\">\n<div class=\"cell label\">Materiale<\/div>\n<div class=\"cell value\">aluminiumslegering, kobber<\/div>\n<\/div>\n<div class=\"row\">\n<div class=\"cell label\">Farve<\/div>\n<div class=\"cell value\">r\u00f8d gr\u00f8n bl\u00e5 s\u00f8lv sort og s\u00e5 videre<\/div>\n<\/div>\n<div class=\"row\">\n<div class=\"cell label\">F\u00e6rdigg\u00f8r<\/div>\n<div class=\"cell value\">anodisering, sandbl\u00e6sning, pulverlakering, polering<\/div>\n<\/div>\n<div class=\"row\">\n<div class=\"cell label\">Proces<\/div>\n<div class=\"cell value\">Stempling, stansning, bukning, svejsning<\/div>\n<\/div>\n<div class=\"row\">\n<div class=\"cell label\">Tolerance<\/div>\n<div class=\"cell value\">0,01 mm<\/div>\n<\/div>\n<div class=\"row\">\n<div class=\"cell label\">Ekstruderingsmaskine<\/div>\n<div class=\"cell value\">600,800,1000,1800, 2250,2800,3000, 5500, 7500, 10000 tons osv.<\/div>\n<\/div>\n<div class=\"row\">\n<div class=\"cell label\">Service<\/div>\n<div class=\"cell value\">ODM OEM<\/div>\n<\/div>\n<div class=\"row\">\n<div class=\"cell label\">Certificering<\/div>\n<div class=\"cell value\">ISO 9001:2008<\/div>\n<\/div>\n<div class=\"row\">\n<div class=\"cell label\">Salg af enheder<\/div>\n<div class=\"cell value\">En enkelt genstand<\/div>\n<\/div>\n<div class=\"row\">\n<div class=\"cell label\">Enkelt pakkest\u00f8rrelse<\/div>\n<div class=\"cell value\">30X10X10 cm<\/div>\n<\/div>\n<div class=\"row\">\n<div class=\"cell label\">Enkelt bruttov\u00e6gt<\/div>\n<div class=\"cell value\">2.000 KG<\/div>\n<\/div>\n<\/div>\n<p><\/p>\n<h2>Vores produktionsbase<\/h2>\n<h3>Panorama over fabrikken<\/h3>\n<p><img decoding=\"async\" src=\"\/wp-content\/uploads\/factory-01.webp\"\/><\/p>\n<h3>V\u00e6rksted til fremstilling af aluminiumst\u00e6nger<\/h3>\n<p><img decoding=\"async\" src=\"\/wp-content\/uploads\/factory-02.webp\"\/><\/p>\n<p><img decoding=\"async\" src=\"\/wp-content\/uploads\/factory-03.webp\"\/><\/p>\n<h3>Lager til opbevaring af skimmelsvampe<\/h3>\n<p><img decoding=\"async\" src=\"\/wp-content\/uploads\/factory-04.webp\"\/><\/p>\n<h3>43 ekstruderingslinjer for aluminium (500-5500 ton)<\/h3>\n<p><img decoding=\"async\" src=\"\/wp-content\/uploads\/factory-05.webp\"\/><\/p>\n<p><img decoding=\"async\" src=\"\/wp-content\/uploads\/factory-06.webp\"\/><\/p>\n<p><img decoding=\"async\" src=\"\/wp-content\/uploads\/factory-07.webp\"\/><\/p>\n<h3>V\u00e6rksted for pulverlakering<\/h3>\n<p><img decoding=\"async\" src=\"\/wp-content\/uploads\/factory-09.webp\"\/><\/p>\n<h3>Anodiseringsv\u00e6rksted<\/h3>\n<p><img decoding=\"async\" src=\"\/wp-content\/uploads\/factory-10.webp\"\/><\/p>\n<h3>Workshop om dyb behandling<\/h3>\n<p><img decoding=\"async\" src=\"\/wp-content\/uploads\/factory-11.webp\"\/><\/p>\n<h3>V\u00e6rksted for CNC-pr\u00e6cisionsbearbejdning<\/h3>\n<p><img decoding=\"async\" src=\"\/wp-content\/uploads\/factory-11.5.webp\"\/><\/p>\n<h3>F\u00e6rdigvare- og eksportlager<\/h3>\n<p><img decoding=\"async\" src=\"\/wp-content\/uploads\/factory-12.webp\"\/><\/p>\n<p><img decoding=\"async\" src=\"\/wp-content\/uploads\/factory-13.webp\"\/><\/p>\n<p><img decoding=\"async\" src=\"\/wp-content\/uploads\/factory-14.webp\"\/><\/p>\n<h2>OFTE STILLEDE SP\u00d8RGSM\u00c5L<\/h2>\n<p><strong>1. Hvilke materialer bruges i k\u00f8lepladen af aluminium?<\/strong><br \/>Vi bruger aluminium af h\u00f8j kvalitet for at opn\u00e5 fremragende varmeledningsevne og ydeevne.<\/p>\n<p><strong>2. Kan k\u00f8lepladen i aluminium tilpasses i st\u00f8rrelse?<\/strong><br \/>Ja, vi tilbyder tilpasning af dimensioner, s\u00e5 de passer til specifikke krav.<\/p>\n<p><strong>3. Er denne aluminiumsk\u00f8leplade kompatibel med forskellige enheder?<\/strong><br \/>Ja, den er designet til at v\u00e6re kompatibel med en lang r\u00e6kke elektroniske enheder.<\/p>\n<p><strong>4. Hvilke industrier kan drage fordel af at bruge denne k\u00f8leplade?<\/strong><br \/>Brancher som elektronik, bilindustri og telekommunikation kan f\u00e5 stor gavn af det.<\/p>\n<p><strong>5. Hvad er v\u00e6gtfordelen ved denne aluminiumsk\u00f8leplade?<\/strong><br \/>Den har et letv\u00e6gtsdesign, som g\u00f8r den nem at h\u00e5ndtere og installere.<\/p>\n<p><strong>6. Tilbyder du muligheder for stork\u00f8b for B2B-kunder?<\/strong><br \/>Ja, vi underst\u00f8tter bulkk\u00f8b med konkurrencedygtige priser for B2B-kunder.<\/p>\n<p><strong>7. Hvordan forbedrer denne k\u00f8leplade varmestyringen?<\/strong><br \/>Vores design maksimerer overfladearealet for effektiv varmeafledning, hvilket forbedrer den samlede termiske styring.<\/p>\n<p><\/p>","protected":false},"featured_media":10867,"template":"","categories":[72],"class_list":["post-10891","product","type-product","status-publish","has-post-thumbnail","hentry","category-extruded-aluminum-heatsink"],"meta_box":{"hilight_text_group":[{"product_hilight_text":"<li>Engineered for optimal thermal management<\/li>\n<li>Customizable dimensions to meet specific B2B requirements<\/li>\n<li>Constructed with high-grade aluminum for superior heat dissipation<\/li>\n<li>Lightweight design aiding in easy installation<\/li>\n<li>Compatible with a wide range of electronic devices<\/li>"}],"feature_list":[]},"_links":{"self":[{"href":"https:\/\/sinoextrud.com\/da\/wp-json\/wp\/v2\/product\/10891","targetHints":{"allow":["GET"]}}],"collection":[{"href":"https:\/\/sinoextrud.com\/da\/wp-json\/wp\/v2\/product"}],"about":[{"href":"https:\/\/sinoextrud.com\/da\/wp-json\/wp\/v2\/types\/product"}],"wp:featuredmedia":[{"embeddable":true,"href":"https:\/\/sinoextrud.com\/da\/wp-json\/wp\/v2\/media\/10867"}],"wp:attachment":[{"href":"https:\/\/sinoextrud.com\/da\/wp-json\/wp\/v2\/media?parent=10891"}],"wp:term":[{"taxonomy":"category","embeddable":true,"href":"https:\/\/sinoextrud.com\/da\/wp-json\/wp\/v2\/categories?post=10891"}],"curies":[{"name":"wp","href":"https:\/\/api.w.org\/{rel}","templated":true}]}}