{"id":10890,"date":"2025-08-01T03:11:38","date_gmt":"2025-08-01T03:11:38","guid":{"rendered":"https:\/\/sinoextrud.com\/product\/aluminium-heat-sink-for-new-energy-equipment\/"},"modified":"2025-08-01T03:11:38","modified_gmt":"2025-08-01T03:11:38","slug":"koleplade-af-aluminium-til-nyt-energiudstyr","status":"publish","type":"product","link":"https:\/\/sinoextrud.com\/da\/product\/aluminium-heat-sink-for-new-energy-equipment\/","title":{"rendered":"K\u00f8leplade i aluminium til nyt energiudstyr"},"content":{"rendered":"<h2>Detaljer om produkter<\/h2>\n<div class=\"product-table\">\n<div class=\"row\">\n<div class=\"cell label\">Testrapport for maskiner<\/div>\n<div class=\"cell value\">Leveret<\/div>\n<\/div>\n<div class=\"row\">\n<div class=\"cell label\">video udg\u00e5ende-inspektion<\/div>\n<div class=\"cell value\">Leveret<\/div>\n<\/div>\n<div class=\"row\">\n<div class=\"cell label\">Garanti<\/div>\n<div class=\"cell value\">1 \u00e5r<\/div>\n<\/div>\n<div class=\"row\">\n<div class=\"cell label\">ans\u00f8gning<\/div>\n<div class=\"cell value\">K\u00f8le- og frysedele<\/div>\n<\/div>\n<div class=\"row\">\n<div class=\"cell label\">type<\/div>\n<div class=\"cell value\">Dele til k\u00f8lekompressorer<\/div>\n<\/div>\n<div class=\"row\">\n<div class=\"cell label\">v\u00e6gt (kg)<\/div>\n<div class=\"cell value\">2<\/div>\n<\/div>\n<div class=\"row\">\n<div class=\"cell label\">Materiale<\/div>\n<div class=\"cell value\">Aluminiumslegering<\/div>\n<\/div>\n<div class=\"row\">\n<div class=\"cell label\">Afk\u00f8lingsmetode<\/div>\n<div class=\"cell value\">V\u00e6skek\u00f8ling<\/div>\n<\/div>\n<div class=\"row\">\n<div class=\"cell label\">Arbejdstryk<\/div>\n<div class=\"cell value\">Mindst 1 bar<\/div>\n<\/div>\n<div class=\"row\">\n<div class=\"cell label\">Sammenf\u00f8jningsmetode<\/div>\n<div class=\"cell value\">Lodning eller svejsning eller andet<\/div>\n<\/div>\n<div class=\"row\">\n<div class=\"cell label\">Overfladefinish<\/div>\n<div class=\"cell value\">Fr\u00e6sning eller anodisering<\/div>\n<\/div>\n<div class=\"row\">\n<div class=\"cell label\">K\u00f8lev\u00e6ske<\/div>\n<div class=\"cell value\">Deioniseret vand,Inhiberet glykol og vand,Dielektrisk v\u00e6ske<\/div>\n<\/div>\n<div class=\"row\">\n<div class=\"cell label\">Tilstand<\/div>\n<div class=\"cell value\">Ny<\/div>\n<\/div>\n<div class=\"row\">\n<div class=\"cell label\">Placering af showroom<\/div>\n<div class=\"cell value\">Ingen<\/div>\n<\/div>\n<div class=\"row\">\n<div class=\"cell label\">Salg af enheder<\/div>\n<div class=\"cell value\">En enkelt genstand<\/div>\n<\/div>\n<div class=\"row\">\n<div class=\"cell label\">Enkelt pakkest\u00f8rrelse<\/div>\n<div class=\"cell value\">10X28X4 cm<\/div>\n<\/div>\n<div class=\"row\">\n<div class=\"cell label\">Enkelt bruttov\u00e6gt<\/div>\n<div class=\"cell value\">2.000 KG<\/div>\n<\/div>\n<\/div>\n<p><\/p>\n<h2>Vores produktionsbase<\/h2>\n<h3>Panorama over fabrikken<\/h3>\n<p><img decoding=\"async\" src=\"\/wp-content\/uploads\/factory-01.webp\"\/><\/p>\n<h3>V\u00e6rksted til fremstilling af aluminiumst\u00e6nger<\/h3>\n<p><img decoding=\"async\" src=\"\/wp-content\/uploads\/factory-02.webp\"\/><\/p>\n<p><img decoding=\"async\" src=\"\/wp-content\/uploads\/factory-03.webp\"\/><\/p>\n<h3>Lager til opbevaring af skimmelsvampe<\/h3>\n<p><img decoding=\"async\" src=\"\/wp-content\/uploads\/factory-04.webp\"\/><\/p>\n<h3>43 ekstruderingslinjer for aluminium (500-5500 ton)<\/h3>\n<p><img decoding=\"async\" src=\"\/wp-content\/uploads\/factory-05.webp\"\/><\/p>\n<p><img decoding=\"async\" src=\"\/wp-content\/uploads\/factory-06.webp\"\/><\/p>\n<p><img decoding=\"async\" src=\"\/wp-content\/uploads\/factory-07.webp\"\/><\/p>\n<h3>V\u00e6rksted for pulverlakering<\/h3>\n<p><img decoding=\"async\" src=\"\/wp-content\/uploads\/factory-09.webp\"\/><\/p>\n<h3>Anodiseringsv\u00e6rksted<\/h3>\n<p><img decoding=\"async\" src=\"\/wp-content\/uploads\/factory-10.webp\"\/><\/p>\n<h3>Workshop om dyb behandling<\/h3>\n<p><img decoding=\"async\" src=\"\/wp-content\/uploads\/factory-11.webp\"\/><\/p>\n<h3>V\u00e6rksted for CNC-pr\u00e6cisionsbearbejdning<\/h3>\n<p><img decoding=\"async\" src=\"\/wp-content\/uploads\/factory-11.5.webp\"\/><\/p>\n<h3>F\u00e6rdigvare- og eksportlager<\/h3>\n<p><img decoding=\"async\" src=\"\/wp-content\/uploads\/factory-12.webp\"\/><\/p>\n<p><img decoding=\"async\" src=\"\/wp-content\/uploads\/factory-13.webp\"\/><\/p>\n<p><img decoding=\"async\" src=\"\/wp-content\/uploads\/factory-14.webp\"\/><\/p>\n<h2>OFTE STILLEDE SP\u00d8RGSM\u00c5L<\/h2>\n<p><strong>1. Hvilke anvendelser er k\u00f8lepladen i aluminium egnet til?<\/strong><br \/>Den er ideel til nye energianvendelser som f.eks. solcelleinvertere og elbilopladere.<\/p>\n<p><strong>2. Kan vi tilpasse Aluminium Heat Sink til specifikke projekter?<\/strong><br \/>Ja, tilpasning er mulig for at opfylde unikke specifikationer og krav.<\/p>\n<p><strong>3. Er k\u00f8lepladen i aluminium let, s\u00e5 den er nem at h\u00e5ndtere?<\/strong><br \/>Absolut, den er lavet af letv\u00e6gtsaluminium, s\u00e5 den er nem at installere og h\u00e5ndtere.<\/p>\n<p><strong>4. Hvad er fordelene ved at bruge aluminium i k\u00f8lelegemer?<\/strong><br \/>Aluminium har en god varmeledningsevne og er b\u00e5de let og omkostningseffektivt.<\/p>\n<p><strong>5. Hvordan forbedrer k\u00f8lelegemet energieffektiviteten?<\/strong><br \/>Det forbedrer energisystemer ved at give hurtig varmeafledning for at opretholde optimale temperaturer.<\/p>\n<p><strong>6. Er denne k\u00f8leplade designet til milj\u00f8bevidste produkter?<\/strong><br \/>Ja, den underst\u00f8tter b\u00e6redygtige energil\u00f8sninger med sit milj\u00f8venlige design.<\/p>\n<p><strong>7. Sender I k\u00f8lepladen i aluminium internationalt?<\/strong><br \/>Ja, vi leverer globale forsendelsestjenester med omfattende logistisk st\u00f8tte.<\/p>\n<p><\/p>","protected":false},"featured_media":10850,"template":"","categories":[72],"class_list":["post-10890","product","type-product","status-publish","has-post-thumbnail","hentry","category-extruded-aluminum-heatsink"],"meta_box":{"hilight_text_group":[{"product_hilight_text":"<li>Optimized for superior thermal performance in new energy systems<\/li>\n<li>Customizable designs to fit a variety of applications and industries<\/li>\n<li>Lightweight and durable aluminum material for enhanced conductivity<\/li>\n<li>Designed to support sustainable and eco-friendly energy solutions<\/li>\n<li>Offers rapid heat dissipation to improve system efficiency<\/li>"}],"feature_list":[]},"_links":{"self":[{"href":"https:\/\/sinoextrud.com\/da\/wp-json\/wp\/v2\/product\/10890","targetHints":{"allow":["GET"]}}],"collection":[{"href":"https:\/\/sinoextrud.com\/da\/wp-json\/wp\/v2\/product"}],"about":[{"href":"https:\/\/sinoextrud.com\/da\/wp-json\/wp\/v2\/types\/product"}],"wp:featuredmedia":[{"embeddable":true,"href":"https:\/\/sinoextrud.com\/da\/wp-json\/wp\/v2\/media\/10850"}],"wp:attachment":[{"href":"https:\/\/sinoextrud.com\/da\/wp-json\/wp\/v2\/media?parent=10890"}],"wp:term":[{"taxonomy":"category","embeddable":true,"href":"https:\/\/sinoextrud.com\/da\/wp-json\/wp\/v2\/categories?post=10890"}],"curies":[{"name":"wp","href":"https:\/\/api.w.org\/{rel}","templated":true}]}}