{"id":10886,"date":"2025-08-01T03:08:24","date_gmt":"2025-08-01T03:08:24","guid":{"rendered":"https:\/\/sinoextrud.com\/product\/aluminium-end-plate-for-ev-battery-modules\/"},"modified":"2025-08-01T03:08:24","modified_gmt":"2025-08-01T03:08:24","slug":"endeplade-i-aluminium-til-ev-batterimoduler","status":"publish","type":"product","link":"https:\/\/sinoextrud.com\/da\/product\/aluminium-end-plate-for-ev-battery-modules\/","title":{"rendered":"Endeplade i aluminium til batterimoduler til elbiler"},"content":{"rendered":"<h2>Detaljer om produkter<\/h2>\n<div class=\"product-table\">\n<div class=\"row\">\n<div class=\"cell label\">Karakter<\/div>\n<div class=\"cell value\">6063-serien<\/div>\n<\/div>\n<div class=\"row\">\n<div class=\"cell label\">Tolerance<\/div>\n<div class=\"cell value\">\u00b11%<\/div>\n<\/div>\n<div class=\"row\">\n<div class=\"cell label\">Leveringstid<\/div>\n<div class=\"cell value\">8-14 dage<\/div>\n<\/div>\n<div class=\"row\">\n<div class=\"cell label\">Temperament<\/div>\n<div class=\"cell value\">O-H112<\/div>\n<\/div>\n<div class=\"row\">\n<div class=\"cell label\">Type<\/div>\n<div class=\"cell value\">Aluminiumsskive<\/div>\n<\/div>\n<div class=\"row\">\n<div class=\"cell label\">Anvendelse<\/div>\n<div class=\"cell value\">Modulpakke med litiumbatteri<\/div>\n<\/div>\n<div class=\"row\">\n<div class=\"cell label\">Bredde<\/div>\n<div class=\"cell value\">175 mm<\/div>\n<\/div>\n<div class=\"row\">\n<div class=\"cell label\">Overfladebehandling<\/div>\n<div class=\"cell value\">plastspr\u00f8jtning eller sandbl\u00e6sning<\/div>\n<\/div>\n<div class=\"row\">\n<div class=\"cell label\">Legering eller ej<\/div>\n<div class=\"cell value\">Er legeret<\/div>\n<\/div>\n<div class=\"row\">\n<div class=\"cell label\">Produktets navn<\/div>\n<div class=\"cell value\">Endeplade i aluminiumslegering<\/div>\n<\/div>\n<div class=\"row\">\n<div class=\"cell label\">Materiale<\/div>\n<div class=\"cell value\">Aluminiumslegering<\/div>\n<\/div>\n<div class=\"row\">\n<div class=\"cell label\">St\u00f8rrelse<\/div>\n<div class=\"cell value\">16,7*175*19,5 mm<\/div>\n<\/div>\n<div class=\"row\">\n<div class=\"cell label\">Salg af enheder<\/div>\n<div class=\"cell value\">En enkelt genstand<\/div>\n<\/div>\n<\/div>\n<p><\/p>\n<h2>Vores produktionsbase<\/h2>\n<h3>Panorama over fabrikken<\/h3>\n<p><img decoding=\"async\" src=\"\/wp-content\/uploads\/factory-01.webp\"\/><\/p>\n<h3>V\u00e6rksted til fremstilling af aluminiumst\u00e6nger<\/h3>\n<p><img decoding=\"async\" src=\"\/wp-content\/uploads\/factory-02.webp\"\/><\/p>\n<p><img decoding=\"async\" src=\"\/wp-content\/uploads\/factory-03.webp\"\/><\/p>\n<h3>Lager til opbevaring af skimmelsvampe<\/h3>\n<p><img decoding=\"async\" src=\"\/wp-content\/uploads\/factory-04.webp\"\/><\/p>\n<h3>43 ekstruderingslinjer for aluminium (500-5500 ton)<\/h3>\n<p><img decoding=\"async\" src=\"\/wp-content\/uploads\/factory-05.webp\"\/><\/p>\n<p><img decoding=\"async\" src=\"\/wp-content\/uploads\/factory-06.webp\"\/><\/p>\n<p><img decoding=\"async\" src=\"\/wp-content\/uploads\/factory-07.webp\"\/><\/p>\n<h3>V\u00e6rksted for pulverlakering<\/h3>\n<p><img decoding=\"async\" src=\"\/wp-content\/uploads\/factory-09.webp\"\/><\/p>\n<h3>Anodiseringsv\u00e6rksted<\/h3>\n<p><img decoding=\"async\" src=\"\/wp-content\/uploads\/factory-10.webp\"\/><\/p>\n<h3>Workshop om dyb behandling<\/h3>\n<p><img decoding=\"async\" src=\"\/wp-content\/uploads\/factory-11.webp\"\/><\/p>\n<h3>V\u00e6rksted for CNC-pr\u00e6cisionsbearbejdning<\/h3>\n<p><img decoding=\"async\" src=\"\/wp-content\/uploads\/factory-11.5.webp\"\/><\/p>\n<h3>F\u00e6rdigvare- og eksportlager<\/h3>\n<p><img decoding=\"async\" src=\"\/wp-content\/uploads\/factory-12.webp\"\/><\/p>\n<p><img decoding=\"async\" src=\"\/wp-content\/uploads\/factory-13.webp\"\/><\/p>\n<p><img decoding=\"async\" src=\"\/wp-content\/uploads\/factory-14.webp\"\/><\/p>\n<h2>OFTE STILLEDE SP\u00d8RGSM\u00c5L<\/h2>\n<p><strong>1. Hvilket materiale er brugt i endepladen?<\/strong><br \/>Den er fremstillet af aluminium af h\u00f8j kvalitet for at sikre holdbarhed og ydeevne.<\/p>\n<p><strong>2. Hvordan gavner endepladen i aluminium elbilbatterier?<\/strong><br \/>Det giver forbedret termisk styring og strukturel st\u00f8tte.<\/p>\n<p><strong>3. Kan denne endeplade passe til forskellige EV-batterimoduler?<\/strong><br \/>Ja, den kan tilpasses, s\u00e5 den passer til en r\u00e6kke forskellige batterimodulst\u00f8rrelser.<\/p>\n<p><strong>4. Er endepladen af aluminium modstandsdygtig over for korrosion?<\/strong><br \/>Ja, det giver fremragende korrosionsbestandighed, hvilket forl\u00e6nger levetiden.<\/p>\n<p><strong>5. Hvad er den prim\u00e6re anvendelse af denne endeplade i aluminium?<\/strong><br \/>Det er designet specielt til brug i batterimoduler til elbiler.<\/p>\n<p><strong>6. Bidrager endepladen til energieffektivitet i elbiler?<\/strong><br \/>Ja, dens letv\u00e6gtsdesign hj\u00e6lper med at forbedre elbilers samlede effektivitet.<\/p>\n<p><strong>7. Er det muligt at integrere dette produkt med OEM-batterisystemer?<\/strong><br \/>Ja, endepladen i aluminium er kompatibel med OEM-systemer for nem integration.<\/p>\n<p><\/p>","protected":false},"featured_media":10732,"template":"","categories":[55],"class_list":["post-10886","product","type-product","status-publish","has-post-thumbnail","hentry","category-extruded-aluminum-profiles"],"meta_box":{"hilight_text_group":[{"product_hilight_text":"<li>Tailored for electric vehicle battery modules<\/li>\n<li>Lightweight construction enhancing vehicle efficiency<\/li>\n<li>High thermal conductivity ensuring optimal battery performance<\/li>\n<li>Offers superior corrosion resistance for longer lifespan<\/li>\n<li>Flexible design accommodating various battery sizes<\/li>"}],"feature_list":[]},"_links":{"self":[{"href":"https:\/\/sinoextrud.com\/da\/wp-json\/wp\/v2\/product\/10886","targetHints":{"allow":["GET"]}}],"collection":[{"href":"https:\/\/sinoextrud.com\/da\/wp-json\/wp\/v2\/product"}],"about":[{"href":"https:\/\/sinoextrud.com\/da\/wp-json\/wp\/v2\/types\/product"}],"wp:featuredmedia":[{"embeddable":true,"href":"https:\/\/sinoextrud.com\/da\/wp-json\/wp\/v2\/media\/10732"}],"wp:attachment":[{"href":"https:\/\/sinoextrud.com\/da\/wp-json\/wp\/v2\/media?parent=10886"}],"wp:term":[{"taxonomy":"category","embeddable":true,"href":"https:\/\/sinoextrud.com\/da\/wp-json\/wp\/v2\/categories?post=10886"}],"curies":[{"name":"wp","href":"https:\/\/api.w.org\/{rel}","templated":true}]}}