{"id":10885,"date":"2025-08-01T03:08:22","date_gmt":"2025-08-01T03:08:22","guid":{"rendered":"https:\/\/sinoextrud.com\/product\/aluminium-circle-parts-for-cnc-machining\/"},"modified":"2025-08-01T03:08:22","modified_gmt":"2025-08-01T03:08:22","slug":"cirkeldele-af-aluminium-til-cnc-bearbejdning","status":"publish","type":"product","link":"https:\/\/sinoextrud.com\/da\/product\/aluminium-circle-parts-for-cnc-machining\/","title":{"rendered":"Cirkeldele af aluminium til CNC-bearbejdning"},"content":{"rendered":"<h2>Detaljer om produkter<\/h2>\n<div class=\"product-table\">\n<div class=\"row\">\n<div class=\"cell label\">Karakter<\/div>\n<div class=\"cell value\">6000-serien<\/div>\n<\/div>\n<div class=\"row\">\n<div class=\"cell label\">Tolerance<\/div>\n<div class=\"cell value\">\u00b11%<\/div>\n<\/div>\n<div class=\"row\">\n<div class=\"cell label\">Leveringstid<\/div>\n<div class=\"cell value\">15-21 dage<\/div>\n<\/div>\n<div class=\"row\">\n<div class=\"cell label\">Temperament<\/div>\n<div class=\"cell value\">T3-T8<\/div>\n<\/div>\n<div class=\"row\">\n<div class=\"cell label\">Anvendelse<\/div>\n<div class=\"cell value\">Dekorationer<\/div>\n<\/div>\n<div class=\"row\">\n<div class=\"cell label\">Form<\/div>\n<div class=\"cell value\">formet<\/div>\n<\/div>\n<div class=\"row\">\n<div class=\"cell label\">Legering eller ej<\/div>\n<div class=\"cell value\">Er legeret<\/div>\n<\/div>\n<div class=\"row\">\n<div class=\"cell label\">Behandling af service<\/div>\n<div class=\"cell value\">Stansning, sk\u00e6ring, CNC, fr\u00e6sning<\/div>\n<\/div>\n<div class=\"row\">\n<div class=\"cell label\">Materiale<\/div>\n<div class=\"cell value\">Legering 6000-serien<\/div>\n<\/div>\n<div class=\"row\">\n<div class=\"cell label\">Overfladebehandling<\/div>\n<div class=\"cell value\">tilpasset<\/div>\n<\/div>\n<div class=\"row\">\n<div class=\"cell label\">Farve<\/div>\n<div class=\"cell value\">tilpasset<\/div>\n<\/div>\n<div class=\"row\">\n<div class=\"cell label\">Anvendelse<\/div>\n<div class=\"cell value\">husholdning<\/div>\n<\/div>\n<div class=\"row\">\n<div class=\"cell label\">L\u00e6ngde<\/div>\n<div class=\"cell value\">Tilpasset l\u00e6ngde<\/div>\n<\/div>\n<div class=\"row\">\n<div class=\"cell label\">MOQ<\/div>\n<div class=\"cell value\">1 stk.<\/div>\n<\/div>\n<div class=\"row\">\n<div class=\"cell label\">Service<\/div>\n<div class=\"cell value\">OEM ODM Skr\u00e6ddersyet<\/div>\n<\/div>\n<div class=\"row\">\n<div class=\"cell label\">Betalingsperiode<\/div>\n<div class=\"cell value\">30% Indbetaling 70% Saldo<\/div>\n<\/div>\n<div class=\"row\">\n<div class=\"cell label\">Dyb proces<\/div>\n<div class=\"cell value\">Stansning Boring Pr\u00e6cisionssk\u00e6ring CNC<\/div>\n<\/div>\n<div class=\"row\">\n<div class=\"cell label\">Pakning<\/div>\n<div class=\"cell value\">Kundernes specifikke krav<\/div>\n<\/div>\n<div class=\"row\">\n<div class=\"cell label\">Salg af enheder<\/div>\n<div class=\"cell value\">En enkelt genstand<\/div>\n<\/div>\n<div class=\"row\">\n<div class=\"cell label\">Enkelt pakkest\u00f8rrelse<\/div>\n<div class=\"cell value\">20X15X10 cm<\/div>\n<\/div>\n<div class=\"row\">\n<div class=\"cell label\">Enkelt bruttov\u00e6gt<\/div>\n<div class=\"cell value\">1.000 KG<\/div>\n<\/div>\n<\/div>\n<p><\/p>\n<h2>Vores produktionsbase<\/h2>\n<h3>Panorama over fabrikken<\/h3>\n<p><img decoding=\"async\" src=\"\/wp-content\/uploads\/factory-01.webp\"\/><\/p>\n<h3>V\u00e6rksted til fremstilling af aluminiumst\u00e6nger<\/h3>\n<p><img decoding=\"async\" src=\"\/wp-content\/uploads\/factory-02.webp\"\/><\/p>\n<p><img decoding=\"async\" src=\"\/wp-content\/uploads\/factory-03.webp\"\/><\/p>\n<h3>Lager til opbevaring af skimmelsvampe<\/h3>\n<p><img decoding=\"async\" src=\"\/wp-content\/uploads\/factory-04.webp\"\/><\/p>\n<h3>43 ekstruderingslinjer for aluminium (500-5500 ton)<\/h3>\n<p><img decoding=\"async\" src=\"\/wp-content\/uploads\/factory-05.webp\"\/><\/p>\n<p><img decoding=\"async\" src=\"\/wp-content\/uploads\/factory-06.webp\"\/><\/p>\n<p><img decoding=\"async\" src=\"\/wp-content\/uploads\/factory-07.webp\"\/><\/p>\n<h3>V\u00e6rksted for pulverlakering<\/h3>\n<p><img decoding=\"async\" src=\"\/wp-content\/uploads\/factory-09.webp\"\/><\/p>\n<h3>Anodiseringsv\u00e6rksted<\/h3>\n<p><img decoding=\"async\" src=\"\/wp-content\/uploads\/factory-10.webp\"\/><\/p>\n<h3>Workshop om dyb behandling<\/h3>\n<p><img decoding=\"async\" src=\"\/wp-content\/uploads\/factory-11.webp\"\/><\/p>\n<h3>V\u00e6rksted for CNC-pr\u00e6cisionsbearbejdning<\/h3>\n<p><img decoding=\"async\" src=\"\/wp-content\/uploads\/factory-11.5.webp\"\/><\/p>\n<h3>F\u00e6rdigvare- og eksportlager<\/h3>\n<p><img decoding=\"async\" src=\"\/wp-content\/uploads\/factory-12.webp\"\/><\/p>\n<p><img decoding=\"async\" src=\"\/wp-content\/uploads\/factory-13.webp\"\/><\/p>\n<p><img decoding=\"async\" src=\"\/wp-content\/uploads\/factory-14.webp\"\/><\/p>\n<h2>OFTE STILLEDE SP\u00d8RGSM\u00c5L<\/h2>\n<p><strong>1. Kan aluminiumscirkeldele tilpasses til specifikke anvendelser?<\/strong><br \/>Ja, vi tilbyder fuld tilpasning, herunder st\u00f8rrelse, tykkelse og bearbejdningsmuligheder.<\/p>\n<p><strong>2. Hvilke industrier bruger typisk aluminiumscirkeldele?<\/strong><br \/>De bruges i vid udstr\u00e6kning i bil-, elektronik-, k\u00f8kken- og rumfartsindustrien.<\/p>\n<p><strong>3. Tilbyder I m\u00e6ngderabat p\u00e5 store ordrer p\u00e5 Aluminium Circle Parts?<\/strong><br \/>Ja, der er konkurrencedygtige priser p\u00e5 stork\u00f8b.<\/p>\n<p><strong>4. Er cirkeldele af aluminium modstandsdygtige over for korrosion?<\/strong><br \/>Ja, de er lavet af korrosionsbestandigt aluminium for at v\u00e6re holdbare.<\/p>\n<p><strong>5. Kan jeg f\u00e5 en pr\u00f8ve af Aluminium Circle Parts, f\u00f8r jeg afgiver en stor ordre?<\/strong><br \/>Ja, pr\u00f8ver er tilg\u00e6ngelige for at vurdere kvaliteten og pasformen.<\/p>\n<p><strong>6. Hvad er leveringstiden for Aluminium Circle Parts efter afgivelse af en ordre?<\/strong><br \/>Leveringstiden varierer, men ligger typisk mellem 2 og 4 uger afh\u00e6ngigt af ordrem\u00e6ngden.<\/p>\n<p><strong>7. Hj\u00e6lper I med at sende aluminiumscirkeldele internationalt?<\/strong><br \/>Ja, vi tilbyder international forsendelse og logistisk st\u00f8tte til alle ordrer.<\/p>\n<p><\/p>","protected":false},"featured_media":10831,"template":"","categories":[55],"class_list":["post-10885","product","type-product","status-publish","has-post-thumbnail","hentry","category-extruded-aluminum-profiles"],"meta_box":{"hilight_text_group":[{"product_hilight_text":"<li>Highly versatile for a range of industrial applications<\/li>\n<li>Available in various sizes and thicknesses to meet specific needs<\/li>\n<li>Made from high-quality aluminium for enhanced durability and strength<\/li>\n<li>Custom machining options available for OEM and ODM services<\/li>\n<li>Corrosion-resistant properties ensure long-lasting performance<\/li>"}],"feature_list":[]},"_links":{"self":[{"href":"https:\/\/sinoextrud.com\/da\/wp-json\/wp\/v2\/product\/10885","targetHints":{"allow":["GET"]}}],"collection":[{"href":"https:\/\/sinoextrud.com\/da\/wp-json\/wp\/v2\/product"}],"about":[{"href":"https:\/\/sinoextrud.com\/da\/wp-json\/wp\/v2\/types\/product"}],"wp:featuredmedia":[{"embeddable":true,"href":"https:\/\/sinoextrud.com\/da\/wp-json\/wp\/v2\/media\/10831"}],"wp:attachment":[{"href":"https:\/\/sinoextrud.com\/da\/wp-json\/wp\/v2\/media?parent=10885"}],"wp:term":[{"taxonomy":"category","embeddable":true,"href":"https:\/\/sinoextrud.com\/da\/wp-json\/wp\/v2\/categories?post=10885"}],"curies":[{"name":"wp","href":"https:\/\/api.w.org\/{rel}","templated":true}]}}