{"id":10704,"date":"2025-07-29T02:23:50","date_gmt":"2025-07-29T02:23:50","guid":{"rendered":"https:\/\/sinoextrud.com\/?post_type=product&#038;p=10704"},"modified":"2025-07-29T02:25:07","modified_gmt":"2025-07-29T02:25:07","slug":"computertaske-i-aluminium","status":"publish","type":"product","link":"https:\/\/sinoextrud.com\/da\/product\/aluminum-computer-case\/","title":{"rendered":"computertaske i aluminium"},"content":{"rendered":"<h2>Detaljer om produkter<\/h2>\n<table class=\"custom-table\">\n<tr>\n<td class=\"label\">Materiale<\/td>\n<td>Aluminiumslegering<\/td>\n<\/tr>\n<tr>\n<td class=\"label\">Dimension<\/td>\n<td>Tilpasset<\/td>\n<\/tr>\n<tr>\n<td class=\"label\">Proces<\/td>\n<td>CNC-drejning, CNC-fr\u00e6sning, fremstilling af metalplader, trykst\u00f8bning<\/td>\n<\/tr>\n<tr>\n<td class=\"label\">Overfladebehandling<\/td>\n<td>Poleret,Polering,Tegning,Oxidering,Spr\u00f8jtemaling,Plettering<\/td>\n<\/tr>\n<tr>\n<td class=\"label\">Anvendelse<\/td>\n<td>Mekanisk udstyr, elektriske apparater, bildele<\/td>\n<\/tr>\n<tr>\n<td class=\"label\">Service<\/td>\n<td>OEM ODM Tilpasset<\/td>\n<\/tr>\n<tr>\n<td class=\"label\">Udstyr<\/td>\n<td>Bearbejdningscentre<\/td>\n<\/tr>\n<tr>\n<td class=\"label\">Tegningsformat<\/td>\n<td>PRO\/E, Auto CAD, Solid Works, UG, CAD \/ CAM \/ CAE, PDF<\/td>\n<\/tr>\n<tr>\n<td class=\"label\">Genneml\u00f8bstid<\/td>\n<td>3-7 arbejdsdage<\/td>\n<\/tr>\n<tr>\n<td class=\"label\">Tolerance<\/td>\n<td>+\/- 0,005 - 0,01 mm<\/td>\n<\/tr>\n<tr>\n<td class=\"label\">Salg af enheder<\/td>\n<td>En enkelt genstand<\/td>\n<\/tr>\n<tr>\n<td class=\"label\">Enkelt pakkest\u00f8rrelse<\/td>\n<td>10X10X10 cm<\/td>\n<\/tr>\n<tr>\n<td class=\"label\">Enkelt bruttov\u00e6gt<\/td>\n<td>3.000 KG<\/td>\n<\/tr>\n<\/table>\n<h2>Vores produktionsbase<\/h2>\n<h3>Panorama over fabrikken<\/h3>\n<p><img decoding=\"async\" src=\"\/wp-content\/uploads\/factory-01.webp\"\/><\/p>\n<h3>V\u00e6rksted til fremstilling af aluminiumst\u00e6nger<\/h3>\n<p><img decoding=\"async\" src=\"\/wp-content\/uploads\/factory-02.webp\"\/><\/p>\n<\/p>\n<p><img decoding=\"async\" src=\"\/wp-content\/uploads\/factory-03.webp\"\/><\/p>\n<h3>Lager til opbevaring af skimmelsvampe<\/h3>\n<p><img decoding=\"async\" src=\"\/wp-content\/uploads\/factory-04.webp\"\/><\/p>\n<h3>43 ekstruderingslinjer for aluminium (500-5500 ton)<\/h3>\n<p><img decoding=\"async\" src=\"\/wp-content\/uploads\/factory-05.webp\"\/><\/p>\n<p><img decoding=\"async\" src=\"\/wp-content\/uploads\/factory-06.webp\"\/><\/p>\n<p><img decoding=\"async\" src=\"\/wp-content\/uploads\/factory-07.webp\"\/><\/p>\n<h3>V\u00e6rksted for pulverlakering<\/h3>\n<p><img decoding=\"async\" src=\"\/wp-content\/uploads\/factory-09.webp\"\/><\/p>\n<h3>Anodiseringsv\u00e6rksted<\/h3>\n<p><img decoding=\"async\" src=\"\/wp-content\/uploads\/factory-10.webp\"\/><\/p>\n<h3>Workshop om dyb behandling<\/h3>\n<p><img decoding=\"async\" src=\"\/wp-content\/uploads\/factory-11.webp\"\/><\/p>\n<h3>V\u00e6rksted for CNC-pr\u00e6cisionsbearbejdning<\/h3>\n<p><img decoding=\"async\" src=\"\/wp-content\/uploads\/factory-11.5.webp\"\/><\/p>\n<h3>F\u00e6rdigvare- og eksportlager<\/h3>\n<p><img decoding=\"async\" src=\"\/wp-content\/uploads\/factory-12.webp\"\/><\/p>\n<p><img decoding=\"async\" src=\"\/wp-content\/uploads\/factory-13.webp\"\/><\/p>\n<p><img decoding=\"async\" src=\"\/wp-content\/uploads\/factory-14.webp\"\/><\/p>\n<h2>OFTE STILLEDE SP\u00d8RGSM\u00c5L<\/h2>\n<p><b>1. Hvad er fordelene ved at bruge et computerkabinet i aluminium?<\/b><\/p>\n<p>Et computerkabinet i aluminium giver overlegen varmeafledning, korrosionsbestandighed og letv\u00e6gtsholdbarhed.\n<\/p>\n<p><\/p>\n<p><b>2. Er et computerkabinet i aluminium bedre til at k\u00f8le?<\/b><\/p>\n<p>Ja, computerkasser af aluminium har en fremragende varmeledningsevne, hvilket g\u00f8r dem ideelle til forbedret varmeafledning.\n<\/p>\n<p><\/p>\n<p><b>3. Giver en computertaske af aluminium bedre holdbarhed?<\/b><\/p>\n<p>Computerkufferter af aluminium er kendt for deres h\u00f8je styrke\/v\u00e6gt-forhold, der giver \u00f8get holdbarhed uden at fylde mere.\n<\/p>\n<p><\/p>\n<p><b>4. Er aluminium modstandsdygtigt over for korrosion?<\/b><\/p>\n<p>Ja, aluminium modst\u00e5r naturligt korrosion, hvilket forl\u00e6nger computerkabinettets levetid i forskellige milj\u00f8er.\n<\/p>\n<p><\/p>\n<p><b>5. Kan computertasker af aluminium reducere elektromagnetisk interferens?<\/b><\/p>\n<p>Aluminiumskabinetter giver effektiv EMI-afsk\u00e6rmning og beskytter interne komponenter mod elektromagnetisk interferens.\n<\/p>\n<p><\/p>\n<p><b>6. Er computertasker af aluminium egnede til industriel brug?<\/b><\/p>\n<p>Computerkabinetter af aluminium kan tilpasses og er holdbare, hvilket g\u00f8r dem velegnede til industrielle og kommercielle anvendelser.\n<\/p>\n<p><\/p>\n<p><b>7. Er aluminium lettere end st\u00e5l til computerkasser?<\/b><\/p>\n<p>Ja, aluminium er betydeligt lettere end st\u00e5l, hvilket g\u00f8r det lettere at transportere og installere computerkabinetter.\n<\/p>\n<p><\/p>\n<p><b>8. Er aluminiumskasser nemme at vedligeholde?<\/b><\/p>\n<p>Computerkabinetter af aluminium har ofte et v\u00e6rkt\u00f8jsfrit design, som g\u00f8r vedligeholdelse og opgraderinger hurtige og problemfri.\n<\/p>\n<p><\/p>","protected":false},"featured_media":10703,"template":"","categories":[58],"class_list":["post-10704","product","type-product","status-publish","has-post-thumbnail","hentry","category-aluminium-extrusion-profiles"],"meta_box":{"hilight_text_group":{"product_hilight_text":"\r\n<li>High-strength aluminum structure for enhanced durability<\/li>\r\n<li>Excellent heat dissipation for optimized system cooling<\/li>\r\n<li>Corrosion-resistant surface ensures long-term use<\/li>\r\n<li>Lightweight design for easier transportation and installation<\/li>\r\n<li>Customizable size and finish for industrial applications<\/li>\r\n<li>EMI shielding capability protects internal components<\/li>\r\n<li>Tool-free design simplifies maintenance and upgrades<\/li>\r\n"},"feature_list":[]},"_links":{"self":[{"href":"https:\/\/sinoextrud.com\/da\/wp-json\/wp\/v2\/product\/10704","targetHints":{"allow":["GET"]}}],"collection":[{"href":"https:\/\/sinoextrud.com\/da\/wp-json\/wp\/v2\/product"}],"about":[{"href":"https:\/\/sinoextrud.com\/da\/wp-json\/wp\/v2\/types\/product"}],"wp:featuredmedia":[{"embeddable":true,"href":"https:\/\/sinoextrud.com\/da\/wp-json\/wp\/v2\/media\/10703"}],"wp:attachment":[{"href":"https:\/\/sinoextrud.com\/da\/wp-json\/wp\/v2\/media?parent=10704"}],"wp:term":[{"taxonomy":"category","embeddable":true,"href":"https:\/\/sinoextrud.com\/da\/wp-json\/wp\/v2\/categories?post=10704"}],"curies":[{"name":"wp","href":"https:\/\/api.w.org\/{rel}","templated":true}]}}