{"id":10669,"date":"2025-07-25T08:04:03","date_gmt":"2025-07-25T08:04:03","guid":{"rendered":"https:\/\/sinoextrud.com\/product\/custom-round-led-aluminum-heatsink-extrusion-fin-design\/"},"modified":"2025-07-25T08:04:03","modified_gmt":"2025-07-25T08:04:03","slug":"brugerdefineret-rund-led-aluminium-koleplade-ekstrudering-fin-design","status":"publish","type":"product","link":"https:\/\/sinoextrud.com\/da\/product\/custom-round-led-aluminum-heatsink-extrusion-fin-design\/","title":{"rendered":"Brugerdefineret rund LED-k\u00f8lelegeme i aluminium med ekstruderet finne-design"},"content":{"rendered":"<h2>Detaljer om produkter<\/h2>\n<table class=\"custom-table\">\n<tr>\n<td class=\"label\">Karakter<\/td>\n<td>6000-serien<\/td>\n<\/tr>\n<tr>\n<td class=\"label\">Tolerance<\/td>\n<td>\u00b11%<\/td>\n<\/tr>\n<tr>\n<td class=\"label\">Leveringstid<\/td>\n<td>inden for 7 dage<\/td>\n<\/tr>\n<tr>\n<td class=\"label\">Temperament<\/td>\n<td>T3-T8<\/td>\n<\/tr>\n<tr>\n<td class=\"label\">Anvendelse<\/td>\n<td>led\/elektronik\/cpu<\/td>\n<\/tr>\n<tr>\n<td class=\"label\">Form<\/td>\n<td>Brugerdefineret<\/td>\n<\/tr>\n<tr>\n<td class=\"label\">Legering eller ej<\/td>\n<td>Er legeret<\/td>\n<\/tr>\n<tr>\n<td class=\"label\">Behandling af service<\/td>\n<td>B\u00f8jning, afrulning, svejsning, stansning, sk\u00e6ring<\/td>\n<\/tr>\n<tr>\n<td class=\"label\">Produktets navn<\/td>\n<td>k\u00f8leplade med lameller i ekstruderet aluminium<\/td>\n<\/tr>\n<tr>\n<td class=\"label\">Salg af enheder<\/td>\n<td>En enkelt genstand<\/td>\n<\/tr>\n<tr>\n<td class=\"label\">Enkelt pakkest\u00f8rrelse<\/td>\n<td>30X20X20 cm<\/td>\n<\/tr>\n<tr>\n<td class=\"label\">Enkelt bruttov\u00e6gt<\/td>\n<td>3.000 KG<\/td>\n<\/tr>\n<\/table>\n<h2>Vores produktionsbase<\/h2>\n<h3>Panorama over fabrikken<\/h3>\n<p><img decoding=\"async\" src=\"\/wp-content\/uploads\/factory-01.webp\"\/><\/p>\n<h3>V\u00e6rksted til fremstilling af aluminiumst\u00e6nger<\/h3>\n<p><img decoding=\"async\" src=\"\/wp-content\/uploads\/factory-02.webp\"\/><\/p>\n<p><img decoding=\"async\" src=\"\/wp-content\/uploads\/factory-03.webp\"\/><\/p>\n<h3>Lager til opbevaring af skimmelsvampe<\/h3>\n<p><img decoding=\"async\" src=\"\/wp-content\/uploads\/factory-04.webp\"\/><\/p>\n<h3>43 ekstruderingslinjer for aluminium (500-5500 ton)<\/h3>\n<p><img decoding=\"async\" src=\"\/wp-content\/uploads\/factory-05.webp\"\/><\/p>\n<p><img decoding=\"async\" src=\"\/wp-content\/uploads\/factory-06.webp\"\/><\/p>\n<p><img decoding=\"async\" src=\"\/wp-content\/uploads\/factory-07.webp\"\/><\/p>\n<h3>V\u00e6rksted for pulverlakering<\/h3>\n<p><img decoding=\"async\" src=\"\/wp-content\/uploads\/factory-09.webp\"\/><\/p>\n<h3>Anodiseringsv\u00e6rksted<\/h3>\n<p><img decoding=\"async\" src=\"\/wp-content\/uploads\/factory-10.webp\"\/><\/p>\n<h3>Workshop om dyb behandling<\/h3>\n<p><img decoding=\"async\" src=\"\/wp-content\/uploads\/factory-11.webp\"\/><\/p>\n<h3>V\u00e6rksted for CNC-pr\u00e6cisionsbearbejdning<\/h3>\n<p><img decoding=\"async\" src=\"\/wp-content\/uploads\/factory-11.5.webp\"\/><\/p>\n<h3>F\u00e6rdigvare- og eksportlager<\/h3>\n<p><img decoding=\"async\" src=\"\/wp-content\/uploads\/factory-12.webp\"\/><\/p>\n<p><img decoding=\"async\" src=\"\/wp-content\/uploads\/factory-13.webp\"\/><\/p>\n<p><img decoding=\"async\" src=\"\/wp-content\/uploads\/factory-14.webp\"\/><\/p>\n<h2>OFTE STILLEDE SP\u00d8RGSM\u00c5L<\/h2>\n<p><p><b>1. Hvad er formen p\u00e5 den brugerdefinerede runde LED-k\u00f8leplade i aluminium?<\/b><\/p>\n<p>Den har et rundt ekstruderingsdesign, der er optimeret til cirkul\u00e6r LED-belysning.<br \/>\n<\/p><br \/>\n<br \/>\n<p><b>2. Hvorfor bruge ekstruderet aluminium til LED-k\u00f8lelegemer?<\/b><\/p>\n<p>Ekstruderet aluminium har h\u00f8j varmeledningsevne, er let og giver mulighed for fleksibelt design af lameller for bedre k\u00f8ling.<br \/>\n<\/p><br \/>\n<br \/>\n<p><b>3. kan denne runde LED-k\u00f8leplade tilpasses?<\/b><\/p>\n<p>Ja, vi tilbyder OEM-tilpasning af dimensioner, lamellayout, overfladebehandling og monteringsinterface.<br \/>\n<\/p><br \/>\n<br \/>\n<p><b>4. Hvad er fordelene ved finnernes design i denne k\u00f8lelegeme?<\/b><\/p>\n<p>Finnedesignet \u00f8ger overfladearealet og luftstr\u00f8mmen, hvilket forbedrer den passive varmeafledning og k\u00f8leeffektiviteten.<br \/>\n<\/p><br \/>\n<br \/>\n<p><b>5. Hvilke LED-produkter er denne k\u00f8lelegeme egnet til?<\/b><\/p>\n<p>Den er ideel til runde LED-lys som downlights, spotlights og arkitektoniske armaturer.<br \/>\n<\/p><br \/>\n<br \/>\n<p><b>6. Forbedrer k\u00f8lelegemet LED'ernes levetid?<\/b><\/p>\n<p>Ja, ved effektivt at styre varmen hj\u00e6lper den med at opretholde en stabil LED-ydelse og forl\u00e6nger levetiden.<br \/>\n<\/p><br \/>\n<br \/>\n<p><b>7. Er k\u00f8lelegemet kompatibelt med passiv og aktiv k\u00f8ling?<\/b><\/p>\n<p>Ja, den underst\u00f8tter b\u00e5de naturlig konvektion og integration med aktive k\u00f8lesystemer, hvis det er n\u00f8dvendigt.<br \/>\n<\/p><br \/>\n<br \/>\n<p><b>8. Hvilke efterbehandlingsmuligheder findes der til denne k\u00f8lelegeme?<\/b><\/p>\n<p>Anodiserede overflader i forskellige farver er tilg\u00e6ngelige for at forbedre korrosionsbestandigheden og produktets \u00e6stetik.<br \/>\n<\/p><br \/><\/p>","protected":false},"featured_media":10668,"template":"","categories":[72],"class_list":["post-10669","product","type-product","status-publish","has-post-thumbnail","hentry","category-extruded-aluminum-heatsink"],"meta_box":{"hilight_text_group":{"product_hilight_text":"<li>Custom round profile optimized for LED thermal management<\/li>\r\n<li>Extruded aluminum construction ensures lightweight and efficient heat dissipation<\/li>\r\n<li>Fin design maximizes surface area for improved airflow and passive cooling<\/li>\r\n<li>Ideal for downlights, spotlights, and other circular LED housings<\/li>\r\n<li>Supports OEM customization in size, fin geometry, and mounting features<\/li>\r\n<li>Durable and corrosion-resistant anodized finish available<\/li>\r\n<li>Designed to enhance LED performance and extend service life<\/li>","product_chanpin_chanpin":"<ul>\r\n<li><a href=\"https:\/\/sinoextrud.com\/product\/aluminium-extrusion-6061-6082-7075-aluminum-alloy-profiles\/\" target=\"_blank\">6061 aluminum extrusion<\/a><\/li>\r\n<li><a href=\"https:\/\/sinoextrud.com\/product\/oval-aluminum-extrud-profile\/\" target=\"_blank\">oval aluminum extrusion<\/a><\/li>\r\n<li><a href=\"https:\/\/sinoextrud.com\/product\/aluminium-extrusion-anodised-aluminium-tube\/\" target=\"_blank\">anodised aluminium tube<\/a><\/li>\r\n<li><a href=\"https:\/\/sinoextrud.com\/product\/c-shaped-closed-linear-ceiling-system\/\" target=\"_blank\">linear closed ceilings<\/a><\/li>\r\n<li><a href=\"https:\/\/sinoextrud.com\/product\/the-new-perforated-ceiling-system\/\" target=\"_blank\">perforated french ceilings<\/a><\/li>\r\n<li><a href=\"https:\/\/sinoextrud.com\/product\/aluminum-extrusion-7003-7005-7020\/\" target=\"_blank\">7020 aluminum<\/a><\/li>\r\n<\/ul>","product_chanpin_blog":"<ul>\r\n<li><a href=\"https:\/\/sinoextrud.com\/t-slot-v-slot-differences\/\" target=\"_blank\">t slot vs v slot<\/a><\/li>\r\n<li><a href=\"https:\/\/sinoextrud.com\/what-is-4040-aluminium-extrud\/\" target=\"_blank\">4040 aluminium extrusion<\/a><\/li>\r\n<li><a href=\"https:\/\/sinoextrud.com\/what-is-4040-aluminium-extrud\/\" target=\"_blank\">aluminum extrusions for industrial racks<\/a><\/li>\r\n<li><a href=\"https:\/\/sinoextrud.com\/powder-coating-aluminium-process\/\" target=\"_blank\">powder coating aluminium<\/a><\/li>\r\n<li><a href=\"https:\/\/sinoextrud.com\/what-is-an-aluminium-strip-ceiling\/\" target=\"_blank\">aluminium strip ceiling<\/a><\/li>\r\n<li><a href=\"https:\/\/sinoextrud.com\/what-is-a-heat-sink\/\" target=\"_blank\">what is a heat sink<\/a><\/li>\r\n<\/ul>"},"feature_list":[]},"_links":{"self":[{"href":"https:\/\/sinoextrud.com\/da\/wp-json\/wp\/v2\/product\/10669","targetHints":{"allow":["GET"]}}],"collection":[{"href":"https:\/\/sinoextrud.com\/da\/wp-json\/wp\/v2\/product"}],"about":[{"href":"https:\/\/sinoextrud.com\/da\/wp-json\/wp\/v2\/types\/product"}],"wp:featuredmedia":[{"embeddable":true,"href":"https:\/\/sinoextrud.com\/da\/wp-json\/wp\/v2\/media\/10668"}],"wp:attachment":[{"href":"https:\/\/sinoextrud.com\/da\/wp-json\/wp\/v2\/media?parent=10669"}],"wp:term":[{"taxonomy":"category","embeddable":true,"href":"https:\/\/sinoextrud.com\/da\/wp-json\/wp\/v2\/categories?post=10669"}],"curies":[{"name":"wp","href":"https:\/\/api.w.org\/{rel}","templated":true}]}}