{"id":10663,"date":"2025-07-25T08:00:55","date_gmt":"2025-07-25T08:00:55","guid":{"rendered":"https:\/\/sinoextrud.com\/product\/anodized-aluminum-heatsink-parts-6000-series-custom-sizes\/"},"modified":"2025-07-25T08:00:55","modified_gmt":"2025-07-25T08:00:55","slug":"kolelegemer-i-anodiseret-aluminium-i-6000-serien-i-tilpassede-storrelser","status":"publish","type":"product","link":"https:\/\/sinoextrud.com\/da\/product\/anodized-aluminum-heatsink-parts-6000-series-custom-sizes\/","title":{"rendered":"K\u00f8lelegemer i anodiseret aluminium i 6000-serien, tilpassede st\u00f8rrelser"},"content":{"rendered":"<h2>Detaljer om produkter<\/h2>\n<table class=\"custom-table\">\n<tr>\n<td class=\"label\">Karakter<\/td>\n<td>6000-serien<\/td>\n<\/tr>\n<tr>\n<td class=\"label\">Tolerance<\/td>\n<td>\u00b11%<\/td>\n<\/tr>\n<tr>\n<td class=\"label\">Leveringstid<\/td>\n<td>22-30 dage<\/td>\n<\/tr>\n<tr>\n<td class=\"label\">Temperament<\/td>\n<td>T3-T8<\/td>\n<\/tr>\n<tr>\n<td class=\"label\">Anvendelse<\/td>\n<td>led\/elektronik\/cpu\/industri<\/td>\n<\/tr>\n<tr>\n<td class=\"label\">Form<\/td>\n<td>Brugerdefineret<\/td>\n<\/tr>\n<tr>\n<td class=\"label\">Legering eller ej<\/td>\n<td>Er legeret<\/td>\n<\/tr>\n<tr>\n<td class=\"label\">Behandling af service<\/td>\n<td>B\u00f8jning, afrulning, svejsning, stansning, sk\u00e6ring<\/td>\n<\/tr>\n<tr>\n<td class=\"label\">Produktets navn<\/td>\n<td>Specialfremstillet k\u00f8leplade i aluminium<\/td>\n<\/tr>\n<tr>\n<td class=\"label\">Salg af enheder<\/td>\n<td>En enkelt genstand<\/td>\n<\/tr>\n<tr>\n<td class=\"label\">Enkelt pakkest\u00f8rrelse<\/td>\n<td>30X20X20 cm<\/td>\n<\/tr>\n<tr>\n<td class=\"label\">Enkelt bruttov\u00e6gt<\/td>\n<td>3.000 KG<\/td>\n<\/tr>\n<\/table>\n<h2>Vores produktionsbase<\/h2>\n<h3>Panorama over fabrikken<\/h3>\n<p><img decoding=\"async\" src=\"\/wp-content\/uploads\/factory-01.webp\"\/><\/p>\n<h3>V\u00e6rksted til fremstilling af aluminiumst\u00e6nger<\/h3>\n<p><img decoding=\"async\" src=\"\/wp-content\/uploads\/factory-02.webp\"\/><\/p>\n<p><img decoding=\"async\" src=\"\/wp-content\/uploads\/factory-03.webp\"\/><\/p>\n<h3>Lager til opbevaring af skimmelsvampe<\/h3>\n<p><img decoding=\"async\" src=\"\/wp-content\/uploads\/factory-04.webp\"\/><\/p>\n<h3>43 ekstruderingslinjer for aluminium (500-5500 ton)<\/h3>\n<p><img decoding=\"async\" src=\"\/wp-content\/uploads\/factory-05.webp\"\/><\/p>\n<p><img decoding=\"async\" src=\"\/wp-content\/uploads\/factory-06.webp\"\/><\/p>\n<p><img decoding=\"async\" src=\"\/wp-content\/uploads\/factory-07.webp\"\/><\/p>\n<h3>V\u00e6rksted for pulverlakering<\/h3>\n<p><img decoding=\"async\" src=\"\/wp-content\/uploads\/factory-09.webp\"\/><\/p>\n<h3>Anodiseringsv\u00e6rksted<\/h3>\n<p><img decoding=\"async\" src=\"\/wp-content\/uploads\/factory-10.webp\"\/><\/p>\n<h3>Workshop om dyb behandling<\/h3>\n<p><img decoding=\"async\" src=\"\/wp-content\/uploads\/factory-11.webp\"\/><\/p>\n<h3>V\u00e6rksted for CNC-pr\u00e6cisionsbearbejdning<\/h3>\n<p><img decoding=\"async\" src=\"\/wp-content\/uploads\/factory-11.5.webp\"\/><\/p>\n<h3>F\u00e6rdigvare- og eksportlager<\/h3>\n<p><img decoding=\"async\" src=\"\/wp-content\/uploads\/factory-12.webp\"\/><\/p>\n<p><img decoding=\"async\" src=\"\/wp-content\/uploads\/factory-13.webp\"\/><\/p>\n<p><img decoding=\"async\" src=\"\/wp-content\/uploads\/factory-14.webp\"\/><\/p>\n<h2>OFTE STILLEDE SP\u00d8RGSM\u00c5L<\/h2>\n<p><p><b>1. Hvilket materiale er k\u00f8lelegemerne i anodiseret aluminium lavet af?<\/b><\/p>\n<p>De er fremstillet af aluminium i 6000-serien af h\u00f8j kvalitet, hvilket giver fremragende varmeafledning og mekanisk styrke.<br \/>\n<\/p><br \/>\n<br \/>\n<p><b>2. Hvorfor bruges anodisering p\u00e5 k\u00f8lelegemer af aluminium?<\/b><\/p>\n<p>Anodisering forbedrer korrosionsbestandigheden, overfladeh\u00e5rdheden og effektiviteten af den termiske str\u00e5ling.<br \/>\n<\/p><br \/>\n<br \/>\n<p><b>3. kan disse k\u00f8ledele af aluminium tilpasses?<\/b><\/p>\n<p>Ja, vi underst\u00f8tter tilpassede st\u00f8rrelser, former og overflader for at opfylde specifikke anvendelseskrav.<br \/>\n<\/p><br \/>\n<br \/>\n<p><b>4. Hvad er de typiske anvendelsesomr\u00e5der for disse k\u00f8ledele?<\/b><\/p>\n<p>De bruges i elektronik, LED-belysning, str\u00f8momformere og industrielle k\u00f8lesystemer.<br \/>\n<\/p><br \/>\n<br \/>\n<p><b>5. Er det anodiserede aluminium egnet til barske milj\u00f8er?<\/b><\/p>\n<p>Ja, den anodiserede overflade beskytter k\u00f8lelegemet mod korrosion, hvilket g\u00f8r det ideelt til kr\u00e6vende forhold.<br \/>\n<\/p><br \/>\n<br \/>\n<p><b>6. Er disse k\u00f8ledele kompatible med aktive k\u00f8lesystemer?<\/b><\/p>\n<p>Ja, de kan integreres med bl\u00e6sere eller andre aktive k\u00f8lekomponenter for at forbedre ydeevnen.<br \/>\n<\/p><br \/>\n<br \/>\n<p><b>7. Tilbyder du OEM- eller ODM-tjenester til disse dele?<\/b><\/p>\n<p>Absolut, vi leverer fuld OEM\/ODM-tilpasning for at underst\u00f8tte dine projektbehov.<br \/>\n<\/p><br \/>\n<br \/>\n<p><b>8. Hvordan forbedrer aluminium i 6000-serien k\u00f8lelegemets ydeevne?<\/b><\/p>\n<p>Aluminium i 6000-serien giver en god balance mellem varmeledningsevne, styrke og bearbejdelighed, hvilket g\u00f8r det ideelt til varmestyring.<br \/>\n<\/p><br \/><\/p>","protected":false},"featured_media":10662,"template":"","categories":[72],"class_list":["post-10663","product","type-product","status-publish","has-post-thumbnail","hentry","category-extruded-aluminum-heatsink"],"meta_box":{"hilight_text_group":{"product_hilight_text":"<li>Made from durable 6000 series aluminum for high thermal conductivity and strength<\/li>\r\n<li>Anodized surface enhances corrosion resistance and improves heat dissipation<\/li>\r\n<li>Supports fully customizable sizes, shapes, and mounting designs<\/li>\r\n<li>Ideal for electronics, power modules, and LED thermal management<\/li>\r\n<li>Lightweight and easy to integrate into compact system designs<\/li>\r\n<li>Suitable for both passive and active cooling configurations<\/li>\r\n<li>OEM\/ODM service available for tailored thermal solutions<\/li>","product_chanpin_chanpin":"<ul>\r\n<li><a href=\"https:\/\/sinoextrud.com\/product\/aluminium-extrusion-6061-6082-7075-aluminum-alloy-profiles\/\" target=\"_blank\">6061 aluminum extrusion<\/a><\/li>\r\n<li><a href=\"https:\/\/sinoextrud.com\/product\/oval-aluminum-extrud-profile\/\" target=\"_blank\">oval aluminum extrusion<\/a><\/li>\r\n<li><a href=\"https:\/\/sinoextrud.com\/product\/aluminium-extrusion-anodised-aluminium-tube\/\" target=\"_blank\">anodised aluminium tube<\/a><\/li>\r\n<li><a href=\"https:\/\/sinoextrud.com\/product\/c-shaped-closed-linear-ceiling-system\/\" target=\"_blank\">linear closed ceilings<\/a><\/li>\r\n<li><a href=\"https:\/\/sinoextrud.com\/product\/the-new-perforated-ceiling-system\/\" target=\"_blank\">perforated french ceilings<\/a><\/li>\r\n<li><a href=\"https:\/\/sinoextrud.com\/product\/aluminum-extrusion-7003-7005-7020\/\" target=\"_blank\">7020 aluminum<\/a><\/li>\r\n<\/ul>","product_chanpin_blog":"<ul>\r\n<li><a href=\"https:\/\/sinoextrud.com\/t-slot-v-slot-differences\/\" target=\"_blank\">t slot vs v slot<\/a><\/li>\r\n<li><a href=\"https:\/\/sinoextrud.com\/what-is-4040-aluminium-extrud\/\" target=\"_blank\">4040 aluminium extrusion<\/a><\/li>\r\n<li><a href=\"https:\/\/sinoextrud.com\/what-is-4040-aluminium-extrud\/\" target=\"_blank\">aluminum extrusions for industrial racks<\/a><\/li>\r\n<li><a href=\"https:\/\/sinoextrud.com\/powder-coating-aluminium-process\/\" target=\"_blank\">powder coating aluminium<\/a><\/li>\r\n<li><a href=\"https:\/\/sinoextrud.com\/what-is-an-aluminium-strip-ceiling\/\" target=\"_blank\">aluminium strip ceiling<\/a><\/li>\r\n<li><a href=\"https:\/\/sinoextrud.com\/what-is-a-heat-sink\/\" target=\"_blank\">what is a heat sink<\/a><\/li>\r\n<\/ul>"},"feature_list":[]},"_links":{"self":[{"href":"https:\/\/sinoextrud.com\/da\/wp-json\/wp\/v2\/product\/10663","targetHints":{"allow":["GET"]}}],"collection":[{"href":"https:\/\/sinoextrud.com\/da\/wp-json\/wp\/v2\/product"}],"about":[{"href":"https:\/\/sinoextrud.com\/da\/wp-json\/wp\/v2\/types\/product"}],"wp:featuredmedia":[{"embeddable":true,"href":"https:\/\/sinoextrud.com\/da\/wp-json\/wp\/v2\/media\/10662"}],"wp:attachment":[{"href":"https:\/\/sinoextrud.com\/da\/wp-json\/wp\/v2\/media?parent=10663"}],"wp:term":[{"taxonomy":"category","embeddable":true,"href":"https:\/\/sinoextrud.com\/da\/wp-json\/wp\/v2\/categories?post=10663"}],"curies":[{"name":"wp","href":"https:\/\/api.w.org\/{rel}","templated":true}]}}