{"id":10654,"date":"2025-07-25T07:55:41","date_gmt":"2025-07-25T07:55:41","guid":{"rendered":"https:\/\/sinoextrud.com\/product\/large-custom-extruded-industrial-aluminum-heatsink\/"},"modified":"2025-07-25T07:55:41","modified_gmt":"2025-07-25T07:55:41","slug":"stor-brugerdefineret-ekstruderet-industriel-koleplade-i-aluminium","status":"publish","type":"product","link":"https:\/\/sinoextrud.com\/da\/product\/large-custom-extruded-industrial-aluminum-heatsink\/","title":{"rendered":"Stor brugerdefineret ekstruderet industriel k\u00f8leplade i aluminium"},"content":{"rendered":"<h2>Detaljer om produkter<\/h2>\n<table class=\"custom-table\">\n<tr>\n<td class=\"label\">Karakter<\/td>\n<td>6000-serien<\/td>\n<\/tr>\n<tr>\n<td class=\"label\">Tolerance<\/td>\n<td>\u00b11%<\/td>\n<\/tr>\n<tr>\n<td class=\"label\">Leveringstid<\/td>\n<td>22-30 dage<\/td>\n<\/tr>\n<tr>\n<td class=\"label\">Temperament<\/td>\n<td>T3-T8<\/td>\n<\/tr>\n<tr>\n<td class=\"label\">Anvendelse<\/td>\n<td>led\/elektronik\/cpu\/industri<\/td>\n<\/tr>\n<tr>\n<td class=\"label\">Form<\/td>\n<td>Brugerdefineret<\/td>\n<\/tr>\n<tr>\n<td class=\"label\">Legering eller ej<\/td>\n<td>Er legeret<\/td>\n<\/tr>\n<tr>\n<td class=\"label\">Behandling af service<\/td>\n<td>B\u00f8jning, afrulning, svejsning, stansning, sk\u00e6ring<\/td>\n<\/tr>\n<tr>\n<td class=\"label\">Produktets navn<\/td>\n<td>Specialfremstillet k\u00f8leplade i aluminium<\/td>\n<\/tr>\n<tr>\n<td class=\"label\">Salg af enheder<\/td>\n<td>En enkelt genstand<\/td>\n<\/tr>\n<tr>\n<td class=\"label\">Enkelt pakkest\u00f8rrelse<\/td>\n<td>30X20X20 cm<\/td>\n<\/tr>\n<tr>\n<td class=\"label\">Enkelt bruttov\u00e6gt<\/td>\n<td>3.000 KG<\/td>\n<\/tr>\n<\/table>\n<h2>Vores produktionsbase<\/h2>\n<h3>Panorama over fabrikken<\/h3>\n<p><img decoding=\"async\" src=\"\/wp-content\/uploads\/factory-01.webp\"\/><\/p>\n<h3>V\u00e6rksted til fremstilling af aluminiumst\u00e6nger<\/h3>\n<p><img decoding=\"async\" src=\"\/wp-content\/uploads\/factory-02.webp\"\/><\/p>\n<p><img decoding=\"async\" src=\"\/wp-content\/uploads\/factory-03.webp\"\/><\/p>\n<h3>Lager til opbevaring af skimmelsvampe<\/h3>\n<p><img decoding=\"async\" src=\"\/wp-content\/uploads\/factory-04.webp\"\/><\/p>\n<h3>43 ekstruderingslinjer for aluminium (500-5500 ton)<\/h3>\n<p><img decoding=\"async\" src=\"\/wp-content\/uploads\/factory-05.webp\"\/><\/p>\n<p><img decoding=\"async\" src=\"\/wp-content\/uploads\/factory-06.webp\"\/><\/p>\n<p><img decoding=\"async\" src=\"\/wp-content\/uploads\/factory-07.webp\"\/><\/p>\n<h3>V\u00e6rksted for pulverlakering<\/h3>\n<p><img decoding=\"async\" src=\"\/wp-content\/uploads\/factory-09.webp\"\/><\/p>\n<h3>Anodiseringsv\u00e6rksted<\/h3>\n<p><img decoding=\"async\" src=\"\/wp-content\/uploads\/factory-10.webp\"\/><\/p>\n<h3>Workshop om dyb behandling<\/h3>\n<p><img decoding=\"async\" src=\"\/wp-content\/uploads\/factory-11.webp\"\/><\/p>\n<h3>V\u00e6rksted for CNC-pr\u00e6cisionsbearbejdning<\/h3>\n<p><img decoding=\"async\" src=\"\/wp-content\/uploads\/factory-11.5.webp\"\/><\/p>\n<h3>F\u00e6rdigvare- og eksportlager<\/h3>\n<p><img decoding=\"async\" src=\"\/wp-content\/uploads\/factory-12.webp\"\/><\/p>\n<p><img decoding=\"async\" src=\"\/wp-content\/uploads\/factory-13.webp\"\/><\/p>\n<p><img decoding=\"async\" src=\"\/wp-content\/uploads\/factory-14.webp\"\/><\/p>\n<h2>OFTE STILLEDE SP\u00d8RGSM\u00c5L<\/h2>\n<p><p><b>1. Hvad bruges en stor specialekstruderet industriel aluminiumsk\u00f8leplade til?<\/b><\/p>\n<p>Den bruges til h\u00f8jeffektiv k\u00f8ling i industrielle applikationer som f.eks. effektelektronik, automatiseringssystemer og energiudstyr.<br \/>\n<\/p><br \/>\n<br \/>\n<p><b>2. Kan k\u00f8lelegemet i ekstruderet aluminium tilpasses?<\/b><\/p>\n<p>Ja, vi tilbyder fuld tilpasning af st\u00f8rrelse, lamelt\u00e6thed, monteringshuller og overfladebehandling, s\u00e5 de passer til dine n\u00f8jagtige krav.<br \/>\n<\/p><br \/>\n<br \/>\n<p><b>3. Hvad er fordelene ved ekstruderet aluminium i k\u00f8lelegemer?<\/b><\/p>\n<p>Ekstruderet aluminium giver fremragende varmeledningsevne, letv\u00e6gtsstruktur og skalerbar produktion til omkostningseffektiv k\u00f8ling.<br \/>\n<\/p><br \/>\n<br \/>\n<p><b>4. Er denne k\u00f8lelegeme egnet til passiv k\u00f8ling?<\/b><\/p>\n<p>Ja, det store overfladeareal og de optimerede finner g\u00f8r den ideel til passiv k\u00f8ling eller kan kombineres med bl\u00e6sere til aktive systemer.<br \/>\n<\/p><br \/>\n<br \/>\n<p><b>5. Hvilke brancher bruger typisk denne type k\u00f8lelegeme?<\/b><\/p>\n<p>Industrier som industriel automatisering, elkraft, vedvarende energi og telekommunikation bruger ofte disse store k\u00f8leplader i aluminium.<br \/>\n<\/p><br \/>\n<br \/>\n<p><b>6. Hvordan forbedrer k\u00f8lelegemet udstyrets ydeevne?<\/b><\/p>\n<p>Den afleder effektivt varmen, forhindrer termisk ophobning og forbedrer ydeevnen og levetiden for kritiske komponenter.<br \/>\n<\/p><br \/>\n<br \/>\n<p><b>7. Er k\u00f8lepladen af aluminium modstandsdygtig over for korrosion?<\/b><\/p>\n<p>Ja, den leveres med en beskyttende finish som anodisering eller pulverlakering for holdbarhed i industrielle milj\u00f8er.<br \/>\n<\/p><br \/>\n<br \/>\n<p><b>8. Underst\u00f8tter k\u00f8lelegemet OEM- og ODM-projekter?<\/b><\/p>\n<p>Absolut, vi underst\u00f8tter b\u00e5de OEM- og ODM-l\u00f8sninger, der er skr\u00e6ddersyet til dine tekniske og applikationsm\u00e6ssige behov.<br \/>\n<\/p><br \/><\/p>","protected":false},"featured_media":10653,"template":"","categories":[72],"class_list":["post-10654","product","type-product","status-publish","has-post-thumbnail","hentry","category-extruded-aluminum-heatsink"],"meta_box":{"hilight_text_group":{"product_hilight_text":"<li>Large extruded profile designed for high-performance industrial cooling<\/li>\r\n<li>Made from high thermal conductivity aluminum for efficient heat dissipation<\/li>\r\n<li>Fully customizable dimensions, fin structure, and mounting options<\/li>\r\n<li>Ideal for power electronics, automation systems, and renewable energy devices<\/li>\r\n<li>Supports both passive and forced-air cooling configurations<\/li>\r\n<li>Durable and corrosion-resistant finish for long-term industrial use<\/li>\r\n<li>OEM\/ODM services available for tailored thermal solutions<\/li>","product_chanpin_chanpin":"<ul>\r\n<li><a href=\"https:\/\/sinoextrud.com\/product\/aluminium-extrusion-6061-6082-7075-aluminum-alloy-profiles\/\" target=\"_blank\">6061 aluminum extrusion<\/a><\/li>\r\n<li><a href=\"https:\/\/sinoextrud.com\/product\/oval-aluminum-extrud-profile\/\" target=\"_blank\">oval aluminum extrusion<\/a><\/li>\r\n<li><a href=\"https:\/\/sinoextrud.com\/product\/aluminium-extrusion-anodised-aluminium-tube\/\" target=\"_blank\">anodised aluminium tube<\/a><\/li>\r\n<li><a href=\"https:\/\/sinoextrud.com\/product\/c-shaped-closed-linear-ceiling-system\/\" target=\"_blank\">linear closed ceilings<\/a><\/li>\r\n<li><a href=\"https:\/\/sinoextrud.com\/product\/the-new-perforated-ceiling-system\/\" target=\"_blank\">perforated french ceilings<\/a><\/li>\r\n<li><a href=\"https:\/\/sinoextrud.com\/product\/aluminum-extrusion-7003-7005-7020\/\" target=\"_blank\">7020 aluminum<\/a><\/li>\r\n<\/ul>","product_chanpin_blog":"<ul>\r\n<li><a href=\"https:\/\/sinoextrud.com\/t-slot-v-slot-differences\/\" target=\"_blank\">t slot vs v slot<\/a><\/li>\r\n<li><a href=\"https:\/\/sinoextrud.com\/what-is-4040-aluminium-extrud\/\" target=\"_blank\">4040 aluminium extrusion<\/a><\/li>\r\n<li><a href=\"https:\/\/sinoextrud.com\/what-is-4040-aluminium-extrud\/\" target=\"_blank\">aluminum extrusions for industrial racks<\/a><\/li>\r\n<li><a href=\"https:\/\/sinoextrud.com\/powder-coating-aluminium-process\/\" target=\"_blank\">powder coating aluminium<\/a><\/li>\r\n<li><a href=\"https:\/\/sinoextrud.com\/what-is-an-aluminium-strip-ceiling\/\" target=\"_blank\">aluminium strip ceiling<\/a><\/li>\r\n<li><a href=\"https:\/\/sinoextrud.com\/what-is-a-heat-sink\/\" target=\"_blank\">what is a heat sink<\/a><\/li>\r\n<\/ul>"},"feature_list":[]},"_links":{"self":[{"href":"https:\/\/sinoextrud.com\/da\/wp-json\/wp\/v2\/product\/10654","targetHints":{"allow":["GET"]}}],"collection":[{"href":"https:\/\/sinoextrud.com\/da\/wp-json\/wp\/v2\/product"}],"about":[{"href":"https:\/\/sinoextrud.com\/da\/wp-json\/wp\/v2\/types\/product"}],"wp:featuredmedia":[{"embeddable":true,"href":"https:\/\/sinoextrud.com\/da\/wp-json\/wp\/v2\/media\/10653"}],"wp:attachment":[{"href":"https:\/\/sinoextrud.com\/da\/wp-json\/wp\/v2\/media?parent=10654"}],"wp:term":[{"taxonomy":"category","embeddable":true,"href":"https:\/\/sinoextrud.com\/da\/wp-json\/wp\/v2\/categories?post=10654"}],"curies":[{"name":"wp","href":"https:\/\/api.w.org\/{rel}","templated":true}]}}