{"id":10652,"date":"2025-07-25T07:53:48","date_gmt":"2025-07-25T07:53:48","guid":{"rendered":"https:\/\/sinoextrud.com\/product\/aluminum-heat-sink-with-heat-pipe-for-high-power-cooling\/"},"modified":"2025-07-25T07:53:48","modified_gmt":"2025-07-25T07:53:48","slug":"koleplade-af-aluminium-med-varmeror-til-hoj-effektkoling","status":"publish","type":"product","link":"https:\/\/sinoextrud.com\/da\/product\/aluminum-heat-sink-with-heat-pipe-for-high-power-cooling\/","title":{"rendered":"K\u00f8leplade i aluminium med varmer\u00f8r til k\u00f8ling med h\u00f8j effekt"},"content":{"rendered":"<h2>Detaljer om produkter<\/h2>\n<table class=\"custom-table\">\n<tr>\n<td class=\"label\">Overfladebehandling<\/td>\n<td>Efter behov<\/td>\n<\/tr>\n<tr>\n<td class=\"label\">Form<\/td>\n<td>Brugerdefineret<\/td>\n<\/tr>\n<tr>\n<td class=\"label\">Kropsmateriale<\/td>\n<td>Aluminiumslegering + kompressor<\/td>\n<\/tr>\n<tr>\n<td class=\"label\">Type<\/td>\n<td>K\u00f8lelegemer<\/td>\n<\/tr>\n<tr>\n<td class=\"label\">Service til belysningsl\u00f8sninger<\/td>\n<td>automatisk CAD-layout<\/td>\n<\/tr>\n<tr>\n<td class=\"label\">Garanti (\u00e5r)<\/td>\n<td>5<\/td>\n<\/tr>\n<tr>\n<td class=\"label\">Proces<\/td>\n<td>Ekstrudering+CNC+stempling<\/td>\n<\/tr>\n<tr>\n<td class=\"label\">IP-klassificering<\/td>\n<td>ip55<\/td>\n<\/tr>\n<tr>\n<td class=\"label\">Kropsfarve<\/td>\n<td>S\u00f8lv<\/td>\n<\/tr>\n<tr>\n<td class=\"label\">Standardforme Antal<\/td>\n<td>30.000+ s\u00e6t<\/td>\n<\/tr>\n<tr>\n<td class=\"label\">Salg af enheder<\/td>\n<td>En enkelt genstand<\/td>\n<\/tr>\n<\/table>\n<h2>Vores produktionsbase<\/h2>\n<h3>Panorama over fabrikken<\/h3>\n<p><img decoding=\"async\" src=\"\/wp-content\/uploads\/factory-01.webp\"\/><\/p>\n<h3>V\u00e6rksted til fremstilling af aluminiumst\u00e6nger<\/h3>\n<p><img decoding=\"async\" src=\"\/wp-content\/uploads\/factory-02.webp\"\/><\/p>\n<p><img decoding=\"async\" src=\"\/wp-content\/uploads\/factory-03.webp\"\/><\/p>\n<h3>Lager til opbevaring af skimmelsvampe<\/h3>\n<p><img decoding=\"async\" src=\"\/wp-content\/uploads\/factory-04.webp\"\/><\/p>\n<h3>43 ekstruderingslinjer for aluminium (500-5500 ton)<\/h3>\n<p><img decoding=\"async\" src=\"\/wp-content\/uploads\/factory-05.webp\"\/><\/p>\n<p><img decoding=\"async\" src=\"\/wp-content\/uploads\/factory-06.webp\"\/><\/p>\n<p><img decoding=\"async\" src=\"\/wp-content\/uploads\/factory-07.webp\"\/><\/p>\n<h3>V\u00e6rksted for pulverlakering<\/h3>\n<p><img decoding=\"async\" src=\"\/wp-content\/uploads\/factory-09.webp\"\/><\/p>\n<h3>Anodiseringsv\u00e6rksted<\/h3>\n<p><img decoding=\"async\" src=\"\/wp-content\/uploads\/factory-10.webp\"\/><\/p>\n<h3>Workshop om dyb behandling<\/h3>\n<p><img decoding=\"async\" src=\"\/wp-content\/uploads\/factory-11.webp\"\/><\/p>\n<h3>V\u00e6rksted for CNC-pr\u00e6cisionsbearbejdning<\/h3>\n<p><img decoding=\"async\" src=\"\/wp-content\/uploads\/factory-11.5.webp\"\/><\/p>\n<h3>F\u00e6rdigvare- og eksportlager<\/h3>\n<p><img decoding=\"async\" src=\"\/wp-content\/uploads\/factory-12.webp\"\/><\/p>\n<p><img decoding=\"async\" src=\"\/wp-content\/uploads\/factory-13.webp\"\/><\/p>\n<p><img decoding=\"async\" src=\"\/wp-content\/uploads\/factory-14.webp\"\/><\/p>\n<h2>OFTE STILLEDE SP\u00d8RGSM\u00c5L<\/h2>\n<p><p><b>1. Hvad bruges en aluminiumsk\u00f8leplade med varmer\u00f8r til?<\/b><\/p>\n<p>Den bruges til h\u00f8jeffektk\u00f8ling i applikationer som CPU'er, IGBT'er, effektmoduler og anden elektronik med h\u00f8j varme.<br \/>\n<\/p><br \/>\n<br \/>\n<p><b>2. Hvordan forbedrer varmer\u00f8r k\u00f8leribbens ydeevne?<\/b><\/p>\n<p>Varmer\u00f8r overf\u00f8rer hurtigt varme fra kilden til aluminiumsfinnerne, hvilket forbedrer den samlede termiske effektivitet.<br \/>\n<\/p><br \/>\n<br \/>\n<p><b>3. Er denne k\u00f8leplade egnet til passiv eller aktiv k\u00f8ling?<\/b><\/p>\n<p>Ja, den underst\u00f8tter b\u00e5de passive og aktive k\u00f8leops\u00e6tninger afh\u00e6ngigt af systemkravene.<br \/>\n<\/p><br \/>\n<br \/>\n<p><b>4. Kan k\u00f8lepladen i aluminium tilpasses til forskellige enheder?<\/b><\/p>\n<p>Ja, vi tilbyder OEM-tilpasning af st\u00f8rrelse, lamellayout og varmer\u00f8rskonfiguration, s\u00e5 det passer til dine specifikke behov.<br \/>\n<\/p><br \/>\n<br \/>\n<p><b>5. Hvilke industrier nyder godt af denne type k\u00f8leplade?<\/b><\/p>\n<p>Brancher som telekommunikation, industriel automatisering, effektelektronik og vedvarende energi bruger ofte denne k\u00f8leplade.<br \/>\n<\/p><br \/>\n<br \/>\n<p><b>6. Er k\u00f8lepladen let, s\u00e5 den kan integreres i systemet?<\/b><\/p>\n<p>Ja, aluminiumskonstruktionen g\u00f8r den let, samtidig med at den opretholder en fremragende termisk ydeevne.<br \/>\n<\/p><br \/>\n<br \/>\n<p><b>7. Hvad er fordelene ved at kombinere varmer\u00f8r med aluminium?<\/b><\/p>\n<p>Kombinationen giver hurtig varmeoverf\u00f8rsel og spredning over et stort omr\u00e5de, hvilket forbedrer k\u00f8lingen af komponenter med h\u00f8j effekt.<br \/>\n<\/p><br \/>\n<br \/>\n<p><b>8. Kan denne k\u00f8leplade h\u00e5ndtere kontinuerlig h\u00f8j termisk belastning?<\/b><\/p>\n<p>Ja, den er designet til stabil og effektiv drift under kontinuerlige varmeafledningsforhold med h\u00f8j effekt.<br \/>\n<\/p><br \/><\/p>","protected":false},"featured_media":10651,"template":"","categories":[72],"class_list":["post-10652","product","type-product","status-publish","has-post-thumbnail","hentry","category-extruded-aluminum-heatsink"],"meta_box":{"hilight_text_group":{"product_hilight_text":"<li>Combines aluminum fins and heat pipe technology for superior thermal conductivity<\/li>\r\n<li>Designed for high power cooling applications such as CPUs, IGBTs, and power modules<\/li>\r\n<li>Lightweight aluminum construction with excellent heat spreading capability<\/li>\r\n<li>Heat pipes accelerate thermal transfer from heat source to fins<\/li>\r\n<li>Customizable design to fit various power electronics and cooling systems<\/li>\r\n<li>Supports passive or active cooling configurations<\/li>\r\n<li>Ideal for industrial automation, telecom, and renewable energy systems<\/li>","product_chanpin_chanpin":"<ul>\r\n<li><a href=\"https:\/\/sinoextrud.com\/product\/aluminium-extrusion-6061-6082-7075-aluminum-alloy-profiles\/\" target=\"_blank\">6061 aluminum extrusion<\/a><\/li>\r\n<li><a href=\"https:\/\/sinoextrud.com\/product\/oval-aluminum-extrud-profile\/\" target=\"_blank\">oval aluminum extrusion<\/a><\/li>\r\n<li><a href=\"https:\/\/sinoextrud.com\/product\/aluminium-extrusion-anodised-aluminium-tube\/\" target=\"_blank\">anodised aluminium tube<\/a><\/li>\r\n<li><a href=\"https:\/\/sinoextrud.com\/product\/c-shaped-closed-linear-ceiling-system\/\" target=\"_blank\">linear closed ceilings<\/a><\/li>\r\n<li><a href=\"https:\/\/sinoextrud.com\/product\/the-new-perforated-ceiling-system\/\" target=\"_blank\">perforated french ceilings<\/a><\/li>\r\n<li><a href=\"https:\/\/sinoextrud.com\/product\/aluminum-extrusion-7003-7005-7020\/\" target=\"_blank\">7020 aluminum<\/a><\/li>\r\n<\/ul>","product_chanpin_blog":"<ul>\r\n<li><a href=\"https:\/\/sinoextrud.com\/t-slot-v-slot-differences\/\" target=\"_blank\">t slot vs v slot<\/a><\/li>\r\n<li><a href=\"https:\/\/sinoextrud.com\/what-is-4040-aluminium-extrud\/\" target=\"_blank\">4040 aluminium extrusion<\/a><\/li>\r\n<li><a href=\"https:\/\/sinoextrud.com\/what-is-4040-aluminium-extrud\/\" target=\"_blank\">aluminum extrusions for industrial racks<\/a><\/li>\r\n<li><a href=\"https:\/\/sinoextrud.com\/powder-coating-aluminium-process\/\" target=\"_blank\">powder coating aluminium<\/a><\/li>\r\n<li><a href=\"https:\/\/sinoextrud.com\/what-is-an-aluminium-strip-ceiling\/\" target=\"_blank\">aluminium strip ceiling<\/a><\/li>\r\n<li><a href=\"https:\/\/sinoextrud.com\/what-is-a-heat-sink\/\" target=\"_blank\">what is a heat sink<\/a><\/li>\r\n<\/ul>"},"feature_list":[]},"_links":{"self":[{"href":"https:\/\/sinoextrud.com\/da\/wp-json\/wp\/v2\/product\/10652","targetHints":{"allow":["GET"]}}],"collection":[{"href":"https:\/\/sinoextrud.com\/da\/wp-json\/wp\/v2\/product"}],"about":[{"href":"https:\/\/sinoextrud.com\/da\/wp-json\/wp\/v2\/types\/product"}],"wp:featuredmedia":[{"embeddable":true,"href":"https:\/\/sinoextrud.com\/da\/wp-json\/wp\/v2\/media\/10651"}],"wp:attachment":[{"href":"https:\/\/sinoextrud.com\/da\/wp-json\/wp\/v2\/media?parent=10652"}],"wp:term":[{"taxonomy":"category","embeddable":true,"href":"https:\/\/sinoextrud.com\/da\/wp-json\/wp\/v2\/categories?post=10652"}],"curies":[{"name":"wp","href":"https:\/\/api.w.org\/{rel}","templated":true}]}}