{"id":10646,"date":"2025-07-25T04:02:40","date_gmt":"2025-07-25T04:02:40","guid":{"rendered":"https:\/\/sinoextrud.com\/product\/custom-water-cooling-aluminum-cold-plate-with-copper-tubes\/"},"modified":"2025-07-25T04:02:40","modified_gmt":"2025-07-25T04:02:40","slug":"brugerdefineret-koleplade-i-aluminium-med-kobberror-til-vandkoling","status":"publish","type":"product","link":"https:\/\/sinoextrud.com\/da\/product\/custom-water-cooling-aluminum-cold-plate-with-copper-tubes\/","title":{"rendered":"Brugerdefineret vandk\u00f8lingskoldplade i aluminium med kobberr\u00f8r"},"content":{"rendered":"<h2>Detaljer om produkter<\/h2>\n<table class=\"custom-table\">\n<tr>\n<td class=\"label\">Testrapport for maskiner<\/td>\n<td>Leveret<\/td>\n<\/tr>\n<tr>\n<td class=\"label\">video udg\u00e5ende-inspektion<\/td>\n<td>Leveret<\/td>\n<\/tr>\n<tr>\n<td class=\"label\">Materiale<\/td>\n<td>Aluminiumslegering, kobber<\/td>\n<\/tr>\n<tr>\n<td class=\"label\">Garanti<\/td>\n<td>5 \u00e5r<\/td>\n<\/tr>\n<tr>\n<td class=\"label\">ans\u00f8gning<\/td>\n<td>IGBG-moduler, elektroniske enheder, lasere<\/td>\n<\/tr>\n<tr>\n<td class=\"label\">type<\/td>\n<td>Varmevekslerr\u00f8r<\/td>\n<\/tr>\n<tr>\n<td class=\"label\">v\u00e6gt (kg)<\/td>\n<td>1<\/td>\n<\/tr>\n<tr>\n<td class=\"label\">Service efter garantien<\/td>\n<td>Online support<\/td>\n<\/tr>\n<tr>\n<td class=\"label\">Levering af eftersalgsservice<\/td>\n<td>Online support<\/td>\n<\/tr>\n<tr>\n<td class=\"label\">Anvendelige industrier<\/td>\n<td>Produktionsanl\u00e6g<\/td>\n<\/tr>\n<tr>\n<td class=\"label\">Salg af enheder<\/td>\n<td>En enkelt genstand<\/td>\n<\/tr>\n<tr>\n<td class=\"label\">Enkelt pakkest\u00f8rrelse<\/td>\n<td>21X15X1,5 cm<\/td>\n<\/tr>\n<tr>\n<td class=\"label\">Enkelt bruttov\u00e6gt<\/td>\n<td>1.000 KG<\/td>\n<\/tr>\n<\/table>\n<h2>Vores produktionsbase<\/h2>\n<h3>Panorama over fabrikken<\/h3>\n<p><img decoding=\"async\" src=\"\/wp-content\/uploads\/factory-01.webp\"\/><\/p>\n<h3>V\u00e6rksted til fremstilling af aluminiumst\u00e6nger<\/h3>\n<p><img decoding=\"async\" src=\"\/wp-content\/uploads\/factory-02.webp\"\/><\/p>\n<p><img decoding=\"async\" src=\"\/wp-content\/uploads\/factory-03.webp\"\/><\/p>\n<h3>Lager til opbevaring af skimmelsvampe<\/h3>\n<p><img decoding=\"async\" src=\"\/wp-content\/uploads\/factory-04.webp\"\/><\/p>\n<h3>43 ekstruderingslinjer for aluminium (500-5500 ton)<\/h3>\n<p><img decoding=\"async\" src=\"\/wp-content\/uploads\/factory-05.webp\"\/><\/p>\n<p><img decoding=\"async\" src=\"\/wp-content\/uploads\/factory-06.webp\"\/><\/p>\n<p><img decoding=\"async\" src=\"\/wp-content\/uploads\/factory-07.webp\"\/><\/p>\n<h3>V\u00e6rksted for pulverlakering<\/h3>\n<p><img decoding=\"async\" src=\"\/wp-content\/uploads\/factory-09.webp\"\/><\/p>\n<h3>Anodiseringsv\u00e6rksted<\/h3>\n<p><img decoding=\"async\" src=\"\/wp-content\/uploads\/factory-10.webp\"\/><\/p>\n<h3>Workshop om dyb behandling<\/h3>\n<p><img decoding=\"async\" src=\"\/wp-content\/uploads\/factory-11.webp\"\/><\/p>\n<h3>V\u00e6rksted for CNC-pr\u00e6cisionsbearbejdning<\/h3>\n<p><img decoding=\"async\" src=\"\/wp-content\/uploads\/factory-11.5.webp\"\/><\/p>\n<h3>F\u00e6rdigvare- og eksportlager<\/h3>\n<p><img decoding=\"async\" src=\"\/wp-content\/uploads\/factory-12.webp\"\/><\/p>\n<p><img decoding=\"async\" src=\"\/wp-content\/uploads\/factory-13.webp\"\/><\/p>\n<p><img decoding=\"async\" src=\"\/wp-content\/uploads\/factory-14.webp\"\/><\/p>\n<h2>OFTE STILLEDE SP\u00d8RGSM\u00c5L<\/h2>\n<p><p><b>1. Hvad er en brugerdefineret vandk\u00f8ling af aluminiumskoldplade med kobberr\u00f8r?<\/b><\/p>\n<p>Det er en h\u00f8jtydende termisk l\u00f8sning, der kombinerer aluminiumsplader og indlejrede kobberr\u00f8r til effektiv afledning af varme i tilpassede k\u00f8lesystemer.<br \/>\n<\/p><br \/>\n<br \/>\n<p><b>2. Hvorfor bruge kobberr\u00f8r i en k\u00f8leplade af aluminium?<\/b><\/p>\n<p>Kobberr\u00f8r giver overlegen varmeledningsevne og forbedrer den samlede k\u00f8leeffektivitet af aluminiumsk\u00f8lepladen.<br \/>\n<\/p><br \/>\n<br \/>\n<p><b>3. Kan den kolde aluminiumsplade tilpasses til forskellige anvendelser?<\/b><\/p>\n<p>Ja, den kolde aluminiumsplade kan tilpasses i form, st\u00f8rrelse og r\u00f8rlayout for at opfylde specifikke termiske og mekaniske krav.<br \/>\n<\/p><br \/>\n<br \/>\n<p><b>4. Hvordan forbedrer denne k\u00f8leplade varmestyringen?<\/b><\/p>\n<p>Ved at kombinere kobbers h\u00f8je ledningsevne og aluminiums lette egenskaber sikrer k\u00f8lepladen hurtig varmeoverf\u00f8rsel og p\u00e5lidelig k\u00f8leevne.<br \/>\n<\/p><br \/>\n<br \/>\n<p><b>5. Hvilke industrier bruger ofte denne type k\u00f8leplade?<\/b><\/p>\n<p>Industrier som kraftelektronik, elbilsystemer, lasere og medicinsk udstyr bruger ofte brugerdefinerede vandk\u00f8lingsk\u00f8leplader i aluminium med kobberr\u00f8r til varmekontrol.<br \/>\n<\/p><br \/>\n<br \/>\n<p><b>6. Modst\u00e5r dette produkt korrosion?<\/b><\/p>\n<p>Ja, aluminiumsbasen og kobberr\u00f8rene er behandlet for at opn\u00e5 fremragende korrosionsbestandighed, hvilket g\u00f8r dem velegnede til langvarig brug i barske milj\u00f8er.<br \/>\n<\/p><br \/>\n<br \/>\n<p><b>7. Hvordan gavner denne k\u00f8leplade OEM'erne?<\/b><\/p>\n<p>OEM'er nyder godt af designfleksibilitet, effektiv varmeafledning og nem integration i komplekse termiske systemer ved hj\u00e6lp af brugerdefinerede vandk\u00f8lingsk\u00f8leplader i aluminium med kobberr\u00f8r.<br \/>\n<\/p><br \/>\n<br \/>\n<p><b>8. Er den egnet til applikationer med h\u00f8j effekt?<\/b><\/p>\n<p>Ja, den kombinerede brug af aluminium- og kobberr\u00f8r g\u00f8r den ideel til h\u00f8jeffektselektronik, der kr\u00e6ver effektiv og p\u00e5lidelig k\u00f8ling.<br \/>\n<\/p><br \/><\/p>","protected":false},"featured_media":10645,"template":"","categories":[73],"class_list":["post-10646","product","type-product","status-publish","has-post-thumbnail","hentry","category-water-cooling-plate"],"meta_box":{"hilight_text_group":{"product_hilight_text":"<li>High-efficiency heat dissipation with copper tube integration for optimal cooling performance<\/li>\r\n<li>Customizable aluminum cold plate design tailored to specific thermal management needs<\/li>\r\n<li>Excellent corrosion resistance and durability for long-term industrial use<\/li>\r\n<li>Lightweight aluminum base ensures easy installation and reduced system weight<\/li>\r\n<li>Supports high-precision machining for tight thermal interface control<\/li>","product_chanpin_chanpin":"<ul>\r\n<li><a href=\"https:\/\/sinoextrud.com\/product\/aluminium-extrusion-6061-6082-7075-aluminum-alloy-profiles\/\" target=\"_blank\">6061 aluminum extrusion<\/a><\/li>\r\n<li><a href=\"https:\/\/sinoextrud.com\/product\/oval-aluminum-extrud-profile\/\" target=\"_blank\">oval aluminum extrusion<\/a><\/li>\r\n<li><a href=\"https:\/\/sinoextrud.com\/product\/aluminium-extrusion-anodised-aluminium-tube\/\" target=\"_blank\">anodised aluminium tube<\/a><\/li>\r\n<li><a href=\"https:\/\/sinoextrud.com\/product\/c-shaped-closed-linear-ceiling-system\/\" target=\"_blank\">linear closed ceilings<\/a><\/li>\r\n<li><a href=\"https:\/\/sinoextrud.com\/product\/the-new-perforated-ceiling-system\/\" target=\"_blank\">perforated french ceilings<\/a><\/li>\r\n<li><a href=\"https:\/\/sinoextrud.com\/product\/aluminum-extrusion-7003-7005-7020\/\" target=\"_blank\">7020 aluminum<\/a><\/li>\r\n<\/ul>","product_chanpin_blog":"<ul>\r\n<li><a href=\"https:\/\/sinoextrud.com\/t-slot-v-slot-differences\/\" target=\"_blank\">t slot vs v slot<\/a><\/li>\r\n<li><a href=\"https:\/\/sinoextrud.com\/what-is-4040-aluminium-extrud\/\" target=\"_blank\">4040 aluminium extrusion<\/a><\/li>\r\n<li><a href=\"https:\/\/sinoextrud.com\/what-is-4040-aluminium-extrud\/\" target=\"_blank\">aluminum extrusions for industrial racks<\/a><\/li>\r\n<li><a href=\"https:\/\/sinoextrud.com\/powder-coating-aluminium-process\/\" target=\"_blank\">powder coating aluminium<\/a><\/li>\r\n<li><a href=\"https:\/\/sinoextrud.com\/what-is-an-aluminium-strip-ceiling\/\" target=\"_blank\">aluminium strip ceiling<\/a><\/li>\r\n<li><a href=\"https:\/\/sinoextrud.com\/what-is-a-heat-sink\/\" target=\"_blank\">what is a heat sink<\/a><\/li>\r\n<\/ul>"},"feature_list":[]},"_links":{"self":[{"href":"https:\/\/sinoextrud.com\/da\/wp-json\/wp\/v2\/product\/10646","targetHints":{"allow":["GET"]}}],"collection":[{"href":"https:\/\/sinoextrud.com\/da\/wp-json\/wp\/v2\/product"}],"about":[{"href":"https:\/\/sinoextrud.com\/da\/wp-json\/wp\/v2\/types\/product"}],"wp:featuredmedia":[{"embeddable":true,"href":"https:\/\/sinoextrud.com\/da\/wp-json\/wp\/v2\/media\/10645"}],"wp:attachment":[{"href":"https:\/\/sinoextrud.com\/da\/wp-json\/wp\/v2\/media?parent=10646"}],"wp:term":[{"taxonomy":"category","embeddable":true,"href":"https:\/\/sinoextrud.com\/da\/wp-json\/wp\/v2\/categories?post=10646"}],"curies":[{"name":"wp","href":"https:\/\/api.w.org\/{rel}","templated":true}]}}