{"id":10644,"date":"2025-07-25T03:59:00","date_gmt":"2025-07-25T03:59:00","guid":{"rendered":"https:\/\/sinoextrud.com\/product\/led-spot-light-aluminum-heatsink\/"},"modified":"2025-07-25T03:59:00","modified_gmt":"2025-07-25T03:59:00","slug":"led-spotlys-koleplade-af-aluminium","status":"publish","type":"product","link":"https:\/\/sinoextrud.com\/da\/product\/led-spot-light-aluminum-heatsink\/","title":{"rendered":"LED-spotlight-k\u00f8lelegeme i aluminium"},"content":{"rendered":"<h2>Detaljer om produkter<\/h2>\n<table class=\"custom-table\">\n<tr>\n<td class=\"label\">Overfladebehandling<\/td>\n<td>Anodisering<\/td>\n<\/tr>\n<tr>\n<td class=\"label\">Form<\/td>\n<td>Brugerdefineret<\/td>\n<\/tr>\n<tr>\n<td class=\"label\">Kropsmateriale<\/td>\n<td>Aluminiumslegering<\/td>\n<\/tr>\n<tr>\n<td class=\"label\">Anvendelse<\/td>\n<td>led k\u00f8leplade<\/td>\n<\/tr>\n<tr>\n<td class=\"label\">Type<\/td>\n<td>K\u00f8lelegeme<\/td>\n<\/tr>\n<tr>\n<td class=\"label\">Service til belysningsl\u00f8sninger<\/td>\n<td>automatisk CAD-layout<\/td>\n<\/tr>\n<tr>\n<td class=\"label\">Produktets v\u00e6gt (kg)<\/td>\n<td>1.2<\/td>\n<\/tr>\n<tr>\n<td class=\"label\">Garanti (\u00e5r)<\/td>\n<td>5<\/td>\n<\/tr>\n<tr>\n<td class=\"label\">Proces<\/td>\n<td>Ekstrudering+CNC<\/td>\n<\/tr>\n<tr>\n<td class=\"label\">IP-klassificering<\/td>\n<td>ip55<\/td>\n<\/tr>\n<tr>\n<td class=\"label\">Kropsfarve<\/td>\n<td>S\u00f8lv<\/td>\n<\/tr>\n<tr>\n<td class=\"label\">Pitch<\/td>\n<td>3,8 mm<\/td>\n<\/tr>\n<tr>\n<td class=\"label\">V\u00e6gt<\/td>\n<td>6,05 kg\/m<\/td>\n<\/tr>\n<tr>\n<td class=\"label\">Overfladebehandling<\/td>\n<td>(Sort) anodisering<\/td>\n<\/tr>\n<tr>\n<td class=\"label\">Standardforme Antal<\/td>\n<td>30.000+ s\u00e6t<\/td>\n<\/tr>\n<tr>\n<td class=\"label\">Salg af enheder<\/td>\n<td>En enkelt genstand<\/td>\n<\/tr>\n<tr>\n<td class=\"label\">Enkelt pakkest\u00f8rrelse<\/td>\n<td>14X20X5 cm<\/td>\n<\/tr>\n<tr>\n<td class=\"label\">Enkelt bruttov\u00e6gt<\/td>\n<td>1.500 KG<\/td>\n<\/tr>\n<\/table>\n<h2>Vores produktionsbase<\/h2>\n<h3>Panorama over fabrikken<\/h3>\n<p><img decoding=\"async\" src=\"\/wp-content\/uploads\/factory-01.webp\"\/><\/p>\n<h3>V\u00e6rksted til fremstilling af aluminiumst\u00e6nger<\/h3>\n<p><img decoding=\"async\" src=\"\/wp-content\/uploads\/factory-02.webp\"\/><\/p>\n<p><img decoding=\"async\" src=\"\/wp-content\/uploads\/factory-03.webp\"\/><\/p>\n<h3>Lager til opbevaring af skimmelsvampe<\/h3>\n<p><img decoding=\"async\" src=\"\/wp-content\/uploads\/factory-04.webp\"\/><\/p>\n<h3>43 ekstruderingslinjer for aluminium (500-5500 ton)<\/h3>\n<p><img decoding=\"async\" src=\"\/wp-content\/uploads\/factory-05.webp\"\/><\/p>\n<p><img decoding=\"async\" src=\"\/wp-content\/uploads\/factory-06.webp\"\/><\/p>\n<p><img decoding=\"async\" src=\"\/wp-content\/uploads\/factory-07.webp\"\/><\/p>\n<h3>V\u00e6rksted for pulverlakering<\/h3>\n<p><img decoding=\"async\" src=\"\/wp-content\/uploads\/factory-09.webp\"\/><\/p>\n<h3>Anodiseringsv\u00e6rksted<\/h3>\n<p><img decoding=\"async\" src=\"\/wp-content\/uploads\/factory-10.webp\"\/><\/p>\n<h3>Workshop om dyb behandling<\/h3>\n<p><img decoding=\"async\" src=\"\/wp-content\/uploads\/factory-11.webp\"\/><\/p>\n<h3>V\u00e6rksted for CNC-pr\u00e6cisionsbearbejdning<\/h3>\n<p><img decoding=\"async\" src=\"\/wp-content\/uploads\/factory-11.5.webp\"\/><\/p>\n<h3>F\u00e6rdigvare- og eksportlager<\/h3>\n<p><img decoding=\"async\" src=\"\/wp-content\/uploads\/factory-12.webp\"\/><\/p>\n<p><img decoding=\"async\" src=\"\/wp-content\/uploads\/factory-13.webp\"\/><\/p>\n<p><img decoding=\"async\" src=\"\/wp-content\/uploads\/factory-14.webp\"\/><\/p>\n<h2>OFTE STILLEDE SP\u00d8RGSM\u00c5L<\/h2>\n<p><p><b>1. Hvad er en LED-spotlight-k\u00f8leplade i aluminium?<\/b><\/p>\n<p>En LED Spot Light Aluminum Heatsink er en k\u00f8lekomponent lavet af aluminium, der er designet til at sprede varme genereret af LED-spotlightsystemer.<br \/>\n<\/p><br \/>\n<br \/>\n<p><b>2. Hvorfor bruges aluminium til LED-spotlights k\u00f8lelegemer?<\/b><\/p>\n<p>Aluminium er let og har en h\u00f8j varmeledningsevne, hvilket g\u00f8r det ideelt til LED Spot Light Aluminum Heatsink-applikationer.<br \/>\n<\/p><br \/>\n<br \/>\n<p><b>3. Hvordan forbedrer en k\u00f8leplade af aluminium LED'ernes levetid?<\/b><\/p>\n<p>En LED Spot Light Aluminium Heatsink reducerer effektivt driftstemperaturen, forhindrer overophedning og forl\u00e6nger LED'ens levetid.<br \/>\n<\/p><br \/>\n<br \/>\n<p><b>4. Er k\u00f8lelegemet egnet til LED-spotlights med h\u00f8j effekt?<\/b><\/p>\n<p>Ja, LED Spot Light Aluminium Heatsink er konstrueret til at h\u00e5ndtere h\u00f8je termiske belastninger og er velegnet til LED-spotlightsystemer med h\u00f8j effekt.<br \/>\n<\/p><br \/>\n<br \/>\n<p><b>5. Kan jeg tilpasse k\u00f8lelegemets st\u00f8rrelse til min LED-applikation?<\/b><\/p>\n<p>Ja, LED Spot Light Aluminium Heatsink kan skr\u00e6ddersys i form og dimension, s\u00e5 den passer til specifikke krav til LED-design.<br \/>\n<\/p><br \/>\n<br \/>\n<p><b>6. P\u00e5virker den anodiserede finish varmeafledningen?<\/b><\/p>\n<p>Den anodiserede finish p\u00e5 LED Spot Light Aluminum Heatsink forbedrer korrosionsbestandigheden uden at g\u00e5 p\u00e5 kompromis med den termiske ydeevne.<br \/>\n<\/p><br \/>\n<br \/>\n<p><b>7. Er k\u00f8lelegemet i aluminium milj\u00f8venligt?<\/b><\/p>\n<p>Ja, LED Spot Light Aluminum Heatsinks er lavet af genanvendeligt aluminium, hvilket g\u00f8r dem til en milj\u00f8venlig termisk l\u00f8sning.<br \/>\n<\/p><br \/><\/p>","protected":false},"featured_media":10643,"template":"","categories":[72],"class_list":["post-10644","product","type-product","status-publish","has-post-thumbnail","hentry","category-extruded-aluminum-heatsink"],"meta_box":{"hilight_text_group":{"product_hilight_text":"<li>High thermal conductivity aluminum for efficient heat dissipation<\/li>\r\n<li>Precision CNC machined for tight tolerance fitting<\/li>\r\n<li>Lightweight design suitable for compact LED spotlights<\/li>\r\n<li>Corrosion-resistant anodized surface for extended lifespan<\/li>\r\n<li>Customizable size and shape for different LED applications<\/li>\r\n<li>Supports passive cooling with optimized fin structure<\/li>\r\n<li>Eco-friendly material with recyclable properties<\/li>","product_chanpin_chanpin":"<ul>\r\n<li><a href=\"https:\/\/sinoextrud.com\/product\/aluminium-extrusion-6061-6082-7075-aluminum-alloy-profiles\/\" target=\"_blank\">6061 aluminum extrusion<\/a><\/li>\r\n<li><a href=\"https:\/\/sinoextrud.com\/product\/oval-aluminum-extrud-profile\/\" target=\"_blank\">oval aluminum extrusion<\/a><\/li>\r\n<li><a href=\"https:\/\/sinoextrud.com\/product\/aluminium-extrusion-anodised-aluminium-tube\/\" target=\"_blank\">anodised aluminium tube<\/a><\/li>\r\n<li><a href=\"https:\/\/sinoextrud.com\/product\/c-shaped-closed-linear-ceiling-system\/\" target=\"_blank\">linear closed ceilings<\/a><\/li>\r\n<li><a href=\"https:\/\/sinoextrud.com\/product\/the-new-perforated-ceiling-system\/\" target=\"_blank\">perforated french ceilings<\/a><\/li>\r\n<li><a href=\"https:\/\/sinoextrud.com\/product\/aluminum-extrusion-7003-7005-7020\/\" target=\"_blank\">7020 aluminum<\/a><\/li>\r\n<\/ul>","product_chanpin_blog":"<ul>\r\n<li><a href=\"https:\/\/sinoextrud.com\/t-slot-v-slot-differences\/\" target=\"_blank\">t slot vs v slot<\/a><\/li>\r\n<li><a href=\"https:\/\/sinoextrud.com\/what-is-4040-aluminium-extrud\/\" target=\"_blank\">4040 aluminium extrusion<\/a><\/li>\r\n<li><a href=\"https:\/\/sinoextrud.com\/what-is-4040-aluminium-extrud\/\" target=\"_blank\">aluminum extrusions for industrial racks<\/a><\/li>\r\n<li><a href=\"https:\/\/sinoextrud.com\/powder-coating-aluminium-process\/\" target=\"_blank\">powder coating aluminium<\/a><\/li>\r\n<li><a href=\"https:\/\/sinoextrud.com\/what-is-an-aluminium-strip-ceiling\/\" target=\"_blank\">aluminium strip ceiling<\/a><\/li>\r\n<li><a href=\"https:\/\/sinoextrud.com\/what-is-a-heat-sink\/\" target=\"_blank\">what is a heat sink<\/a><\/li>\r\n<\/ul>"},"feature_list":[]},"_links":{"self":[{"href":"https:\/\/sinoextrud.com\/da\/wp-json\/wp\/v2\/product\/10644","targetHints":{"allow":["GET"]}}],"collection":[{"href":"https:\/\/sinoextrud.com\/da\/wp-json\/wp\/v2\/product"}],"about":[{"href":"https:\/\/sinoextrud.com\/da\/wp-json\/wp\/v2\/types\/product"}],"wp:featuredmedia":[{"embeddable":true,"href":"https:\/\/sinoextrud.com\/da\/wp-json\/wp\/v2\/media\/10643"}],"wp:attachment":[{"href":"https:\/\/sinoextrud.com\/da\/wp-json\/wp\/v2\/media?parent=10644"}],"wp:term":[{"taxonomy":"category","embeddable":true,"href":"https:\/\/sinoextrud.com\/da\/wp-json\/wp\/v2\/categories?post=10644"}],"curies":[{"name":"wp","href":"https:\/\/api.w.org\/{rel}","templated":true}]}}