{"id":10618,"date":"2025-07-24T03:28:33","date_gmt":"2025-07-24T03:28:33","guid":{"rendered":"https:\/\/sinoextrud.com\/product\/square-passive-led-aluminum-heatsink\/"},"modified":"2025-07-24T03:28:33","modified_gmt":"2025-07-24T03:28:33","slug":"firkantet-passiv-led-kolelegeme-i-aluminium","status":"publish","type":"product","link":"https:\/\/sinoextrud.com\/da\/product\/square-passive-led-aluminum-heatsink\/","title":{"rendered":"Firkantet passiv LED-k\u00f8leplade i aluminium"},"content":{"rendered":"<h2>Detaljer om produkter<\/h2>\n<table class=\"custom-table\">\n<tr>\n<td class=\"label\">Overfladebehandling<\/td>\n<td>Ren<\/td>\n<\/tr>\n<tr>\n<td class=\"label\">Form<\/td>\n<td>Firkantet<\/td>\n<\/tr>\n<tr>\n<td class=\"label\">Kropsmateriale<\/td>\n<td>Aluminiumslegering<\/td>\n<\/tr>\n<tr>\n<td class=\"label\">Type<\/td>\n<td>K\u00f8lelegemer<\/td>\n<\/tr>\n<tr>\n<td class=\"label\">Service til belysningsl\u00f8sninger<\/td>\n<td>automatisk CAD-layout<\/td>\n<\/tr>\n<tr>\n<td class=\"label\">Produktets v\u00e6gt (kg)<\/td>\n<td>1.5<\/td>\n<\/tr>\n<tr>\n<td class=\"label\">Garanti (\u00e5r)<\/td>\n<td>5 \u00e5r<\/td>\n<\/tr>\n<tr>\n<td class=\"label\">Proces<\/td>\n<td>Ekstrudering+CNC<\/td>\n<\/tr>\n<tr>\n<td class=\"label\">Finnernes tykkelse<\/td>\n<td>2 mm<\/td>\n<\/tr>\n<tr>\n<td class=\"label\">Grundpladens tykkelse<\/td>\n<td>5 mm<\/td>\n<\/tr>\n<tr>\n<td class=\"label\">Salg af enheder<\/td>\n<td>En enkelt genstand<\/td>\n<\/tr>\n<tr>\n<td class=\"label\">Enkelt pakkest\u00f8rrelse<\/td>\n<td>25X25X5 cm<\/td>\n<\/tr>\n<tr>\n<td class=\"label\">Enkelt bruttov\u00e6gt<\/td>\n<td>1.500 KG<\/td>\n<\/tr>\n<\/table>\n<h2>Vores produktionsbase<\/h2>\n<h3>Panorama over fabrikken<\/h3>\n<p><img decoding=\"async\" src=\"\/wp-content\/uploads\/factory-01.webp\"\/><\/p>\n<h3>V\u00e6rksted til fremstilling af aluminiumst\u00e6nger<\/h3>\n<p><img decoding=\"async\" src=\"\/wp-content\/uploads\/factory-02.webp\"\/><\/p>\n<p><img decoding=\"async\" src=\"\/wp-content\/uploads\/factory-03.webp\"\/><\/p>\n<h3>Lager til opbevaring af skimmelsvampe<\/h3>\n<p><img decoding=\"async\" src=\"\/wp-content\/uploads\/factory-04.webp\"\/><\/p>\n<h3>43 ekstruderingslinjer for aluminium (500-5500 ton)<\/h3>\n<p><img decoding=\"async\" src=\"\/wp-content\/uploads\/factory-05.webp\"\/><\/p>\n<p><img decoding=\"async\" src=\"\/wp-content\/uploads\/factory-06.webp\"\/><\/p>\n<p><img decoding=\"async\" src=\"\/wp-content\/uploads\/factory-07.webp\"\/><\/p>\n<h3>V\u00e6rksted for pulverlakering<\/h3>\n<p><img decoding=\"async\" src=\"\/wp-content\/uploads\/factory-09.webp\"\/><\/p>\n<h3>Anodiseringsv\u00e6rksted<\/h3>\n<p><img decoding=\"async\" src=\"\/wp-content\/uploads\/factory-10.webp\"\/><\/p>\n<h3>Workshop om dyb behandling<\/h3>\n<p><img decoding=\"async\" src=\"\/wp-content\/uploads\/factory-11.webp\"\/><\/p>\n<h3>V\u00e6rksted for CNC-pr\u00e6cisionsbearbejdning<\/h3>\n<p><img decoding=\"async\" src=\"\/wp-content\/uploads\/factory-11.5.webp\"\/><\/p>\n<h3>F\u00e6rdigvare- og eksportlager<\/h3>\n<p><img decoding=\"async\" src=\"\/wp-content\/uploads\/factory-12.webp\"\/><\/p>\n<p><img decoding=\"async\" src=\"\/wp-content\/uploads\/factory-13.webp\"\/><\/p>\n<p><img decoding=\"async\" src=\"\/wp-content\/uploads\/factory-14.webp\"\/><\/p>\n<h2>OFTE STILLEDE SP\u00d8RGSM\u00c5L<\/h2>\n<p><p><b>1. Hvad er en firkantet passiv LED-k\u00f8leplade i aluminium?<\/b><\/p>\n<p>Det er en firkantet k\u00f8leplade i aluminium, der er designet til passiv k\u00f8ling af LED-komponenter uden brug af bl\u00e6sere eller aktive systemer.<br \/>\n<\/p><br \/>\n<br \/>\n<p><b>2. Hvorfor v\u00e6lge en passiv LED-k\u00f8leplade?<\/b><\/p>\n<p>En passiv LED-k\u00f8leplade giver lydl\u00f8s drift, lav vedligeholdelse og p\u00e5lidelig varmeafledning til LED-belysningssystemer.<br \/>\n<\/p><br \/>\n<br \/>\n<p><b>3. Hvordan gavner det firkantede design LED-k\u00f8ling?<\/b><\/p>\n<p>Det firkantede design maksimerer overfladearealet for effektiv varmeafledning og passer perfekt til firkantede LED-moduler.<br \/>\n<\/p><br \/>\n<br \/>\n<p><b>4. Er den firkantede passive LED-k\u00f8leplade i aluminium egnet til h\u00f8jeffekt-LED'er?<\/b><\/p>\n<p>Ja, dens aluminiumskonstruktion og passive k\u00f8leevne g\u00f8r den ideel til LED-applikationer med h\u00f8j effekt.<br \/>\n<\/p><br \/>\n<br \/>\n<p><b>5. Kan denne k\u00f8lelegeme forl\u00e6nge LED'ernes levetid?<\/b><\/p>\n<p>Ja, effektiv varmestyring reducerer LED-forbindelsestemperaturen og \u00f8ger deres levetid og ydeevne.<br \/>\n<\/p><br \/>\n<br \/>\n<p><b>6. Er k\u00f8lelegemet nemt at installere p\u00e5 LED-armaturer?<\/b><\/p>\n<p>Ja, den er designet til enkel integration ved hj\u00e6lp af skruer, clips eller termisk kl\u00e6bemiddel afh\u00e6ngigt af LED-ops\u00e6tningen.<br \/>\n<\/p><br \/>\n<br \/>\n<p><b>7. P\u00e5virker det passive design den termiske effektivitet?<\/b><\/p>\n<p>Det passive design sikrer effektiv varmeafledning uden st\u00f8j, hvilket er ideelt til milj\u00f8er, der kr\u00e6ver lydl\u00f8s drift.<br \/>\n<\/p><br \/>\n<br \/>\n<p><b>8. Er denne LED-k\u00f8leplade milj\u00f8venlig?<\/b><\/p>\n<p>Ja, det passive design reducerer energiforbruget og eliminerer bl\u00e6serrelateret e-affald, hvilket g\u00f8r den milj\u00f8venlig.<br \/>\n<\/p><br \/><\/p>","protected":false},"featured_media":10617,"template":"","categories":[72],"class_list":["post-10618","product","type-product","status-publish","has-post-thumbnail","hentry","category-extruded-aluminum-heatsink"],"meta_box":{"hilight_text_group":{"product_hilight_text":"<li>Optimized square design for uniform LED heat dissipation<\/li>\r\n<li>Passive cooling eliminates the need for active components<\/li>\r\n<li>Durable aluminum construction ensures long-term thermal performance<\/li>\r\n<li>Ideal for compact LED modules and high-density installations<\/li>\r\n<li>Maintenance-free solution with zero noise operation<\/li>","product_chanpin_chanpin":"<ul>\r\n<li><a href=\"https:\/\/sinoextrud.com\/product\/aluminium-extrusion-6061-6082-7075-aluminum-alloy-profiles\/\" target=\"_blank\">6061 aluminum extrusion<\/a><\/li>\r\n<li><a href=\"https:\/\/sinoextrud.com\/product\/oval-aluminum-extrud-profile\/\" target=\"_blank\">oval aluminum extrusion<\/a><\/li>\r\n<li><a href=\"https:\/\/sinoextrud.com\/product\/aluminium-extrusion-anodised-aluminium-tube\/\" target=\"_blank\">anodised aluminium tube<\/a><\/li>\r\n<li><a href=\"https:\/\/sinoextrud.com\/product\/c-shaped-closed-linear-ceiling-system\/\" target=\"_blank\">linear closed ceilings<\/a><\/li>\r\n<li><a href=\"https:\/\/sinoextrud.com\/product\/the-new-perforated-ceiling-system\/\" target=\"_blank\">perforated french ceilings<\/a><\/li>\r\n<li><a href=\"https:\/\/sinoextrud.com\/product\/aluminum-extrusion-7003-7005-7020\/\" target=\"_blank\">7020 aluminum<\/a><\/li>\r\n<\/ul>","product_chanpin_blog":"<ul>\r\n<li><a href=\"https:\/\/sinoextrud.com\/t-slot-v-slot-differences\/\" target=\"_blank\">t slot vs v slot<\/a><\/li>\r\n<li><a href=\"https:\/\/sinoextrud.com\/what-is-4040-aluminium-extrud\/\" target=\"_blank\">4040 aluminium extrusion<\/a><\/li>\r\n<li><a href=\"https:\/\/sinoextrud.com\/what-is-4040-aluminium-extrud\/\" target=\"_blank\">aluminum extrusions for industrial racks<\/a><\/li>\r\n<li><a href=\"https:\/\/sinoextrud.com\/powder-coating-aluminium-process\/\" target=\"_blank\">powder coating aluminium<\/a><\/li>\r\n<li><a href=\"https:\/\/sinoextrud.com\/what-is-an-aluminium-strip-ceiling\/\" target=\"_blank\">aluminium strip ceiling<\/a><\/li>\r\n<li><a href=\"https:\/\/sinoextrud.com\/what-is-a-heat-sink\/\" target=\"_blank\">what is a heat sink<\/a><\/li>\r\n<\/ul>"},"feature_list":[]},"_links":{"self":[{"href":"https:\/\/sinoextrud.com\/da\/wp-json\/wp\/v2\/product\/10618","targetHints":{"allow":["GET"]}}],"collection":[{"href":"https:\/\/sinoextrud.com\/da\/wp-json\/wp\/v2\/product"}],"about":[{"href":"https:\/\/sinoextrud.com\/da\/wp-json\/wp\/v2\/types\/product"}],"wp:featuredmedia":[{"embeddable":true,"href":"https:\/\/sinoextrud.com\/da\/wp-json\/wp\/v2\/media\/10617"}],"wp:attachment":[{"href":"https:\/\/sinoextrud.com\/da\/wp-json\/wp\/v2\/media?parent=10618"}],"wp:term":[{"taxonomy":"category","embeddable":true,"href":"https:\/\/sinoextrud.com\/da\/wp-json\/wp\/v2\/categories?post=10618"}],"curies":[{"name":"wp","href":"https:\/\/api.w.org\/{rel}","templated":true}]}}