{"id":10614,"date":"2025-07-24T03:14:00","date_gmt":"2025-07-24T03:14:00","guid":{"rendered":"https:\/\/sinoextrud.com\/product\/large-cnc-custom-aluminum-heatsink\/"},"modified":"2025-07-24T03:14:00","modified_gmt":"2025-07-24T03:14:00","slug":"stor-cnc-tilpasset-koleplade-i-aluminium","status":"publish","type":"product","link":"https:\/\/sinoextrud.com\/da\/product\/large-cnc-custom-aluminum-heatsink\/","title":{"rendered":"Stor CNC-k\u00f8lelegeme i specialfremstillet aluminium"},"content":{"rendered":"<h2>Detaljer om produkter<\/h2>\n<table class=\"custom-table\">\n<tr>\n<td class=\"label\">Karakter<\/td>\n<td>6000-serien<\/td>\n<\/tr>\n<tr>\n<td class=\"label\">Tolerance<\/td>\n<td>GB\/T 3190-2008,GB\/T 14846-2008,ISO 2768<\/td>\n<\/tr>\n<tr>\n<td class=\"label\">Leveringstid<\/td>\n<td>22-30 dage<\/td>\n<\/tr>\n<tr>\n<td class=\"label\">Temperament<\/td>\n<td>T3-T8<\/td>\n<\/tr>\n<tr>\n<td class=\"label\">Anvendelse<\/td>\n<td>K\u00f8leplade<\/td>\n<\/tr>\n<tr>\n<td class=\"label\">Form<\/td>\n<td>Firkantet<\/td>\n<\/tr>\n<tr>\n<td class=\"label\">Legering eller ej<\/td>\n<td>Er legeret<\/td>\n<\/tr>\n<tr>\n<td class=\"label\">Behandling af service<\/td>\n<td>B\u00f8jning, afrulning, svejsning, stansning, sk\u00e6ring, CNC-bearbejdning<\/td>\n<\/tr>\n<tr>\n<td class=\"label\">Pitch<\/td>\n<td>10 mm<\/td>\n<\/tr>\n<tr>\n<td class=\"label\">Salg af enheder<\/td>\n<td>En enkelt genstand<\/td>\n<\/tr>\n<tr>\n<td class=\"label\">Enkelt pakkest\u00f8rrelse<\/td>\n<td>20X20X10 cm<\/td>\n<\/tr>\n<tr>\n<td class=\"label\">Enkelt bruttov\u00e6gt<\/td>\n<td>3.000 KG<\/td>\n<\/tr>\n<\/table>\n<h2>Vores produktionsbase<\/h2>\n<h3>Panorama over fabrikken<\/h3>\n<p><img decoding=\"async\" src=\"\/wp-content\/uploads\/factory-01.webp\"\/><\/p>\n<h3>V\u00e6rksted til fremstilling af aluminiumst\u00e6nger<\/h3>\n<p><img decoding=\"async\" src=\"\/wp-content\/uploads\/factory-02.webp\"\/><\/p>\n<p><img decoding=\"async\" src=\"\/wp-content\/uploads\/factory-03.webp\"\/><\/p>\n<h3>Lager til opbevaring af skimmelsvampe<\/h3>\n<p><img decoding=\"async\" src=\"\/wp-content\/uploads\/factory-04.webp\"\/><\/p>\n<h3>43 ekstruderingslinjer for aluminium (500-5500 ton)<\/h3>\n<p><img decoding=\"async\" src=\"\/wp-content\/uploads\/factory-05.webp\"\/><\/p>\n<p><img decoding=\"async\" src=\"\/wp-content\/uploads\/factory-06.webp\"\/><\/p>\n<p><img decoding=\"async\" src=\"\/wp-content\/uploads\/factory-07.webp\"\/><\/p>\n<h3>V\u00e6rksted for pulverlakering<\/h3>\n<p><img decoding=\"async\" src=\"\/wp-content\/uploads\/factory-09.webp\"\/><\/p>\n<h3>Anodiseringsv\u00e6rksted<\/h3>\n<p><img decoding=\"async\" src=\"\/wp-content\/uploads\/factory-10.webp\"\/><\/p>\n<h3>Workshop om dyb behandling<\/h3>\n<p><img decoding=\"async\" src=\"\/wp-content\/uploads\/factory-11.webp\"\/><\/p>\n<h3>V\u00e6rksted for CNC-pr\u00e6cisionsbearbejdning<\/h3>\n<p><img decoding=\"async\" src=\"\/wp-content\/uploads\/factory-11.5.webp\"\/><\/p>\n<h3>F\u00e6rdigvare- og eksportlager<\/h3>\n<p><img decoding=\"async\" src=\"\/wp-content\/uploads\/factory-12.webp\"\/><\/p>\n<p><img decoding=\"async\" src=\"\/wp-content\/uploads\/factory-13.webp\"\/><\/p>\n<p><img decoding=\"async\" src=\"\/wp-content\/uploads\/factory-14.webp\"\/><\/p>\n<h2>OFTE STILLEDE SP\u00d8RGSM\u00c5L<\/h2>\n<p><p><b>1. Hvad er en stor CNC-k\u00f8leplade i aluminium?<\/b><\/p>\n<p>En stor CNC-k\u00f8leplade i aluminium er en pr\u00e6cist bearbejdet komponent i aluminium, der afleder varme i elektroniske systemer med h\u00f8j effekt.<br \/>\n<\/p><br \/>\n<br \/>\n<p><b>2. Hvad er de st\u00f8rste fordele ved CNC-bearbejdning af k\u00f8leplader i aluminium?<\/b><\/p>\n<p>CNC-bearbejdning giver h\u00f8j n\u00f8jagtighed, glat overfladefinish og mulighed for specialdesignede k\u00f8lelegemer med indviklede funktioner.<br \/>\n<\/p><br \/>\n<br \/>\n<p><b>3. Hvorfor v\u00e6lge aluminium til en stor tilpasset k\u00f8lelegeme?<\/b><\/p>\n<p>Aluminium har en fremragende varmeledningsevne, letv\u00e6gtsegenskaber og korrosionsbestandighed, hvilket g\u00f8r det ideelt til k\u00f8lelegemer.<br \/>\n<\/p><br \/>\n<br \/>\n<p><b>4. Kan jeg anmode om brugerdefinerede dimensioner og former til k\u00f8lepladen i aluminium?<\/b><\/p>\n<p>Ja, vores CNC-services underst\u00f8tter fuldt tilpassede st\u00f8rrelser og komplekse geometrier baseret p\u00e5 dine specifikationer.<br \/>\n<\/p><br \/>\n<br \/>\n<p><b>5. Hvilke industrier bruger ofte store CNC-k\u00f8leplader i aluminium?<\/b><\/p>\n<p>Brancher som telekommunikation, bilindustrien, LED-belysning og industriel automatisering bruger ofte disse k\u00f8lelegemer til varmestyring.<br \/>\n<\/p><br \/>\n<br \/>\n<p><b>6. Tilbyder I muligheder for overfladebehandling af k\u00f8leplader i aluminium?<\/b><\/p>\n<p>Ja, vi tilbyder anodisering, pulverlakering, sandbl\u00e6sning og andre overfladebehandlinger for at forbedre ydeevne og udseende.<br \/>\n<\/p><br \/>\n<br \/>\n<p><b>7. Hvordan forbedrer en stor, specialfremstillet aluminiumsk\u00f8leplade enhedens p\u00e5lidelighed?<\/b><\/p>\n<p>Den afleder effektivt varmen, forhindrer termisk ophobning og sikrer stabil drift af elektroniske komponenter over tid.<br \/>\n<\/p><br \/>\n<br \/>\n<p><b>8. Kan disse k\u00f8lelegemer produceres i store m\u00e6ngder?<\/b><\/p>\n<p>Ja, vi underst\u00f8tter skalerbar CNC-produktion for ensartet kvalitet i b\u00e5de sm\u00e5 og store produktionsserier.<br \/>\n<\/p><br \/><\/p>","protected":false},"featured_media":10613,"template":"","categories":[72],"class_list":["post-10614","product","type-product","status-publish","has-post-thumbnail","hentry","category-extruded-aluminum-heatsink"],"meta_box":{"hilight_text_group":{"product_hilight_text":"<li>High-precision CNC machining ensures tight tolerances for optimal thermal performance<\/li>\r\n<li>Customized aluminum design supports complex geometries and unique project needs<\/li>\r\n<li>Excellent heat dissipation capabilities ideal for high-power industrial electronics<\/li>\r\n<li>Lightweight and corrosion-resistant 6061\/7075 aluminum materials available<\/li>\r\n<li>Supports batch production with consistent quality and fast lead times<\/li>\r\n<li>Compatible with anodizing, powder coating, and other surface treatments<\/li>\r\n<li>Engineered for durability in demanding thermal management applications<\/li>","product_chanpin_chanpin":"<ul>\r\n<li><a href=\"https:\/\/sinoextrud.com\/product\/aluminium-extrusion-6061-6082-7075-aluminum-alloy-profiles\/\" target=\"_blank\">6061 aluminum extrusion<\/a><\/li>\r\n<li><a href=\"https:\/\/sinoextrud.com\/product\/oval-aluminum-extrud-profile\/\" target=\"_blank\">oval aluminum extrusion<\/a><\/li>\r\n<li><a href=\"https:\/\/sinoextrud.com\/product\/aluminium-extrusion-anodised-aluminium-tube\/\" target=\"_blank\">anodised aluminium tube<\/a><\/li>\r\n<li><a href=\"https:\/\/sinoextrud.com\/product\/c-shaped-closed-linear-ceiling-system\/\" target=\"_blank\">linear closed ceilings<\/a><\/li>\r\n<li><a href=\"https:\/\/sinoextrud.com\/product\/the-new-perforated-ceiling-system\/\" target=\"_blank\">perforated french ceilings<\/a><\/li>\r\n<li><a href=\"https:\/\/sinoextrud.com\/product\/aluminum-extrusion-7003-7005-7020\/\" target=\"_blank\">7020 aluminum<\/a><\/li>\r\n<\/ul>","product_chanpin_blog":"<ul>\r\n<li><a href=\"https:\/\/sinoextrud.com\/t-slot-v-slot-differences\/\" target=\"_blank\">t slot vs v slot<\/a><\/li>\r\n<li><a href=\"https:\/\/sinoextrud.com\/what-is-4040-aluminium-extrud\/\" target=\"_blank\">4040 aluminium extrusion<\/a><\/li>\r\n<li><a href=\"https:\/\/sinoextrud.com\/what-is-4040-aluminium-extrud\/\" target=\"_blank\">aluminum extrusions for industrial racks<\/a><\/li>\r\n<li><a href=\"https:\/\/sinoextrud.com\/powder-coating-aluminium-process\/\" target=\"_blank\">powder coating aluminium<\/a><\/li>\r\n<li><a href=\"https:\/\/sinoextrud.com\/what-is-an-aluminium-strip-ceiling\/\" target=\"_blank\">aluminium strip ceiling<\/a><\/li>\r\n<li><a href=\"https:\/\/sinoextrud.com\/what-is-a-heat-sink\/\" target=\"_blank\">what is a heat sink<\/a><\/li>\r\n<\/ul>"},"feature_list":[]},"_links":{"self":[{"href":"https:\/\/sinoextrud.com\/da\/wp-json\/wp\/v2\/product\/10614","targetHints":{"allow":["GET"]}}],"collection":[{"href":"https:\/\/sinoextrud.com\/da\/wp-json\/wp\/v2\/product"}],"about":[{"href":"https:\/\/sinoextrud.com\/da\/wp-json\/wp\/v2\/types\/product"}],"wp:featuredmedia":[{"embeddable":true,"href":"https:\/\/sinoextrud.com\/da\/wp-json\/wp\/v2\/media\/10613"}],"wp:attachment":[{"href":"https:\/\/sinoextrud.com\/da\/wp-json\/wp\/v2\/media?parent=10614"}],"wp:term":[{"taxonomy":"category","embeddable":true,"href":"https:\/\/sinoextrud.com\/da\/wp-json\/wp\/v2\/categories?post=10614"}],"curies":[{"name":"wp","href":"https:\/\/api.w.org\/{rel}","templated":true}]}}