{"id":10078,"date":"2025-07-10T09:19:30","date_gmt":"2025-07-10T09:19:30","guid":{"rendered":"https:\/\/sinoextrud.com\/?post_type=product&#038;p=10078"},"modified":"2025-07-10T09:28:16","modified_gmt":"2025-07-10T09:28:16","slug":"u-skinner-af-aluminiumsglas","status":"publish","type":"product","link":"https:\/\/sinoextrud.com\/da\/product\/aluminum-glass-u-channels\/","title":{"rendered":"U-kanaler af aluminium og glas"},"content":{"rendered":"<ul>\n<li>\n    <a href=\"\/da\/produkt\/aluminiumsprofil-til-glasraekvaerk-2\/\"><br \/>\n      <img decoding=\"async\" src=\"\/wp-content\/uploads\/Aluminium-Profile-For-Glass-Railing.webp\" alt=\"Aluminiumsprofil til glasr\u00e6kv\u00e6rk\" width=\"200\"><br \/>\n      Aluminiumsprofil til glasr\u00e6kv\u00e6rk<br \/>\n    <\/a>\n  <\/li>\n<li>\n    <a href=\"\/da\/produkt\/glasskinne-i-aluminium\/\"><br \/>\n      <img decoding=\"async\" src=\"\/wp-content\/uploads\/Aluminum-Glass-Channel.webp\" alt=\"Glasskinne af aluminium\" width=\"200\"><br \/>\n      Glasskinne af aluminium<br \/>\n    <\/a>\n  <\/li>\n<li>\n    <a href=\"\/da\/produkt\/aluminiumsprofil-til-glasraekvaerk\/\"><br \/>\n      <img decoding=\"async\" src=\"\/wp-content\/uploads\/Aluminum-Profile-For-Glass-Railings.webp\" alt=\"Aluminiumsprofil til glasr\u00e6kv\u00e6rk\" width=\"200\"><br \/>\n      Aluminiumsprofil til glasr\u00e6kv\u00e6rk<br \/>\n    <\/a>\n  <\/li>\n<li>\n    <a href=\"\/da\/produkt\/aluminiumsprofiler-til-glas\/\"><br \/>\n      <img decoding=\"async\" src=\"\/wp-content\/uploads\/Aluminum-Profiles-For-Glass.webp\" alt=\"Aluminiumsprofiler til glas\" width=\"200\"><br \/>\n      Aluminiumsprofiler til glas<br \/>\n    <\/a>\n  <\/li>\n<li>\n    <a href=\"\/da\/produkt\/aluminiumsprofil-og-glasfacadesystem\/\"><br \/>\n      <img decoding=\"async\" src=\"\/wp-content\/uploads\/Aluminum-Profile-Glass-Curtain-Wall-System.webp\" alt=\"Gardinv\u00e6gssystem af aluminiumsprofil og glas\" width=\"200\"><br \/>\n      Gardinv\u00e6gssystem af aluminiumsprofil og glas<br \/>\n    <\/a>\n  <\/li>\n<li>\n    <a href=\"\/da\/produkt\/nyeste-stabile-ekstruderede-aluminium-u-kanal-profil-rammelose-glas-raekvaerk-system-med-balustrade-gelaender-fittings\/\"><br \/>\n      <img decoding=\"async\" src=\"\/wp-content\/uploads\/Newest-Stable-Extruded-Aluminum-U-Channel-Profile-Frameless-Glass-Railing-System-With-Balustrade-Handrail-Fittings.webp\" alt=\"Nyeste stabile ekstruderede aluminium U-kanalprofil Rammel\u00f8st glasgel\u00e6ndersystem med balustradeh\u00e5ndtagsbeslag\" width=\"200\"><br \/>\n      Nyeste stabile ekstruderede aluminium U-kanalprofil Rammel\u00f8st glasgel\u00e6ndersystem med balustradeh\u00e5ndtagsbeslag<br \/>\n    <\/a>\n  <\/li>\n<li>\n    <a href=\"\/da\/produkt\/aluminium-u-profil-glasraekvaerk\/\"><br \/>\n      <img decoding=\"async\" src=\"\/wp-content\/uploads\/Aluminum-U-profile-Glass-Railing.webp\" alt=\"U-profil i aluminium Glasgel\u00e6nder\" width=\"200\"><br \/>\n      U-profil i aluminium Glasgel\u00e6nder<br \/>\n    <\/a>\n  <\/li>\n<li>\n    <a href=\"\/da\/produkt\/aluminiumsprofil-og-glasfacadesystem-2\/\"><br \/>\n      <img decoding=\"async\" src=\"\/wp-content\/uploads\/Aluminium-Profile-Glass-Curtain-Wall-System.webp\" alt=\"Gardinv\u00e6gssystem af aluminiumsprofil og glas\" width=\"200\"><br \/>\n      Gardinv\u00e6gssystem af aluminiumsprofil og glas<br \/>\n    <\/a>\n  <\/li>\n<li>\n    <a href=\"\/da\/produkt\/aluminiumskanal-til-plexiglas\/\"><br \/>\n      <img decoding=\"async\" src=\"\/wp-content\/uploads\/Aluminum-Channel-For-Plexiglass.webp\" alt=\"Aluminiumskanal til plexiglas\" width=\"200\"><br \/>\n      Aluminiumskanal til plexiglas<br \/>\n    <\/a>\n  <\/li>\n<li>\n    <a href=\"\/da\/produkt\/66-mm-aluminiumsglasraekvaerk-til-altan-led-strip-u-kanal-trappe-raekvaerk\/\"><br \/>\n      <img decoding=\"async\" src=\"\/wp-content\/uploads\/66-MM-Aluminum-Glass-Railing-For-Balcony-LED-Strip-U-Channel-Stair-Railings.webp\" alt=\"6+6 MM aluminium glasr\u00e6kv\u00e6rk til balkon LED Strip U Channel trapper\u00e6kv\u00e6rk\" width=\"200\"><br \/>\n      6+6 MM aluminium glasr\u00e6kv\u00e6rk til balkon LED Strip U Channel trapper\u00e6kv\u00e6rk<br \/>\n    <\/a>\n  <\/li>\n<li>\n    <a href=\"\/da\/produkt\/l-aluminiumsprofil-til-glasraekvaerk\/\"><br \/>\n      <img decoding=\"async\" src=\"\/wp-content\/uploads\/L-Aluminum-Profile-For-Glass-Railing.webp\" alt=\"L Aluminiumsprofil til glasr\u00e6kv\u00e6rk\" width=\"200\"><br \/>\n      L Aluminiumsprofil til glasr\u00e6kv\u00e6rk<br \/>\n    <\/a>\n  <\/li>\n<li>\n    <a href=\"\/da\/produkt\/lydisolerede-aluminiumsglasvinduer-skydevinduer-og-dore-aluminiumsprofil-til-bygninger-lamelsystem\/\"><br \/>\n      <img decoding=\"async\" src=\"\/wp-content\/uploads\/Sound-proof-Aluminum-Glass-Casement-Windows-Sliding-Windows-And-Doors-Aluminum-Profile-For-Buildings-Louver-System.webp\" alt=\"Lydisolerede aluminiumsglasvinduer Skydevinduer og -d\u00f8re Aluminiumsprofil til bygninger Louversystem\" width=\"200\"><br \/>\n      Lydisolerede aluminiumsglasvinduer Skydevinduer og -d\u00f8re Aluminiumsprofil til bygninger Louversystem<br \/>\n    <\/a>\n  <\/li>\n<li>\n    <a href=\"\/da\/produkt\/kanal-til-glasbeslag-i-aluminium\/\"><br \/>\n      <img decoding=\"async\" src=\"\/wp-content\/uploads\/Aluminium-Glass-Fitting-Channel.webp\" alt=\"Kanal til glasmontering i aluminium\" width=\"200\"><br \/>\n      Kanal til glasmontering i aluminium<br \/>\n    <\/a>\n  <\/li>\n<li>\n    <a href=\"\/da\/produkt\/glasprofil-i-aluminium\/\"><br \/>\n      <img decoding=\"async\" src=\"\/wp-content\/uploads\/Aluminium-Glass-Profile.webp\" alt=\"Glasprofil i aluminium\" width=\"200\"><br \/>\n      Glasprofil i aluminium<br \/>\n    <\/a>\n  <\/li>\n<li>\n    <a href=\"\/da\/produkt\/ekstrudering-af-glasramme-i-aluminium\/\"><br \/>\n      <img decoding=\"async\" src=\"\/wp-content\/uploads\/Aluminum-Glass-Frame-Extrusion.webp\" alt=\"Ekstrudering af glasramme i aluminium\" width=\"200\"><br \/>\n      Ekstrudering af glasramme i aluminium<br \/>\n    <\/a>\n  <\/li>\n<li>\n    <a href=\"\/da\/produkt\/aluminium-skydedor-med-fransk-stil-bi-folding-glas-vaegdor-energibesparende-varmeisolering\/\"><br \/>\n      <img decoding=\"async\" src=\"\/wp-content\/uploads\/Aluminium-Sliding-Door-With-French-Style-Bi-folding-Glass-Wall-Door-Energy-Saving-Heat-Insulation.webp\" alt=\"Aluminiumsskyded\u00f8r med fransk stil Bi-folding glasv\u00e6gsd\u00f8r Energibesparende varmeisolering\" width=\"200\"><br \/>\n      Aluminiumsskyded\u00f8r med fransk stil Bi-folding glasv\u00e6gsd\u00f8r Energibesparende varmeisolering<br \/>\n    <\/a>\n  <\/li>\n<li>\n    <a href=\"\/da\/produkt\/12-til-20-mm-glas-aluminium-glasraekvaerk-pris-pr-fod\/\"><br \/>\n      <img decoding=\"async\" src=\"\/wp-content\/uploads\/12-To-20-MM-Glass-Aluminum-Glass-Railing-Price-Per-Foot.webp\" alt=\"12 til 20 MM glas aluminium glasr\u00e6kv\u00e6rk pris pr. fod\" width=\"200\"><br \/>\n      12 til 20 MM glas aluminium glasr\u00e6kv\u00e6rk pris pr. fod<br \/>\n    <\/a>\n  <\/li>\n<li>\n    <a href=\"\/da\/produkt\/kommercielle-raekvaerkssystemer-i-glas-og-aluminium\/\"><br \/>\n      <img decoding=\"async\" src=\"\/wp-content\/uploads\/Commercial-Glass-Aluminium-Railing-Systems.webp\" alt=\"Kommercielle r\u00e6kv\u00e6rkssystemer i glas og aluminium\" width=\"200\"><br \/>\n      Kommercielle r\u00e6kv\u00e6rkssystemer i glas og aluminium<br \/>\n    <\/a>\n  <\/li>\n<li>\n    <a href=\"\/da\/produkt\/aluminiumsprofil-til-glastag\/\"><br \/>\n      <img decoding=\"async\" src=\"\/wp-content\/uploads\/Aluminium-Profile-For-Glass-Roof.webp\" alt=\"Aluminiumsprofil til glastag\" width=\"200\"><br \/>\n      Aluminiumsprofil til glastag<br \/>\n    <\/a>\n  <\/li>\n<li>\n    <a href=\"\/da\/produkt\/glas-balkon-raekvaerk-aluminium-u-kanal-design\/\"><br \/>\n      <img decoding=\"async\" src=\"\/wp-content\/uploads\/Glass-Balcony-Railing-Aluminum-U-Channel-Design.webp\" alt=\"Balkongel\u00e6nder i glas U-kanal-design i aluminium\" width=\"200\"><br \/>\n      Balkongel\u00e6nder i glas U-kanal-design i aluminium<br \/>\n    <\/a>\n  <\/li>\n<li>\n    <a href=\"\/da\/produkt\/lydisoleret-vandhaette\/\"><br \/>\n      <img decoding=\"async\" src=\"\/wp-content\/uploads\/PVDF-Coating-Aluminum-profile-Curtain-Wall.webp\" alt=\"Lydisoleret, vandt\u00e6t, vindbestandig, pulverlakeret ramme Facadebekl\u00e6dning og glasv\u00e6gsprofil i aluminium\" width=\"200\"><br \/>\n      Lydisoleret, vandt\u00e6t, vindbestandig, pulverlakeret ramme Facadebekl\u00e6dning og glasv\u00e6gsprofil i aluminium<br \/>\n    <\/a>\n  <\/li>\n<li>\n    <a href=\"\/da\/produkt\/ekstruderet-aluminiumsprofil-til-glasgulvkanal\/\"><br \/>\n      <img decoding=\"async\" src=\"\/wp-content\/uploads\/Extruded-Aluminum-Alloy-Profile-For-Glass-Floor-Channel.webp\" alt=\"Ekstruderet aluminiumslegeringsprofil til glasgulvkanal\" width=\"200\"><br \/>\n      Ekstruderet aluminiumslegeringsprofil til glasgulvkanal<br \/>\n    <\/a>\n  <\/li>\n<li>\n    <a href=\"\/da\/produkt\/aluminiumsekstrudering-rammelost-glasgelaender-aluminiumsprofiler\/\"><br \/>\n      <img decoding=\"async\" src=\"\/wp-content\/uploads\/Aluminium-Extrusion-Frameless-Glass-Railing-Aluminum-Profiles.webp\" alt=\"Aluminiumsekstrudering Rammel\u00f8st glasgel\u00e6nder Aluminiumsprofiler\" width=\"200\"><br \/>\n      Aluminiumsekstrudering Rammel\u00f8st glasgel\u00e6nder Aluminiumsprofiler<br \/>\n    <\/a>\n  <\/li>\n<\/ul>\n<h2>OFTE STILLEDE SP\u00d8RGSM\u00c5L<\/h2>\n<p><b>1. Hvad er en U-kanal i aluminium og glas?<\/b><\/p>\n<p>En U-skinne til glas i aluminium er en strukturel profil, der er designet til at holde og sikre glaspaneler, som typisk bruges i rammel\u00f8se installationer.\n<\/p>\n<p><\/p>\n<p><b>2. Hvad er fordelene ved at bruge U-kanaler i aluminium til glas?<\/b><\/p>\n<p>U-skinner i aluminium giver st\u00e6rk st\u00f8tte, korrosionsbestandighed og et moderne udseende, hvilket g\u00f8r dem ideelle til b\u00e5de bolig- og erhvervsform\u00e5l.\n<\/p>\n<p><\/p>\n<p><b>3. Er U-kanaler i aluminium egnet til udend\u00f8rs brug?<\/b><\/p>\n<p>Ja, U-skinner til glas i aluminium er fremstillet af korrosionsbestandigt aluminium og er perfekte til b\u00e5de indend\u00f8rs og udend\u00f8rs milj\u00f8er.\n<\/p>\n<p><\/p>\n<p><b>4. Hvilken glastykkelse kan U-kanaler i aluminium rumme?<\/b><\/p>\n<p>De fleste U-kanaler til glas i aluminium underst\u00f8tter glastykkelser fra 6 mm til 12 mm, afh\u00e6ngigt af profildesignet.\n<\/p>\n<p><\/p>\n<p><b>5. Hvor let er det at installere en U-kanal af aluminiumsglas?<\/b><\/p>\n<p>U-skinner til glas i aluminium er designet til hurtig og nem installation, hvilket reducerer arbejdstid og omkostninger.\n<\/p>\n<p><\/p>\n<p><b>6. Kan jeg f\u00e5 specialm\u00e5l eller -finish til U-skinner i aluminium?<\/b><\/p>\n<p>Ja, U-skinner i aluminium og glas f\u00e5s i tilpassede l\u00e6ngder og overflader, der passer til dine specifikke projektkrav.\n<\/p>\n<p><\/p>\n<p><b>7. Kr\u00e6ver U-kanaler af aluminiumsglas vedligeholdelse?<\/b><\/p>\n<p>Der kr\u00e6ves minimal vedligeholdelse p\u00e5 grund af deres holdbare og korrosionsbestandige egenskaber.\n<\/p>\n<p><\/p>\n<p><b>8. Er U-kanaler i aluminium kompatible med h\u00e6rdet eller lamineret glas?<\/b><\/p>\n<p>Ja, U-skinner af aluminiumsglas fungerer godt med b\u00e5de h\u00e6rdet og lamineret glas og giver sikker st\u00f8tte og et rent udseende.\n<\/p>\n<p><\/p>","protected":false},"featured_media":7756,"template":"","categories":[57],"class_list":["post-10078","product","type-product","status-publish","has-post-thumbnail","hentry","category-anodized-aluminum-profile"],"meta_box":{"hilight_text_group":{"product_hilight_text":"<li>Durable aluminum construction ensures long-lasting structural integrity<\/li>\r\n<li>Ideal for frameless glass installations in commercial projects<\/li>\r\n<li>Sleek modern design enhances architectural aesthetics<\/li>\r\n<li>Corrosion-resistant finish suitable for indoor and outdoor use<\/li>\r\n<li>Compatible with various glass thicknesses for flexible applications<\/li>\r\n<li>Easy installation reduces labor time and costs<\/li>\r\n<li>Custom lengths and finishes available for project-specific needs<\/li>"},"feature_list":[]},"_links":{"self":[{"href":"https:\/\/sinoextrud.com\/da\/wp-json\/wp\/v2\/product\/10078","targetHints":{"allow":["GET"]}}],"collection":[{"href":"https:\/\/sinoextrud.com\/da\/wp-json\/wp\/v2\/product"}],"about":[{"href":"https:\/\/sinoextrud.com\/da\/wp-json\/wp\/v2\/types\/product"}],"wp:featuredmedia":[{"embeddable":true,"href":"https:\/\/sinoextrud.com\/da\/wp-json\/wp\/v2\/media\/7756"}],"wp:attachment":[{"href":"https:\/\/sinoextrud.com\/da\/wp-json\/wp\/v2\/media?parent=10078"}],"wp:term":[{"taxonomy":"category","embeddable":true,"href":"https:\/\/sinoextrud.com\/da\/wp-json\/wp\/v2\/categories?post=10078"}],"curies":[{"name":"wp","href":"https:\/\/api.w.org\/{rel}","templated":true}]}}