{"id":10067,"date":"2025-07-09T02:02:18","date_gmt":"2025-07-09T02:02:18","guid":{"rendered":"https:\/\/sinoextrud.com\/product\/fiber-laser-marking-machine\/"},"modified":"2025-07-09T02:03:58","modified_gmt":"2025-07-09T02:03:58","slug":"fiberlaser-maerkningsmaskine","status":"publish","type":"product","link":"https:\/\/sinoextrud.com\/da\/product\/fiber-laser-marking-machine\/","title":{"rendered":"Fiberlaser-m\u00e6rkningsmaskine"},"content":{"rendered":"<h2>Detaljer om produkter<\/h2>\n<table class=\"custom-table\">\n<tr>\n<td class=\"label\">Lasertype<\/td>\n<td>Fiberlaser<\/td>\n<\/tr>\n<tr>\n<td class=\"label\">Underst\u00f8ttet grafisk format<\/td>\n<td>AI, BMP, DXF, DXP, Dst, Dwg, LAS, PLT<\/td>\n<\/tr>\n<tr>\n<td class=\"label\">funktion<\/td>\n<td>Dyb markering<\/td>\n<\/tr>\n<tr>\n<td class=\"label\">Vigtige salgsargumenter<\/td>\n<td>Let at betjene<\/td>\n<\/tr>\n<tr>\n<td class=\"label\">Garanti<\/td>\n<td>2 \u00e5r<\/td>\n<\/tr>\n<tr>\n<td class=\"label\">tilstand<\/td>\n<td>Ny<\/td>\n<\/tr>\n<tr>\n<td class=\"label\">K\u00f8lesystem<\/td>\n<td>Luftk\u00f8ling<\/td>\n<\/tr>\n<tr>\n<td class=\"label\">cnc eller ej<\/td>\n<td>Ja<\/td>\n<\/tr>\n<tr>\n<td class=\"label\">kontrolsystemets m\u00e6rke<\/td>\n<td>ezcard<\/td>\n<\/tr>\n<tr>\n<td class=\"label\">Arbejdsn\u00f8jagtighed<\/td>\n<td>0,01 mm<\/td>\n<\/tr>\n<tr>\n<td class=\"label\">Markeringsdybde<\/td>\n<td>0,5-2 mm<\/td>\n<\/tr>\n<tr>\n<td class=\"label\">Markeringshastighed<\/td>\n<td>7000-12000 mm\/s<\/td>\n<\/tr>\n<tr>\n<td class=\"label\">Salg af enheder<\/td>\n<td>En enkelt genstand<\/td>\n<\/tr>\n<tr>\n<td class=\"label\">Enkelt pakkest\u00f8rrelse<\/td>\n<td>10X10X10 cm<\/td>\n<\/tr>\n<tr>\n<td class=\"label\">Enkelt bruttov\u00e6gt<\/td>\n<td>55.000 KG<\/td>\n<\/tr>\n<\/table>\n<h2>OFTE STILLEDE SP\u00d8RGSM\u00c5L<\/h2>\n<p><b>1. Hvilke materialer kan en fiberlaserm\u00e6rkningsmaskine m\u00e6rke?<\/b><\/p>\n<p>Fiberlasermaskiner er ideelle til m\u00e6rkning af metaller som rustfrit st\u00e5l, aluminium, guld og nogle h\u00e5rde plasttyper.\n<\/p>\n<p><\/p>\n<p><b>2. Hvorfor er fiberlaserm\u00e6rkning velegnet til industriel brug?<\/b><\/p>\n<p>Fiberlaserm\u00e6rkning giver h\u00f8j hastighed, stabil drift og holdbarhed i barske milj\u00f8er, hvilket g\u00f8r den perfekt til industrielle anvendelser.\n<\/p>\n<p><\/p>\n<p><b>3. Hvad er fordelene ved fiberlaserm\u00e6rkningsmaskiner?<\/b><\/p>\n<p>Fiberlaserm\u00e6rkningsmaskiner giver h\u00f8j pr\u00e6cision, hurtig behandlingshastighed, lavt str\u00f8mforbrug og lang levetid.\n<\/p>\n<p><\/p>\n<p><b>4. er fiberlasermarkeringsmaskine vedligeholdelsesfri?<\/b><\/p>\n<p>Ja, fiberlasersystemer kr\u00e6ver kun lidt eller ingen vedligeholdelse p\u00e5 grund af deres solid state-design og holdbare laserkilde.\n<\/p>\n<p><\/p>\n<p><b>5. Kan fiberlasere udf\u00f8re dyb gravering?<\/b><\/p>\n<p>Ja, fiberlaserm\u00e6rkningsmaskiner underst\u00f8tter b\u00e5de fin overfladem\u00e6rkning og dyb gravering p\u00e5 forskellige metalmaterialer.\n<\/p>\n<p><\/p>\n<p><b>6. Hvor l\u00e6nge holder en fiberlaserkilde?<\/b><\/p>\n<p>Fiberlaserkilder holder typisk over 100.000 timer, hvilket giver forl\u00e6nget levetid og reducerede driftsomkostninger.\n<\/p>\n<p><\/p>\n<p><b>7. Er fiberlaserm\u00e6rkning energieffektiv?<\/b><\/p>\n<p>Ja, fiberlaserm\u00e6rkningsmaskiner er meget energieffektive og omdanner det meste af den elektriske energi til laseroutput.\n<\/p>\n<p><\/p>\n<p><b>8. Kan fiberlasermaskiner bruges i automatiserede systemer?<\/b><\/p>\n<p>Deres kompakte og modul\u00e6re design g\u00f8r fiberlasermaskiner ideelle til at blive integreret i automatiserede produktionslinjer.\n<\/p>\n<p><\/p>","protected":false},"featured_media":10066,"template":"","categories":[70],"class_list":["post-10067","product","type-product","status-publish","has-post-thumbnail","hentry","category-aluminum-machinery"],"meta_box":{"hilight_text_group":{"product_hilight_text":"<li>High-speed marking with excellent beam quality<\/li>\r\n<li>Suitable for metals and some hard plastics<\/li>\r\n<li>Low power consumption and high energy efficiency<\/li>\r\n<li>Long service life with maintenance-free operation<\/li>\r\n<li>Compact design for easy integration into production lines<\/li>\r\n<li>Supports deep engraving and fine marking<\/li>\r\n<li>Stable performance in harsh industrial environments<\/li>","product_chanpin_chanpin":"<ul>\r\n<li><a href=\"https:\/\/sinoextrud.com\/product\/aluminium-extrusion-6061-6082-7075-aluminum-alloy-profiles\/\" target=\"_blank\">6061 aluminum extrusion<\/a><\/li>\r\n<li><a href=\"https:\/\/sinoextrud.com\/product\/oval-aluminum-extrud-profile\/\" target=\"_blank\">oval aluminum extrusion<\/a><\/li>\r\n<li><a href=\"https:\/\/sinoextrud.com\/product\/aluminium-extrusion-anodised-aluminium-tube\/\" target=\"_blank\">anodised aluminium tube<\/a><\/li>\r\n<li><a href=\"https:\/\/sinoextrud.com\/product\/c-shaped-closed-linear-ceiling-system\/\" target=\"_blank\">linear closed ceilings<\/a><\/li>\r\n<li><a href=\"https:\/\/sinoextrud.com\/product\/the-new-perforated-ceiling-system\/\" target=\"_blank\">perforated french ceilings<\/a><\/li>\r\n<li><a href=\"https:\/\/sinoextrud.com\/product\/aluminum-extrusion-7003-7005-7020\/\" target=\"_blank\">7020 aluminum<\/a><\/li>\r\n<\/ul>","product_chanpin_blog":"<ul>\r\n<li><a href=\"https:\/\/sinoextrud.com\/t-slot-v-slot-differences\/\" target=\"_blank\">t slot vs v slot<\/a><\/li>\r\n<li><a href=\"https:\/\/sinoextrud.com\/what-is-4040-aluminium-extrud\/\" target=\"_blank\">4040 aluminium extrusion<\/a><\/li>\r\n<li><a href=\"https:\/\/sinoextrud.com\/what-is-4040-aluminium-extrud\/\" target=\"_blank\">aluminum extrusions for industrial racks<\/a><\/li>\r\n<li><a href=\"https:\/\/sinoextrud.com\/powder-coating-aluminium-process\/\" target=\"_blank\">powder coating aluminium<\/a><\/li>\r\n<li><a href=\"https:\/\/sinoextrud.com\/what-is-an-aluminium-strip-ceiling\/\" target=\"_blank\">aluminium strip ceiling<\/a><\/li>\r\n<li><a href=\"https:\/\/sinoextrud.com\/what-is-a-heat-sink\/\" target=\"_blank\">what is a heat sink<\/a><\/li>\r\n<\/ul>"},"feature_list":[]},"_links":{"self":[{"href":"https:\/\/sinoextrud.com\/da\/wp-json\/wp\/v2\/product\/10067","targetHints":{"allow":["GET"]}}],"collection":[{"href":"https:\/\/sinoextrud.com\/da\/wp-json\/wp\/v2\/product"}],"about":[{"href":"https:\/\/sinoextrud.com\/da\/wp-json\/wp\/v2\/types\/product"}],"wp:featuredmedia":[{"embeddable":true,"href":"https:\/\/sinoextrud.com\/da\/wp-json\/wp\/v2\/media\/10066"}],"wp:attachment":[{"href":"https:\/\/sinoextrud.com\/da\/wp-json\/wp\/v2\/media?parent=10067"}],"wp:term":[{"taxonomy":"category","embeddable":true,"href":"https:\/\/sinoextrud.com\/da\/wp-json\/wp\/v2\/categories?post=10067"}],"curies":[{"name":"wp","href":"https:\/\/api.w.org\/{rel}","templated":true}]}}