{"id":10065,"date":"2025-07-09T01:38:03","date_gmt":"2025-07-09T01:38:03","guid":{"rendered":"https:\/\/sinoextrud.com\/product\/uv-laser-marking-machine\/"},"modified":"2025-07-09T01:39:02","modified_gmt":"2025-07-09T01:39:02","slug":"uv-lasermaerkningsmaskine","status":"publish","type":"product","link":"https:\/\/sinoextrud.com\/da\/product\/uv-laser-marking-machine\/","title":{"rendered":"UV-laserm\u00e6rkningsmaskine"},"content":{"rendered":"<h2>Detaljer om produkter<\/h2>\n<table class=\"custom-table\">\n<tr>\n<td class=\"label\">Lasertype<\/td>\n<td>Fiberlaser<\/td>\n<\/tr>\n<tr>\n<td class=\"label\">Underst\u00f8ttet grafisk format<\/td>\n<td>AI, PLT, DXF, BMP, Dst, Dwg<\/td>\n<\/tr>\n<tr>\n<td class=\"label\">funktion<\/td>\n<td>Luftk\u00f8let<\/td>\n<\/tr>\n<tr>\n<td class=\"label\">Vigtige salgsargumenter<\/td>\n<td>Privat tilpasning<\/td>\n<\/tr>\n<tr>\n<td class=\"label\">Garanti<\/td>\n<td>2 \u00e5r<\/td>\n<\/tr>\n<tr>\n<td class=\"label\">tilstand<\/td>\n<td>Ny<\/td>\n<\/tr>\n<tr>\n<td class=\"label\">K\u00f8lesystem<\/td>\n<td>Luftk\u00f8ling<\/td>\n<\/tr>\n<tr>\n<td class=\"label\">cnc eller ej<\/td>\n<td>Ja<\/td>\n<\/tr>\n<tr>\n<td class=\"label\">kontrolsystemets m\u00e6rke<\/td>\n<td>JinChengzi<\/td>\n<\/tr>\n<tr>\n<td class=\"label\">Arbejdsn\u00f8jagtighed<\/td>\n<td>0.001MM<\/td>\n<\/tr>\n<tr>\n<td class=\"label\">v\u00e6gt (kg)<\/td>\n<td>150<\/td>\n<\/tr>\n<tr>\n<td class=\"label\">Salg af enheder<\/td>\n<td>En enkelt genstand<\/td>\n<\/tr>\n<tr>\n<td class=\"label\">Enkelt pakkest\u00f8rrelse<\/td>\n<td>100X100X100 cm<\/td>\n<\/tr>\n<tr>\n<td class=\"label\">Enkelt bruttov\u00e6gt<\/td>\n<td>100.000 KG<\/td>\n<\/tr>\n<\/table>\n<h2>OFTE STILLEDE SP\u00d8RGSM\u00c5L<\/h2>\n<p><b>1. Hvilke materialer kan UV-laserm\u00e6rkningsmaskiner h\u00e5ndtere?<\/b><\/p>\n<p>UV-laserm\u00e6rkningsmaskiner er ideelle til m\u00e6rkning p\u00e5 varmef\u00f8lsomme materialer som plast, glas, keramik og tynde film.\n<\/p>\n<p><\/p>\n<p><b>2. Hvordan opn\u00e5r en UV-laserm\u00e6rkningsmaskine h\u00f8j pr\u00e6cision?<\/b><\/p>\n<p>UV-laserm\u00e6rkningsmaskiner bruger en laserstr\u00e5le med kort b\u00f8lgel\u00e6ngde til at levere ultrafine og pr\u00e6cise m\u00e6rkningsresultater.\n<\/p>\n<p><\/p>\n<p><b>3. Er UV-laserm\u00e6rkning milj\u00f8venlig?<\/b><\/p>\n<p>Ja, UV-laserm\u00e6rkning er en ren, ber\u00f8ringsfri proces, der ikke producerer skadelige emissioner, hvilket g\u00f8r den milj\u00f8venlig.\n<\/p>\n<p><\/p>\n<p><b>4. Hvad er fordelene ved at bruge UV-laser til plastm\u00e6rkning?<\/b><\/p>\n<p>UV-laserm\u00e6rkningsmaskiner giver glatte m\u00e6rker med h\u00f8j kontrast p\u00e5 plast uden at br\u00e6nde eller smelte overfladen.\n<\/p>\n<p><\/p>\n<p><b>5. Hvor l\u00e6nge holder UV-laserkilden?<\/b><\/p>\n<p>UV-laserkilder har typisk en lang levetid p\u00e5 op til 20.000 timer, hvilket reducerer nedetid og vedligeholdelsesomkostninger.\n<\/p>\n<p><\/p>\n<p><b>6. Kan UV-laserm\u00e6rkningsmaskiner bruges i automatiserede systemer?<\/b><\/p>\n<p>Ja, deres kompakte design og stabile output g\u00f8r dem perfekte til integration i automatiserede produktionslinjer.\n<\/p>\n<p><\/p>\n<p><b>7. Hvorfor v\u00e6lge UV-laserm\u00e6rkning frem for traditionelle metoder?<\/b><\/p>\n<p>UV-laserm\u00e6rkning giver st\u00f8rre n\u00f8jagtighed, minimal termisk effekt og bedre resultater p\u00e5 sarte materialer sammenlignet med traditionelle m\u00e6rkningsteknikker.\n<\/p>\n<p><\/p>\n<p><b>8. Er der behov for hyppig vedligeholdelse af UV-laserm\u00e6rkningsmaskiner?<\/b><\/p>\n<p>Nej, UV-laserm\u00e6rkningsmaskiner kr\u00e6ver lav vedligeholdelse p\u00e5 grund af deres robuste og stabile laserteknologi.<\/p>\n<p><\/p>","protected":false},"featured_media":10064,"template":"","categories":[70],"class_list":["post-10065","product","type-product","status-publish","has-post-thumbnail","hentry","category-aluminum-machinery"],"meta_box":{"hilight_text_group":{"product_hilight_text":"<li>High precision marking with ultra-fine UV laser beam<\/li>\r\n<li>Suitable for heat-sensitive materials like plastic and glass<\/li>\r\n<li>Non-contact, eco-friendly marking process<\/li>\r\n<li>Stable performance with long-lasting laser source<\/li>\r\n<li>Supports complex pattern engraving with high speed<\/li>\r\n<li>Low maintenance cost and long service life<\/li>\r\n<li>Compact design suitable for automated production lines<\/li>","product_chanpin_chanpin":"<ul>\r\n<li><a href=\"https:\/\/sinoextrud.com\/product\/aluminium-extrusion-6061-6082-7075-aluminum-alloy-profiles\/\" target=\"_blank\">6061 aluminum extrusion<\/a><\/li>\r\n<li><a href=\"https:\/\/sinoextrud.com\/product\/oval-aluminum-extrud-profile\/\" target=\"_blank\">oval aluminum extrusion<\/a><\/li>\r\n<li><a href=\"https:\/\/sinoextrud.com\/product\/aluminium-extrusion-anodised-aluminium-tube\/\" target=\"_blank\">anodised aluminium tube<\/a><\/li>\r\n<li><a href=\"https:\/\/sinoextrud.com\/product\/c-shaped-closed-linear-ceiling-system\/\" target=\"_blank\">linear closed ceilings<\/a><\/li>\r\n<li><a href=\"https:\/\/sinoextrud.com\/product\/the-new-perforated-ceiling-system\/\" target=\"_blank\">perforated french ceilings<\/a><\/li>\r\n<li><a href=\"https:\/\/sinoextrud.com\/product\/aluminum-extrusion-7003-7005-7020\/\" target=\"_blank\">7020 aluminum<\/a><\/li>\r\n<\/ul>","product_chanpin_blog":"<ul>\r\n<li><a href=\"https:\/\/sinoextrud.com\/t-slot-v-slot-differences\/\" target=\"_blank\">t slot vs v slot<\/a><\/li>\r\n<li><a href=\"https:\/\/sinoextrud.com\/what-is-4040-aluminium-extrud\/\" target=\"_blank\">4040 aluminium extrusion<\/a><\/li>\r\n<li><a href=\"https:\/\/sinoextrud.com\/what-is-4040-aluminium-extrud\/\" target=\"_blank\">aluminum extrusions for industrial racks<\/a><\/li>\r\n<li><a href=\"https:\/\/sinoextrud.com\/powder-coating-aluminium-process\/\" target=\"_blank\">powder coating aluminium<\/a><\/li>\r\n<li><a href=\"https:\/\/sinoextrud.com\/what-is-an-aluminium-strip-ceiling\/\" target=\"_blank\">aluminium strip ceiling<\/a><\/li>\r\n<li><a href=\"https:\/\/sinoextrud.com\/what-is-a-heat-sink\/\" target=\"_blank\">what is a heat sink<\/a><\/li>\r\n<\/ul>"},"feature_list":[]},"_links":{"self":[{"href":"https:\/\/sinoextrud.com\/da\/wp-json\/wp\/v2\/product\/10065","targetHints":{"allow":["GET"]}}],"collection":[{"href":"https:\/\/sinoextrud.com\/da\/wp-json\/wp\/v2\/product"}],"about":[{"href":"https:\/\/sinoextrud.com\/da\/wp-json\/wp\/v2\/types\/product"}],"wp:featuredmedia":[{"embeddable":true,"href":"https:\/\/sinoextrud.com\/da\/wp-json\/wp\/v2\/media\/10064"}],"wp:attachment":[{"href":"https:\/\/sinoextrud.com\/da\/wp-json\/wp\/v2\/media?parent=10065"}],"wp:term":[{"taxonomy":"category","embeddable":true,"href":"https:\/\/sinoextrud.com\/da\/wp-json\/wp\/v2\/categories?post=10065"}],"curies":[{"name":"wp","href":"https:\/\/api.w.org\/{rel}","templated":true}]}}