{"id":175,"date":"2024-10-18T10:36:17","date_gmt":"2024-10-18T10:36:17","guid":{"rendered":"https:\/\/sinoextrud.com\/?page_id=175"},"modified":"2025-05-06T04:02:09","modified_gmt":"2025-05-06T04:02:09","slug":"forfatter","status":"publish","type":"page","link":"https:\/\/sinoextrud.com\/da\/author\/","title":{"rendered":"Forfatter"},"content":{"rendered":"<h2 class=\"wp-block-heading\">Sinoextruds grundl\u00e6ggelseshistorie: Fra fabrik til global producent af aluminiumsekstrudering<\/h2>\n\n\n\n<p>I 2014 dimitterede jeg fra universitetet og blev ansat p\u00e5 min onkels aluminiumsekstruderingsfabrik. Som en traditionel kinesisk aluminiumsekstruderingsfabrik var vores forretning p\u00e5 det tidspunkt begr\u00e6nset til hjemmemarkedet uden nogen eksportforretning. I begyndelsen arbejdede jeg som ordreopf\u00f8lger. Disse to \u00e5rs erfaring med at f\u00f8lge ordrer udsatte mig for alle aspekter af aluminiumsprofilindustrien. Fra \u00e5bning af forme og afpr\u00f8vning af pr\u00f8ver til produktion, overfladebehandling, pakning og forsendelse efter kundernes ordrer var jeg personligt involveret i hvert trin i processen, st\u00f8dte p\u00e5 alle slags problemer og l\u00f8ste dem gentagne gange. Denne periode med akkumulering gav mig en omfattende forst\u00e5else af aluminiumprofilindustrien og lagde et solidt fundament for den endelige etablering af Sinoextrud.<\/p>\n\n\n\n<figure class=\"wp-block-gallery has-nested-images columns-default is-cropped wp-block-gallery-1 is-layout-flex wp-block-gallery-is-layout-flex\">\n<figure class=\"wp-block-image size-large\"><img alt=\"\" loading=\"lazy\" decoding=\"async\" width=\"640\" height=\"858\" data-id=\"1675\" src=\"https:\/\/sinoextrud.com\/wp-content\/uploads\/eva_university_life.jpg\" class=\"wp-image-1675\" srcset=\"https:\/\/sinoextrud.com\/wp-content\/uploads\/eva_university_life.jpg 640w, https:\/\/sinoextrud.com\/wp-content\/uploads\/eva_university_life-600x804.jpg 600w\" sizes=\"auto, (max-width: 640px) 100vw, 640px\" \/><\/figure>\n\n\n\n<figure class=\"wp-block-image size-large\"><img alt=\"\" loading=\"lazy\" decoding=\"async\" width=\"640\" height=\"960\" data-id=\"1676\" src=\"https:\/\/sinoextrud.com\/wp-content\/uploads\/graduated-from-university.jpg\" class=\"wp-image-1676\" srcset=\"https:\/\/sinoextrud.com\/wp-content\/uploads\/graduated-from-university.jpg 640w, https:\/\/sinoextrud.com\/wp-content\/uploads\/graduated-from-university-600x900.jpg 600w\" sizes=\"auto, (max-width: 640px) 100vw, 640px\" \/><\/figure>\n<\/figure>\n\n\n\n<p>To \u00e5r senere skiftede jeg til salg og begyndte at tage mig personligt af kunderne og styre hele projektet. Disse fire \u00e5r i salgsafdelingen gav mig mulighed for at m\u00f8de mange kunder og hj\u00e6lpe dem med at gennemf\u00f8re b\u00e5de store og sm\u00e5 projekter. Anvendelserne af vores aluminiumsprodukter sp\u00e6nder fra sm\u00e5 personlige rumdekorationer og baggrundsv\u00e6ginstallationer til store projekter som Zhongchuan-lufthavnen i Gansu, Kina. Hvert projekt fylder mig med en f\u00f8lelse af stolthed, og jeg udbryder ofte, at det virkelig er en \u00e6re at se mine produkter blive en del af en bygning.<\/p>\n\n\n\n<h2 class=\"wp-block-heading\">Mulighed for at bryde ind p\u00e5 udenrigshandelsmarkedet: Den f\u00f8rste udenrigshandelsordre<\/h2>\n\n\n\n<p>I 2020 kom der en udenlandsk handelskunde, som \u00e6ndrede min karriere. En studieven introducerede mig til en kunde fra Sydamerika, som allerede var ankommet til Guangzhou. Uden at t\u00f8ve rejste jeg til Guangzhou, b\u00f8d kunden velkommen og tog dem direkte med p\u00e5 bes\u00f8g p\u00e5 vores fabrik. Kunden blev i tre dage og l\u00e6rte mere om vores produkter og produktionsproces. I sidste ende afgav de en ordre p\u00e5 f\u00e6rdige vinduer og d\u00f8re til en v\u00e6rdi af 930.000 RMB, nok til at fylde to 40-fods containere. Det var ikke kun min f\u00f8rste eksportordre, men ogs\u00e5 en vigtig ordre, som lagde grunden til min efterf\u00f8lgende forretning.<\/p>\n\n\n\n<figure class=\"wp-block-image size-full\"><img loading=\"lazy\" decoding=\"async\" width=\"554\" height=\"416\" src=\"https:\/\/sinoextrud.com\/wp-content\/uploads\/image.png\" alt=\"Min f\u00f8rste globale ordre-klient-bes\u00f8gsfabrik \" class=\"wp-image-1660\"\/><figcaption class=\"wp-element-caption\">Min f\u00f8rste globale ordre-klient-bes\u00f8gsfabrik<\/figcaption><\/figure>\n\n\n\n<p>Efter at have modtaget produkterne roste kunden vores kvalitet. Fra da af indledte vi et langsigtet samarbejde, og den dag i dag er vi t\u00e6tte partnere. Hver gang han bes\u00f8ger Kina, l\u00e6gger han vejen forbi fabrikken, og vi er blevet venner. Denne tillid og st\u00f8tte satte ikke kun skub i vores forretning, men styrkede ogs\u00e5 min vilje til at komme ind p\u00e5 det internationale marked.<\/p>\n\n\n\n<h2 class=\"wp-block-heading\">Fra krise til tillid: $400.000-ordre fra en koreansk kunde<\/h2>\n\n\n\n<p>Jeg har st\u00e5et over for mange udfordringer og n\u00f8dsituationer p\u00e5 min rejse inden for udenrigshandel, og en af de mest mindev\u00e6rdige var en ordre p\u00e5 $400.000 fra en koreansk kunde. Denne kunde havde strenge tidskrav og ville have den f\u00f8rste container afsendt inden for en uge og leverede kun pr\u00f8ver uden mulighed for korrekturbekr\u00e6ftelse. Men vores fabrik f\u00f8lger en streng produktionsproces, og kunden m\u00e5tte skrive under p\u00e5, at pr\u00f8verne var acceptable f\u00f8r masseproduktion.<\/p>\n\n\n\n<figure class=\"wp-block-image size-full\"><img alt=\"\" loading=\"lazy\" decoding=\"async\" width=\"554\" height=\"416\" src=\"https:\/\/sinoextrud.com\/wp-content\/uploads\/image-1.png\" class=\"wp-image-1661\"\/><figcaption class=\"wp-element-caption\">Bes\u00f8ger koreansk klient<\/figcaption><\/figure>\n\n\n\n<p>Tiden var knap, men vi havde ikke r\u00e5d til at g\u00e5 p\u00e5 kompromis. Det lykkedes os at \u00e5bne formen p\u00e5 tre til fire dage, og pr\u00f8ven var klar p\u00e5 den femte dag. For at sikre, at alt gik glat, fl\u00f8j mine kolleger og jeg straks til Sydkorea for at pr\u00e6sentere pr\u00f8verne personligt. Kunden p\u00e5pegede mindre problemer, som vi straks tog h\u00e5nd om. I l\u00f8bet af vores tre dage i Korea arbejdede vi t\u00e6t sammen med vores hjemlige team om at producere en revideret pr\u00f8ve. Kunden var meget tilfreds med forbedringerne og underskrev bekr\u00e6ftelsen, s\u00e5 vi kunne g\u00e5 videre med masseproduktionen.<\/p>\n\n\n\n<figure class=\"wp-block-image size-full\"><img alt=\"\" loading=\"lazy\" decoding=\"async\" width=\"550\" height=\"413\" src=\"https:\/\/sinoextrud.com\/wp-content\/uploads\/image-2.png\" class=\"wp-image-1662\"\/><figcaption class=\"wp-element-caption\">Bes\u00f8g attraktioner med koreanske kunder.<\/figcaption><\/figure>\n\n\n\n<p>Hvis vi havde sprunget pr\u00f8vebekr\u00e6ftelsesprocessen over og startet produktionen med det samme, kunne det have f\u00f8rt til betydelige tab. Denne erfaring bekr\u00e6ftede, at uanset hvor meget en ordre haster, skal kvalitet og kundetilfredshed altid komme i f\u00f8rste r\u00e6kke.<\/p>\n\n\n\n<h2 class=\"wp-block-heading\">Internationaliseringen af Sinoextrud<\/h2>\n\n\n\n<p>Efterh\u00e5nden som vores udenrigshandel modnedes, begyndte jeg at bes\u00f8ge kunder over hele verden. I 2023 bes\u00f8gte jeg Europa og brugte en halv m\u00e5ned p\u00e5 at m\u00f8de mange langsigtede partnere, som jeg aldrig havde m\u00f8dt personligt. Denne rejse berigede ikke kun mit liv, men styrkede ogs\u00e5 tilliden og forst\u00e5elsen mellem mine kunder og mig.<\/p>\n\n\n\n<figure class=\"wp-block-gallery has-nested-images columns-default is-cropped wp-block-gallery-2 is-layout-flex wp-block-gallery-is-layout-flex\">\n<figure class=\"wp-block-image size-full\"><img alt=\"\" loading=\"lazy\" decoding=\"async\" width=\"550\" height=\"413\" data-id=\"1668\" src=\"https:\/\/sinoextrud.com\/wp-content\/uploads\/visiting-in-Italy.png\" class=\"wp-image-1668\"\/><\/figure>\n\n\n\n<figure class=\"wp-block-image size-full\"><img alt=\"\" loading=\"lazy\" decoding=\"async\" width=\"553\" height=\"633\" data-id=\"1669\" src=\"https:\/\/sinoextrud.com\/wp-content\/uploads\/Enjoy-the-Mona-Lisas-smile-at-the-Louvre.png\" class=\"wp-image-1669\"\/><\/figure>\n\n\n\n<figure class=\"wp-block-image size-full\"><img alt=\"\" loading=\"lazy\" decoding=\"async\" width=\"553\" height=\"737\" data-id=\"1670\" src=\"https:\/\/sinoextrud.com\/wp-content\/uploads\/Tour-of-the-Arc-de-Triomphe-after-visiting-customers.png\" class=\"wp-image-1670\"\/><\/figure>\n\n\n\n<figure class=\"wp-block-image size-full\"><img alt=\"\" loading=\"lazy\" decoding=\"async\" width=\"552\" height=\"689\" data-id=\"1671\" src=\"https:\/\/sinoextrud.com\/wp-content\/uploads\/visiting-client-in-German.png\" class=\"wp-image-1671\"\/><\/figure>\n\n\n\n<figure class=\"wp-block-image size-full\"><img alt=\"\" loading=\"lazy\" decoding=\"async\" width=\"551\" height=\"735\" data-id=\"1672\" src=\"https:\/\/sinoextrud.com\/wp-content\/uploads\/visiting-client-in-Paris.png\" class=\"wp-image-1672\"\/><\/figure>\n<\/figure>\n\n\n\n<p>N\u00e5r jeg ser tilbage, er jeg taknemmelig for mine tidlige erfaringer inden for salg, som hjalp mig med at f\u00e5 uvurderlig indsigt og forberedte mig p\u00e5 at m\u00f8de de stadigt skiftende markedsudfordringer. Vores fabrik tilbyder kvalitetsprodukter til konkurrencedygtige priser, og med den voksende globale eftersp\u00f8rgsel efter aluminiumsprofiler grundlagde jeg Sinoextrud for at levere aluminiumsprofilprodukter og -l\u00f8sninger af h\u00f8j kvalitet til kunder over hele verden.<\/p>\n\n\n\n<h2 class=\"wp-block-heading\">Et kig ind i fremtiden<\/h2>\n\n\n\n<p>I l\u00f8bet af de n\u00e6ste fem til ti \u00e5r h\u00e5ber jeg at kunne lede Sinoextruds team videre ad internationaliseringens vej, promovere vores produkter globalt og s\u00e6tte vores pr\u00e6g p\u00e5 verdensplan. Sinoextrud er ikke bare et brand; det er en platform, der b\u00e6rer mine dr\u00f8mme og bestr\u00e6belser. Hvert eneste vellykkede projekt er et bevis p\u00e5 teamwork og kundernes tillid.<\/p>\n\n\n\n<p>Uanset hvilke udfordringer der ligger forude, er jeg sikker p\u00e5, at kvaliteten af vores produkter og serviceydelser vil skaffe os flere kunder og udvide vores marked. Jeg h\u00e5ber, at Sinoextruds historie inspirerer andre som mig til at forf\u00f8lge deres dr\u00f8mme og tr\u00e6de ind p\u00e5 den globale scene.<\/p>\n\n\n\n<p>Dette er min rejse - fra s\u00e6lger p\u00e5 en lokal fabrik til grundl\u00e6gger af Sinoextrud - en vej fyldt med udfordringer, tilfredsstillelse og forventning. I fremtiden vil Sinoextrud forts\u00e6tte med at skinne p\u00e5 det internationale marked og bringe vores kvalitetsprodukter ud til endnu flere kunder.<\/p>\n\n\n\n<p><\/p>","protected":false},"excerpt":{"rendered":"<p>Sinoextrud&#8217;s Founding Story: From Factory to Global Aluminum Extrusion Manufacturer In 2014, I graduated from college and joined my uncle&#8217;s aluminum extrusion factory. As a traditional Chinese aluminum extrusion factory, our business at that time was limited to the domestic market without any export business. At the beginning, I worked as an order follower. These [&hellip;]<\/p>\n","protected":false},"author":3,"featured_media":0,"parent":0,"menu_order":0,"comment_status":"closed","ping_status":"closed","template":"","meta":{"_seopress_robots_primary_cat":"","_seopress_titles_title":"","_seopress_titles_desc":"","_seopress_robots_index":"","footnotes":""},"class_list":["post-175","page","type-page","status-publish","hentry"],"meta_box":[],"_links":{"self":[{"href":"https:\/\/sinoextrud.com\/da\/wp-json\/wp\/v2\/pages\/175","targetHints":{"allow":["GET"]}}],"collection":[{"href":"https:\/\/sinoextrud.com\/da\/wp-json\/wp\/v2\/pages"}],"about":[{"href":"https:\/\/sinoextrud.com\/da\/wp-json\/wp\/v2\/types\/page"}],"author":[{"embeddable":true,"href":"https:\/\/sinoextrud.com\/da\/wp-json\/wp\/v2\/users\/3"}],"replies":[{"embeddable":true,"href":"https:\/\/sinoextrud.com\/da\/wp-json\/wp\/v2\/comments?post=175"}],"version-history":[{"count":0,"href":"https:\/\/sinoextrud.com\/da\/wp-json\/wp\/v2\/pages\/175\/revisions"}],"wp:attachment":[{"href":"https:\/\/sinoextrud.com\/da\/wp-json\/wp\/v2\/media?parent=175"}],"curies":[{"name":"wp","href":"https:\/\/api.w.org\/{rel}","templated":true}]}}