{"id":8595,"date":"2025-06-17T03:43:11","date_gmt":"2025-06-17T03:43:11","guid":{"rendered":"https:\/\/sinoextrud.com\/product\/cnc-aluminium\/"},"modified":"2025-06-24T06:34:29","modified_gmt":"2025-06-24T06:34:29","slug":"cnc-obrabeni-hliniku-2","status":"publish","type":"product","link":"https:\/\/sinoextrud.com\/cs\/product\/cnc-aluminium\/","title":{"rendered":"Hlin\u00edk pro CNC obr\u00e1b\u011bn\u00ed"},"content":{"rendered":"<h2>Podrobnosti o produktech<\/h2>\n<table class=\"custom-table\">\n<tr>\n<td class=\"label\">Model NO:<\/td>\n<td> Hlin\u00edkov\u00fd profil eloxovan\u00fd na CNC obr\u00e1b\u011bn\u00ed Sliver<\/td>\n<\/tr>\n<tr>\n<td class=\"label\">Typ:<\/td>\n<td> okraj pl\u00e1\u0161t\u011b stroje<\/td>\n<\/tr>\n<tr>\n<td class=\"label\">Styl hlavy:<\/td>\n<td> \u0160estihrann\u00fd p\u0159izp\u016fsoben\u00fd podle v\u00fdkresu<\/td>\n<\/tr>\n<tr>\n<td class=\"label\">Pou\u017eit\u00ed:<\/td>\n<td> Strojn\u00ed za\u0159\u00edzen\u00ed cnc<\/td>\n<\/tr>\n<tr>\n<td class=\"label\">Specifikace:<\/td>\n<td> 278*113 mm<\/td>\n<\/tr>\n<tr>\n<td class=\"label\">Tlou\u0161\u0165ka:<\/td>\n<td> 2,0 mm<\/td>\n<\/tr>\n<tr>\n<td class=\"label\">D\u00e9lka:<\/td>\n<td> 1115 mm<\/td>\n<\/tr>\n<tr>\n<td class=\"label\">K\u00f3d HS:<\/td>\n<td> 76042990<\/td>\n<\/tr>\n<tr>\n<td class=\"label\">Materi\u00e1l:<\/td>\n<td> slitina hlin\u00edku 6063<\/td>\n<\/tr>\n<tr>\n<td class=\"label\">P\u0159ipojen\u00ed:<\/td>\n<td> \u00fahel dlan\u011b<\/td>\n<\/tr>\n<tr>\n<td class=\"label\">T\u0159\u00edda:<\/td>\n<td> T5<\/td>\n<\/tr>\n<tr>\n<td class=\"label\">Dokon\u010den\u00ed:<\/td>\n<td> GB eloxovan\u00e1 t\u0159\u00ed\u0161\u0165, 10 mikron\u016f<\/td>\n<\/tr>\n<tr>\n<td class=\"label\">P\u0159epravn\u00ed bal\u00ed\u010dek:<\/td>\n<td> Exportn\u00ed balen\u00ed<\/td>\n<\/tr>\n<tr>\n<td class=\"label\">P\u016fvod:<\/td>\n<td> \u010c\u00edna<\/td>\n<\/tr>\n<\/table>\n<h2>Na\u0161e v\u00fdrobn\u00ed z\u00e1kladna<\/h2>\n<h3>Panorama tov\u00e1rny<\/h3>\n<p><img decoding=\"async\" src=\"\/wp-content\/uploads\/factory-01.webp\"\/><\/p>\n<h3>D\u00edlna na v\u00fdrobu hlin\u00edkov\u00fdch ty\u010d\u00ed<\/h3>\n<p><img decoding=\"async\" src=\"\/wp-content\/uploads\/factory-02.webp\"\/><\/p>\n<p><img decoding=\"async\" src=\"\/wp-content\/uploads\/factory-03.webp\"\/><\/p>\n<h3>Sklad pl\u00edsn\u00ed<\/h3>\n<p><img decoding=\"async\" src=\"\/wp-content\/uploads\/factory-04.webp\"\/><\/p>\n<h3>43 linek na vytla\u010dov\u00e1n\u00ed hlin\u00edku (500 - 5500 tun)<\/h3>\n<p><img decoding=\"async\" src=\"\/wp-content\/uploads\/factory-05.webp\"\/><\/p>\n<p><img decoding=\"async\" src=\"\/wp-content\/uploads\/factory-06.webp\"\/><\/p>\n<p><img decoding=\"async\" src=\"\/wp-content\/uploads\/factory-07.webp\"\/><\/p>\n<h3>D\u00edlna pr\u00e1\u0161kov\u00e9ho lakov\u00e1n\u00ed<\/h3>\n<p><img decoding=\"async\" src=\"\/wp-content\/uploads\/factory-09.webp\"\/><\/p>\n<h3>D\u00edlna eloxov\u00e1n\u00ed<\/h3>\n<p><img decoding=\"async\" src=\"\/wp-content\/uploads\/factory-10.webp\"\/><\/p>\n<h3>Workshop o hloubkov\u00e9m zpracov\u00e1n\u00ed<\/h3>\n<p><img decoding=\"async\" src=\"\/wp-content\/uploads\/factory-11.webp\"\/><\/p>\n<h3>D\u00edlna CNC p\u0159esn\u00e9ho obr\u00e1b\u011bn\u00ed<\/h3>\n<p><img decoding=\"async\" src=\"\/wp-content\/uploads\/factory-11.5.webp\"\/><\/p>\n<h3>Sklad hotov\u00fdch v\u00fdrobk\u016f a exportn\u00ed sklad<\/h3>\n<p><img decoding=\"async\" src=\"\/wp-content\/uploads\/factory-12.webp\"\/><\/p>\n<p><img decoding=\"async\" src=\"\/wp-content\/uploads\/factory-13.webp\"\/><\/p>\n<p><img decoding=\"async\" src=\"\/wp-content\/uploads\/factory-14.webp\"\/><\/p>\n<h2>\u010cASTO KLADEN\u00c9 DOTAZY<\/h2>\n<p><p><b>1.Co je CNC hlin\u00edk?<\/b><\/p>\n<p>CNC hlin\u00edk ozna\u010duje hlin\u00edkov\u00e9 d\u00edly, kter\u00e9 jsou obr\u00e1b\u011bny pomoc\u00ed technologie CNC (Computer Numerical Control), co\u017e zaji\u0161\u0165uje vysokou p\u0159esnost, odolnost a p\u0159izp\u016fsoben\u00ed pro r\u016fzn\u00e9 aplikace.<br \/>\n<\/p><br \/>\n<br \/>\n<p><b>2.Pro\u010d se u hlin\u00edkov\u00fdch d\u00edl\u016f up\u0159ednost\u0148uje CNC obr\u00e1b\u011bn\u00ed?<\/b><\/p>\n<p>CNC obr\u00e1b\u011bn\u00ed nab\u00edz\u00ed vysokou p\u0159esnost, \u00fazk\u00e9 tolerance a schopnost vytv\u00e1\u0159et slo\u017eit\u00e9 tvary, tak\u017ee je ide\u00e1ln\u00ed pro obr\u00e1b\u011bn\u00ed hlin\u00edkov\u00fdch d\u00edl\u016f pou\u017e\u00edvan\u00fdch v r\u016fzn\u00fdch pr\u016fmyslov\u00fdch odv\u011btv\u00edch.<br \/>\n<\/p><br \/>\n<br \/>\n<p><b>3.Jak p\u0159esn\u00e9 jsou CNC hlin\u00edkov\u00e9 d\u00edly?<\/b><\/p>\n<p>Hlin\u00edkov\u00e9 d\u00edly CNC jsou vyr\u00e1b\u011bny s vysokou p\u0159esnost\u00ed, dosahuj\u00ed \u00fazk\u00fdch toleranc\u00ed a vynikaj\u00edc\u00ed rozm\u011brov\u00e9 p\u0159esnosti pro n\u00e1ro\u010dn\u00e9 aplikace.<br \/>\n<\/p><br \/>\n<br \/>\n<p><b>4.Can CNC hlin\u00edkov\u00e9 d\u00edly b\u00fdt p\u0159izp\u016fsobeny?<\/b><\/p>\n<p>Ano, hlin\u00edkov\u00e9 d\u00edly CNC lze snadno p\u0159izp\u016fsobit z hlediska velikosti, tvaru a designu tak, aby vyhovovaly specifick\u00fdm pot\u0159eb\u00e1m r\u016fzn\u00fdch projekt\u016f.<br \/>\n<\/p><br \/>\n<br \/>\n<p><b>5.Pro jak\u00e1 pr\u016fmyslov\u00e1 odv\u011btv\u00ed je CNC hlin\u00edk p\u0159\u00ednosem?<\/b><\/p>\n<p>Hlin\u00edk CNC se d\u00edky sv\u00e9 lehkosti, pevnosti a v\u0161estrannosti hojn\u011b pou\u017e\u00edv\u00e1 v pr\u016fmyslov\u00fdch odv\u011btv\u00edch, jako je automobilov\u00fd a leteck\u00fd pr\u016fmysl, elektronika a v\u00fdroba.<br \/>\n<\/p><br \/>\n<br \/>\n<p><b>6.Jak rychle lze vyr\u00e1b\u011bt hlin\u00edkov\u00e9 d\u00edly CNC?<\/b><\/p>\n<p>V\u00fdroba hlin\u00edkov\u00fdch d\u00edl\u016f CNC je efektivn\u00ed a nab\u00edz\u00ed rychl\u00e9 \u010dasy realizace, aby bylo mo\u017en\u00e9 dodr\u017eet kr\u00e1tk\u00e9 term\u00edny projekt\u016f p\u0159i zachov\u00e1n\u00ed vysok\u00e9 kvality.<br \/>\n<\/p><br \/>\n<br \/>\n<p><b>7.Jsou CNC hlin\u00edkov\u00e9 d\u00edly cenov\u011b v\u00fdhodn\u00e9?<\/b><\/p>\n<p>Ano, hlin\u00edkov\u00e9 d\u00edly CNC nab\u00edzej\u00ed n\u00e1kladov\u011b efektivn\u00ed \u0159e\u0161en\u00ed pro zak\u00e1zkovou v\u00fdrobu komponent\u016f a poskytuj\u00ed vysokou kvalitu za konkurenceschopn\u00e9 ceny pro mal\u00e9 i velk\u00e9 v\u00fdrobn\u00ed s\u00e9rie.<br \/>\n<\/p><br \/><\/p>","protected":false},"featured_media":8594,"template":"","categories":[68],"class_list":["post-8595","product","type-product","status-publish","has-post-thumbnail","hentry","category-cnc-machining-aluminum-profile"],"meta_box":{"hilight_text_group":{"product_hilight_text":"<li>High precision and quality in CNC machining of aluminum parts<\/li>\r\r\n<li>Customizable designs and sizes to fit specific project requirements<\/li>\r\r\n<li>Durable, lightweight, and corrosion-resistant aluminum material<\/li>\r\r\n<li>Cost-effective solution for both small and large-scale production<\/li>\r\r\n<li>Ideal for a wide range of industries, including automotive, aerospace, and electronics<\/li>\r\r\n<li>Fast turnaround times for quick project delivery<\/li>","product_chanpin_blog":"<ul>\r\r\n<li><a href=\"https:\/\/sinoextrud.com\/t-slot-v-slot-differences\/\" target=\"_blank\">t slot vs v slot<\/a><\/li>\r\r\n<li><a href=\"https:\/\/sinoextrud.com\/what-is-4040-aluminium-extrud\/\" target=\"_blank\">4040 aluminium extrusion<\/a><\/li>\r\r\n<li><a href=\"https:\/\/sinoextrud.com\/what-is-4040-aluminium-extrud\/\" target=\"_blank\">aluminum extrusions for industrial racks<\/a><\/li>\r\r\n<li><a href=\"https:\/\/sinoextrud.com\/powder-coating-aluminium-process\/\" target=\"_blank\">powder coating aluminium<\/a><\/li>\r\r\n<li><a href=\"https:\/\/sinoextrud.com\/what-is-an-aluminium-strip-ceiling\/\" target=\"_blank\">aluminium strip ceiling<\/a><\/li>\r\r\n<li><a href=\"https:\/\/sinoextrud.com\/what-is-a-heat-sink\/\" target=\"_blank\">what is a heat sink<\/a><\/li>\r\r\n<\/ul>","product_chanpin_chanpin":"<li><a href=\"https:\/\/sinoextrud.com\/product\/machined-aluminum-extrusion\/\" target=\"_blank\">Machined Aluminum Extrusion<\/a><\/li>\r\n<li><a href=\"https:\/\/sinoextrud.com\/product\/aluminum-extrusion-accessories\/\" target=\"_blank\">Aluminum Extrusion Accessories<\/a><\/li>\r\n<li><a href=\"https:\/\/sinoextrud.com\/product\/extruded-aluminum-brackets\/\" target=\"_blank\">Extruded Aluminum Brackets<\/a><\/li>\r\n<li><a href=\"https:\/\/sinoextrud.com\/product\/aluminium-extrusion-hinge\/\" target=\"_blank\">Aluminium Extrusion Hinge<\/a><\/li>\r\n<li><a href=\"https:\/\/sinoextrud.com\/product\/cnc-aluminium\/\" target=\"_blank\">Cnc Aluminium<\/a><\/li>\r\n<li><a href=\"https:\/\/sinoextrud.com\/product\/aluminium-profile-accessories\/\" target=\"_blank\">Aluminium Profile Accessories<\/a><\/li>\r\n<li><a href=\"https:\/\/sinoextrud.com\/product\/round-aluminum-extrusion-tubular-cnc-bending\/\" target=\"_blank\">Round Aluminum Extrusion Tubular Cnc Bending<\/a><\/li>\r\n<li><a href=\"https:\/\/sinoextrud.com\/product\/controller-shell-instrument-box-industrial-aluminum-profile-electromechanical-shell\/\" target=\"_blank\">Controller Shell Instrument Box Industrial Aluminum Profile Electromechanical Shell<\/a><\/li>\r\n<li><a href=\"https:\/\/sinoextrud.com\/product\/lay-in-tile-ceiling-system\/\" target=\"_blank\">Lay-in Tile Ceiling System<\/a><\/li>\r\n<li><a href=\"https:\/\/sinoextrud.com\/product\/machined-aluminum-extrusion\/\" target=\"_blank\">Machined Aluminum Extrusion<\/a><\/li>\r\n<li><a href=\"https:\/\/sinoextrud.com\/product\/extruded-aluminum-slide\/\" target=\"_blank\">Extruded Aluminum Slide<\/a><\/li>"},"feature_list":[]},"_links":{"self":[{"href":"https:\/\/sinoextrud.com\/cs\/wp-json\/wp\/v2\/product\/8595","targetHints":{"allow":["GET"]}}],"collection":[{"href":"https:\/\/sinoextrud.com\/cs\/wp-json\/wp\/v2\/product"}],"about":[{"href":"https:\/\/sinoextrud.com\/cs\/wp-json\/wp\/v2\/types\/product"}],"wp:featuredmedia":[{"embeddable":true,"href":"https:\/\/sinoextrud.com\/cs\/wp-json\/wp\/v2\/media\/8594"}],"wp:attachment":[{"href":"https:\/\/sinoextrud.com\/cs\/wp-json\/wp\/v2\/media?parent=8595"}],"wp:term":[{"taxonomy":"category","embeddable":true,"href":"https:\/\/sinoextrud.com\/cs\/wp-json\/wp\/v2\/categories?post=8595"}],"curies":[{"name":"wp","href":"https:\/\/api.w.org\/{rel}","templated":true}]}}