{"id":8591,"date":"2025-06-17T03:40:18","date_gmt":"2025-06-17T03:40:18","guid":{"rendered":"https:\/\/sinoextrud.com\/product\/extruded-aluminum-brackets\/"},"modified":"2025-06-24T06:34:28","modified_gmt":"2025-06-24T06:34:28","slug":"drzaky-z-extrudovaneho-hliniku","status":"publish","type":"product","link":"https:\/\/sinoextrud.com\/cs\/product\/extruded-aluminum-brackets\/","title":{"rendered":"Extrudovan\u00e9 hlin\u00edkov\u00e9 dr\u017e\u00e1ky"},"content":{"rendered":"<h2>Podrobnosti o produktech<\/h2>\n<table class=\"custom-table\">\n<tbody>\n<tr>\n<td> N\u00e1zev produktu<\/td>\n<td> Extrudovan\u00e9 hlin\u00edkov\u00e9 dr\u017e\u00e1ky<\/td>\n<\/tr>\n<tr>\n<td> Materi\u00e1l<\/td>\n<td> Slitina hlin\u00edku 6063-T5<\/td>\n<\/tr>\n<tr>\n<td> \u0160\u00ed\u0159ka<\/td>\n<td> P\u0159izp\u016fsoben\u00e9<\/td>\n<\/tr>\n<tr>\n<td> Barevn\u00fd vzorek<\/td>\n<td> povrchov\u00e1 \u00faprava fr\u00e9zov\u00e1n\u00edm<\/td>\n<\/tr>\n<tr>\n<td> Obr\u00e1b\u011bn\u00ed na CNC<\/td>\n<td> \u0159ez\u00e1n\u00ed, fr\u00e9zov\u00e1n\u00ed, vrt\u00e1n\u00ed atd.<\/td>\n<\/tr>\n<tr>\n<td> Z\u00e1ruka<\/td>\n<td> 25 let<\/td>\n<\/tr>\n<tr>\n<td> M\u00edrnost:<\/td>\n<td> T3-T8<\/td>\n<\/tr>\n<tr>\n<td> Typ:<\/td>\n<td> stavebn\u00ed v\u00fdrobky, pr\u016fmyslov\u00e9 stroje, dopravn\u00ed materi\u00e1l atd.<\/td>\n<\/tr>\n<tr>\n<td> Speci\u00e1ln\u00ed slu\u017eba:<\/td>\n<td> Nab\u00edzen\u00fd design na m\u00edru<\/td>\n<\/tr>\n<tr>\n<td> Ochrann\u00e1 zn\u00e1mka:<\/td>\n<td> Sinoextrud<\/td>\n<\/tr>\n<tr>\n<td> OEM:<\/td>\n<td> Nab\u00edzen\u00e9.<\/td>\n<\/tr>\n<\/tbody>\n<\/table>\n<h2>Na\u0161e v\u00fdrobn\u00ed z\u00e1kladna<\/h2>\n<h3>Panorama tov\u00e1rny<\/h3>\n<p><img decoding=\"async\" src=\"\/wp-content\/uploads\/factory-01.webp\"\/><\/p>\n<h3>D\u00edlna na v\u00fdrobu hlin\u00edkov\u00fdch ty\u010d\u00ed<\/h3>\n<p><img decoding=\"async\" src=\"\/wp-content\/uploads\/factory-02.webp\"\/><\/p>\n<p><img decoding=\"async\" src=\"\/wp-content\/uploads\/factory-03.webp\"\/><\/p>\n<h3>Sklad pl\u00edsn\u00ed<\/h3>\n<p><img decoding=\"async\" src=\"\/wp-content\/uploads\/factory-04.webp\"\/><\/p>\n<h3>43 linek na vytla\u010dov\u00e1n\u00ed hlin\u00edku (500 - 5500 tun)<\/h3>\n<p><img decoding=\"async\" src=\"\/wp-content\/uploads\/factory-05.webp\"\/><\/p>\n<p><img decoding=\"async\" src=\"\/wp-content\/uploads\/factory-06.webp\"\/><\/p>\n<p><img decoding=\"async\" src=\"\/wp-content\/uploads\/factory-07.webp\"\/><\/p>\n<h3>D\u00edlna pr\u00e1\u0161kov\u00e9ho lakov\u00e1n\u00ed<\/h3>\n<p><img decoding=\"async\" src=\"\/wp-content\/uploads\/factory-09.webp\"\/><\/p>\n<h3>D\u00edlna eloxov\u00e1n\u00ed<\/h3>\n<p><img decoding=\"async\" src=\"\/wp-content\/uploads\/factory-10.webp\"\/><\/p>\n<h3>Workshop o hloubkov\u00e9m zpracov\u00e1n\u00ed<\/h3>\n<p><img decoding=\"async\" src=\"\/wp-content\/uploads\/factory-11.webp\"\/><\/p>\n<h3>D\u00edlna CNC p\u0159esn\u00e9ho obr\u00e1b\u011bn\u00ed<\/h3>\n<p><img decoding=\"async\" src=\"\/wp-content\/uploads\/factory-11.5.webp\"\/><\/p>\n<h3>Sklad hotov\u00fdch v\u00fdrobk\u016f a exportn\u00ed sklad<\/h3>\n<p><img decoding=\"async\" src=\"\/wp-content\/uploads\/factory-12.webp\"\/><\/p>\n<p><img decoding=\"async\" src=\"\/wp-content\/uploads\/factory-13.webp\"\/><\/p>\n<p><img decoding=\"async\" src=\"\/wp-content\/uploads\/factory-14.webp\"\/><\/p>\n<h2>\u010cASTO KLADEN\u00c9 DOTAZY<\/h2>\n<p><p><b>1.Co jsou extrudovan\u00e9 hlin\u00edkov\u00e9 konzoly?<\/b><\/p>\n<p>Extrudovan\u00e9 hlin\u00edkov\u00e9 konzoly jsou nosn\u00e9 konstrukce vyroben\u00e9 z hlin\u00edku, kter\u00e9 jsou tvarov\u00e1ny procesem vytla\u010dov\u00e1n\u00ed a b\u011b\u017en\u011b se pou\u017e\u00edvaj\u00ed ve stavebnictv\u00ed a v pr\u016fmyslu.<br \/>\n<\/p><br \/>\n<br \/>\n<p><b>2.Jak\u00e9 jsou v\u00fdhody pou\u017e\u00edv\u00e1n\u00ed extrudovan\u00fdch hlin\u00edkov\u00fdch konzol?<\/b><\/p>\n<p>Extrudovan\u00e9 hlin\u00edkov\u00e9 konzoly jsou odoln\u00e9, lehk\u00e9, odoln\u00e9 proti korozi a p\u0159izp\u016fsobiteln\u00e9, nab\u00edzej\u00ed silnou podporu a cenov\u011b v\u00fdhodn\u00e1 \u0159e\u0161en\u00ed pro r\u016fzn\u00e9 aplikace.<br \/>\n<\/p><br \/>\n<br \/>\n<p><b>3.Jak se vyr\u00e1b\u011bj\u00ed extrudovan\u00e9 hlin\u00edkov\u00e9 konzoly?<\/b><\/p>\n<p>Extrudovan\u00e9 hlin\u00edkov\u00e9 konzoly se vyr\u00e1b\u011bj\u00ed vytla\u010dov\u00e1n\u00edm hlin\u00edku p\u0159es lisovac\u00ed formu, \u010d\u00edm\u017e se vytvo\u0159\u00ed po\u017eadovan\u00fd tvar, kter\u00fd nab\u00edz\u00ed vysokou p\u0159esnost a \u00fa\u010dinnost.<br \/>\n<\/p><br \/>\n<br \/>\n<p><b>4.Can Extruded hlin\u00edkov\u00e9 dr\u017e\u00e1ky b\u00fdt p\u0159izp\u016fsobeny?<\/b><\/p>\n<p>Ano, extrudovan\u00e9 hlin\u00edkov\u00e9 konzoly lze pln\u011b p\u0159izp\u016fsobit z hlediska velikosti, tvaru a designu tak, aby spl\u0148ovaly specifick\u00e9 po\u017eadavky pro r\u016fzn\u00e9 pr\u016fmyslov\u00e9 aplikace.<br \/>\n<\/p><br \/>\n<br \/>\n<p><b>5.Jak\u00e1 odv\u011btv\u00ed pou\u017e\u00edvaj\u00ed extrudovan\u00e9 hlin\u00edkov\u00e9 konzoly?<\/b><\/p>\n<p>Extrudovan\u00e9 hlin\u00edkov\u00e9 konzoly se pou\u017e\u00edvaj\u00ed v pr\u016fmyslov\u00fdch odv\u011btv\u00edch, jako je stavebnictv\u00ed, automobilov\u00fd pr\u016fmysl a stroj\u00edrenstv\u00ed, kde jsou vy\u017eadov\u00e1ny pevn\u00e9 a lehk\u00e9 podp\u011bry pro r\u016fzn\u00e9 konstrukce a sou\u010d\u00e1sti.<br \/>\n<\/p><br \/>\n<br \/>\n<p><b>6.Jak\u00fd p\u0159\u00ednos m\u00e1 odolnost proti korozi extrudovan\u00fdch hlin\u00edkov\u00fdch konzol pro jejich v\u00fdkon?<\/b><\/p>\n<p>Odolnost proti korozi extrudovan\u00fdch hlin\u00edkov\u00fdch konzol zaji\u0161\u0165uje, \u017ee z\u016fst\u00e1vaj\u00ed odoln\u00e9 a funk\u010dn\u00ed i v n\u00e1ro\u010dn\u00fdch podm\u00ednk\u00e1ch prost\u0159ed\u00ed, co\u017e prodlu\u017euje jejich \u017eivotnost.<br \/>\n<\/p><br \/>\n<br \/>\n<p><b>7.Jsou extrudovan\u00e9 hlin\u00edkov\u00e9 konzoly \u0161etrn\u00e9 k \u017eivotn\u00edmu prost\u0159ed\u00ed?<\/b><\/p>\n<p>Ano, hlin\u00edk je udr\u017eiteln\u00fd a pln\u011b recyklovateln\u00fd materi\u00e1l, tak\u017ee extrudovan\u00e9 hlin\u00edkov\u00e9 konzoly jsou ekologicky odpov\u011bdnou volbou pro pr\u016fmyslov\u00e9 pou\u017eit\u00ed.<br \/>\n<\/p><br \/>\n<br \/>\n<p><b>8.Co d\u011bl\u00e1 extrudovan\u00e9 hlin\u00edkov\u00e9 konzoly n\u00e1kladov\u011b efektivn\u00ed?<\/b><\/p>\n<p>Extrudovan\u00e9 hlin\u00edkov\u00e9 konzoly jsou n\u00e1kladov\u011b efektivn\u00ed d\u00edky efektivn\u00edmu procesu vytla\u010dov\u00e1n\u00ed, kter\u00fd umo\u017e\u0148uje v\u00fdrobu mal\u00fdch i velk\u00fdch s\u00e9ri\u00ed za konkurenceschopn\u00e9 ceny.<br \/>\n<\/p><br \/><\/p>","protected":false},"featured_media":8590,"template":"","categories":[68],"class_list":["post-8591","product","type-product","status-publish","has-post-thumbnail","hentry","category-cnc-machining-aluminum-profile"],"meta_box":{"hilight_text_group":{"product_hilight_text":"<li>Durable and lightweight extruded aluminum material for strong, reliable support.<\/li>\r\r\n<li>Customizable designs to meet specific load-bearing and installation requirements.<\/li>\r\r\n<li>Corrosion-resistant surface ensures longevity in various environments.<\/li>\r\r\n<li>Efficient manufacturing process for cost-effective production of both small and large runs.<\/li>\r\r\n<li>Precision engineering guarantees a perfect fit and easy installation.<\/li>\r\r\n<li>Environmentally friendly, as aluminum is fully recyclable and sustainable.<\/li>","product_chanpin_blog":"<ul>\r\r\n<li><a href=\"https:\/\/sinoextrud.com\/t-slot-v-slot-differences\/\" target=\"_blank\">t slot vs v slot<\/a><\/li>\r\r\n<li><a href=\"https:\/\/sinoextrud.com\/what-is-4040-aluminium-extrud\/\" target=\"_blank\">4040 aluminium extrusion<\/a><\/li>\r\r\n<li><a href=\"https:\/\/sinoextrud.com\/what-is-4040-aluminium-extrud\/\" target=\"_blank\">aluminum extrusions for industrial racks<\/a><\/li>\r\r\n<li><a href=\"https:\/\/sinoextrud.com\/powder-coating-aluminium-process\/\" target=\"_blank\">powder coating aluminium<\/a><\/li>\r\r\n<li><a href=\"https:\/\/sinoextrud.com\/what-is-an-aluminium-strip-ceiling\/\" target=\"_blank\">aluminium strip ceiling<\/a><\/li>\r\r\n<li><a href=\"https:\/\/sinoextrud.com\/what-is-a-heat-sink\/\" target=\"_blank\">what is a heat sink<\/a><\/li>\r\r\n<\/ul>","product_chanpin_chanpin":"<li><a href=\"https:\/\/sinoextrud.com\/product\/aluminum-machining-round-tube-processing-by-aluminum-profile-cad-vs-aluminium-alloy-customized-anodized\/\" target=\"_blank\">aluminum machining round tube processing by aluminum profile cad  vs aluminium alloy Customized Anodized<\/a><\/li>\r\n<li><a href=\"https:\/\/sinoextrud.com\/product\/aluminium-profile-rail\/\" target=\"_blank\">Aluminium Profile Rail<\/a><\/li>\r\n<li><a href=\"https:\/\/sinoextrud.com\/product\/machined-aluminum-extrusion\/\" target=\"_blank\">Machined Aluminum Extrusion<\/a><\/li>\r\n<li><a href=\"https:\/\/sinoextrud.com\/product\/aluminum-extrusion-accessories\/\" target=\"_blank\">Aluminum Extrusion Accessories<\/a><\/li>\r\n<li><a href=\"https:\/\/sinoextrud.com\/product\/extruded-aluminum-brackets\/\" target=\"_blank\">Extruded Aluminum Brackets<\/a><\/li>\r\n<li><a href=\"https:\/\/sinoextrud.com\/product\/aluminium-extrusion-hinge\/\" target=\"_blank\">Aluminium Extrusion Hinge<\/a><\/li>\r\n<li><a href=\"https:\/\/sinoextrud.com\/product\/cnc-aluminium\/\" target=\"_blank\">Cnc Aluminium<\/a><\/li>\r\n<li><a href=\"https:\/\/sinoextrud.com\/product\/aluminium-profile-accessories\/\" target=\"_blank\">Aluminium Profile Accessories<\/a><\/li>\r\n<li><a href=\"https:\/\/sinoextrud.com\/product\/round-aluminum-extrusion-tubular-cnc-bending\/\" target=\"_blank\">Round Aluminum Extrusion Tubular Cnc Bending<\/a><\/li>\r\n<li><a href=\"https:\/\/sinoextrud.com\/product\/extruded-aluminum-for-outdoor-light-heat-sink\/\" target=\"_blank\">Extruded Aluminum For Outdoor Light Heat Sink<\/a><\/li>\r\n<li><a href=\"https:\/\/sinoextrud.com\/product\/6000-series-alloy-extruded-aluminium-profile-for-industrial-solar-panel-frame-structure\/\" target=\"_blank\">6000 Series Alloy Extruded Aluminium Profile For Industrial Solar Panel Frame Structure<\/a><\/li>"},"feature_list":[]},"_links":{"self":[{"href":"https:\/\/sinoextrud.com\/cs\/wp-json\/wp\/v2\/product\/8591","targetHints":{"allow":["GET"]}}],"collection":[{"href":"https:\/\/sinoextrud.com\/cs\/wp-json\/wp\/v2\/product"}],"about":[{"href":"https:\/\/sinoextrud.com\/cs\/wp-json\/wp\/v2\/types\/product"}],"wp:featuredmedia":[{"embeddable":true,"href":"https:\/\/sinoextrud.com\/cs\/wp-json\/wp\/v2\/media\/8590"}],"wp:attachment":[{"href":"https:\/\/sinoextrud.com\/cs\/wp-json\/wp\/v2\/media?parent=8591"}],"wp:term":[{"taxonomy":"category","embeddable":true,"href":"https:\/\/sinoextrud.com\/cs\/wp-json\/wp\/v2\/categories?post=8591"}],"curies":[{"name":"wp","href":"https:\/\/api.w.org\/{rel}","templated":true}]}}