{"id":8589,"date":"2025-06-17T03:39:01","date_gmt":"2025-06-17T03:39:01","guid":{"rendered":"https:\/\/sinoextrud.com\/product\/aluminum-extrusion-accessories\/"},"modified":"2025-06-24T06:34:28","modified_gmt":"2025-06-24T06:34:28","slug":"prislusenstvi-pro-hlinikove-vylisky","status":"publish","type":"product","link":"https:\/\/sinoextrud.com\/cs\/product\/aluminum-extrusion-accessories\/","title":{"rendered":"Hlin\u00edkov\u00e9 vytla\u010dovac\u00ed p\u0159\u00edslu\u0161enstv\u00ed"},"content":{"rendered":"<h2>Podrobnosti o produktech<\/h2>\n<table class=\"custom-table\">\n<tbody>\n<tr>\n<td> Polo\u017eka<\/td>\n<td> Hlin\u00edkov\u00e9 vytla\u010dovac\u00ed p\u0159\u00edslu\u0161enstv\u00ed<\/td>\n<\/tr>\n<tr>\n<td> Materi\u00e1l<\/td>\n<td> Hlin\u00edk<\/td>\n<\/tr>\n<tr>\n<td> Povrchov\u00e1 \u00faprava<\/td>\n<td> eloxov\u00e1n\u00ed, pr\u00e1\u0161kov\u00e9 lakov\u00e1n\u00ed na m\u00edru<\/td>\n<\/tr>\n<tr>\n<td> Tolerance<\/td>\n<td> \u00b10,02 mm<\/td>\n<\/tr>\n<tr>\n<td> Standard kvality<\/td>\n<td> ISO9001:2008<\/td>\n<\/tr>\n<tr>\n<td> Kontroln\u00ed za\u0159\u00edzen\u00ed<\/td>\n<td> Kalibry, mikrometr, v\u00fd\u0161kom\u011br, \u010dty\u0159hran, m\u011b\u0159idlo, tester drsnosti<\/td>\n<\/tr>\n<tr>\n<td> Form\u00e1t v\u00fdkresu<\/td>\n<td> IGS, STP, AutoCAD2004-2010 atd.<\/td>\n<\/tr>\n<tr>\n<td> Balen\u00ed<\/td>\n<td> Standardn\u00ed exportn\u00ed karton nebo na z\u00e1klad\u011b po\u017eadavku z\u00e1kazn\u00edka<\/td>\n<\/tr>\n<tr>\n<td> OEM &amp; ODM slu\u017eby<\/td>\n<td> K dispozici jsou slu\u017eby OEM a ODM<\/td>\n<\/tr>\n<tr>\n<td> Barva<\/td>\n<td> pro hlin\u00edkov\u00e9 d\u00edly a jak\u00e1koli barva je pro n\u00e1s v po\u0159\u00e1dku<\/td>\n<\/tr>\n<tr>\n<td> Logo<\/td>\n<td> K dispozici je slu\u017eba tisku loga<\/td>\n<\/tr>\n<\/tbody>\n<\/table>\n<h2>Na\u0161e v\u00fdrobn\u00ed z\u00e1kladna<\/h2>\n<h3>Panorama tov\u00e1rny<\/h3>\n<p><img decoding=\"async\" src=\"\/wp-content\/uploads\/factory-01.webp\"\/><\/p>\n<h3>D\u00edlna na v\u00fdrobu hlin\u00edkov\u00fdch ty\u010d\u00ed<\/h3>\n<p><img decoding=\"async\" src=\"\/wp-content\/uploads\/factory-02.webp\"\/><\/p>\n<p><img decoding=\"async\" src=\"\/wp-content\/uploads\/factory-03.webp\"\/><\/p>\n<h3>Sklad pl\u00edsn\u00ed<\/h3>\n<p><img decoding=\"async\" src=\"\/wp-content\/uploads\/factory-04.webp\"\/><\/p>\n<h3>43 linek na vytla\u010dov\u00e1n\u00ed hlin\u00edku (500-5500 tun)<\/h3>\n<p><img decoding=\"async\" src=\"\/wp-content\/uploads\/factory-05.webp\"\/><\/p>\n<p><img decoding=\"async\" src=\"\/wp-content\/uploads\/factory-06.webp\"\/><\/p>\n<p><img decoding=\"async\" src=\"\/wp-content\/uploads\/factory-07.webp\"\/><\/p>\n<h3>D\u00edlna pr\u00e1\u0161kov\u00e9ho lakov\u00e1n\u00ed<\/h3>\n<p><img decoding=\"async\" src=\"\/wp-content\/uploads\/factory-09.webp\"\/><\/p>\n<h3>D\u00edlna eloxov\u00e1n\u00ed<\/h3>\n<p><img decoding=\"async\" src=\"\/wp-content\/uploads\/factory-10.webp\"\/><\/p>\n<h3>Workshop o hloubkov\u00e9m zpracov\u00e1n\u00ed<\/h3>\n<p><img decoding=\"async\" src=\"\/wp-content\/uploads\/factory-11.webp\"\/><\/p>\n<h3>D\u00edlna CNC p\u0159esn\u00e9ho obr\u00e1b\u011bn\u00ed<\/h3>\n<p><img decoding=\"async\" src=\"\/wp-content\/uploads\/factory-11.5.webp\"\/><\/p>\n<h3>Sklad hotov\u00fdch v\u00fdrobk\u016f a exportn\u00ed sklad<\/h3>\n<p><img decoding=\"async\" src=\"\/wp-content\/uploads\/factory-12.webp\"\/><\/p>\n<p><img decoding=\"async\" src=\"\/wp-content\/uploads\/factory-13.webp\"\/><\/p>\n<p><img decoding=\"async\" src=\"\/wp-content\/uploads\/factory-14.webp\"\/><\/p>\n<h2>\u010cASTO KLADEN\u00c9 DOTAZY<\/h2>\n<p><p><b>1.Aluminum Extrusion Accessories: Jak\u00e9 typy p\u0159\u00edslu\u0161enstv\u00ed jsou k dispozici pro hlin\u00edkov\u00e9 v\u00fdlisky?<\/b><\/p>\n<p>P\u0159\u00edslu\u0161enstv\u00ed pro hlin\u00edkov\u00e9 v\u00fdlisky zahrnuje konektory, konzoly, spojovac\u00ed prvky, koncovky a z\u00e1v\u011bsy, kter\u00e9 jsou navr\u017eeny tak, aby vylep\u0161ovaly a dopl\u0148ovaly syst\u00e9my hlin\u00edkov\u00fdch profil\u016f.<br \/>\n<\/p><br \/>\n<br \/>\n<p><b>2.Jak p\u0159\u00edslu\u0161enstv\u00ed pro vytla\u010dov\u00e1n\u00ed hlin\u00edku zlep\u0161uje funk\u010dnost syst\u00e9mu?<\/b><\/p>\n<p>Toto p\u0159\u00edslu\u0161enstv\u00ed poskytuje dodate\u010dnou konstruk\u010dn\u00ed podporu, snadnou mont\u00e1\u017e a mo\u017enosti p\u0159izp\u016fsoben\u00ed, \u010d\u00edm\u017e zlep\u0161uje celkovou funk\u010dnost a v\u0161estrannost syst\u00e9m\u016f hlin\u00edkov\u00fdch profil\u016f.<br \/>\n<\/p><br \/>\n<br \/>\n<p><b>3.Jsou hlin\u00edkov\u00e9 lisovan\u00e9 dopl\u0148ky vhodn\u00e9 pro venkovn\u00ed pou\u017eit\u00ed?<\/b><\/p>\n<p>Ano, p\u0159\u00edslu\u0161enstv\u00ed z hlin\u00edkov\u00fdch v\u00fdlisk\u016f je \u010dasto odoln\u00e9 proti korozi, tak\u017ee je vhodn\u00e9 pro vnit\u0159n\u00ed i venkovn\u00ed pou\u017eit\u00ed, a to i v drsn\u00e9m prost\u0159ed\u00ed.<br \/>\n<\/p><br \/>\n<br \/>\n<p><b>4.Lze p\u0159\u00edslu\u0161enstv\u00ed pro vytla\u010dov\u00e1n\u00ed hlin\u00edku p\u0159izp\u016fsobit konkr\u00e9tn\u00edm projekt\u016fm?<\/b><\/p>\n<p>Ano, p\u0159\u00edslu\u0161enstv\u00ed pro vytla\u010dov\u00e1n\u00ed hlin\u00edku lze p\u0159izp\u016fsobit z hlediska velikosti, designu a materi\u00e1lu tak, aby vyhovovalo specifick\u00fdm pot\u0159eb\u00e1m r\u016fzn\u00fdch pr\u016fmyslov\u00fdch aplikac\u00ed.<br \/>\n<\/p><br \/>\n<br \/>\n<p><b>5.Jak\u00e1 pr\u016fmyslov\u00e1 odv\u011btv\u00ed maj\u00ed prosp\u011bch z hlin\u00edkov\u00e9ho vytla\u010dovac\u00edho p\u0159\u00edslu\u0161enstv\u00ed?<\/b><\/p>\n<p>Odv\u011btv\u00ed, jako je stavebnictv\u00ed, automatizace, automobilov\u00fd pr\u016fmysl a v\u00fdroba, spol\u00e9haj\u00ed na hlin\u00edkov\u00e9 vytla\u010dovac\u00ed p\u0159\u00edslu\u0161enstv\u00ed pro jeho odolnost, flexibilitu a snadn\u00e9 pou\u017eit\u00ed.<br \/>\n<\/p><br \/>\n<br \/>\n<p><b>6.Jak prob\u00edh\u00e1 proces instalace p\u0159\u00edslu\u0161enstv\u00ed pro hlin\u00edkov\u00e9 v\u00fdlisky?<\/b><\/p>\n<p>P\u0159\u00edslu\u0161enstv\u00ed z hlin\u00edkov\u00fdch v\u00fdlisk\u016f je navr\u017eeno pro snadnou instalaci, \u010dasto vy\u017eaduje jen minimum n\u00e1stroj\u016f a nab\u00edz\u00ed flexibiln\u00ed \u0159e\u0161en\u00ed pro r\u016fzn\u00e9 konstruk\u010dn\u00ed konfigurace.<br \/>\n<\/p><br \/>\n<br \/>\n<p><b>7.Pro\u010d je hlin\u00edkov\u00e9 vytla\u010dovac\u00ed p\u0159\u00edslu\u0161enstv\u00ed n\u00e1kladov\u011b efektivn\u00edm \u0159e\u0161en\u00edm?<\/b><\/p>\n<p>Toto p\u0159\u00edslu\u0161enstv\u00ed je cenov\u011b v\u00fdhodn\u00e9, proto\u017ee se snadno instaluje, p\u0159izp\u016fsobuje a poskytuje spolehlivou a dlouhodobou podporu bez nutnosti slo\u017eit\u00fdch a n\u00e1kladn\u00fdch z\u00e1kaznick\u00fdch \u0159e\u0161en\u00ed.<br \/>\n<\/p><br \/><\/p>","protected":false},"featured_media":8588,"template":"","categories":[68],"class_list":["post-8589","product","type-product","status-publish","has-post-thumbnail","hentry","category-cnc-machining-aluminum-profile"],"meta_box":{"hilight_text_group":{"product_hilight_text":"<li>Wide range of accessories designed to complement aluminum extrusions<\/li>\r\r\n<li>Durable, high-quality materials for long-lasting performance<\/li>\r\r\n<li>Easy installation with customizable solutions for various applications<\/li>\r\r\n<li>Corrosion-resistant, making them ideal for both indoor and outdoor environments<\/li>\r\r\n<li>Cost-effective and versatile, providing functional support to aluminum structures<\/li>","product_chanpin_blog":"<ul>\r\r\n<li><a href=\"https:\/\/sinoextrud.com\/t-slot-v-slot-differences\/\" target=\"_blank\">t slot vs v slot<\/a><\/li>\r\r\n<li><a href=\"https:\/\/sinoextrud.com\/what-is-4040-aluminium-extrud\/\" target=\"_blank\">4040 aluminium extrusion<\/a><\/li>\r\r\n<li><a href=\"https:\/\/sinoextrud.com\/what-is-4040-aluminium-extrud\/\" target=\"_blank\">aluminum extrusions for industrial racks<\/a><\/li>\r\r\n<li><a href=\"https:\/\/sinoextrud.com\/powder-coating-aluminium-process\/\" target=\"_blank\">powder coating aluminium<\/a><\/li>\r\r\n<li><a href=\"https:\/\/sinoextrud.com\/what-is-an-aluminium-strip-ceiling\/\" target=\"_blank\">aluminium strip ceiling<\/a><\/li>\r\r\n<li><a href=\"https:\/\/sinoextrud.com\/what-is-a-heat-sink\/\" target=\"_blank\">what is a heat sink<\/a><\/li>\r\r\n<\/ul>","product_chanpin_chanpin":"<li><a href=\"https:\/\/sinoextrud.com\/product\/extruded-aluminum-housing\/\" target=\"_blank\">Extruded Aluminum Housing<\/a><\/li>\r\n<li><a href=\"https:\/\/sinoextrud.com\/product\/aluminum-machining-round-tube-processing-by-aluminum-profile-cad-vs-aluminium-alloy-customized-anodized\/\" target=\"_blank\">aluminum machining round tube processing by aluminum profile cad  vs aluminium alloy Customized Anodized<\/a><\/li>\r\n<li><a href=\"https:\/\/sinoextrud.com\/product\/aluminium-profile-rail\/\" target=\"_blank\">Aluminium Profile Rail<\/a><\/li>\r\n<li><a href=\"https:\/\/sinoextrud.com\/product\/machined-aluminum-extrusion\/\" target=\"_blank\">Machined Aluminum Extrusion<\/a><\/li>\r\n<li><a href=\"https:\/\/sinoextrud.com\/product\/aluminum-extrusion-accessories\/\" target=\"_blank\">Aluminum Extrusion Accessories<\/a><\/li>\r\n<li><a href=\"https:\/\/sinoextrud.com\/product\/extruded-aluminum-brackets\/\" target=\"_blank\">Extruded Aluminum Brackets<\/a><\/li>\r\n<li><a href=\"https:\/\/sinoextrud.com\/product\/aluminium-extrusion-hinge\/\" target=\"_blank\">Aluminium Extrusion Hinge<\/a><\/li>\r\n<li><a href=\"https:\/\/sinoextrud.com\/product\/cnc-aluminium\/\" target=\"_blank\">Cnc Aluminium<\/a><\/li>\r\n<li><a href=\"https:\/\/sinoextrud.com\/product\/aluminium-profile-accessories\/\" target=\"_blank\">Aluminium Profile Accessories<\/a><\/li>\r\n<li><a href=\"https:\/\/sinoextrud.com\/product\/aluminum-profile-price-of-aluminium-partition-wall-studs-aluminum-manufacturer\/\" target=\"_blank\">aluminum profile price of aluminium partition wall studs aluminum manufacturer<\/a><\/li>\r\n<li><a href=\"https:\/\/sinoextrud.com\/product\/cnc-machined-6063-extruded-aluminum-fasteners\/\" target=\"_blank\">CNC Machined 6063 Extruded Aluminum Fasteners<\/a><\/li>"},"feature_list":[]},"_links":{"self":[{"href":"https:\/\/sinoextrud.com\/cs\/wp-json\/wp\/v2\/product\/8589","targetHints":{"allow":["GET"]}}],"collection":[{"href":"https:\/\/sinoextrud.com\/cs\/wp-json\/wp\/v2\/product"}],"about":[{"href":"https:\/\/sinoextrud.com\/cs\/wp-json\/wp\/v2\/types\/product"}],"wp:featuredmedia":[{"embeddable":true,"href":"https:\/\/sinoextrud.com\/cs\/wp-json\/wp\/v2\/media\/8588"}],"wp:attachment":[{"href":"https:\/\/sinoextrud.com\/cs\/wp-json\/wp\/v2\/media?parent=8589"}],"wp:term":[{"taxonomy":"category","embeddable":true,"href":"https:\/\/sinoextrud.com\/cs\/wp-json\/wp\/v2\/categories?post=8589"}],"curies":[{"name":"wp","href":"https:\/\/api.w.org\/{rel}","templated":true}]}}