{"id":8583,"date":"2025-06-17T03:31:38","date_gmt":"2025-06-17T03:31:38","guid":{"rendered":"https:\/\/sinoextrud.com\/product\/aluminum-machining-round-tube-processing-by-aluminum-profile-cad-vs-aluminium-alloy-customized-anodized\/"},"modified":"2025-06-24T06:34:26","modified_gmt":"2025-06-24T06:34:26","slug":"obrabeni-hliniku-kulate-trubky-zpracovani-hlinikoveho-profilu-cad-vs-hlinikove-slitiny-prizpusobene-eloxovane","status":"publish","type":"product","link":"https:\/\/sinoextrud.com\/cs\/product\/aluminum-machining-round-tube-processing-by-aluminum-profile-cad-vs-aluminium-alloy-customized-anodized\/","title":{"rendered":"obr\u00e1b\u011bn\u00ed hlin\u00edku kulat\u00e9 trubky zpracov\u00e1n\u00ed hlin\u00edkov\u00e9ho profilu cad vs hlin\u00edkov\u00e9 slitiny p\u0159izp\u016fsoben\u00e9 eloxovan\u00e9"},"content":{"rendered":"<h2>Podrobnosti o produktech<\/h2>\n<table class=\"custom-table\">\n<tr>\n<td class=\"label\">Polo\u017eka<\/td>\n<td>kulat\u00e1 hlin\u00edkov\u00e1 trubka<\/td>\n<\/tr>\n<tr>\n<td class=\"label\">Materi\u00e1l<\/td>\n<td>Hlin\u00edkov\u00e1 slitina \u0159ady 6000, nap\u0159. 6061, 6063, 6082, 6463 atd.<\/td>\n<\/tr>\n<tr>\n<td class=\"label\">Temperament<\/td>\n<td>T4, T5, T6<\/td>\n<\/tr>\n<tr>\n<td class=\"label\">Tlou\u0161\u0165ka<\/td>\n<td>Obecn\u00e1 tlou\u0161\u0165ka profilu: 0,8-5,0 mm; Tlou\u0161\u0165ka eloxovan\u00e9 ochrany: 8-25um; Tlou\u0161\u0165ka barvy pr\u00e1\u0161kov\u00e9ho povlaku: 40-120um.<\/td>\n<\/tr>\n<tr>\n<td class=\"label\">Velikost<\/td>\n<td>na m\u00edru.<\/td>\n<\/tr>\n<tr>\n<td class=\"label\">Tvar<\/td>\n<td>\u010ctvercov\u00e9, ploch\u00e9, kulat\u00e9, dut\u00e9, ov\u00e1ln\u00e9, troj\u00faheln\u00edkov\u00e9, U-profil, L-profil, T-profil, H-profil, na zak\u00e1zku.<\/td>\n<\/tr>\n<tr>\n<td class=\"label\">Barva<\/td>\n<td>St\u0159\u00edbrn\u00e1, \u0161ampa\u0148sk\u00e1, \u010dern\u00e1, bronzov\u00e1, zlat\u00e1, b\u00edl\u00e1 nebo na zak\u00e1zku<\/td>\n<\/tr>\n<tr>\n<td class=\"label\">Aplikace<\/td>\n<td>Okna a dve\u0159e, z\u00e1v\u011bsy, sklen\u011bn\u00e9 st\u011bny, n\u00e1bytek, stropy, kuchyn\u011b, LED p\u00e1sky, dopravn\u00ed kolejnice, vozidla, motorov\u00e9 sk\u0159\u00edn\u011b, stroje, stany, sol\u00e1rn\u00ed panely, pr\u016fmyslov\u00e9 profily, dekora\u010dn\u00ed profily atd.<\/td>\n<\/tr>\n<tr>\n<td class=\"label\">Hloubkov\u00fd proces<\/td>\n<td>CNC, vrt\u00e1n\u00ed, fr\u00e9zov\u00e1n\u00ed, \u0159ez\u00e1n\u00ed, z\u00e1vitov\u00e1n\u00ed, sva\u0159ov\u00e1n\u00ed, oh\u00fdb\u00e1n\u00ed, mont\u00e1\u017e.<\/td>\n<\/tr>\n<tr>\n<td class=\"label\">MOQ<\/td>\n<td>200 kg pro ka\u017edou polo\u017eku, obvykle 13-15 tun pro 20GP, 25-28 tun pro 40HQ.<\/td>\n<\/tr>\n<tr>\n<td class=\"label\">Slu\u017eba OEM<\/td>\n<td>Nab\u00eddka v\u00fdkresu, vzorku nebo n\u00e1vrhu od z\u00e1kazn\u00edka.<\/td>\n<\/tr>\n<tr>\n<td class=\"label\">V\u00fdrobn\u00ed kapacita<\/td>\n<td>2400-3000 tun m\u011bs\u00ed\u010dn\u011b.<\/td>\n<\/tr>\n<tr>\n<td class=\"label\">N\u00e1zev zna\u010dky<\/td>\n<td>Sinoextrud (Sinoextrud hlin\u00edk)<\/td>\n<\/tr>\n<tr>\n<td class=\"label\">Certifik\u00e1ty a standardn\u00ed<\/td>\n<td>1) ISO9001-2008\/ISO 9001:2008; 2) CQM CERTIFIK\u00c1TY; 3) SGS, CE, BV, JIS, AS, NZS, QUALICOAT, QUOLANOD K DISPOZICI.<\/td>\n<\/tr>\n<\/table>\n<h2>Na\u0161e v\u00fdrobn\u00ed z\u00e1kladna<\/h2>\n<h3>Panorama tov\u00e1rny<\/h3>\n<p><img decoding=\"async\" src=\"\/wp-content\/uploads\/factory-01.webp\"\/><\/p>\n<h3>D\u00edlna na v\u00fdrobu hlin\u00edkov\u00fdch ty\u010d\u00ed<\/h3>\n<p><img decoding=\"async\" src=\"\/wp-content\/uploads\/factory-02.webp\"\/><\/p>\n<p><img decoding=\"async\" src=\"\/wp-content\/uploads\/factory-03.webp\"\/><\/p>\n<h3>Sklad pl\u00edsn\u00ed<\/h3>\n<p><img decoding=\"async\" src=\"\/wp-content\/uploads\/factory-04.webp\"\/><\/p>\n<h3>43 linek na vytla\u010dov\u00e1n\u00ed hlin\u00edku (500 - 5500 tun)<\/h3>\n<p><img decoding=\"async\" src=\"\/wp-content\/uploads\/factory-05.webp\"\/><\/p>\n<p><img decoding=\"async\" src=\"\/wp-content\/uploads\/factory-06.webp\"\/><\/p>\n<p><img decoding=\"async\" src=\"\/wp-content\/uploads\/factory-07.webp\"\/><\/p>\n<h3>D\u00edlna pr\u00e1\u0161kov\u00e9ho lakov\u00e1n\u00ed<\/h3>\n<p><img decoding=\"async\" src=\"\/wp-content\/uploads\/factory-09.webp\"\/><\/p>\n<h3>D\u00edlna eloxov\u00e1n\u00ed<\/h3>\n<p><img decoding=\"async\" src=\"\/wp-content\/uploads\/factory-10.webp\"\/><\/p>\n<h3>Workshop o hloubkov\u00e9m zpracov\u00e1n\u00ed<\/h3>\n<p><img decoding=\"async\" src=\"\/wp-content\/uploads\/factory-11.webp\"\/><\/p>\n<h3>D\u00edlna CNC p\u0159esn\u00e9ho obr\u00e1b\u011bn\u00ed<\/h3>\n<p><img decoding=\"async\" src=\"\/wp-content\/uploads\/factory-11.5.webp\"\/><\/p>\n<h3>Sklad hotov\u00fdch v\u00fdrobk\u016f a exportn\u00ed sklad<\/h3>\n<p><img decoding=\"async\" src=\"\/wp-content\/uploads\/factory-12.webp\"\/><\/p>\n<p><img decoding=\"async\" src=\"\/wp-content\/uploads\/factory-13.webp\"\/><\/p>\n<p><img decoding=\"async\" src=\"\/wp-content\/uploads\/factory-14.webp\"\/><\/p>\n<h2>\u010cASTO KLADEN\u00c9 DOTAZY<\/h2>\n<p><p><b>1.aluminium machining round tube processing by aluminium profile cad vs aluminium alloy Customized Anodized: Jak technologie CAD zlep\u0161uje obr\u00e1b\u011bn\u00ed hlin\u00edkov\u00fdch trubek?<\/b><\/p>\n<p>Technologie CAD zaji\u0161\u0165uje p\u0159esn\u00fd n\u00e1vrh a obr\u00e1b\u011bn\u00ed, co\u017e umo\u017e\u0148uje vytv\u00e1\u0159et vysoce p\u0159izp\u016fsoben\u00e9 a p\u0159esn\u00e9 hlin\u00edkov\u00e9 profily a trubky.<br \/>\n<\/p><br \/>\n<br \/>\n<p><b>2.Jak\u00e1 je v\u00fdhoda eloxov\u00e1n\u00ed trubek z hlin\u00edkov\u00e9 slitiny?<\/b><\/p>\n<p>Eloxov\u00e1n\u00ed hlin\u00edku zvy\u0161uje odolnost proti korozi, zvy\u0161uje tvrdost povrchu a poskytuje atraktivn\u00ed povrchovou \u00fapravu, tak\u017ee trubky jsou odoln\u011bj\u0161\u00ed a vhodn\u00e9 do n\u00e1ro\u010dn\u00fdch podm\u00ednek.<br \/>\n<\/p><br \/>\n<br \/>\n<p><b>3.Mohou b\u00fdt trubky z hlin\u00edkov\u00e9 slitiny p\u0159izp\u016fsobeny velikosti a tvaru?<\/b><\/p>\n<p>Ano, technologie CAD umo\u017e\u0148uje p\u0159esn\u00e9 p\u0159izp\u016fsoben\u00ed velikosti a tvaru trubek z hlin\u00edkov\u00fdch slitin, kter\u00e9 spl\u0148uj\u00ed specifick\u00e9 pot\u0159eby projektu a po\u017eadavky aplikace.<br \/>\n<\/p><br \/>\n<br \/>\n<p><b>4.Pro jak\u00e1 pr\u016fmyslov\u00e1 odv\u011btv\u00ed je v\u00fdhodn\u00e9 pou\u017e\u00edvat trubky z eloxovan\u00e9 hlin\u00edkov\u00e9 slitiny?<\/b><\/p>\n<p>Odv\u011btv\u00ed, jako je automobilov\u00fd, leteck\u00fd, stavebn\u00ed a elektronick\u00fd pr\u016fmysl, vyu\u017e\u00edvaj\u00ed pevnost, odolnost a mo\u017enosti p\u0159izp\u016fsoben\u00ed trubek z eloxovan\u00e9 hlin\u00edkov\u00e9 slitiny.<br \/>\n<\/p><br \/>\n<br \/>\n<p><b>5.Jak ovliv\u0148uje eloxov\u00e1n\u00ed povrchovou \u00fapravu hlin\u00edkov\u00fdch trubek?<\/b><\/p>\n<p>Eloxov\u00e1n\u00ed vytv\u00e1\u0159\u00ed hladkou a rovnom\u011brnou povrchovou \u00fapravu, kter\u00e1 zlep\u0161uje vzhled a poskytuje dodate\u010dnou ochranu proti opot\u0159eben\u00ed, korozi a vliv\u016fm prost\u0159ed\u00ed.<br \/>\n<\/p><br \/>\n<br \/>\n<p><b>6.Pro\u010d je hlin\u00edkov\u00e1 slitina up\u0159ednost\u0148ov\u00e1na p\u0159ed jin\u00fdmi materi\u00e1ly pro kruhov\u00e9 trubky?<\/b><\/p>\n<p>Hlin\u00edkov\u00e1 slitina je lehk\u00e1, ale pevn\u00e1 a nab\u00edz\u00ed vysok\u00fd pom\u011br pevnosti a hmotnosti, tak\u017ee je ide\u00e1ln\u00ed pro aplikace vy\u017eaduj\u00edc\u00ed odolnost i snadnou manipulaci.<br \/>\n<\/p><br \/>\n<br \/>\n<p><b>7.Jak\u00e9 jsou v\u00fdhody pou\u017eit\u00ed trubek z hlin\u00edkov\u00e9 slitiny na m\u00edru v pr\u016fmyslov\u00fdch aplikac\u00edch?<\/b><\/p>\n<p>Trubky z hlin\u00edkov\u00e9 slitiny na m\u00edru jsou navr\u017eeny tak, aby spl\u0148ovaly p\u0159esn\u00e9 specifikace, zlep\u0161ovaly v\u00fdkon, sni\u017eovaly pl\u00fdtv\u00e1n\u00ed materi\u00e1lem a dokonale vyhovovaly pr\u016fmyslov\u00fdm pot\u0159eb\u00e1m.<br \/>\n<\/p><br \/>\n<br \/>\n<p><b>8.Jak proces obr\u00e1b\u011bn\u00ed zaji\u0161\u0165uje p\u0159esnost p\u0159i v\u00fdrob\u011b hlin\u00edkov\u00fdch trubek?<\/b><\/p>\n<p>Obr\u00e1b\u011bc\u00ed proces umo\u017e\u0148uje dos\u00e1hnout \u00fazk\u00fdch toleranc\u00ed a p\u0159esn\u00fdch \u0159ez\u016f, co\u017e zaji\u0161\u0165uje, \u017ee hlin\u00edkov\u00e9 trubky spl\u0148uj\u00ed specifick\u00e9 po\u017eadavky a spolehliv\u011b funguj\u00ed v r\u016fzn\u00fdch aplikac\u00edch.<br \/>\n<\/p><br \/><\/p>","protected":false},"featured_media":8582,"template":"","categories":[68],"class_list":["post-8583","product","type-product","status-publish","has-post-thumbnail","hentry","category-cnc-machining-aluminum-profile"],"meta_box":{"hilight_text_group":{"product_hilight_text":"<li>Precision aluminum machining of round tubes with CAD-designed aluminum profiles ensures high accuracy and perfect fit.<\/li>\r\r\n<li>Custom anodized finishes enhance the durability and corrosion resistance of aluminum alloy tubes.<\/li>\r\r\n<li>Aluminum alloy offers high strength-to-weight ratio, making the tubes both lightweight and strong for various applications.<\/li>\r\r\n<li>CAD technology allows for highly customizable designs to meet specific functional and aesthetic requirements.<\/li>\r\r\n<li>Anodizing improves the surface hardness, providing additional wear resistance and a visually appealing finish.<\/li>","product_chanpin_blog":"<ul>\r\r\n<li><a href=\"https:\/\/sinoextrud.com\/t-slot-v-slot-differences\/\" target=\"_blank\">t slot vs v slot<\/a><\/li>\r\r\n<li><a href=\"https:\/\/sinoextrud.com\/what-is-4040-aluminium-extrud\/\" target=\"_blank\">4040 aluminium extrusion<\/a><\/li>\r\r\n<li><a href=\"https:\/\/sinoextrud.com\/what-is-4040-aluminium-extrud\/\" target=\"_blank\">aluminum extrusions for industrial racks<\/a><\/li>\r\r\n<li><a href=\"https:\/\/sinoextrud.com\/powder-coating-aluminium-process\/\" target=\"_blank\">powder coating aluminium<\/a><\/li>\r\r\n<li><a href=\"https:\/\/sinoextrud.com\/what-is-an-aluminium-strip-ceiling\/\" target=\"_blank\">aluminium strip ceiling<\/a><\/li>\r\r\n<li><a href=\"https:\/\/sinoextrud.com\/what-is-a-heat-sink\/\" target=\"_blank\">what is a heat sink<\/a><\/li>\r\r\n<\/ul>","product_chanpin_chanpin":"<li><a href=\"https:\/\/sinoextrud.com\/product\/joining-aluminium-extrusions\/\" target=\"_blank\">Joining Aluminium Extrusions<\/a><\/li>\r\n<li><a href=\"https:\/\/sinoextrud.com\/product\/profile-aluminum-cnc\/\" target=\"_blank\">Profile Aluminum CNC<\/a><\/li>\r\n<li><a href=\"https:\/\/sinoextrud.com\/product\/cnc-aluminium-extrusion\/\" target=\"_blank\">CNC Aluminium Extrusion<\/a><\/li>\r\n<li><a href=\"https:\/\/sinoextrud.com\/product\/extruded-aluminum-housing\/\" target=\"_blank\">Extruded Aluminum Housing<\/a><\/li>\r\n<li><a href=\"https:\/\/sinoextrud.com\/product\/aluminum-machining-round-tube-processing-by-aluminum-profile-cad-vs-aluminium-alloy-customized-anodized\/\" target=\"_blank\">aluminum machining round tube processing by aluminum profile cad  vs aluminium alloy Customized Anodized<\/a><\/li>\r\n<li><a href=\"https:\/\/sinoextrud.com\/product\/aluminium-profile-rail\/\" target=\"_blank\">Aluminium Profile Rail<\/a><\/li>\r\n<li><a href=\"https:\/\/sinoextrud.com\/product\/machined-aluminum-extrusion\/\" target=\"_blank\">Machined Aluminum Extrusion<\/a><\/li>\r\n<li><a href=\"https:\/\/sinoextrud.com\/product\/aluminum-extrusion-accessories\/\" target=\"_blank\">Aluminum Extrusion Accessories<\/a><\/li>\r\n<li><a href=\"https:\/\/sinoextrud.com\/product\/extruded-aluminum-brackets\/\" target=\"_blank\">Extruded Aluminum Brackets<\/a><\/li>\r\n<li><a href=\"https:\/\/sinoextrud.com\/product\/aluminium-extrusion-caravan-profiles\/\" target=\"_blank\">Aluminium Extrusion Caravan Profiles<\/a><\/li>\r\n<li><a href=\"https:\/\/sinoextrud.com\/product\/composite-panel-ceiling-system\/\" target=\"_blank\">Composite Panel Ceiling System<\/a><\/li>"},"feature_list":[]},"_links":{"self":[{"href":"https:\/\/sinoextrud.com\/cs\/wp-json\/wp\/v2\/product\/8583","targetHints":{"allow":["GET"]}}],"collection":[{"href":"https:\/\/sinoextrud.com\/cs\/wp-json\/wp\/v2\/product"}],"about":[{"href":"https:\/\/sinoextrud.com\/cs\/wp-json\/wp\/v2\/types\/product"}],"wp:featuredmedia":[{"embeddable":true,"href":"https:\/\/sinoextrud.com\/cs\/wp-json\/wp\/v2\/media\/8582"}],"wp:attachment":[{"href":"https:\/\/sinoextrud.com\/cs\/wp-json\/wp\/v2\/media?parent=8583"}],"wp:term":[{"taxonomy":"category","embeddable":true,"href":"https:\/\/sinoextrud.com\/cs\/wp-json\/wp\/v2\/categories?post=8583"}],"curies":[{"name":"wp","href":"https:\/\/api.w.org\/{rel}","templated":true}]}}