{"id":8572,"date":"2025-06-17T03:21:12","date_gmt":"2025-06-17T03:21:12","guid":{"rendered":"https:\/\/sinoextrud.com\/product\/high-precision-aluminium-profiles\/"},"modified":"2025-06-24T06:34:24","modified_gmt":"2025-06-24T06:34:24","slug":"vysoce-presne-hlinikove-profily","status":"publish","type":"product","link":"https:\/\/sinoextrud.com\/cs\/product\/high-precision-aluminium-profiles\/","title":{"rendered":"Vysoce p\u0159esn\u00e9 hlin\u00edkov\u00e9 profily"},"content":{"rendered":"<h2>Podrobnosti o produktech<\/h2>\n<table class=\"custom-table\">\n<tr>\n<td class=\"label\">N\u00e1zev<\/td>\n<td>Vysoce p\u0159esn\u00e9 hlin\u00edkov\u00e9 profily<\/td>\n<\/tr>\n<\/table>\n<h2>Na\u0161e v\u00fdrobn\u00ed z\u00e1kladna<\/h2>\n<h3>Panorama tov\u00e1rny<\/h3>\n<p><img decoding=\"async\" src=\"\/wp-content\/uploads\/factory-01.webp\"\/><\/p>\n<h3>D\u00edlna na v\u00fdrobu hlin\u00edkov\u00fdch ty\u010d\u00ed<\/h3>\n<p><img decoding=\"async\" src=\"\/wp-content\/uploads\/factory-02.webp\"\/><\/p>\n<\/p>\n<p><img decoding=\"async\" src=\"\/wp-content\/uploads\/factory-03.webp\"\/><\/p>\n<h3>Sklad pl\u00edsn\u00ed<\/h3>\n<p><img decoding=\"async\" src=\"\/wp-content\/uploads\/factory-04.webp\"\/><\/p>\n<h3>43 linek na vytla\u010dov\u00e1n\u00ed hlin\u00edku (500-5500 tun)<\/h3>\n<p><img decoding=\"async\" src=\"\/wp-content\/uploads\/factory-05.webp\"\/><\/p>\n<p><img decoding=\"async\" src=\"\/wp-content\/uploads\/factory-06.webp\"\/><\/p>\n<p><img decoding=\"async\" src=\"\/wp-content\/uploads\/factory-07.webp\"\/><\/p>\n<h3>D\u00edlna pr\u00e1\u0161kov\u00e9ho lakov\u00e1n\u00ed<\/h3>\n<p><img decoding=\"async\" src=\"\/wp-content\/uploads\/factory-09.webp\"\/><\/p>\n<h3>D\u00edlna eloxov\u00e1n\u00ed<\/h3>\n<p><img decoding=\"async\" src=\"\/wp-content\/uploads\/factory-10.webp\"\/><\/p>\n<h3>Workshop o hloubkov\u00e9m zpracov\u00e1n\u00ed<\/h3>\n<p><img decoding=\"async\" src=\"\/wp-content\/uploads\/factory-11.webp\"\/><\/p>\n<h3>D\u00edlna CNC p\u0159esn\u00e9ho obr\u00e1b\u011bn\u00ed<\/h3>\n<p><img decoding=\"async\" src=\"\/wp-content\/uploads\/factory-11.5.webp\"\/><\/p>\n<h3>Sklad hotov\u00fdch v\u00fdrobk\u016f a exportn\u00ed sklad<\/h3>\n<p><img decoding=\"async\" src=\"\/wp-content\/uploads\/factory-12.webp\"\/><\/p>\n<p><img decoding=\"async\" src=\"\/wp-content\/uploads\/factory-13.webp\"\/><\/p>\n<p><img decoding=\"async\" src=\"\/wp-content\/uploads\/factory-14.webp\"\/><\/p>\n<h2>\u010cASTO KLADEN\u00c9 DOTAZY<\/h2>\n<p><b>1.High Precision hlin\u00edkov\u00e9 profily: \u010c\u00edm se li\u0161\u00ed od standardn\u00edch hlin\u00edkov\u00fdch profil\u016f?<\/b><\/p>\n<p>Vysoce p\u0159esn\u00e9 hlin\u00edkov\u00e9 profily nab\u00edzej\u00ed p\u0159\u00edsn\u011bj\u0161\u00ed tolerance a vynikaj\u00edc\u00ed p\u0159esnost, tak\u017ee jsou ide\u00e1ln\u00ed pro n\u00e1ro\u010dn\u00e9 aplikace, jako je leteck\u00fd, automobilov\u00fd a elektronick\u00fd pr\u016fmysl.\n<\/p>\n<p><\/p>\n<p><b>2.Jak odoln\u00e9 jsou vysoce p\u0159esn\u00e9 hlin\u00edkov\u00e9 profily?<\/b><\/p>\n<p>Vysoce p\u0159esn\u00e9 hlin\u00edkov\u00e9 profily jsou odoln\u00e9 proti korozi, co\u017e zaji\u0161\u0165uje dlouhodob\u00fd a spolehliv\u00fd v\u00fdkon v n\u00e1ro\u010dn\u00fdch podm\u00ednk\u00e1ch.\n<\/p>\n<p><\/p>\n<p><b>3.Lze vysoce p\u0159esn\u00e9 hlin\u00edkov\u00e9 profily p\u0159izp\u016fsobit pro konkr\u00e9tn\u00ed aplikace?<\/b><\/p>\n<p>Ano, tyto profily lze p\u0159izp\u016fsobit tak, aby spl\u0148ovaly specifick\u00e9 rozm\u011brov\u00e9, pevnostn\u00ed a konstruk\u010dn\u00ed po\u017eadavky pro r\u016fzn\u00e1 pr\u016fmyslov\u00e1 odv\u011btv\u00ed.\n<\/p>\n<p><\/p>\n<p><b>4.Jak\u00e9 jsou hlavn\u00ed v\u00fdhody pou\u017eit\u00ed vysoce p\u0159esn\u00fdch hlin\u00edkov\u00fdch profil\u016f?<\/b><\/p>\n<p>Mezi hlavn\u00ed v\u00fdhody pat\u0159\u00ed vynikaj\u00edc\u00ed pevnost, n\u00edzk\u00e1 hmotnost, vysok\u00e1 odolnost proti korozi a mo\u017enost p\u0159izp\u016fsoben\u00ed pro konkr\u00e9tn\u00ed aplikace.\n<\/p>\n<p><\/p>\n<p><b>5.Jsou vysoce p\u0159esn\u00e9 hlin\u00edkov\u00e9 profily \u0161etrn\u00e9 k \u017eivotn\u00edmu prost\u0159ed\u00ed?<\/b><\/p>\n<p>Ano, hlin\u00edk je vysoce recyklovateln\u00fd materi\u00e1l, a proto jsou vysoce p\u0159esn\u00e9 hlin\u00edkov\u00e9 profily ekologickou volbou pro r\u016fzn\u00e1 pr\u016fmyslov\u00e1 odv\u011btv\u00ed.\n<\/p>\n<p><\/p>\n<p><b>6.Kter\u00e1 pr\u016fmyslov\u00e1 odv\u011btv\u00ed vyu\u017e\u00edvaj\u00ed vysoce p\u0159esn\u00e9 hlin\u00edkov\u00e9 profily?<\/b><\/p>\n<p>Pr\u016fmyslov\u00e1 odv\u011btv\u00ed, jako je leteck\u00fd a kosmick\u00fd pr\u016fmysl, automobilov\u00fd pr\u016fmysl, elektronika a stavebnictv\u00ed, spol\u00e9haj\u00ed na vysoce p\u0159esn\u00e9 hlin\u00edkov\u00e9 profily pro sv\u00e9 konstruk\u010dn\u00ed a funk\u010dn\u00ed aplikace.\n<\/p>\n<p><\/p>\n<p><b>7.Pro\u010d zvolit vysoce p\u0159esn\u00e9 hlin\u00edkov\u00e9 profily m\u00edsto jin\u00fdch materi\u00e1l\u016f?<\/b><\/p>\n<p>Vysoce p\u0159esn\u00e9 hlin\u00edkov\u00e9 profily poskytuj\u00ed jedine\u010dnou kombinaci pevnosti, lehk\u00e9 konstrukce a odolnosti, tak\u017ee jsou ide\u00e1ln\u00ed pro aplikace, kde je kl\u00ed\u010dov\u00fd v\u00fdkon a efektivita.\n<\/p>\n<p><\/p>","protected":false},"featured_media":8571,"template":"","categories":[68],"class_list":["post-8572","product","type-product","status-publish","has-post-thumbnail","hentry","category-cnc-machining-aluminum-profile"],"meta_box":{"hilight_text_group":{"product_hilight_text":"<li>Superior precision and tolerance for high-performance applications<\/li>\r\r\n<li>Corrosion-resistant, ensuring long-term durability and reliability<\/li>\r\r\n<li>Lightweight yet strong, ideal for structural and industrial uses<\/li>\r\r\n<li>Customizable designs to meet specific client needs and specifications<\/li>\r\r\n<li>Eco-friendly and recyclable, supporting sustainable development<\/li>","product_chanpin_blog":"<ul>\r\r\n<li><a href=\"https:\/\/sinoextrud.com\/t-slot-v-slot-differences\/\" target=\"_blank\">t slot vs v slot<\/a><\/li>\r\r\n<li><a href=\"https:\/\/sinoextrud.com\/what-is-4040-aluminium-extrud\/\" target=\"_blank\">4040 aluminium extrusion<\/a><\/li>\r\r\n<li><a href=\"https:\/\/sinoextrud.com\/what-is-4040-aluminium-extrud\/\" target=\"_blank\">aluminum extrusions for industrial racks<\/a><\/li>\r\r\n<li><a href=\"https:\/\/sinoextrud.com\/powder-coating-aluminium-process\/\" target=\"_blank\">powder coating aluminium<\/a><\/li>\r\r\n<li><a href=\"https:\/\/sinoextrud.com\/what-is-an-aluminium-strip-ceiling\/\" target=\"_blank\">aluminium strip ceiling<\/a><\/li>\r\r\n<li><a href=\"https:\/\/sinoextrud.com\/what-is-a-heat-sink\/\" target=\"_blank\">what is a heat sink<\/a><\/li>\r\r\n<\/ul>","product_chanpin_chanpin":"<li><a href=\"https:\/\/sinoextrud.com\/product\/cnc-machining-aluminum-profiles\/\" target=\"_blank\">CNC Machining Aluminum Profiles<\/a><\/li>\r\n<li><a href=\"https:\/\/sinoextrud.com\/product\/circular-aluminum-extrusions\/\" target=\"_blank\">Circular Aluminum Extrusions<\/a><\/li>\r\n<li><a href=\"https:\/\/sinoextrud.com\/product\/cnc-aluminium-profile\/\" target=\"_blank\">CNC aluminium profile<\/a><\/li>\r\n<li><a href=\"https:\/\/sinoextrud.com\/product\/custom-extruded-aluminum-enclosures-used-for-motor-shell\/\" target=\"_blank\">Custom Extruded Aluminum Enclosures Used For Motor Shell<\/a><\/li>\r\n<li><a href=\"https:\/\/sinoextrud.com\/product\/high-precision-aluminium-profiles\/\" target=\"_blank\">High Precision Aluminium Profiles<\/a><\/li>\r\n<li><a href=\"https:\/\/sinoextrud.com\/product\/joining-aluminium-extrusions\/\" target=\"_blank\">Joining Aluminium Extrusions<\/a><\/li>\r\n<li><a href=\"https:\/\/sinoextrud.com\/product\/profile-aluminum-cnc\/\" target=\"_blank\">Profile Aluminum CNC<\/a><\/li>\r\n<li><a href=\"https:\/\/sinoextrud.com\/product\/cnc-aluminium-extrusion\/\" target=\"_blank\">CNC Aluminium Extrusion<\/a><\/li>\r\n<li><a href=\"https:\/\/sinoextrud.com\/product\/extruded-aluminum-housing\/\" target=\"_blank\">Extruded Aluminum Housing<\/a><\/li>\r\n<li><a href=\"https:\/\/sinoextrud.com\/product\/cabinet-aluminum-profile\/\" target=\"_blank\">Cabinet Aluminum Profile<\/a><\/li>\r\n<li><a href=\"https:\/\/sinoextrud.com\/product\/custom-high-quality-6063-powder-coating-aluminum-pergola-profile\/\" target=\"_blank\">Custom High-quality 6063 Powder Coating Aluminum Pergola Profile<\/a><\/li>"},"feature_list":[]},"_links":{"self":[{"href":"https:\/\/sinoextrud.com\/cs\/wp-json\/wp\/v2\/product\/8572","targetHints":{"allow":["GET"]}}],"collection":[{"href":"https:\/\/sinoextrud.com\/cs\/wp-json\/wp\/v2\/product"}],"about":[{"href":"https:\/\/sinoextrud.com\/cs\/wp-json\/wp\/v2\/types\/product"}],"wp:featuredmedia":[{"embeddable":true,"href":"https:\/\/sinoextrud.com\/cs\/wp-json\/wp\/v2\/media\/8571"}],"wp:attachment":[{"href":"https:\/\/sinoextrud.com\/cs\/wp-json\/wp\/v2\/media?parent=8572"}],"wp:term":[{"taxonomy":"category","embeddable":true,"href":"https:\/\/sinoextrud.com\/cs\/wp-json\/wp\/v2\/categories?post=8572"}],"curies":[{"name":"wp","href":"https:\/\/api.w.org\/{rel}","templated":true}]}}