{"id":8566,"date":"2025-06-17T03:13:46","date_gmt":"2025-06-17T03:13:46","guid":{"rendered":"https:\/\/sinoextrud.com\/product\/circular-aluminum-extrusions\/"},"modified":"2025-06-24T06:34:22","modified_gmt":"2025-06-24T06:34:22","slug":"kruhove-hlinikove-vylisky","status":"publish","type":"product","link":"https:\/\/sinoextrud.com\/cs\/product\/circular-aluminum-extrusions\/","title":{"rendered":"Kruhov\u00e9 hlin\u00edkov\u00e9 v\u00fdlisky"},"content":{"rendered":"<h2>Podrobnosti o produktech<\/h2>\n<table class=\"custom-table\">\n<tbody>\n<tr>\n<td> N\u00e1zev<\/td>\n<td> Kruhov\u00e9 hlin\u00edkov\u00e9 v\u00fdlisky<\/td>\n<\/tr>\n<tr>\n<td> Zna\u010dka<\/td>\n<td> Sinoextrud\/<\/td>\n<\/tr>\n<tr>\n<td> Kategorie<\/td>\n<td> Hlin\u00edkov\u00fd v\u00fdlisek<\/td>\n<\/tr>\n<tr>\n<td> Materi\u00e1l<\/td>\n<td> Slitina hlin\u00edku \u0159ady 6000<\/td>\n<\/tr>\n<tr>\n<td> Temperament<\/td>\n<td> T5-T8<\/td>\n<\/tr>\n<tr>\n<td> D\u00e9lka<\/td>\n<td> Podle v\u00fdkresu<\/td>\n<\/tr>\n<tr>\n<td> Velikost (mm)<\/td>\n<td> P\u0159izp\u016fsoben\u00e9<\/td>\n<\/tr>\n<tr>\n<td> Tvar<\/td>\n<td> Kruhov\u00fd<\/td>\n<\/tr>\n<tr>\n<td> Povrchov\u00e1 \u00faprava<\/td>\n<td> Povrchov\u00e1 \u00faprava; k dispozici je tak\u00e9 eloxov\u00e1n\u00ed, p\u00edskov\u00e1n\u00ed a elektrofor\u00e9za.<\/td>\n<\/tr>\n<tr>\n<td> Barva<\/td>\n<td> St\u0159\u00edbrn\u00e1, \u010dern\u00e1, zlat\u00e1, Champange, bronzov\u00e1, \u010derven\u00e1. modr\u00e1 a m\u016f\u017eeme p\u0159izp\u016fsobit barvy na z\u00e1klad\u011b vzork\u016f z\u00e1kazn\u00edk\u016f.<\/td>\n<\/tr>\n<tr>\n<td> Z\u00e1ruka<\/td>\n<td> BV , TUV , ISO<\/td>\n<\/tr>\n<tr>\n<td> Standardn\u00ed<\/td>\n<td> St\u0159edn\u00ed a vysok\u00e1 kvalita<\/td>\n<\/tr>\n<tr>\n<td> MOQ<\/td>\n<td> 200KGS pro ka\u017edou polo\u017eku<\/td>\n<\/tr>\n<tr>\n<td> Z<\/td>\n<td> Guangdong, \u010c\u00edna<\/td>\n<\/tr>\n<tr>\n<td> Aplikace<\/td>\n<td> Pr\u016fmysl, stavebnictv\u00ed, dekorace<\/td>\n<\/tr>\n<tr>\n<td> Hloubkov\u00e9 zpracov\u00e1n\u00ed<\/td>\n<td> \u0158ez\u00e1n\u00ed, vrt\u00e1n\u00ed, obr\u00e1b\u011bn\u00ed, d\u011brov\u00e1n\u00ed, oh\u00fdb\u00e1n\u00ed, z\u00e1vitov\u00e1n\u00ed atd.<\/td>\n<\/tr>\n<tr>\n<td> Bal\u00ed\u010dek<\/td>\n<td> Uvnit\u0159 s ochrannou f\u00f3li\u00ed, smr\u0161\u0165ovac\u00ed f\u00f3li\u00ed nebo PE p\u011bnou. Vn\u011bj\u0161\u00ed strana s krabic\u00ed, kartonem nebo d\u0159ev\u011bn\u00fdm r\u00e1mem nebo p\u0159izp\u016fsoben\u00edm.<\/td>\n<\/tr>\n<tr>\n<td> Doba dod\u00e1n\u00ed<\/td>\n<td> V\u00fdvoj formy a konformace vzorku je 12-18 dn\u00ed, pak je doba v\u00fdroby 25-30 dn\u00ed po obdr\u017een\u00ed z\u00e1lohy od kupuj\u00edc\u00edho.<\/td>\n<\/tr>\n<tr>\n<td> Kapacita v\u00fdrobku<\/td>\n<td> V\u00edce ne\u017e 15 000 tun m\u011bs\u00ed\u010dn\u011b<\/td>\n<\/tr>\n<\/tbody>\n<\/table>\n<h2>Na\u0161e v\u00fdrobn\u00ed z\u00e1kladna<\/h2>\n<h3>Panorama tov\u00e1rny<\/h3>\n<p><img decoding=\"async\" src=\"\/wp-content\/uploads\/factory-01.webp\"\/><\/p>\n<h3>D\u00edlna na v\u00fdrobu hlin\u00edkov\u00fdch ty\u010d\u00ed<\/h3>\n<p><img decoding=\"async\" src=\"\/wp-content\/uploads\/factory-02.webp\"\/><\/p>\n<p><img decoding=\"async\" src=\"\/wp-content\/uploads\/factory-03.webp\"\/><\/p>\n<h3>Sklad pl\u00edsn\u00ed<\/h3>\n<p><img decoding=\"async\" src=\"\/wp-content\/uploads\/factory-04.webp\"\/><\/p>\n<h3>43 linek na vytla\u010dov\u00e1n\u00ed hlin\u00edku (500 - 5500 tun)<\/h3>\n<p><img decoding=\"async\" src=\"\/wp-content\/uploads\/factory-05.webp\"\/><\/p>\n<p><img decoding=\"async\" src=\"\/wp-content\/uploads\/factory-06.webp\"\/><\/p>\n<p><img decoding=\"async\" src=\"\/wp-content\/uploads\/factory-07.webp\"\/><\/p>\n<h3>D\u00edlna pr\u00e1\u0161kov\u00e9ho lakov\u00e1n\u00ed<\/h3>\n<p><img decoding=\"async\" src=\"\/wp-content\/uploads\/factory-09.webp\"\/><\/p>\n<h3>D\u00edlna eloxov\u00e1n\u00ed<\/h3>\n<p><img decoding=\"async\" src=\"\/wp-content\/uploads\/factory-10.webp\"\/><\/p>\n<h3>Workshop o hloubkov\u00e9m zpracov\u00e1n\u00ed<\/h3>\n<p><img decoding=\"async\" src=\"\/wp-content\/uploads\/factory-11.webp\"\/><\/p>\n<h3>D\u00edlna CNC p\u0159esn\u00e9ho obr\u00e1b\u011bn\u00ed<\/h3>\n<p><img decoding=\"async\" src=\"\/wp-content\/uploads\/factory-11.5.webp\"\/><\/p>\n<h3>Sklad hotov\u00fdch v\u00fdrobk\u016f a exportn\u00ed sklad<\/h3>\n<p><img decoding=\"async\" src=\"\/wp-content\/uploads\/factory-12.webp\"\/><\/p>\n<p><img decoding=\"async\" src=\"\/wp-content\/uploads\/factory-13.webp\"\/><\/p>\n<p><img decoding=\"async\" src=\"\/wp-content\/uploads\/factory-14.webp\"\/><\/p>\n<h2>\u010cASTO KLADEN\u00c9 DOTAZY<\/h2>\n<p><p><b>1.Co jsou kruhov\u00e9 hlin\u00edkov\u00e9 v\u00fdlisky?<\/b><\/p>\n<p>Kruhov\u00e9 hlin\u00edkov\u00e9 v\u00fdlisky jsou hlin\u00edkov\u00e9 profily vytvo\u0159en\u00e9 procesem vytla\u010dov\u00e1n\u00ed s kruhov\u00fdm pr\u016f\u0159ezem, kter\u00e9 nab\u00edzej\u00ed vysokou pevnost, odolnost a v\u0161estrannost pro r\u016fzn\u00e1 pr\u016fmyslov\u00e1 odv\u011btv\u00ed.<br \/>\n<\/p><br \/>\n<br \/>\n<p><b>2.Pro\u010d si vybrat kruhov\u00e9 hlin\u00edkov\u00e9 v\u00fdlisky?<\/b><\/p>\n<p>Kruhov\u00e9 hlin\u00edkov\u00e9 v\u00fdlisky jsou lehk\u00e9, odoln\u00e9 proti korozi a p\u0159edstavuj\u00ed cenov\u011b v\u00fdhodn\u00e9 \u0159e\u0161en\u00ed pro zak\u00e1zkov\u00e9 profily v r\u016fzn\u00fdch aplikac\u00edch, v\u010detn\u011b automobilov\u00e9ho pr\u016fmyslu a stavebnictv\u00ed.<br \/>\n<\/p><br \/>\n<br \/>\n<p><b>3.Jak p\u0159esn\u00e9 jsou kruhov\u00e9 hlin\u00edkov\u00e9 v\u00fdlisky?<\/b><\/p>\n<p>Kruhov\u00e9 hlin\u00edkov\u00e9 v\u00fdlisky jsou vyr\u00e1b\u011bny s vysokou p\u0159esnost\u00ed, co\u017e zaji\u0161\u0165uje vynikaj\u00edc\u00ed rozm\u011brovou p\u0159esnost a mal\u00e9 tolerance pro r\u016fzn\u00e9 aplikace.<br \/>\n<\/p><br \/>\n<br \/>\n<p><b>4.Can kruhov\u00e9 hlin\u00edkov\u00e9 v\u00fdlisky b\u00fdt p\u0159izp\u016fsobeny?<\/b><\/p>\n<p>Ano, kruhov\u00e9 hlin\u00edkov\u00e9 v\u00fdlisky lze snadno p\u0159izp\u016fsobit z hlediska velikosti, tvaru a designu tak, aby spl\u0148ovaly specifick\u00e9 po\u017eadavky pro r\u016fzn\u00e1 odv\u011btv\u00ed a projekty.<br \/>\n<\/p><br \/>\n<br \/>\n<p><b>5.Jak\u00e1 odv\u011btv\u00ed pou\u017e\u00edvaj\u00ed kruhov\u00e9 hlin\u00edkov\u00e9 v\u00fdlisky?<\/b><\/p>\n<p>Odv\u011btv\u00ed, jako je automobilov\u00fd pr\u016fmysl, stavebnictv\u00ed, v\u00fdroba a elektronika, pou\u017e\u00edvaj\u00ed kruhov\u00e9 hlin\u00edkov\u00e9 v\u00fdlisky d\u00edky jejich pevnosti, n\u00edzk\u00e9 hmotnosti a v\u0161estrann\u00e9mu designu.<br \/>\n<\/p><br \/>\n<br \/>\n<p><b>6.Jak rychl\u00e1 je v\u00fdroba kruhov\u00fdch hlin\u00edkov\u00fdch v\u00fdlisk\u016f?<\/b><\/p>\n<p>V\u00fdroba kruhov\u00fdch hlin\u00edkov\u00fdch v\u00fdlisk\u016f je rychl\u00e1 a efektivn\u00ed, co\u017e zaji\u0161\u0165uje rychlou realizaci p\u0159i zachov\u00e1n\u00ed vysok\u00e9 kvality.<br \/>\n<\/p><br \/>\n<br \/>\n<p><b>7.Jsou kruhov\u00e9 hlin\u00edkov\u00e9 v\u00fdlisky n\u00e1kladov\u011b efektivn\u00ed?<\/b><\/p>\n<p>Ano, kruhov\u00e9 hlin\u00edkov\u00e9 v\u00fdlisky jsou n\u00e1kladov\u011b efektivn\u00ed, nab\u00edzej\u00ed konkurenceschopn\u00e9 ceny a vysok\u00fd v\u00fdkon, co\u017e z nich \u010din\u00ed preferovanou volbu pro \u0161irokou \u0161k\u00e1lu aplikac\u00ed.<br \/>\n<\/p><br \/><\/p>","protected":false},"featured_media":8565,"template":"","categories":[68],"class_list":["post-8566","product","type-product","status-publish","has-post-thumbnail","hentry","category-cnc-machining-aluminum-profile"],"meta_box":{"hilight_text_group":{"product_hilight_text":"<li>High-strength and durable circular aluminum extrusions<\/li>\r\r\n<li>Customizable sizes and shapes to meet specific design needs<\/li>\r\r\n<li>Corrosion-resistant and lightweight material ideal for various applications<\/li>\r\r\n<li>Fast and efficient production with tight tolerances<\/li>\r\r\n<li>Perfect for industries like automotive, construction, and manufacturing<\/li>\r\r\n<li>Superior surface finish and dimensional accuracy<\/li>","product_chanpin_blog":"<ul>\r\r\n<li><a href=\"https:\/\/sinoextrud.com\/t-slot-v-slot-differences\/\" target=\"_blank\">t slot vs v slot<\/a><\/li>\r\r\n<li><a href=\"https:\/\/sinoextrud.com\/what-is-4040-aluminium-extrud\/\" target=\"_blank\">4040 aluminium extrusion<\/a><\/li>\r\r\n<li><a href=\"https:\/\/sinoextrud.com\/what-is-4040-aluminium-extrud\/\" target=\"_blank\">aluminum extrusions for industrial racks<\/a><\/li>\r\r\n<li><a href=\"https:\/\/sinoextrud.com\/powder-coating-aluminium-process\/\" target=\"_blank\">powder coating aluminium<\/a><\/li>\r\r\n<li><a href=\"https:\/\/sinoextrud.com\/what-is-an-aluminium-strip-ceiling\/\" target=\"_blank\">aluminium strip ceiling<\/a><\/li>\r\r\n<li><a href=\"https:\/\/sinoextrud.com\/what-is-a-heat-sink\/\" target=\"_blank\">what is a heat sink<\/a><\/li>\r\r\n<\/ul>","product_chanpin_chanpin":"<li><a href=\"https:\/\/sinoextrud.com\/product\/custom-finishing-aluminum-extrusion-profile-fabrication-and-cnc-machining\/\" target=\"_blank\">Custom Finishing Aluminum Extrusion Profile Fabrication and CNC Machining<\/a><\/li>\r\n<li><a href=\"https:\/\/sinoextrud.com\/product\/special-aluminium-extrusions\/\" target=\"_blank\">Special Aluminium Extrusions<\/a><\/li>\r\n<li><a href=\"https:\/\/sinoextrud.com\/product\/cutting-aluminium-extrusion\/\" target=\"_blank\">Cutting Aluminium Extrusion<\/a><\/li>\r\n<li><a href=\"https:\/\/sinoextrud.com\/product\/cnc-machining-aluminum-profiles\/\" target=\"_blank\">CNC Machining Aluminum Profiles<\/a><\/li>\r\n<li><a href=\"https:\/\/sinoextrud.com\/product\/circular-aluminum-extrusions\/\" target=\"_blank\">Circular Aluminum Extrusions<\/a><\/li>\r\n<li><a href=\"https:\/\/sinoextrud.com\/product\/cnc-aluminium-profile\/\" target=\"_blank\">CNC aluminium profile<\/a><\/li>\r\n<li><a href=\"https:\/\/sinoextrud.com\/product\/custom-extruded-aluminum-enclosures-used-for-motor-shell\/\" target=\"_blank\">Custom Extruded Aluminum Enclosures Used For Motor Shell<\/a><\/li>\r\n<li><a href=\"https:\/\/sinoextrud.com\/product\/high-precision-aluminium-profiles\/\" target=\"_blank\">High Precision Aluminium Profiles<\/a><\/li>\r\n<li><a href=\"https:\/\/sinoextrud.com\/product\/joining-aluminium-extrusions\/\" target=\"_blank\">Joining Aluminium Extrusions<\/a><\/li>\r\n<li><a href=\"https:\/\/sinoextrud.com\/product\/aluminum-cnc\/\" target=\"_blank\">Aluminum CNC<\/a><\/li>\r\n<li><a href=\"https:\/\/sinoextrud.com\/product\/aluminum-handle-profile\/\" target=\"_blank\">Aluminum Handle Profile<\/a><\/li>"},"feature_list":[]},"_links":{"self":[{"href":"https:\/\/sinoextrud.com\/cs\/wp-json\/wp\/v2\/product\/8566","targetHints":{"allow":["GET"]}}],"collection":[{"href":"https:\/\/sinoextrud.com\/cs\/wp-json\/wp\/v2\/product"}],"about":[{"href":"https:\/\/sinoextrud.com\/cs\/wp-json\/wp\/v2\/types\/product"}],"wp:featuredmedia":[{"embeddable":true,"href":"https:\/\/sinoextrud.com\/cs\/wp-json\/wp\/v2\/media\/8565"}],"wp:attachment":[{"href":"https:\/\/sinoextrud.com\/cs\/wp-json\/wp\/v2\/media?parent=8566"}],"wp:term":[{"taxonomy":"category","embeddable":true,"href":"https:\/\/sinoextrud.com\/cs\/wp-json\/wp\/v2\/categories?post=8566"}],"curies":[{"name":"wp","href":"https:\/\/api.w.org\/{rel}","templated":true}]}}