{"id":8564,"date":"2025-06-17T03:11:51","date_gmt":"2025-06-17T03:11:51","guid":{"rendered":"https:\/\/sinoextrud.com\/product\/cnc-machining-aluminum-profiles\/"},"modified":"2025-06-24T06:34:23","modified_gmt":"2025-06-24T06:34:23","slug":"cnc-obrabeni-hlinikovych-profilu-2","status":"publish","type":"product","link":"https:\/\/sinoextrud.com\/cs\/product\/cnc-machining-aluminum-profiles\/","title":{"rendered":"CNC obr\u00e1b\u011bn\u00ed hlin\u00edkov\u00fdch profil\u016f"},"content":{"rendered":"<h2>Podrobnosti o produktech<\/h2>\n<table class=\"custom-table\">\n<tbody>\n<tr>\n<td> N\u00e1zev produktu<\/td>\n<td> CNC obr\u00e1b\u011bn\u00ed hlin\u00edkov\u00fdch profil\u016f<\/td>\n<\/tr>\n<tr>\n<td> Materi\u00e1l<\/td>\n<td> 6063, 6061 atd.<\/td>\n<\/tr>\n<tr>\n<td> Tvar<\/td>\n<td> P\u0159izp\u016fsoben\u00ed<\/td>\n<\/tr>\n<tr>\n<td> Tlou\u0161\u0165ka<\/td>\n<td> 0,7 mm-10 mm<\/td>\n<\/tr>\n<tr>\n<td> Velikost<\/td>\n<td> Podle v\u00fdkresu nebo vzorku klienta<\/td>\n<\/tr>\n<tr>\n<td> Tolerance p\u0159esn\u00e9ho \u0159ez\u00e1n\u00ed<\/td>\n<td> \u22641m : \u00b10,25mm 1m&lt; : \u22642m, \u00b10,35mm \u22652m : \u00b10,50mm<\/td>\n<\/tr>\n<tr>\n<td> Tolerance vrt\u00e1n\u00ed<\/td>\n<td> \u00b10,15~0,20 mm<\/td>\n<\/tr>\n<tr>\n<td> Tolerance b\u011b\u017en\u00e9ho \u0159ez\u00e1n\u00ed<\/td>\n<td> \u00b110 ~ 0 mm<\/td>\n<\/tr>\n<tr>\n<td> Typick\u00e9 aplikace<\/td>\n<td> Pr\u016fmysl, elektronika, stroje atd.<\/td>\n<\/tr>\n<tr>\n<td> Vlastn\u00ed typ<\/td>\n<td> V\u00fdkres nebo vzorek dodan\u00fd klientem<\/td>\n<\/tr>\n<tr>\n<td> Hloubkov\u00fd proces<\/td>\n<td> CNC fr\u00e9zov\u00e1n\u00ed, vrt\u00e1n\u00ed, d\u011brov\u00e1n\u00ed, vrt\u00e1n\u00ed, z\u00e1vitov\u00e1n\u00ed, oh\u00fdb\u00e1n\u00ed, sva\u0159ov\u00e1n\u00ed atd.<\/td>\n<\/tr>\n<tr>\n<td> Povrchov\u00e1 \u00faprava<\/td>\n<td> Ml\u00fdn dokon\u010dil, eloxovan\u00fd, pr\u00e1\u0161kov\u00fd povlak atd.<\/td>\n<\/tr>\n<tr>\n<td> Barva<\/td>\n<td> St\u0159\u00edbrn\u00e1, \u010dern\u00e1 atd.<\/td>\n<\/tr>\n<tr>\n<td> MOQ<\/td>\n<td> 200 kg<\/td>\n<\/tr>\n<tr>\n<td> Standard kvality<\/td>\n<td> St\u0159edn\u00ed a vysok\u00e1 \u00farove\u0148 kvality<\/td>\n<\/tr>\n<tr>\n<td> Certifik\u00e1ty<\/td>\n<td> ISO9001, ISO4001, CQM, SGS, CE, BV atd.<\/td>\n<\/tr>\n<tr>\n<td> Tov\u00e1rn\u00ed v\u00fdrobn\u00ed schopnost<\/td>\n<td> 15 000 tun m\u011bs\u00ed\u010dn\u011b<\/td>\n<\/tr>\n<tr>\n<td> Balen\u00ed<\/td>\n<td> Uvnit\u0159 s ochrannou f\u00f3li\u00ed nebo plastov\u00fdm s\u00e1\u010dkem, PE foam.Outside s kartonem, d\u0159ev\u011bn\u00fdm r\u00e1mem nebo jin\u00fdm vlastn\u00edm zp\u016fsobem balen\u00ed.<\/td>\n<\/tr>\n<\/tbody>\n<\/table>\n<h2>Na\u0161e v\u00fdrobn\u00ed z\u00e1kladna<\/h2>\n<h3>Panorama tov\u00e1rny<\/h3>\n<p><img decoding=\"async\" src=\"\/wp-content\/uploads\/factory-01.webp\"\/><\/p>\n<h3>D\u00edlna na v\u00fdrobu hlin\u00edkov\u00fdch ty\u010d\u00ed<\/h3>\n<p><img decoding=\"async\" src=\"\/wp-content\/uploads\/factory-02.webp\"\/><\/p>\n<\/p>\n<p><img decoding=\"async\" src=\"\/wp-content\/uploads\/factory-03.webp\"\/><\/p>\n<h3>Sklad pl\u00edsn\u00ed<\/h3>\n<p><img decoding=\"async\" src=\"\/wp-content\/uploads\/factory-04.webp\"\/><\/p>\n<h3>43 linek na vytla\u010dov\u00e1n\u00ed hlin\u00edku (500-5500 tun)<\/h3>\n<p><img decoding=\"async\" src=\"\/wp-content\/uploads\/factory-05.webp\"\/><\/p>\n<p><img decoding=\"async\" src=\"\/wp-content\/uploads\/factory-06.webp\"\/><\/p>\n<p><img decoding=\"async\" src=\"\/wp-content\/uploads\/factory-07.webp\"\/><\/p>\n<h3>D\u00edlna pr\u00e1\u0161kov\u00e9ho lakov\u00e1n\u00ed<\/h3>\n<p><img decoding=\"async\" src=\"\/wp-content\/uploads\/factory-09.webp\"\/><\/p>\n<h3>D\u00edlna eloxov\u00e1n\u00ed<\/h3>\n<p><img decoding=\"async\" src=\"\/wp-content\/uploads\/factory-10.webp\"\/><\/p>\n<h3>Workshop o hloubkov\u00e9m zpracov\u00e1n\u00ed<\/h3>\n<p><img decoding=\"async\" src=\"\/wp-content\/uploads\/factory-11.webp\"\/><\/p>\n<h3>D\u00edlna CNC p\u0159esn\u00e9ho obr\u00e1b\u011bn\u00ed<\/h3>\n<p><img decoding=\"async\" src=\"\/wp-content\/uploads\/factory-11.5.webp\"\/><\/p>\n<h3>Sklad hotov\u00fdch v\u00fdrobk\u016f a exportn\u00ed sklad<\/h3>\n<p><img decoding=\"async\" src=\"\/wp-content\/uploads\/factory-12.webp\"\/><\/p>\n<p><img decoding=\"async\" src=\"\/wp-content\/uploads\/factory-13.webp\"\/><\/p>\n<p><img decoding=\"async\" src=\"\/wp-content\/uploads\/factory-14.webp\"\/><\/p>\n<h2>\u010cASTO KLADEN\u00c9 DOTAZY<\/h2>\n<p><b>1.Co jsou CNC obr\u00e1b\u011bc\u00ed hlin\u00edkov\u00e9 profily?<\/b><\/p>\n<p>Hlin\u00edkov\u00e9 profily pro CNC obr\u00e1b\u011bn\u00ed jsou hlin\u00edkov\u00e9 komponenty vyr\u00e1b\u011bn\u00e9 na zak\u00e1zku pomoc\u00ed CNC obr\u00e1b\u011bn\u00ed, kter\u00e9 nab\u00edzej\u00ed vysokou p\u0159esnost, odolnost a p\u0159izp\u016fsobivost pro r\u016fzn\u00e1 pr\u016fmyslov\u00e1 pou\u017eit\u00ed.\n<\/p>\n<p><\/p>\n<p><b>2.Pro\u010d zvolit hlin\u00edk pro CNC obr\u00e1b\u011bn\u00ed profil\u016f?<\/b><\/p>\n<p>Hlin\u00edk je lehk\u00fd, trvanliv\u00fd, odoln\u00fd proti korozi a snadno se obr\u00e1b\u00ed, co\u017e z n\u011bj \u010din\u00ed ide\u00e1ln\u00ed materi\u00e1l pro CNC obr\u00e1b\u011bn\u00ed profil\u016f v r\u016fzn\u00fdch pr\u016fmyslov\u00fdch odv\u011btv\u00edch.\n<\/p>\n<p><\/p>\n<p><b>3.Jak p\u0159esn\u00e9 jsou CNC obr\u00e1b\u011bc\u00ed hlin\u00edkov\u00e9 profily?<\/b><\/p>\n<p>Hlin\u00edkov\u00e9 profily pro CNC obr\u00e1b\u011bn\u00ed jsou vyr\u00e1b\u011bny s vysokou p\u0159esnost\u00ed, co\u017e zaji\u0161\u0165uje p\u0159\u00edsn\u00e9 tolerance a vynikaj\u00edc\u00ed kvalitu pro n\u00e1ro\u010dn\u00e9 aplikace.\n<\/p>\n<p><\/p>\n<p><b>4.Can CNC obr\u00e1b\u011bn\u00ed hlin\u00edkov\u00fdch profil\u016f b\u00fdt p\u0159izp\u016fsoben?<\/b><\/p>\n<p>Ano, CNC obr\u00e1b\u011bn\u00ed hlin\u00edkov\u00fdch profil\u016f lze snadno p\u0159izp\u016fsobit tak, aby spl\u0148ovaly specifick\u00e9 po\u017eadavky na design, velikost a funk\u010dnost pro r\u016fzn\u00e9 projekty.\n<\/p>\n<p><\/p>\n<p><b>5.Jak\u00e1 odv\u011btv\u00ed pou\u017e\u00edvaj\u00ed CNC obr\u00e1b\u011bn\u00ed hlin\u00edkov\u00fdch profil\u016f?<\/b><\/p>\n<p>Odv\u011btv\u00ed, jako je stavebnictv\u00ed, automobilov\u00fd a leteck\u00fd pr\u016fmysl a elektronika, pou\u017e\u00edvaj\u00ed hlin\u00edkov\u00e9 profily pro CNC obr\u00e1b\u011bn\u00ed d\u00edky jejich pevnosti, n\u00edzk\u00e9 hmotnosti a p\u0159izp\u016fsobivosti.\n<\/p>\n<p><\/p>\n<p><b>6.Jak rychl\u00e1 je v\u00fdroba CNC obr\u00e1b\u011bc\u00edch hlin\u00edkov\u00fdch profil\u016f?<\/b><\/p>\n<p>V\u00fdrobn\u00ed proces CNC obr\u00e1b\u011bn\u00ed hlin\u00edkov\u00fdch profil\u016f je rychl\u00fd a efektivn\u00ed, co\u017e umo\u017e\u0148uje rychlou realizaci projekt\u016f v term\u00ednech.\n<\/p>\n<p><\/p>\n<p><b>7.Jsou CNC obr\u00e1b\u011bc\u00ed hlin\u00edkov\u00e9 profily n\u00e1kladov\u011b efektivn\u00ed?<\/b><\/p>\n<p>Ano, CNC obr\u00e1b\u011bn\u00ed hlin\u00edkov\u00fdch profil\u016f je n\u00e1kladov\u011b efektivn\u00ed a nab\u00edz\u00ed vysokou p\u0159esnost a kvalitu p\u0159i zachov\u00e1n\u00ed konkurenceschopn\u00fdch cen pro velkos\u00e9riovou v\u00fdrobu.\n<\/p>\n<p><\/p>","protected":false},"featured_media":8563,"template":"","categories":[68],"class_list":["post-8564","product","type-product","status-publish","has-post-thumbnail","hentry","category-cnc-machining-aluminum-profile"],"meta_box":{"hilight_text_group":{"product_hilight_text":"<li>High precision CNC machining for aluminum profiles<\/li>\r\r\n<li>Customizable shapes and sizes to meet specific design requirements<\/li>\r\r\n<li>Lightweight, durable, and corrosion-resistant aluminum material<\/li>\r\r\n<li>Ideal for a wide range of industries including construction, automotive, and electronics<\/li>\r\r\n<li>Fast and cost-effective production with tight tolerances<\/li>\r\r\n<li>Superior surface finish and dimensional accuracy<\/li>","product_chanpin_blog":"<ul>\r\r\n<li><a href=\"https:\/\/sinoextrud.com\/t-slot-v-slot-differences\/\" target=\"_blank\">t slot vs v slot<\/a><\/li>\r\r\n<li><a href=\"https:\/\/sinoextrud.com\/what-is-4040-aluminium-extrud\/\" target=\"_blank\">4040 aluminium extrusion<\/a><\/li>\r\r\n<li><a href=\"https:\/\/sinoextrud.com\/what-is-4040-aluminium-extrud\/\" target=\"_blank\">aluminum extrusions for industrial racks<\/a><\/li>\r\r\n<li><a href=\"https:\/\/sinoextrud.com\/powder-coating-aluminium-process\/\" target=\"_blank\">powder coating aluminium<\/a><\/li>\r\r\n<li><a href=\"https:\/\/sinoextrud.com\/what-is-an-aluminium-strip-ceiling\/\" target=\"_blank\">aluminium strip ceiling<\/a><\/li>\r\r\n<li><a href=\"https:\/\/sinoextrud.com\/what-is-a-heat-sink\/\" target=\"_blank\">what is a heat sink<\/a><\/li>\r\r\n<\/ul>","product_chanpin_chanpin":"<li><a href=\"https:\/\/sinoextrud.com\/product\/aluminum-enclosure-housing-and-shell\/\" target=\"_blank\">Aluminum Enclosure Housing And Shell<\/a><\/li>\r\n<li><a href=\"https:\/\/sinoextrud.com\/product\/custom-finishing-aluminum-extrusion-profile-fabrication-and-cnc-machining\/\" target=\"_blank\">Custom Finishing Aluminum Extrusion Profile Fabrication and CNC Machining<\/a><\/li>\r\n<li><a href=\"https:\/\/sinoextrud.com\/product\/special-aluminium-extrusions\/\" target=\"_blank\">Special Aluminium Extrusions<\/a><\/li>\r\n<li><a href=\"https:\/\/sinoextrud.com\/product\/cutting-aluminium-extrusion\/\" target=\"_blank\">Cutting Aluminium Extrusion<\/a><\/li>\r\n<li><a href=\"https:\/\/sinoextrud.com\/product\/cnc-machining-aluminum-profiles\/\" target=\"_blank\">CNC Machining Aluminum Profiles<\/a><\/li>\r\n<li><a href=\"https:\/\/sinoextrud.com\/product\/circular-aluminum-extrusions\/\" target=\"_blank\">Circular Aluminum Extrusions<\/a><\/li>\r\n<li><a href=\"https:\/\/sinoextrud.com\/product\/cnc-aluminium-profile\/\" target=\"_blank\">CNC aluminium profile<\/a><\/li>\r\n<li><a href=\"https:\/\/sinoextrud.com\/product\/custom-extruded-aluminum-enclosures-used-for-motor-shell\/\" target=\"_blank\">Custom Extruded Aluminum Enclosures Used For Motor Shell<\/a><\/li>\r\n<li><a href=\"https:\/\/sinoextrud.com\/product\/high-precision-aluminium-profiles\/\" target=\"_blank\">High Precision Aluminium Profiles<\/a><\/li>\r\n<li><a href=\"https:\/\/sinoextrud.com\/product\/aluminium-u-channel\/\" target=\"_blank\">Aluminium U Channel<\/a><\/li>\r\n<li><a href=\"https:\/\/sinoextrud.com\/product\/aluminum-extrusion-electroplated-shower-room-aluminum-profile\/\" target=\"_blank\">Aluminum Extrusion Electroplated Shower Room Aluminum Profile<\/a><\/li>"},"feature_list":[]},"_links":{"self":[{"href":"https:\/\/sinoextrud.com\/cs\/wp-json\/wp\/v2\/product\/8564","targetHints":{"allow":["GET"]}}],"collection":[{"href":"https:\/\/sinoextrud.com\/cs\/wp-json\/wp\/v2\/product"}],"about":[{"href":"https:\/\/sinoextrud.com\/cs\/wp-json\/wp\/v2\/types\/product"}],"wp:featuredmedia":[{"embeddable":true,"href":"https:\/\/sinoextrud.com\/cs\/wp-json\/wp\/v2\/media\/8563"}],"wp:attachment":[{"href":"https:\/\/sinoextrud.com\/cs\/wp-json\/wp\/v2\/media?parent=8564"}],"wp:term":[{"taxonomy":"category","embeddable":true,"href":"https:\/\/sinoextrud.com\/cs\/wp-json\/wp\/v2\/categories?post=8564"}],"curies":[{"name":"wp","href":"https:\/\/api.w.org\/{rel}","templated":true}]}}