{"id":8560,"date":"2025-06-17T03:07:54","date_gmt":"2025-06-17T03:07:54","guid":{"rendered":"https:\/\/sinoextrud.com\/product\/special-aluminium-extrusions\/"},"modified":"2025-06-24T06:34:23","modified_gmt":"2025-06-24T06:34:23","slug":"specialni-hlinikove-vylisky","status":"publish","type":"product","link":"https:\/\/sinoextrud.com\/cs\/product\/special-aluminium-extrusions\/","title":{"rendered":"Speci\u00e1ln\u00ed hlin\u00edkov\u00e9 v\u00fdlisky"},"content":{"rendered":"<h2>Podrobnosti o produktech<\/h2>\n<table class=\"custom-table\">\n<tr>\n<td class=\"label\">Materi\u00e1l<\/td>\n<td>Hlin\u00edkov\u00e1 slitina6063 atd. , voliteln\u011b dle p\u0159\u00e1n\u00ed z\u00e1kazn\u00edka.<\/td>\n<\/tr>\n<tr>\n<td class=\"label\">Struktura<\/td>\n<td>speci\u00e1ln\u00ed hlin\u00edkov\u00e9 v\u00fdlisky<\/td>\n<\/tr>\n<tr>\n<td class=\"label\">Rozm\u011bry<\/td>\n<td>podle n\u00e1vrhu z\u00e1kazn\u00edka<\/td>\n<\/tr>\n<tr>\n<td class=\"label\">vybaven\u00ed<\/td>\n<td>CNC obr\u00e1b\u011bc\u00ed centrum, CNC soustruh, bruska, soustru\u017enick\u00fd automat,<br \/>\nkonven\u010dn\u00ed soustruh, fr\u00e9zka, vrta\u010dka, elektroerozivn\u00ed obr\u00e1b\u011bn\u00ed atd.<\/td>\n<\/tr>\n<tr>\n<td class=\"label\">Mont\u00e1\u017e<\/td>\n<td>2 d\u00edly rozd\u011blen\u00e9ho krytu + 2 koncov\u00e9 desky (tlou\u0161\u0165ka 1,5 mm) + 8 ks \u0161roub\u016f (M3X6D)<\/td>\n<\/tr>\n<tr>\n<td class=\"label\">Dokon\u010dovac\u00ed pr\u00e1ce<\/td>\n<td>Ml\u00fdnsk\u00e1 \u00faprava , eloxov\u00e1n\u00ed , p\u00edskov\u00e1n\u00ed , s\u00edtotisk . D\u011brov\u00e1n\u00ed, vrtan\u00e9 otvory<\/td>\n<\/tr>\n<tr>\n<td class=\"label\">Na\u0161e slu\u017eby<\/td>\n<td>Obr\u00e1b\u011bn\u00ed, soustru\u017een\u00ed, fr\u00e9zov\u00e1n\u00ed, lisov\u00e1n\u00ed, odl\u00e9v\u00e1n\u00ed<\/td>\n<\/tr>\n<tr>\n<td class=\"label\">Pou\u017eit\u00ed:<\/td>\n<td>Automatiza\u010dn\u00ed stroje, l\u00e9ka\u0159sk\u00e9 p\u0159\u00edstroje, pr\u016fmyslov\u00e9 stroje, automobily, elektrick\u00e9 spot\u0159ebi\u010de atd.<\/td>\n<\/tr>\n<tr>\n<td class=\"label\">Form\u00e1t v\u00fdkresu:<\/td>\n<td>pdf\/.dwg\/.igs.\/.STP\/X_t. atd.<\/td>\n<\/tr>\n<\/table>\n<h2>Na\u0161e v\u00fdrobn\u00ed z\u00e1kladna<\/h2>\n<h3>Panorama tov\u00e1rny<\/h3>\n<p><img decoding=\"async\" src=\"\/wp-content\/uploads\/factory-01.webp\"\/><\/p>\n<h3>D\u00edlna na v\u00fdrobu hlin\u00edkov\u00fdch ty\u010d\u00ed<\/h3>\n<p><img decoding=\"async\" src=\"\/wp-content\/uploads\/factory-02.webp\"\/><\/p>\n<\/p>\n<p><img decoding=\"async\" src=\"\/wp-content\/uploads\/factory-03.webp\"\/><\/p>\n<h3>Sklad pl\u00edsn\u00ed<\/h3>\n<p><img decoding=\"async\" src=\"\/wp-content\/uploads\/factory-04.webp\"\/><\/p>\n<h3>43 linek na vytla\u010dov\u00e1n\u00ed hlin\u00edku (500 - 5500 tun)<\/h3>\n<p><img decoding=\"async\" src=\"\/wp-content\/uploads\/factory-05.webp\"\/><\/p>\n<p><img decoding=\"async\" src=\"\/wp-content\/uploads\/factory-06.webp\"\/><\/p>\n<p><img decoding=\"async\" src=\"\/wp-content\/uploads\/factory-07.webp\"\/><\/p>\n<h3>D\u00edlna pr\u00e1\u0161kov\u00e9ho lakov\u00e1n\u00ed<\/h3>\n<p><img decoding=\"async\" src=\"\/wp-content\/uploads\/factory-09.webp\"\/><\/p>\n<h3>D\u00edlna eloxov\u00e1n\u00ed<\/h3>\n<p><img decoding=\"async\" src=\"\/wp-content\/uploads\/factory-10.webp\"\/><\/p>\n<h3>Workshop o hloubkov\u00e9m zpracov\u00e1n\u00ed<\/h3>\n<p><img decoding=\"async\" src=\"\/wp-content\/uploads\/factory-11.webp\"\/><\/p>\n<h3>D\u00edlna CNC p\u0159esn\u00e9ho obr\u00e1b\u011bn\u00ed<\/h3>\n<p><img decoding=\"async\" src=\"\/wp-content\/uploads\/factory-11.5.webp\"\/><\/p>\n<h3>Sklad hotov\u00fdch v\u00fdrobk\u016f a exportn\u00ed sklad<\/h3>\n<p><img decoding=\"async\" src=\"\/wp-content\/uploads\/factory-12.webp\"\/><\/p>\n<p><img decoding=\"async\" src=\"\/wp-content\/uploads\/factory-13.webp\"\/><\/p>\n<p><img decoding=\"async\" src=\"\/wp-content\/uploads\/factory-14.webp\"\/><\/p>\n<h2>\u010cASTO KLADEN\u00c9 DOTAZY<\/h2>\n<p><b>1.Co jsou speci\u00e1ln\u00ed hlin\u00edkov\u00e9 v\u00fdlisky?<\/b><\/p>\n<p>Speci\u00e1ln\u00ed hlin\u00edkov\u00e9 v\u00fdlisky jsou na zak\u00e1zku navr\u017een\u00e9 hlin\u00edkov\u00e9 profily vytvo\u0159en\u00e9 procesem vytla\u010dov\u00e1n\u00ed, kter\u00e9 se pou\u017e\u00edvaj\u00ed pro specifick\u00e9 pr\u016fmyslov\u00e9 aplikace vy\u017eaduj\u00edc\u00ed jedine\u010dn\u00e9 tvary a specifikace.\n<\/p>\n<p><\/p>\n<p><b>2.Jak\u00e9 jsou v\u00fdhody speci\u00e1ln\u00edch hlin\u00edkov\u00fdch v\u00fdlisk\u016f?<\/b><\/p>\n<p>Speci\u00e1ln\u00ed hlin\u00edkov\u00e9 v\u00fdlisky nab\u00edzej\u00ed flexibilitu p\u0159i navrhov\u00e1n\u00ed na zak\u00e1zku, vysokou pevnost, odolnost proti korozi a cenov\u011b v\u00fdhodnou v\u00fdrobu, tak\u017ee jsou vhodn\u00e9 pro \u0161irokou \u0161k\u00e1lu pr\u016fmyslov\u00fdch odv\u011btv\u00ed.\n<\/p>\n<p><\/p>\n<p><b>3.Can speci\u00e1ln\u00ed hlin\u00edkov\u00e9 v\u00fdlisky b\u00fdt p\u0159izp\u016fsoben?<\/b><\/p>\n<p>Ano, speci\u00e1ln\u00ed hlin\u00edkov\u00e9 v\u00fdlisky lze pln\u011b p\u0159izp\u016fsobit specifick\u00fdm po\u017eadavk\u016fm r\u016fzn\u00fdch pr\u016fmyslov\u00fdch odv\u011btv\u00ed, v\u010detn\u011b slo\u017eit\u00fdch tvar\u016f a velikost\u00ed.\n<\/p>\n<p><\/p>\n<p><b>4.Jak\u00fd p\u0159\u00ednos m\u00e1 pom\u011br pevnosti a hmotnosti speci\u00e1ln\u00edch hlin\u00edkov\u00fdch v\u00fdlisk\u016f pro m\u016fj projekt?<\/b><\/p>\n<p>Vysok\u00fd pom\u011br pevnosti a hmotnosti speci\u00e1ln\u00edch hlin\u00edkov\u00fdch v\u00fdlisk\u016f zaji\u0161\u0165uje odolnost a struktur\u00e1ln\u00ed integritu p\u0159i zachov\u00e1n\u00ed n\u00edzk\u00e9 hmotnosti v\u00fdrobku.\n<\/p>\n<p><\/p>\n<p><b>5.Jak\u00e1 pr\u016fmyslov\u00e1 odv\u011btv\u00ed pou\u017e\u00edvaj\u00ed speci\u00e1ln\u00ed hlin\u00edkov\u00e9 v\u00fdlisky?<\/b><\/p>\n<p>Speci\u00e1ln\u00ed hlin\u00edkov\u00e9 v\u00fdlisky se pou\u017e\u00edvaj\u00ed v pr\u016fmyslov\u00fdch odv\u011btv\u00edch, jako je letectv\u00ed, automobilov\u00fd pr\u016fmysl, stavebnictv\u00ed a elektronika, kde jsou zapot\u0159eb\u00ed profily na m\u00edru pro specifick\u00e9 aplikace.\n<\/p>\n<p><\/p>\n<p><b>6.Jsou speci\u00e1ln\u00ed hlin\u00edkov\u00e9 v\u00fdlisky \u0161etrn\u00e9 k \u017eivotn\u00edmu prost\u0159ed\u00ed?<\/b><\/p>\n<p>Ano, hlin\u00edk je recyklovateln\u00fd materi\u00e1l, tak\u017ee speci\u00e1ln\u00ed hlin\u00edkov\u00e9 v\u00fdlisky jsou ekologicky \u0161etrnou volbou pro pr\u016fmyslovou v\u00fdrobu.\n<\/p>\n<p><\/p>\n<p><b>7.Jak se zlep\u0161uje povrchov\u00e1 \u00faprava speci\u00e1ln\u00edch hlin\u00edkov\u00fdch v\u00fdlisk\u016f?<\/b><\/p>\n<p>Povrchov\u00e1 \u00faprava speci\u00e1ln\u00edch hlin\u00edkov\u00fdch v\u00fdlisk\u016f je pe\u010dliv\u011b zpracov\u00e1na tak, aby byl zaji\u0161t\u011bn jak estetick\u00fd vzhled, tak zv\u00fd\u0161en\u00e1 ochrana proti korozi a opot\u0159eben\u00ed.\n<\/p>\n<p><\/p>\n<p><b>8.Jak\u00e9 jsou v\u00fdrobn\u00ed n\u00e1klady na speci\u00e1ln\u00ed hlin\u00edkov\u00e9 v\u00fdlisky?<\/b><\/p>\n<p>Speci\u00e1ln\u00ed hlin\u00edkov\u00e9 v\u00fdlisky nab\u00edzej\u00ed n\u00e1kladov\u011b efektivn\u00ed \u0159e\u0161en\u00ed d\u00edky efektivn\u00edm v\u00fdrobn\u00edm proces\u016fm, kter\u00e9 umo\u017e\u0148uj\u00ed v\u00fdrobu mal\u00fdch i velk\u00fdch s\u00e9ri\u00ed za konkurenceschopn\u00e9 ceny.\n<\/p>\n<p><\/p>","protected":false},"featured_media":8559,"template":"","categories":[68],"class_list":["post-8560","product","type-product","status-publish","has-post-thumbnail","hentry","category-cnc-machining-aluminum-profile"],"meta_box":{"hilight_text_group":{"product_hilight_text":"<li>Custom aluminum extrusions designed for unique industrial applications.<\/li>\r\r\n<li>High strength-to-weight ratio for durability without added weight.<\/li>\r\r\n<li>Excellent corrosion resistance, making them ideal for harsh environments.<\/li>\r\r\n<li>Flexible design options for complex shapes and tailored specifications.<\/li>\r\r\n<li>Efficient production process for cost-effective solutions in both small and large runs.<\/li>\r\r\n<li>Superior surface finish, ensuring both aesthetic appeal and functionality.<\/li>\r\r\n<li>Eco-friendly aluminum material, fully recyclable for sustainable manufacturing.<\/li>","product_chanpin_blog":"<ul>\r\r\n<li><a href=\"https:\/\/sinoextrud.com\/t-slot-v-slot-differences\/\" target=\"_blank\">t slot vs v slot<\/a><\/li>\r\r\n<li><a href=\"https:\/\/sinoextrud.com\/what-is-4040-aluminium-extrud\/\" target=\"_blank\">4040 aluminium extrusion<\/a><\/li>\r\r\n<li><a href=\"https:\/\/sinoextrud.com\/what-is-4040-aluminium-extrud\/\" target=\"_blank\">aluminum extrusions for industrial racks<\/a><\/li>\r\r\n<li><a href=\"https:\/\/sinoextrud.com\/powder-coating-aluminium-process\/\" target=\"_blank\">powder coating aluminium<\/a><\/li>\r\r\n<li><a href=\"https:\/\/sinoextrud.com\/what-is-an-aluminium-strip-ceiling\/\" target=\"_blank\">aluminium strip ceiling<\/a><\/li>\r\r\n<li><a href=\"https:\/\/sinoextrud.com\/what-is-a-heat-sink\/\" target=\"_blank\">what is a heat sink<\/a><\/li>\r\r\n<\/ul>","product_chanpin_chanpin":"<li><a href=\"https:\/\/sinoextrud.com\/product\/cnc-industrial-aluminum-profiler\/\" target=\"_blank\">CNC Industrial Aluminum Profiler<\/a><\/li>\r\n<li><a href=\"https:\/\/sinoextrud.com\/product\/cnc-machine-for-aluminum-profiles\/\" target=\"_blank\">CNC Machine For Aluminum Profiles<\/a><\/li>\r\n<li><a href=\"https:\/\/sinoextrud.com\/product\/aluminum-enclosure-housing-and-shell\/\" target=\"_blank\">Aluminum Enclosure Housing And Shell<\/a><\/li>\r\n<li><a href=\"https:\/\/sinoextrud.com\/product\/custom-finishing-aluminum-extrusion-profile-fabrication-and-cnc-machining\/\" target=\"_blank\">Custom Finishing Aluminum Extrusion Profile Fabrication and CNC Machining<\/a><\/li>\r\n<li><a href=\"https:\/\/sinoextrud.com\/product\/special-aluminium-extrusions\/\" target=\"_blank\">Special Aluminium Extrusions<\/a><\/li>\r\n<li><a href=\"https:\/\/sinoextrud.com\/product\/cutting-aluminium-extrusion\/\" target=\"_blank\">Cutting Aluminium Extrusion<\/a><\/li>\r\n<li><a href=\"https:\/\/sinoextrud.com\/product\/cnc-machining-aluminum-profiles\/\" target=\"_blank\">CNC Machining Aluminum Profiles<\/a><\/li>\r\n<li><a href=\"https:\/\/sinoextrud.com\/product\/circular-aluminum-extrusions\/\" target=\"_blank\">Circular Aluminum Extrusions<\/a><\/li>\r\n<li><a href=\"https:\/\/sinoextrud.com\/product\/cnc-aluminium-profile\/\" target=\"_blank\">CNC aluminium profile<\/a><\/li>\r\n<li><a href=\"https:\/\/sinoextrud.com\/product\/aluminum-sign-extrusions\/\" target=\"_blank\">Aluminum Sign Extrusions<\/a><\/li>\r\n<li><a href=\"https:\/\/sinoextrud.com\/product\/extrusion-led-aluminum-channel\/\" target=\"_blank\">Extrusion Led Aluminum Channel<\/a><\/li>"},"feature_list":[]},"_links":{"self":[{"href":"https:\/\/sinoextrud.com\/cs\/wp-json\/wp\/v2\/product\/8560","targetHints":{"allow":["GET"]}}],"collection":[{"href":"https:\/\/sinoextrud.com\/cs\/wp-json\/wp\/v2\/product"}],"about":[{"href":"https:\/\/sinoextrud.com\/cs\/wp-json\/wp\/v2\/types\/product"}],"wp:featuredmedia":[{"embeddable":true,"href":"https:\/\/sinoextrud.com\/cs\/wp-json\/wp\/v2\/media\/8559"}],"wp:attachment":[{"href":"https:\/\/sinoextrud.com\/cs\/wp-json\/wp\/v2\/media?parent=8560"}],"wp:term":[{"taxonomy":"category","embeddable":true,"href":"https:\/\/sinoextrud.com\/cs\/wp-json\/wp\/v2\/categories?post=8560"}],"curies":[{"name":"wp","href":"https:\/\/api.w.org\/{rel}","templated":true}]}}