{"id":8558,"date":"2025-06-17T03:06:49","date_gmt":"2025-06-17T03:06:49","guid":{"rendered":"https:\/\/sinoextrud.com\/product\/custom-finishing-aluminum-extrusion-profile-fabrication-and-cnc-machining\/"},"modified":"2025-06-24T06:24:23","modified_gmt":"2025-06-24T06:24:23","slug":"zakazkova-uprava-hlinikovych-profilu-a-cnc-obrabeni","status":"publish","type":"product","link":"https:\/\/sinoextrud.com\/cs\/product\/custom-finishing-aluminum-extrusion-profile-fabrication-and-cnc-machining\/","title":{"rendered":"Zak\u00e1zkov\u00e1 \u00faprava hlin\u00edkov\u00fdch vytla\u010dovac\u00edch profil\u016f a CNC obr\u00e1b\u011bn\u00ed"},"content":{"rendered":"<h2>Podrobnosti o produktech<\/h2>\n<table class=\"custom-table\">\n<tbody>\n<tr>\n<td> Polo\u017eka:<\/td>\n<td> Zak\u00e1zkov\u00e1 \u00faprava hlin\u00edkov\u00fdch vytla\u010dovac\u00edch profil\u016f a CNC obr\u00e1b\u011bn\u00ed<\/td>\n<td> T\u0159\u00edda:<\/td>\n<td> \u0158ada 6000 6063<\/td>\n<\/tr>\n<tr>\n<td> M\u00edrnost:<\/td>\n<td> 6063-T5<\/td>\n<td> M\u00edsto p\u016fvodu:<\/td>\n<td> Foshan, Guangdong<\/td>\n<\/tr>\n<tr>\n<td> Tvar:<\/td>\n<td> P\u0159izp\u016fsoben\u00ed<\/td>\n<td> Slitina nebo ne:<\/td>\n<td> Slitina Alunimun<\/td>\n<\/tr>\n<tr>\n<td> Tolerance:<\/td>\n<td> \u00b10,5%<\/td>\n<td> Zna\u010dka:<\/td>\n<td> Sinoextrud, Sinoextrud<\/td>\n<\/tr>\n<tr>\n<td> Standardn\u00ed:<\/td>\n<td> st\u0159edn\u00ed a vysok\u00e1 kvalita<\/td>\n<td> Povrchov\u00e1 \u00faprava:<\/td>\n<td> pr\u00e1\u0161kov\u00e9 lakov\u00e1n\u00ed, elektrofor\u00e9za, kresba d\u0159eva, eloxov\u00e1n\u00ed, kart\u00e1\u010dov\u00e1n\u00ed, le\u0161t\u011bn\u00ed<\/td>\n<\/tr>\n<tr>\n<td> Doba dod\u00e1n\u00ed:<\/td>\n<td> 25-30 dn\u00ed<\/td>\n<td> MOQ:<\/td>\n<td> 200 kg<\/td>\n<\/tr>\n<tr>\n<td> Term\u00edn platby:<\/td>\n<td> T\/T (30% z\u00e1loha), L\/C<\/td>\n<td> Slu\u017eba zpracov\u00e1n\u00ed:<\/td>\n<td> Oh\u00fdb\u00e1n\u00ed, odv\u00edjen\u00ed, sva\u0159ov\u00e1n\u00ed, d\u011brov\u00e1n\u00ed, \u0159ez\u00e1n\u00ed<\/td>\n<\/tr>\n<tr>\n<td> P\u0159\u00edstav:<\/td>\n<td> Guangzhou, Shenzhen, Foshan<\/td>\n<td> D\u00e9lka::<\/td>\n<td> 1-9m nebo na m\u00edru<\/td>\n<\/tr>\n<\/tbody>\n<\/table>\n<h2>Na\u0161e v\u00fdrobn\u00ed z\u00e1kladna<\/h2>\n<h3>Panorama tov\u00e1rny<\/h3>\n<p><img decoding=\"async\" src=\"\/wp-content\/uploads\/factory-01.webp\"\/><\/p>\n<h3>D\u00edlna na v\u00fdrobu hlin\u00edkov\u00fdch ty\u010d\u00ed<\/h3>\n<p><img decoding=\"async\" src=\"\/wp-content\/uploads\/factory-02.webp\"\/><\/p>\n<p><img decoding=\"async\" src=\"\/wp-content\/uploads\/factory-03.webp\"\/><\/p>\n<h3>Sklad pl\u00edsn\u00ed<\/h3>\n<p><img decoding=\"async\" src=\"\/wp-content\/uploads\/factory-04.webp\"\/><\/p>\n<h3>43 linek na vytla\u010dov\u00e1n\u00ed hlin\u00edku (500-5500 tun)<\/h3>\n<p><img decoding=\"async\" src=\"\/wp-content\/uploads\/factory-05.webp\"\/><\/p>\n<p><img decoding=\"async\" src=\"\/wp-content\/uploads\/factory-06.webp\"\/><\/p>\n<p><img decoding=\"async\" src=\"\/wp-content\/uploads\/factory-07.webp\"\/><\/p>\n<h3>D\u00edlna pr\u00e1\u0161kov\u00e9ho lakov\u00e1n\u00ed<\/h3>\n<p><img decoding=\"async\" src=\"\/wp-content\/uploads\/factory-09.webp\"\/><\/p>\n<h3>D\u00edlna eloxov\u00e1n\u00ed<\/h3>\n<p><img decoding=\"async\" src=\"\/wp-content\/uploads\/factory-10.webp\"\/><\/p>\n<h3>Workshop o hloubkov\u00e9m zpracov\u00e1n\u00ed<\/h3>\n<p><img decoding=\"async\" src=\"\/wp-content\/uploads\/factory-11.webp\"\/><\/p>\n<h3>D\u00edlna CNC p\u0159esn\u00e9ho obr\u00e1b\u011bn\u00ed<\/h3>\n<p><img decoding=\"async\" src=\"\/wp-content\/uploads\/factory-11.5.webp\"\/><\/p>\n<h3>Sklad hotov\u00fdch v\u00fdrobk\u016f a exportn\u00ed sklad<\/h3>\n<p><img decoding=\"async\" src=\"\/wp-content\/uploads\/factory-12.webp\"\/><\/p>\n<p><img decoding=\"async\" src=\"\/wp-content\/uploads\/factory-13.webp\"\/><\/p>\n<p><img decoding=\"async\" src=\"\/wp-content\/uploads\/factory-14.webp\"\/><\/p>\n<h2>\u010cASTO KLADEN\u00c9 DOTAZY<\/h2>\n<p><p><b>1.Custom Finishing hlin\u00edkov\u00e9 vytla\u010dov\u00e1n\u00ed profil\u016f Fabrication a CNC obr\u00e1b\u011bn\u00ed: Jak\u00e9 jsou v\u00fdhody zak\u00e1zkov\u00e9ho vytla\u010dov\u00e1n\u00ed hlin\u00edkov\u00fdch profil\u016f?<\/b><\/p>\n<p>Zak\u00e1zkov\u00e9 hlin\u00edkov\u00e9 vytla\u010dovac\u00ed profily nab\u00edzej\u00ed \u0159e\u0161en\u00ed na m\u00edru, spl\u0148uj\u00ed specifick\u00e9 po\u017eadavky na konstrukci a zaji\u0161\u0165uj\u00ed optim\u00e1ln\u00ed v\u00fdkon pro r\u016fzn\u00e9 aplikace.<br \/>\n<\/p><br \/>\n<br \/>\n<p><b>2.Jak CNC obr\u00e1b\u011bn\u00ed zvy\u0161uje kvalitu hlin\u00edkov\u00fdch profil\u016f?<\/b><\/p>\n<p>CNC obr\u00e1b\u011bn\u00ed umo\u017e\u0148uje p\u0159esn\u00e9 \u0159ezy, \u00fazk\u00e9 tolerance a vysoce kvalitn\u00ed povrchovou \u00fapravu, co\u017e zaji\u0161\u0165uje, \u017ee hlin\u00edkov\u00e9 profily spl\u0148uj\u00ed p\u0159esn\u00e9 specifikace pro trvanlivost a funk\u010dnost.<br \/>\n<\/p><br \/>\n<br \/>\n<p><b>3.Mohu si pro sv\u00e9 hlin\u00edkov\u00e9 profily vybrat konkr\u00e9tn\u00ed mo\u017enosti povrchov\u00e9 \u00fapravy?<\/b><\/p>\n<p>Ano, nab\u00edz\u00edme r\u016fzn\u00e9 mo\u017enosti povrchov\u00e9 \u00fapravy, v\u010detn\u011b eloxov\u00e1n\u00ed, pr\u00e1\u0161kov\u00e9ho lakov\u00e1n\u00ed a dal\u0161\u00edch, kter\u00e9 zlep\u0161uj\u00ed vzhled, odolnost proti korozi a celkovou kvalitu hlin\u00edkov\u00fdch profil\u016f.<br \/>\n<\/p><br \/>\n<br \/>\n<p><b>4.Jak\u00e1 pr\u016fmyslov\u00e1 odv\u011btv\u00ed maj\u00ed prosp\u011bch z v\u00fdroby hlin\u00edkov\u00fdch profil\u016f na zak\u00e1zku?<\/b><\/p>\n<p>V\u0161estrannost, pevnost a p\u0159esnost hlin\u00edkov\u00fdch profil\u016f na zak\u00e1zku vyu\u017e\u00edvaj\u00ed odv\u011btv\u00ed, jako je automobilov\u00fd, leteck\u00fd, stavebn\u00ed, elektronick\u00fd a v\u00fdrobn\u00ed pr\u016fmysl.<br \/>\n<\/p><br \/>\n<br \/>\n<p><b>5.Jak eloxov\u00e1n\u00ed zlep\u0161uje hlin\u00edkov\u00e9 vytla\u010dovac\u00ed profily?<\/b><\/p>\n<p>Eloxov\u00e1n\u00ed zvy\u0161uje odolnost hlin\u00edku proti korozi, tvrdost povrchu a vzhled, tak\u017ee profily jsou odoln\u011bj\u0161\u00ed a vhodn\u00e9 do venkovn\u00edho nebo drsn\u00e9ho prost\u0159ed\u00ed.<br \/>\n<\/p><br \/>\n<br \/>\n<p><b>6.Jak\u00e1 je doba realizace zak\u00e1zkov\u00fdch hlin\u00edkov\u00fdch vytla\u010dovac\u00edch profil\u016f?<\/b><\/p>\n<p>Na\u0161e efektivn\u00ed v\u00fdrobn\u00ed a obr\u00e1b\u011bc\u00ed procesy zaji\u0161\u0165uj\u00ed rychlou realizaci, co\u017e umo\u017e\u0148uje v\u010dasn\u00e9 dod\u00e1n\u00ed i u zak\u00e1zkov\u00fdch projekt\u016f vytla\u010dov\u00e1n\u00ed hlin\u00edku.<br \/>\n<\/p><br \/>\n<br \/>\n<p><b>7.Jak CNC obr\u00e1b\u011bn\u00ed zaji\u0161\u0165uje p\u0159esnost p\u0159i v\u00fdrob\u011b hlin\u00edkov\u00fdch profil\u016f?<\/b><\/p>\n<p>CNC obr\u00e1b\u011bn\u00ed zaji\u0161\u0165uje vysokou p\u0159esnost pomoc\u00ed po\u010d\u00edta\u010dem \u0159\u00edzen\u00fdch n\u00e1stroj\u016f, co\u017e vede ke konzistentn\u00edm rozm\u011br\u016fm, t\u011bsn\u00fdm toleranc\u00edm a vynikaj\u00edc\u00ed kvalit\u011b hlin\u00edkov\u00fdch profil\u016f na zak\u00e1zku.<br \/>\n<\/p><br \/>\n<br \/>\n<p><b>8.Jsou hlin\u00edkov\u00e9 vytla\u010dovac\u00ed profily rentabiln\u00ed pro velkos\u00e9riovou v\u00fdrobu?<\/b><\/p>\n<p>Ano, hlin\u00edkov\u00e9 vytla\u010dovac\u00ed profily jsou cenov\u011b v\u00fdhodn\u00e9 pro velkos\u00e9riovou v\u00fdrobu a nab\u00edzej\u00ed dobrou rovnov\u00e1hu mezi cenou materi\u00e1lu, pevnost\u00ed a univerz\u00e1lnost\u00ed v r\u016fzn\u00fdch aplikac\u00edch.<br \/>\n<\/p><br \/><\/p>","protected":false},"featured_media":8557,"template":"","categories":[68],"class_list":["post-8558","product","type-product","status-publish","has-post-thumbnail","hentry","category-cnc-machining-aluminum-profile"],"meta_box":{"hilight_text_group":{"product_hilight_text":"<li>Custom aluminum extrusion profiles tailored to meet specific design and industrial requirements.<\/li>\r\r\n<li>Precision CNC machining ensures tight tolerances and high-quality finishes for custom profiles.<\/li>\r\r\n<li>Flexible finishing options, including anodizing, powder coating, and more, to enhance durability and aesthetics.<\/li>\r\r\n<li>Efficient production process for fast turnaround times and cost-effective fabrication solutions.<\/li>\r\r\n<li>Ideal for a wide range of industries, including automotive, aerospace, construction, and electronics.<\/li>","product_chanpin_blog":"<ul>\r\r\n<li><a href=\"https:\/\/sinoextrud.com\/t-slot-v-slot-differences\/\" target=\"_blank\">t slot vs v slot<\/a><\/li>\r\r\n<li><a href=\"https:\/\/sinoextrud.com\/what-is-4040-aluminium-extrud\/\" target=\"_blank\">4040 aluminium extrusion<\/a><\/li>\r\r\n<li><a href=\"https:\/\/sinoextrud.com\/what-is-4040-aluminium-extrud\/\" target=\"_blank\">aluminum extrusions for industrial racks<\/a><\/li>\r\r\n<li><a href=\"https:\/\/sinoextrud.com\/powder-coating-aluminium-process\/\" target=\"_blank\">powder coating aluminium<\/a><\/li>\r\r\n<li><a href=\"https:\/\/sinoextrud.com\/what-is-an-aluminium-strip-ceiling\/\" target=\"_blank\">aluminium strip ceiling<\/a><\/li>\r\r\n<li><a href=\"https:\/\/sinoextrud.com\/what-is-a-heat-sink\/\" target=\"_blank\">what is a heat sink<\/a><\/li>\r\r\n<\/ul>","product_chanpin_chanpin":"<li><a href=\"https:\/\/sinoextrud.com\/product\/small-aluminium-extrusions\/\" target=\"_blank\">Small Aluminium Extrusions<\/a><\/li>\r\n<li><a href=\"https:\/\/sinoextrud.com\/product\/cnc-industrial-aluminum-profiler\/\" target=\"_blank\">CNC Industrial Aluminum Profiler<\/a><\/li>\r\n<li><a href=\"https:\/\/sinoextrud.com\/product\/cnc-machine-for-aluminum-profiles\/\" target=\"_blank\">CNC Machine For Aluminum Profiles<\/a><\/li>\r\n<li><a href=\"https:\/\/sinoextrud.com\/product\/aluminum-enclosure-housing-and-shell\/\" target=\"_blank\">Aluminum Enclosure Housing And Shell<\/a><\/li>\r\n<li><a href=\"https:\/\/sinoextrud.com\/product\/custom-finishing-aluminum-extrusion-profile-fabrication-and-cnc-machining\/\" target=\"_blank\">Custom Finishing Aluminum Extrusion Profile Fabrication and CNC Machining<\/a><\/li>\r\n<li><a href=\"https:\/\/sinoextrud.com\/product\/special-aluminium-extrusions\/\" target=\"_blank\">Special Aluminium Extrusions<\/a><\/li>\r\n<li><a href=\"https:\/\/sinoextrud.com\/product\/cutting-aluminium-extrusion\/\" target=\"_blank\">Cutting Aluminium Extrusion<\/a><\/li>\r\n<li><a href=\"https:\/\/sinoextrud.com\/product\/cnc-machining-aluminum-profiles\/\" target=\"_blank\">CNC Machining Aluminum Profiles<\/a><\/li>\r\n<li><a href=\"https:\/\/sinoextrud.com\/product\/circular-aluminum-extrusions\/\" target=\"_blank\">Circular Aluminum Extrusions<\/a><\/li>\r\n<li><a href=\"https:\/\/sinoextrud.com\/product\/custom-cnc-machined-7075-aluminum-extrusion\/\" target=\"_blank\">Custom CNC Machined 7075 Aluminum Extrusion<\/a><\/li>\r\n<li><a href=\"https:\/\/sinoextrud.com\/product\/aluminium-tube\/\" target=\"_blank\">Aluminium Tube<\/a><\/li>"},"feature_list":[]},"_links":{"self":[{"href":"https:\/\/sinoextrud.com\/cs\/wp-json\/wp\/v2\/product\/8558","targetHints":{"allow":["GET"]}}],"collection":[{"href":"https:\/\/sinoextrud.com\/cs\/wp-json\/wp\/v2\/product"}],"about":[{"href":"https:\/\/sinoextrud.com\/cs\/wp-json\/wp\/v2\/types\/product"}],"wp:featuredmedia":[{"embeddable":true,"href":"https:\/\/sinoextrud.com\/cs\/wp-json\/wp\/v2\/media\/8557"}],"wp:attachment":[{"href":"https:\/\/sinoextrud.com\/cs\/wp-json\/wp\/v2\/media?parent=8558"}],"wp:term":[{"taxonomy":"category","embeddable":true,"href":"https:\/\/sinoextrud.com\/cs\/wp-json\/wp\/v2\/categories?post=8558"}],"curies":[{"name":"wp","href":"https:\/\/api.w.org\/{rel}","templated":true}]}}