{"id":8550,"date":"2025-06-17T02:58:38","date_gmt":"2025-06-17T02:58:38","guid":{"rendered":"https:\/\/sinoextrud.com\/product\/small-aluminium-extrusions\/"},"modified":"2025-06-24T06:24:15","modified_gmt":"2025-06-24T06:24:15","slug":"male-hlinikove-vylisky","status":"publish","type":"product","link":"https:\/\/sinoextrud.com\/cs\/product\/small-aluminium-extrusions\/","title":{"rendered":"Mal\u00e9 hlin\u00edkov\u00e9 v\u00fdlisky"},"content":{"rendered":"<h2>Podrobnosti o produktech<\/h2>\n<table class=\"custom-table\">\n<tbody>\n<tr>\n<td> N\u00e1zev<\/td>\n<td> Mal\u00e9 hlin\u00edkov\u00e9 v\u00fdlisky<\/td>\n<\/tr>\n<tr>\n<td> Zna\u010dka<\/td>\n<td> Sinoextrud\/<\/td>\n<\/tr>\n<tr>\n<td> Kategorie<\/td>\n<td> Hlin\u00edkov\u00fd v\u00fdlisek<\/td>\n<\/tr>\n<tr>\n<td> Materi\u00e1l<\/td>\n<td> K dispozici je hlin\u00edkov\u00e1 slitina (6063, 6061, 6464, 6082), s\u00e9rie 1000 a 3000.<\/td>\n<\/tr>\n<tr>\n<td> Temperament<\/td>\n<td> T5-T8<\/td>\n<\/tr>\n<tr>\n<td> D\u00e9lka<\/td>\n<td> Podle v\u00fdkresu<\/td>\n<\/tr>\n<tr>\n<td> Velikost (mm)<\/td>\n<td> R\u016fzn\u00e9 velikosti jsou k dispozici, z\u00e1kaznick\u00fd v\u00fdkres je k dispozici<\/td>\n<\/tr>\n<tr>\n<td> Tvar<\/td>\n<td> R\u016fzn\u00e9 mal\u00e9 tvary podle po\u017eadavk\u016f z\u00e1kazn\u00edka<\/td>\n<\/tr>\n<tr>\n<td> Povrchov\u00e1 \u00faprava<\/td>\n<td> Povrchov\u00e1 \u00faprava; k dispozici je tak\u00e9 eloxov\u00e1n\u00ed, p\u00edskov\u00e1n\u00ed a elektrofor\u00e9za.<\/td>\n<\/tr>\n<tr>\n<td> Barva<\/td>\n<td> St\u0159\u00edbrn\u00e1, \u010dern\u00e1, zlat\u00e1, Champange, bronzov\u00e1, \u010derven\u00e1. modr\u00e1 a m\u016f\u017eeme p\u0159izp\u016fsobit barvy na z\u00e1klad\u011b vzork\u016f z\u00e1kazn\u00edk\u016f.<\/td>\n<\/tr>\n<tr>\n<td> Z\u00e1ruka<\/td>\n<td> BV , TUV , ISO<\/td>\n<\/tr>\n<tr>\n<td> Standardn\u00ed<\/td>\n<td> St\u0159edn\u00ed a vysok\u00e1 kvalita<\/td>\n<\/tr>\n<tr>\n<td> MOQ<\/td>\n<td> 200KGS pro ka\u017edou polo\u017eku<\/td>\n<\/tr>\n<tr>\n<td> Z<\/td>\n<td> Guangdong, \u010c\u00edna<\/td>\n<\/tr>\n<tr>\n<td> Aplikace<\/td>\n<td> Pr\u016fmysl, stavebnictv\u00ed, dekorace pro dom\u00e1cnost<\/td>\n<\/tr>\n<tr>\n<td> Hloubkov\u00e9 zpracov\u00e1n\u00ed<\/td>\n<td> \u0158ez\u00e1n\u00ed, vrt\u00e1n\u00ed, obr\u00e1b\u011bn\u00ed, d\u011brov\u00e1n\u00ed, oh\u00fdb\u00e1n\u00ed, z\u00e1vitov\u00e1n\u00ed atd.<\/td>\n<\/tr>\n<tr>\n<td> Bal\u00ed\u010dek<\/td>\n<td> Uvnit\u0159 s ochrannou f\u00f3li\u00ed, smr\u0161\u0165ovac\u00ed f\u00f3li\u00ed nebo PE p\u011bnou. Vn\u011bj\u0161\u00ed strana s krabic\u00ed, kartonem nebo d\u0159ev\u011bn\u00fdm r\u00e1mem, nebo p\u0159izp\u016fsoben\u00ed.<\/td>\n<\/tr>\n<tr>\n<td> Doba dod\u00e1n\u00ed<\/td>\n<td> V\u00fdvoj formy a konformace vzorku je 12-18 dn\u00ed, pak je doba v\u00fdroby 25-30 dn\u00ed po obdr\u017een\u00ed z\u00e1lohy od kupuj\u00edc\u00edho.<\/td>\n<\/tr>\n<tr>\n<td> Kapacita v\u00fdrobku<\/td>\n<td> V\u00edce ne\u017e 15 000 tun m\u011bs\u00ed\u010dn\u011b<\/td>\n<\/tr>\n<\/tbody>\n<\/table>\n<h2>Na\u0161e v\u00fdrobn\u00ed z\u00e1kladna<\/h2>\n<h3>Panorama tov\u00e1rny<\/h3>\n<p><img decoding=\"async\" src=\"\/wp-content\/uploads\/factory-01.webp\"\/><\/p>\n<h3>D\u00edlna na v\u00fdrobu hlin\u00edkov\u00fdch ty\u010d\u00ed<\/h3>\n<p><img decoding=\"async\" src=\"\/wp-content\/uploads\/factory-02.webp\"\/><\/p>\n<p><img decoding=\"async\" src=\"\/wp-content\/uploads\/factory-03.webp\"\/><\/p>\n<h3>Sklad pl\u00edsn\u00ed<\/h3>\n<p><img decoding=\"async\" src=\"\/wp-content\/uploads\/factory-04.webp\"\/><\/p>\n<h3>43 linek na vytla\u010dov\u00e1n\u00ed hlin\u00edku (500 - 5500 tun)<\/h3>\n<p><img decoding=\"async\" src=\"\/wp-content\/uploads\/factory-05.webp\"\/><\/p>\n<p><img decoding=\"async\" src=\"\/wp-content\/uploads\/factory-06.webp\"\/><\/p>\n<p><img decoding=\"async\" src=\"\/wp-content\/uploads\/factory-07.webp\"\/><\/p>\n<h3>D\u00edlna pr\u00e1\u0161kov\u00e9ho lakov\u00e1n\u00ed<\/h3>\n<p><img decoding=\"async\" src=\"\/wp-content\/uploads\/factory-09.webp\"\/><\/p>\n<h3>D\u00edlna eloxov\u00e1n\u00ed<\/h3>\n<p><img decoding=\"async\" src=\"\/wp-content\/uploads\/factory-10.webp\"\/><\/p>\n<h3>Workshop o hloubkov\u00e9m zpracov\u00e1n\u00ed<\/h3>\n<p><img decoding=\"async\" src=\"\/wp-content\/uploads\/factory-11.webp\"\/><\/p>\n<h3>D\u00edlna CNC p\u0159esn\u00e9ho obr\u00e1b\u011bn\u00ed<\/h3>\n<p><img decoding=\"async\" src=\"\/wp-content\/uploads\/factory-11.5.webp\"\/><\/p>\n<h3>Sklad hotov\u00fdch v\u00fdrobk\u016f a exportn\u00ed sklad<\/h3>\n<p><img decoding=\"async\" src=\"\/wp-content\/uploads\/factory-12.webp\"\/><\/p>\n<p><img decoding=\"async\" src=\"\/wp-content\/uploads\/factory-13.webp\"\/><\/p>\n<p><img decoding=\"async\" src=\"\/wp-content\/uploads\/factory-14.webp\"\/><\/p>\n<h2>\u010cASTO KLADEN\u00c9 DOTAZY<\/h2>\n<p><p><b>1.Mal\u00e9 hlin\u00edkov\u00e9 v\u00fdlisky: Jak\u00e9 jsou v\u00fdhody pou\u017eit\u00ed mal\u00fdch hlin\u00edkov\u00fdch v\u00fdlisk\u016f v r\u016fzn\u00fdch projektech?<\/b><\/p>\n<p>Mal\u00e9 hlin\u00edkov\u00e9 v\u00fdlisky jsou lehk\u00e9, p\u0159izp\u016fsobiv\u00e9 a maj\u00ed vynikaj\u00edc\u00ed pevnost, tak\u017ee jsou ide\u00e1ln\u00ed pro kompaktn\u00ed aplikace v pr\u016fmyslov\u00fdch odv\u011btv\u00edch, jako je automobilov\u00fd pr\u016fmysl, stavebnictv\u00ed a elektronika.<br \/>\n<\/p><br \/>\n<br \/>\n<p><b>2.Jak zvy\u0161uje odolnost hlin\u00edku proti korozi jeho v\u00fdkon?<\/b><\/p>\n<p>Odolnost hlin\u00edku proti korozi pom\u00e1h\u00e1 v\u00fdlisk\u016fm zachovat si svou integritu a vzhled po dlouhou dobu, a to i v n\u00e1ro\u010dn\u00fdch podm\u00ednk\u00e1ch nebo ve venkovn\u00edm prost\u0159ed\u00ed, \u010d\u00edm\u017e je zaji\u0161t\u011bna jejich trvanlivost.<br \/>\n<\/p><br \/>\n<br \/>\n<p><b>3.Lze mal\u00e9 hlin\u00edkov\u00e9 v\u00fdlisky p\u0159izp\u016fsobit konkr\u00e9tn\u00edm pot\u0159eb\u00e1m?<\/b><\/p>\n<p>Ano, mal\u00e9 hlin\u00edkov\u00e9 v\u00fdlisky lze p\u0159izp\u016fsobit velikost\u00ed, tvarem a povrchovou \u00fapravou tak, aby p\u0159esn\u011b spl\u0148ovaly specifikace va\u0161eho projektu nebo aplikace.<br \/>\n<\/p><br \/>\n<br \/>\n<p><b>4.Jak\u00e1 pr\u016fmyslov\u00e1 odv\u011btv\u00ed mohou m\u00edt prosp\u011bch z pou\u017e\u00edv\u00e1n\u00ed mal\u00fdch hlin\u00edkov\u00fdch v\u00fdlisk\u016f?<\/b><\/p>\n<p>Odv\u011btv\u00ed, jako je automobilov\u00fd a leteck\u00fd pr\u016fmysl, elektronika a stavebnictv\u00ed, t\u011b\u017e\u00ed z pevnosti, n\u00edzk\u00e9 hmotnosti a univerz\u00e1lnosti mal\u00fdch hlin\u00edkov\u00fdch v\u00fdlisk\u016f.<br \/>\n<\/p><br \/>\n<br \/>\n<p><b>5.Jak\u00fd je pom\u011br pevnosti a hmotnosti hlin\u00edku u mal\u00fdch v\u00fdlisk\u016f?<\/b><\/p>\n<p>D\u00edky vysok\u00e9mu pom\u011bru pevnosti a hmotnosti poskytuj\u00ed mal\u00e9 hlin\u00edkov\u00e9 v\u00fdlisky pevnost a odolnost bez zbyte\u010dn\u00e9ho zvy\u0161ov\u00e1n\u00ed hmotnosti, tak\u017ee jsou vhodn\u00e9 pro r\u016fzn\u00e9 aplikace.<br \/>\n<\/p><br \/>\n<br \/>\n<p><b>6.Jak\u00e9 jsou hlavn\u00ed v\u00fdhody pou\u017eit\u00ed mal\u00fdch hlin\u00edkov\u00fdch v\u00fdlisk\u016f v konstruk\u010dn\u00edch aplikac\u00edch?<\/b><\/p>\n<p>Mal\u00e9 hlin\u00edkov\u00e9 v\u00fdlisky se vyzna\u010duj\u00ed pevnost\u00ed, odolnost\u00ed proti korozi a snadnou mont\u00e1\u017e\u00ed, tak\u017ee jsou ide\u00e1ln\u00ed pro konstruk\u010dn\u00ed r\u00e1my v kompaktn\u00edch proveden\u00edch.<br \/>\n<\/p><br \/>\n<br \/>\n<p><b>7.Jsou mal\u00e9 hlin\u00edkov\u00e9 v\u00fdlisky snadno sestaviteln\u00e9 a zpracovateln\u00e9?<\/b><\/p>\n<p>Ano, mal\u00e9 hlin\u00edkov\u00e9 v\u00fdlisky se snadno obr\u00e1b\u011bj\u00ed, zpracov\u00e1vaj\u00ed a montuj\u00ed, co\u017e umo\u017e\u0148uje rychlej\u0161\u00ed v\u00fdrobu a ni\u017e\u0161\u00ed n\u00e1klady na pracovn\u00ed s\u00edlu.<br \/>\n<\/p><br \/>\n<br \/>\n<p><b>8.Jak ovliv\u0148uje p\u0159izp\u016fsoben\u00ed mal\u00fdch hlin\u00edkov\u00fdch v\u00fdlisk\u016f jejich pou\u017eit\u00ed?<\/b><\/p>\n<p>P\u0159izp\u016fsoben\u00ed mal\u00fdch hlin\u00edkov\u00fdch v\u00fdlisk\u016f zaji\u0161\u0165uje, \u017ee spl\u0148uj\u00ed specifick\u00e9 po\u017eadavky ka\u017ed\u00e9ho projektu a zlep\u0161uj\u00ed v\u00fdkon a efektivitu v r\u016fzn\u00fdch pr\u016fmyslov\u00fdch aplikac\u00edch.<br \/>\n<\/p><br \/><\/p>","protected":false},"featured_media":8549,"template":"","categories":[68],"class_list":["post-8550","product","type-product","status-publish","has-post-thumbnail","hentry","category-cnc-machining-aluminum-profile"],"meta_box":{"hilight_text_group":{"product_hilight_text":"<li>Compact and lightweight small aluminum extrusions suitable for a variety of applications.<\/li>\r\r\n<li>Customizable sizes and shapes to meet specific industrial and structural requirements.<\/li>\r\r\n<li>Corrosion-resistant, ensuring long-lasting performance in various environments.<\/li>\r\r\n<li>Easy to machine, process, and assemble for quick production and low labor costs.<\/li>\r\r\n<li>High strength-to-weight ratio, providing strength without unnecessary bulk.<\/li>","product_chanpin_blog":"<ul>\r\r\n<li><a href=\"https:\/\/sinoextrud.com\/t-slot-v-slot-differences\/\" target=\"_blank\">t slot vs v slot<\/a><\/li>\r\r\n<li><a href=\"https:\/\/sinoextrud.com\/what-is-4040-aluminium-extrud\/\" target=\"_blank\">4040 aluminium extrusion<\/a><\/li>\r\r\n<li><a href=\"https:\/\/sinoextrud.com\/what-is-4040-aluminium-extrud\/\" target=\"_blank\">aluminum extrusions for industrial racks<\/a><\/li>\r\r\n<li><a href=\"https:\/\/sinoextrud.com\/powder-coating-aluminium-process\/\" target=\"_blank\">powder coating aluminium<\/a><\/li>\r\r\n<li><a href=\"https:\/\/sinoextrud.com\/what-is-an-aluminium-strip-ceiling\/\" target=\"_blank\">aluminium strip ceiling<\/a><\/li>\r\r\n<li><a href=\"https:\/\/sinoextrud.com\/what-is-a-heat-sink\/\" target=\"_blank\">what is a heat sink<\/a><\/li>\r\r\n<\/ul>","product_chanpin_chanpin":"<li><a href=\"https:\/\/sinoextrud.com\/product\/aluminum-cnc-machining\/\" target=\"_blank\">Aluminum cnc machining<\/a><\/li>\r\n<li><a href=\"https:\/\/sinoextrud.com\/product\/aluminum-profile-cnc-machining\/\" target=\"_blank\">Aluminum Profile CNC Machining<\/a><\/li>\r\n<li><a href=\"https:\/\/sinoextrud.com\/product\/extruded-aluminum-cnc-part-with-precision-custom-cnc-machining\/\" target=\"_blank\">Extruded Aluminum CNC Part with Precision Custom CNC Machining<\/a><\/li>\r\n<li><a href=\"https:\/\/sinoextrud.com\/product\/item-modular-aluminium-profile-system\/\" target=\"_blank\">Item Modular Aluminium Profile System<\/a><\/li>\r\n<li><a href=\"https:\/\/sinoextrud.com\/product\/small-aluminium-extrusions\/\" target=\"_blank\">Small Aluminium Extrusions<\/a><\/li>\r\n<li><a href=\"https:\/\/sinoextrud.com\/product\/cnc-industrial-aluminum-profiler\/\" target=\"_blank\">CNC Industrial Aluminum Profiler<\/a><\/li>\r\n<li><a href=\"https:\/\/sinoextrud.com\/product\/cnc-machine-for-aluminum-profiles\/\" target=\"_blank\">CNC Machine For Aluminum Profiles<\/a><\/li>\r\n<li><a href=\"https:\/\/sinoextrud.com\/product\/aluminum-enclosure-housing-and-shell\/\" target=\"_blank\">Aluminum Enclosure Housing And Shell<\/a><\/li>\r\n<li><a href=\"https:\/\/sinoextrud.com\/product\/custom-finishing-aluminum-extrusion-profile-fabrication-and-cnc-machining\/\" target=\"_blank\">Custom Finishing Aluminum Extrusion Profile Fabrication and CNC Machining<\/a><\/li>\r\n<li><a href=\"https:\/\/sinoextrud.com\/product\/large-aluminum-extrud\/\" target=\"_blank\">Large Aluminum Extrud<\/a><\/li>\r\n<li><a href=\"https:\/\/sinoextrud.com\/product\/aluminum-frame\/\" target=\"_blank\">Aluminum Frame<\/a><\/li>"},"feature_list":[]},"_links":{"self":[{"href":"https:\/\/sinoextrud.com\/cs\/wp-json\/wp\/v2\/product\/8550","targetHints":{"allow":["GET"]}}],"collection":[{"href":"https:\/\/sinoextrud.com\/cs\/wp-json\/wp\/v2\/product"}],"about":[{"href":"https:\/\/sinoextrud.com\/cs\/wp-json\/wp\/v2\/types\/product"}],"wp:featuredmedia":[{"embeddable":true,"href":"https:\/\/sinoextrud.com\/cs\/wp-json\/wp\/v2\/media\/8549"}],"wp:attachment":[{"href":"https:\/\/sinoextrud.com\/cs\/wp-json\/wp\/v2\/media?parent=8550"}],"wp:term":[{"taxonomy":"category","embeddable":true,"href":"https:\/\/sinoextrud.com\/cs\/wp-json\/wp\/v2\/categories?post=8550"}],"curies":[{"name":"wp","href":"https:\/\/api.w.org\/{rel}","templated":true}]}}