{"id":8546,"date":"2025-06-17T02:53:22","date_gmt":"2025-06-17T02:53:22","guid":{"rendered":"https:\/\/sinoextrud.com\/product\/extruded-aluminum-cnc-part-with-precision-custom-cnc-machining\/"},"modified":"2025-06-24T06:24:12","modified_gmt":"2025-06-24T06:24:12","slug":"vytlacovany-hlinikovy-dil-na-cnc-s-presnym-cnc-obrabenim-na-zakazku","status":"publish","type":"product","link":"https:\/\/sinoextrud.com\/cs\/product\/extruded-aluminum-cnc-part-with-precision-custom-cnc-machining\/","title":{"rendered":"Extrudovan\u00e9 hlin\u00edkov\u00e9 CNC d\u00edly s p\u0159esn\u00fdm CNC obr\u00e1b\u011bn\u00edm na zak\u00e1zku"},"content":{"rendered":"<h2>Podrobnosti o produktech<\/h2>\n<table class=\"custom-table\">\n<tr>\n<td class=\"label\">Zpracov\u00e1n\u00ed:<\/td>\n<td> CNC obr\u00e1b\u011bn\u00ed, CNC soustru\u017een\u00ed, vrt\u00e1n\u00ed, fr\u00e9zov\u00e1n\u00ed, kart\u00e1\u010dov\u00e1n\u00ed<\/td>\n<\/tr>\n<tr>\n<td class=\"label\">Polo\u017eka:<\/td>\n<td> CNC obr\u00e1b\u011bn\u00ed extrudovan\u00e9ho hlin\u00edku<\/td>\n<\/tr>\n<tr>\n<td class=\"label\">M\u00edrnost:<\/td>\n<td> T3 - T8<\/td>\n<\/tr>\n<tr>\n<td class=\"label\">T\u0159\u00edda:<\/td>\n<td> \u0158ada 6000<\/td>\n<\/tr>\n<tr>\n<td class=\"label\">Detail balen\u00ed:<\/td>\n<td> Standardn\u00ed exportn\u00ed balen\u00ed<\/td>\n<\/tr>\n<tr>\n<td class=\"label\">Pou\u017eit\u00ed:<\/td>\n<td> P\u0159\u00edslu\u0161enstv\u00ed pro elektrick\u00fd hardware,chladi\u010de,chladi\u010de<\/td>\n<\/tr>\n<tr>\n<td class=\"label\">P\u0159epravn\u00ed bal\u00ed\u010dek:<\/td>\n<td> P\u011bna+pap\u00edrov\u00e9 kartony+d\u0159ev\u011bn\u00e1 paleta<\/td>\n<\/tr>\n<tr>\n<td class=\"label\">Typ:<\/td>\n<td> Hlin\u00edkov\u00e9 profily Extursion<\/td>\n<\/tr>\n<tr>\n<td class=\"label\">Kontrola kvality:<\/td>\n<td> 100% Kontrola p\u0159ed odesl\u00e1n\u00edm<\/td>\n<\/tr>\n<tr>\n<td class=\"label\">P\u016fvod:<\/td>\n<td> Foshan, \u010c\u00edna<\/td>\n<\/tr>\n<tr>\n<td class=\"label\">Suroviny:<\/td>\n<td> Hlin\u00edkov\u00e1 slitina, nerezov\u00e1 ocel, m\u011b\u010f<\/td>\n<\/tr>\n<tr>\n<td class=\"label\">Povrchov\u00e1 \u00faprava:<\/td>\n<td> Eloxov\u00e1n\u00ed, p\u00edskov\u00e1n\u00ed, pasivace, zinkov\u00e1n\u00ed<\/td>\n<\/tr>\n<tr>\n<td class=\"label\">Torlerance:<\/td>\n<td> +-0,005 mm<\/td>\n<\/tr>\n<tr>\n<td class=\"label\">Podm\u00ednky:<\/td>\n<td> Fob, CIF, CFR, EXW, ect<\/td>\n<\/tr>\n<tr>\n<td class=\"label\">Ochrann\u00e1 zn\u00e1mka:<\/td>\n<td>Sinoextrud(Sinoextrud)\/OEM<\/td>\n<\/tr>\n<tr>\n<td class=\"label\">Specifikace:<\/td>\n<td> OEM (podle n\u00e1vrhu spole\u010dnosti Cleint)<\/td>\n<\/tr>\n<tr>\n<td class=\"label\">K\u00f3d HS:<\/td>\n<td> 94059900<\/td>\n<\/tr>\n<\/table>\n<h2>Na\u0161e v\u00fdrobn\u00ed z\u00e1kladna<\/h2>\n<h3>Panorama tov\u00e1rny<\/h3>\n<p><img decoding=\"async\" src=\"\/wp-content\/uploads\/factory-01.webp\"\/><\/p>\n<h3>D\u00edlna na v\u00fdrobu hlin\u00edkov\u00fdch ty\u010d\u00ed<\/h3>\n<p><img decoding=\"async\" src=\"\/wp-content\/uploads\/factory-02.webp\"\/><\/p>\n<p><img decoding=\"async\" src=\"\/wp-content\/uploads\/factory-03.webp\"\/><\/p>\n<h3>Sklad pl\u00edsn\u00ed<\/h3>\n<p><img decoding=\"async\" src=\"\/wp-content\/uploads\/factory-04.webp\"\/><\/p>\n<h3>43 linek na vytla\u010dov\u00e1n\u00ed hlin\u00edku (500-5500 tun)<\/h3>\n<p><img decoding=\"async\" src=\"\/wp-content\/uploads\/factory-05.webp\"\/><\/p>\n<p><img decoding=\"async\" src=\"\/wp-content\/uploads\/factory-06.webp\"\/><\/p>\n<p><img decoding=\"async\" src=\"\/wp-content\/uploads\/factory-07.webp\"\/><\/p>\n<h3>D\u00edlna pr\u00e1\u0161kov\u00e9ho lakov\u00e1n\u00ed<\/h3>\n<p><img decoding=\"async\" src=\"\/wp-content\/uploads\/factory-09.webp\"\/><\/p>\n<h3>D\u00edlna eloxov\u00e1n\u00ed<\/h3>\n<p><img decoding=\"async\" src=\"\/wp-content\/uploads\/factory-10.webp\"\/><\/p>\n<h3>Workshop o hloubkov\u00e9m zpracov\u00e1n\u00ed<\/h3>\n<p><img decoding=\"async\" src=\"\/wp-content\/uploads\/factory-11.webp\"\/><\/p>\n<h3>D\u00edlna CNC p\u0159esn\u00e9ho obr\u00e1b\u011bn\u00ed<\/h3>\n<p><img decoding=\"async\" src=\"\/wp-content\/uploads\/factory-11.5.webp\"\/><\/p>\n<h3>Sklad hotov\u00fdch v\u00fdrobk\u016f a exportn\u00ed sklad<\/h3>\n<p><img decoding=\"async\" src=\"\/wp-content\/uploads\/factory-12.webp\"\/><\/p>\n<p><img decoding=\"async\" src=\"\/wp-content\/uploads\/factory-13.webp\"\/><\/p>\n<p><img decoding=\"async\" src=\"\/wp-content\/uploads\/factory-14.webp\"\/><\/p>\n<h2>\u010cASTO KLADEN\u00c9 DOTAZY<\/h2>\n<p><p><b>1.Extrudovan\u00e1 hlin\u00edkov\u00e1 CNC \u010d\u00e1st s p\u0159esn\u00fdm CNC obr\u00e1b\u011bn\u00edm na zak\u00e1zku: Co d\u011bl\u00e1 CNC obr\u00e1b\u011bn\u00ed ide\u00e1ln\u00edm pro vytla\u010dovan\u00e9 hlin\u00edkov\u00e9 d\u00edly?<\/b><\/p>\n<p>CNC obr\u00e1b\u011bn\u00ed nab\u00edz\u00ed vysokou p\u0159esnost a opakovatelnost, tak\u017ee je ide\u00e1ln\u00ed pro vytv\u00e1\u0159en\u00ed zak\u00e1zkov\u00fdch lisovan\u00fdch hlin\u00edkov\u00fdch d\u00edl\u016f s p\u0159\u00edsn\u00fdmi tolerancemi.<br \/>\n<\/p><br \/>\n<br \/>\n<p><b>2.Mohou b\u00fdt vytla\u010dovan\u00e9 hlin\u00edkov\u00e9 d\u00edly p\u0159izp\u016fsobeny pomoc\u00ed CNC obr\u00e1b\u011bn\u00ed?<\/b><\/p>\n<p>Ano, CNC obr\u00e1b\u011bn\u00ed umo\u017e\u0148uje p\u0159izp\u016fsobit velikost, tvar a design tak, aby spl\u0148ovaly specifick\u00e9 po\u017eadavky pro r\u016fzn\u00e1 odv\u011btv\u00ed a aplikace.<br \/>\n<\/p><br \/>\n<br \/>\n<p><b>3.Jak\u00e9 jsou hlavn\u00ed v\u00fdhody CNC d\u00edl\u016f z extrudovan\u00e9ho hlin\u00edku?<\/b><\/p>\n<p>Mezi hlavn\u00ed v\u00fdhody pat\u0159\u00ed vysok\u00e1 p\u0159esnost, lehk\u00e1 konstrukce, odolnost a schopnost zpracov\u00e1vat slo\u017eit\u00e9 a komplikovan\u00e9 tvary s minim\u00e1ln\u00edm odpadem materi\u00e1lu.<br \/>\n<\/p><br \/>\n<br \/>\n<p><b>4.Jak CNC obr\u00e1b\u011bn\u00ed zvy\u0161uje p\u0159esnost lisovan\u00fdch hlin\u00edkov\u00fdch d\u00edl\u016f?<\/b><\/p>\n<p>CNC obr\u00e1b\u011bn\u00ed umo\u017e\u0148uje p\u0159esn\u00e9, automatizovan\u00e9 \u0159ezy a tvarov\u00e1n\u00ed, kter\u00e9 zaji\u0161\u0165uj\u00ed p\u0159\u00edsn\u00e9 tolerance a konzistenci v\u00edce d\u00edl\u016f.<br \/>\n<\/p><br \/>\n<br \/>\n<p><b>5.Kter\u00e1 pr\u016fmyslov\u00e1 odv\u011btv\u00ed vyu\u017e\u00edvaj\u00ed CNC d\u00edly z extrudovan\u00e9ho hlin\u00edku?<\/b><\/p>\n<p>Pr\u016fmyslov\u00e1 odv\u011btv\u00ed, jako je leteck\u00fd a kosmick\u00fd pr\u016fmysl, automobilov\u00fd pr\u016fmysl, elektronika a v\u00fdroba, pou\u017e\u00edvaj\u00ed CNC d\u00edly z extrudovan\u00e9ho hlin\u00edku pro jejich lehk\u00e9, odoln\u00e9 a p\u0159izp\u016fsobiteln\u00e9 vlastnosti.<br \/>\n<\/p><br \/>\n<br \/>\n<p><b>6.Jak CNC obr\u00e1b\u011bn\u00ed sni\u017euje pl\u00fdtv\u00e1n\u00ed materi\u00e1lem ve v\u00fdrob\u011b?<\/b><\/p>\n<p>CNC obr\u00e1b\u011bn\u00ed vyu\u017e\u00edv\u00e1 po\u010d\u00edta\u010dem \u0159\u00edzen\u00e9 procesy k optimalizaci vyu\u017eit\u00ed materi\u00e1lu, co\u017e zaji\u0161\u0165uje minim\u00e1ln\u00ed pl\u00fdtv\u00e1n\u00ed p\u0159i zachov\u00e1n\u00ed vysok\u00e9 efektivity v\u00fdroby.<br \/>\n<\/p><br \/>\n<br \/>\n<p><b>7.Pro\u010d by si firmy m\u011bly vybrat CNC obr\u00e1b\u011bn\u00ed na zak\u00e1zku pro lisovan\u00e9 hlin\u00edkov\u00e9 d\u00edly?<\/b><\/p>\n<p>Zak\u00e1zkov\u00e9 CNC obr\u00e1b\u011bn\u00ed nab\u00edz\u00ed flexibilitu p\u0159i navrhov\u00e1n\u00ed, vynikaj\u00edc\u00ed p\u0159esnost a schopnost vytv\u00e1\u0159et d\u00edly, kter\u00e9 spl\u0148uj\u00ed specifick\u00e9 v\u00fdkonnostn\u00ed a estetick\u00e9 po\u017eadavky, co\u017e z n\u011bj \u010din\u00ed preferovan\u00e9 \u0159e\u0161en\u00ed pro slo\u017eit\u00e9 aplikace.<br \/>\n<\/p><br \/><\/p>","protected":false},"featured_media":8545,"template":"","categories":[68],"class_list":["post-8546","product","type-product","status-publish","has-post-thumbnail","hentry","category-cnc-machining-aluminum-profile"],"meta_box":{"hilight_text_group":{"product_hilight_text":"<li>High-precision CNC machining for custom extruded aluminum parts<\/li>\r\r\n<li>Ideal for complex, intricate designs requiring tight tolerances<\/li>\r\r\n<li>Customizable to meet specific size, shape, and material requirements<\/li>\r\r\n<li>Fast production times with minimal material waste<\/li>\r\r\n<li>Durable, lightweight parts ideal for a variety of industrial applications<\/li>","product_chanpin_blog":"<ul>\r\r\n<li><a href=\"https:\/\/sinoextrud.com\/t-slot-v-slot-differences\/\" target=\"_blank\">t slot vs v slot<\/a><\/li>\r\r\n<li><a href=\"https:\/\/sinoextrud.com\/what-is-4040-aluminium-extrud\/\" target=\"_blank\">4040 aluminium extrusion<\/a><\/li>\r\r\n<li><a href=\"https:\/\/sinoextrud.com\/what-is-4040-aluminium-extrud\/\" target=\"_blank\">aluminum extrusions for industrial racks<\/a><\/li>\r\r\n<li><a href=\"https:\/\/sinoextrud.com\/powder-coating-aluminium-process\/\" target=\"_blank\">powder coating aluminium<\/a><\/li>\r\r\n<li><a href=\"https:\/\/sinoextrud.com\/what-is-an-aluminium-strip-ceiling\/\" target=\"_blank\">aluminium strip ceiling<\/a><\/li>\r\r\n<li><a href=\"https:\/\/sinoextrud.com\/what-is-a-heat-sink\/\" target=\"_blank\">what is a heat sink<\/a><\/li>\r\r\n<\/ul>","product_chanpin_chanpin":"<li><a href=\"https:\/\/sinoextrud.com\/product\/machined-aluminum-rail-extrusion-profile-cnc-aviation-aluminum-gantry\/\" target=\"_blank\">Machined Aluminum Rail Extrusion Profile CNC Aviation Aluminum Gantry<\/a><\/li>\r\n<li><a href=\"https:\/\/sinoextrud.com\/product\/cnc-machining-aluminum-signal-plate\/\" target=\"_blank\">CNC Machining Aluminum Signal Plate<\/a><\/li>\r\n<li><a href=\"https:\/\/sinoextrud.com\/product\/aluminum-cnc-machining\/\" target=\"_blank\">Aluminum cnc machining<\/a><\/li>\r\n<li><a href=\"https:\/\/sinoextrud.com\/product\/aluminum-profile-cnc-machining\/\" target=\"_blank\">Aluminum Profile CNC Machining<\/a><\/li>\r\n<li><a href=\"https:\/\/sinoextrud.com\/product\/extruded-aluminum-cnc-part-with-precision-custom-cnc-machining\/\" target=\"_blank\">Extruded Aluminum CNC Part with Precision Custom CNC Machining<\/a><\/li>\r\n<li><a href=\"https:\/\/sinoextrud.com\/product\/item-modular-aluminium-profile-system\/\" target=\"_blank\">Item Modular Aluminium Profile System<\/a><\/li>\r\n<li><a href=\"https:\/\/sinoextrud.com\/product\/small-aluminium-extrusions\/\" target=\"_blank\">Small Aluminium Extrusions<\/a><\/li>\r\n<li><a href=\"https:\/\/sinoextrud.com\/product\/cnc-industrial-aluminum-profiler\/\" target=\"_blank\">CNC Industrial Aluminum Profiler<\/a><\/li>\r\n<li><a href=\"https:\/\/sinoextrud.com\/product\/cnc-machine-for-aluminum-profiles\/\" target=\"_blank\">CNC Machine For Aluminum Profiles<\/a><\/li>\r\n<li><a href=\"https:\/\/sinoextrud.com\/product\/6083-aluminum-profile-aluminum-plate-profile-customization-marine-corrosion-resistant-aluminum-alloy-plate\/\" target=\"_blank\">6083 Aluminum Profile Aluminum Plate Profile Customization Marine Corrosion-resistant Aluminum Alloy Plate<\/a><\/li>\r\n<li><a href=\"https:\/\/sinoextrud.com\/product\/aluminium-profile-corner-joint\/\" target=\"_blank\">Aluminium Profile Corner Joint<\/a><\/li>"},"feature_list":[]},"_links":{"self":[{"href":"https:\/\/sinoextrud.com\/cs\/wp-json\/wp\/v2\/product\/8546","targetHints":{"allow":["GET"]}}],"collection":[{"href":"https:\/\/sinoextrud.com\/cs\/wp-json\/wp\/v2\/product"}],"about":[{"href":"https:\/\/sinoextrud.com\/cs\/wp-json\/wp\/v2\/types\/product"}],"wp:featuredmedia":[{"embeddable":true,"href":"https:\/\/sinoextrud.com\/cs\/wp-json\/wp\/v2\/media\/8545"}],"wp:attachment":[{"href":"https:\/\/sinoextrud.com\/cs\/wp-json\/wp\/v2\/media?parent=8546"}],"wp:term":[{"taxonomy":"category","embeddable":true,"href":"https:\/\/sinoextrud.com\/cs\/wp-json\/wp\/v2\/categories?post=8546"}],"curies":[{"name":"wp","href":"https:\/\/api.w.org\/{rel}","templated":true}]}}