{"id":8539,"date":"2025-06-17T02:08:07","date_gmt":"2025-06-17T02:08:07","guid":{"rendered":"https:\/\/sinoextrud.com\/product\/cnc-machining-aluminum-signal-plate\/"},"modified":"2025-06-24T06:24:11","modified_gmt":"2025-06-24T06:24:11","slug":"cnc-obrabeni-hlinikove-signalni-desky","status":"publish","type":"product","link":"https:\/\/sinoextrud.com\/cs\/product\/cnc-machining-aluminum-signal-plate\/","title":{"rendered":"CNC obr\u00e1b\u011bn\u00ed hlin\u00edkov\u00e9 sign\u00e1ln\u00ed desky"},"content":{"rendered":"<h2>Podrobnosti o produktech<\/h2>\n<table class=\"custom-table\">\n<tr>\n<td class=\"label\">N\u00e1zev polo\u017eky<\/td>\n<td>CNC obr\u00e1b\u011bn\u00ed hlin\u00edkov\u00e9 sign\u00e1ln\u00ed desky<\/td>\n<\/tr>\n<tr>\n<td class=\"label\">Stupe\u0148 materi\u00e1lu<\/td>\n<td>Slitina \u0159ady 6000<\/td>\n<\/tr>\n<tr>\n<td class=\"label\">Temperament<\/td>\n<td>T5-T6<\/td>\n<\/tr>\n<tr>\n<td class=\"label\">Technologie<\/td>\n<td>Vytla\u010dov\u00e1n\u00ed hlin\u00edku, CNC obr\u00e1b\u011bn\u00ed<\/td>\n<\/tr>\n<tr>\n<td class=\"label\">Povrchov\u00e1 \u00faprava<\/td>\n<td>eloxov\u00e1n\u00ed, pr\u00e1\u0161kov\u00e9 lakov\u00e1n\u00ed, p\u00edskov\u00e1n\u00ed, elektrofor\u00e9za, fluorokarbon atd.<\/td>\n<\/tr>\n<tr>\n<td class=\"label\">Barva<\/td>\n<td>P\u0159izp\u016fsoben\u00e9<\/td>\n<\/tr>\n<tr>\n<td class=\"label\">Tlou\u0161\u0165ka eloxov\u00e1n\u00ed<\/td>\n<td>8-25 um<\/td>\n<\/tr>\n<tr>\n<td class=\"label\">Tlou\u0161\u0165ka povlaku Power Coating<\/td>\n<td>40-120 um<\/td>\n<\/tr>\n<tr>\n<td class=\"label\">Tvar<\/td>\n<td>Na z\u00e1klad\u011b v\u00fdkres\u016f<\/td>\n<\/tr>\n<tr>\n<td class=\"label\">D\u00e9lka<\/td>\n<td>Standardn\u00ed d\u00e9lka je 1-9 m nebo na m\u00edru.<\/td>\n<\/tr>\n<tr>\n<td class=\"label\">Hloubkov\u00e9 zpracov\u00e1n\u00ed<\/td>\n<td>\u0159ez\u00e1n\u00ed, vrt\u00e1n\u00ed, d\u011brov\u00e1n\u00ed, oh\u00fdb\u00e1n\u00ed atd.<\/td>\n<\/tr>\n<tr>\n<td class=\"label\">2D&amp;3D design<\/td>\n<td>Auto CAD, 3D, AI, SLD, PRT. IGS, PDF, JPEG atd.<\/td>\n<\/tr>\n<tr>\n<td class=\"label\">In\u017een\u00fdrstv\u00ed a n\u00e1stroje<\/td>\n<td>1: 8 in\u017een\u00fdr\u016f v lisovn\u011b.<br \/>\n2: Pou\u017eijte extrud\u00e9r s vysokou ton\u00e1\u017e\u00ed, dr\u00e1tov\u00e9 elektroerozivn\u00ed obr\u00e1b\u011bn\u00ed, CNC, vrtac\u00ed stroje atd.<\/td>\n<\/tr>\n<tr>\n<td class=\"label\">Kontrola kvality<\/td>\n<td>1.SO Schv\u00e1leno.<br \/>\n2.CE Approved<br \/>\n3.Kontrola na m\u00edst\u011b.<br \/>\n4.Kontrola p\u0159ed odesl\u00e1n\u00edm.<br \/>\n5.Testovac\u00ed stroj.<\/td>\n<\/tr>\n<tr>\n<td class=\"label\">Podrobnosti o balen\u00ed<\/td>\n<td>(1) Uvnit\u0159: baleno s plastovou ochrannou f\u00f3li\u00ed, kter\u00e1 chr\u00e1n\u00ed ka\u017ed\u00fd kus.<br \/>\n(2) Venku: Zabalte svazky do vod\u011bodoln\u00e9ho \u0159emesln\u00e9ho pap\u00edru.<\/td>\n<\/tr>\n<tr>\n<td class=\"label\">Dod\u00e1vka<\/td>\n<td>(1) V\u00fdvoj matrice a testov\u00e1n\u00ed vzork\u016f: 12-18 dn\u00ed .<br \/>\n(2) Dokon\u010den\u00ed hromadn\u00e9 v\u00fdroby: 20-30 dn\u00ed po potvrzen\u00ed vzorku kupuj\u00edc\u00edm.<\/td>\n<\/tr>\n<tr>\n<td class=\"label\">Term\u00edn platby<\/td>\n<td>T\/T 30% pro vklad, z\u016fstatek p\u0159ed odesl\u00e1n\u00edm.<\/td>\n<\/tr>\n<\/table>\n<h2>Na\u0161e v\u00fdrobn\u00ed z\u00e1kladna<\/h2>\n<h3>Panorama tov\u00e1rny<\/h3>\n<p><img decoding=\"async\" src=\"\/wp-content\/uploads\/factory-01.webp\"\/><\/p>\n<h3>D\u00edlna na v\u00fdrobu hlin\u00edkov\u00fdch ty\u010d\u00ed<\/h3>\n<p><img decoding=\"async\" src=\"\/wp-content\/uploads\/factory-02.webp\"\/><\/p>\n<p><img decoding=\"async\" src=\"\/wp-content\/uploads\/factory-03.webp\"\/><\/p>\n<h3>Sklad pl\u00edsn\u00ed<\/h3>\n<p><img decoding=\"async\" src=\"\/wp-content\/uploads\/factory-04.webp\"\/><\/p>\n<h3>43 linek na vytla\u010dov\u00e1n\u00ed hlin\u00edku (500-5500 tun)<\/h3>\n<p><img decoding=\"async\" src=\"\/wp-content\/uploads\/factory-05.webp\"\/><\/p>\n<p><img decoding=\"async\" src=\"\/wp-content\/uploads\/factory-06.webp\"\/><\/p>\n<p><img decoding=\"async\" src=\"\/wp-content\/uploads\/factory-07.webp\"\/><\/p>\n<h3>D\u00edlna pr\u00e1\u0161kov\u00e9ho lakov\u00e1n\u00ed<\/h3>\n<p><img decoding=\"async\" src=\"\/wp-content\/uploads\/factory-09.webp\"\/><\/p>\n<h3>D\u00edlna eloxov\u00e1n\u00ed<\/h3>\n<p><img decoding=\"async\" src=\"\/wp-content\/uploads\/factory-10.webp\"\/><\/p>\n<h3>Workshop o hloubkov\u00e9m zpracov\u00e1n\u00ed<\/h3>\n<p><img decoding=\"async\" src=\"\/wp-content\/uploads\/factory-11.webp\"\/><\/p>\n<h3>D\u00edlna CNC p\u0159esn\u00e9ho obr\u00e1b\u011bn\u00ed<\/h3>\n<p><img decoding=\"async\" src=\"\/wp-content\/uploads\/factory-11.5.webp\"\/><\/p>\n<h3>Sklad hotov\u00fdch v\u00fdrobk\u016f a exportn\u00ed sklad<\/h3>\n<p><img decoding=\"async\" src=\"\/wp-content\/uploads\/factory-12.webp\"\/><\/p>\n<p><img decoding=\"async\" src=\"\/wp-content\/uploads\/factory-13.webp\"\/><\/p>\n<p><img decoding=\"async\" src=\"\/wp-content\/uploads\/factory-14.webp\"\/><\/p>\n<h2>\u010cASTO KLADEN\u00c9 DOTAZY<\/h2>\n<p><p><b>1.Co je CNC obr\u00e1b\u011bn\u00ed hlin\u00edkov\u00e9 sign\u00e1ln\u00ed desky?<\/b><\/p>\n<p>CNC obr\u00e1b\u011bn\u00e1 hlin\u00edkov\u00e1 sign\u00e1ln\u00ed deska je p\u0159esn\u011b vyroben\u00e1 hlin\u00edkov\u00e1 deska pou\u017e\u00edvan\u00e1 pro zna\u010den\u00ed, \u0161t\u00edtky a zna\u010dky, vytvo\u0159en\u00e1 pomoc\u00ed technologie CNC obr\u00e1b\u011bn\u00ed pro vysokou p\u0159esnost.<br \/>\n<\/p><br \/>\n<br \/>\n<p><b>2.Pro\u010d zvolit hlin\u00edk pro sign\u00e1ln\u00ed desky?<\/b><\/p>\n<p>Hlin\u00edk je trvanliv\u00fd, lehk\u00fd a odoln\u00fd proti korozi, tak\u017ee je ide\u00e1ln\u00edm materi\u00e1lem pro signaliza\u010dn\u00ed tabulky, kter\u00e9 mus\u00ed odol\u00e1vat drsn\u00e9mu prost\u0159ed\u00ed a z\u00e1rove\u0148 si zachovat viditelnost.<br \/>\n<\/p><br \/>\n<br \/>\n<p><b>3.Jak p\u0159esn\u00e9 jsou CNC obr\u00e1b\u011bc\u00ed hlin\u00edkov\u00e9 sign\u00e1ln\u00ed desky?<\/b><\/p>\n<p>CNC obr\u00e1b\u011bn\u00ed zaji\u0161\u0165uje vysokou p\u0159esnost, t\u011bsn\u00e9 tolerance a z\u0159eteln\u00e9 zna\u010den\u00ed nebo grav\u00edrov\u00e1n\u00ed, kter\u00e9 jsou d\u016fle\u017eit\u00e9 pro pr\u016fmyslov\u00e9 aplikace a zna\u010den\u00ed.<br \/>\n<\/p><br \/>\n<br \/>\n<p><b>4.Can CNC obr\u00e1b\u011bn\u00ed hlin\u00edku Sign\u00e1ln\u00ed desky b\u00fdt p\u0159izp\u016fsoben?<\/b><\/p>\n<p>Ano, CNC obr\u00e1b\u011bn\u00e9 hlin\u00edkov\u00e9 sign\u00e1ln\u00ed desky lze snadno p\u0159izp\u016fsobit z hlediska velikosti, designu a grav\u00edrov\u00e1n\u00ed tak, aby spl\u0148ovaly specifick\u00e9 po\u017eadavky pro r\u016fzn\u00e9 aplikace.<br \/>\n<\/p><br \/>\n<br \/>\n<p><b>5.Jak\u00e1 odv\u011btv\u00ed pou\u017e\u00edvaj\u00ed CNC obr\u00e1b\u011bn\u00ed hlin\u00edkov\u00fdch sign\u00e1ln\u00edch desek?<\/b><\/p>\n<p>Pr\u016fmyslov\u00e1 odv\u011btv\u00ed, jako je v\u00fdroba, elektronika, automobilov\u00fd pr\u016fmysl a stavebnictv\u00ed, pou\u017e\u00edvaj\u00ed CNC obr\u00e1b\u011bn\u00e9 hlin\u00edkov\u00e9 sign\u00e1ln\u00ed desky pro jasn\u00e9 a trvanliv\u00e9 zna\u010den\u00ed a zna\u010dky.<br \/>\n<\/p><br \/>\n<br \/>\n<p><b>6.Jak rychle lze vyrobit CNC obr\u00e1b\u011bc\u00ed hlin\u00edkov\u00e9 sign\u00e1ln\u00ed desky?<\/b><\/p>\n<p>V\u00fdroba hlin\u00edkov\u00fdch sign\u00e1ln\u00edch desek obr\u00e1b\u011bn\u00fdch na CNC je efektivn\u00ed a nab\u00edz\u00ed rychl\u00e9 \u010dasy realizace p\u0159i zachov\u00e1n\u00ed vysok\u00e9 kvality a p\u0159esnosti.<br \/>\n<\/p><br \/>\n<br \/>\n<p><b>7.Jsou CNC obr\u00e1b\u011bn\u00ed hlin\u00edkov\u00fdch sign\u00e1ln\u00edch desek n\u00e1kladov\u011b efektivn\u00ed?<\/b><\/p>\n<p>Ano, CNC obr\u00e1b\u011bn\u00ed hlin\u00edkov\u00fdch sign\u00e1ln\u00edch desek p\u0159edstavuje n\u00e1kladov\u011b efektivn\u00ed \u0159e\u0161en\u00ed pro vysoce kvalitn\u00ed a trvanliv\u00e9 zna\u010den\u00ed a nab\u00edz\u00ed konkurenceschopn\u00e9 ceny pro mal\u00e9 i velk\u00e9 v\u00fdrobn\u00ed s\u00e9rie.<br \/>\n<\/p><br \/><\/p>","protected":false},"featured_media":8538,"template":"","categories":[68],"class_list":["post-8539","product","type-product","status-publish","has-post-thumbnail","hentry","category-cnc-machining-aluminum-profile"],"meta_box":{"hilight_text_group":{"product_hilight_text":"<li>High-precision CNC machining for aluminum signal plates<\/li>\r\r\n<li>Customizable designs for various signal plate applications<\/li>\r\r\n<li>Durable, lightweight, and corrosion-resistant aluminum material<\/li>\r\r\n<li>Clear, precise engraving and marking for enhanced visibility<\/li>\r\r\n<li>Cost-effective production with fast lead times<\/li>\r\r\n<li>Ideal for use in industrial, electronic, and signage applications<\/li>","product_chanpin_blog":"<ul>\r\r\n<li><a href=\"https:\/\/sinoextrud.com\/t-slot-v-slot-differences\/\" target=\"_blank\">t slot vs v slot<\/a><\/li>\r\r\n<li><a href=\"https:\/\/sinoextrud.com\/what-is-4040-aluminium-extrud\/\" target=\"_blank\">4040 aluminium extrusion<\/a><\/li>\r\r\n<li><a href=\"https:\/\/sinoextrud.com\/what-is-4040-aluminium-extrud\/\" target=\"_blank\">aluminum extrusions for industrial racks<\/a><\/li>\r\r\n<li><a href=\"https:\/\/sinoextrud.com\/powder-coating-aluminium-process\/\" target=\"_blank\">powder coating aluminium<\/a><\/li>\r\r\n<li><a href=\"https:\/\/sinoextrud.com\/what-is-an-aluminium-strip-ceiling\/\" target=\"_blank\">aluminium strip ceiling<\/a><\/li>\r\r\n<li><a href=\"https:\/\/sinoextrud.com\/what-is-a-heat-sink\/\" target=\"_blank\">what is a heat sink<\/a><\/li>\r\r\n<\/ul>","product_chanpin_chanpin":"<li><a href=\"https:\/\/sinoextrud.com\/product\/extruded-aluminum-heatsink-led-alloy-a6063-t5-extrusion-profiles-cutting-cnc-precision\/\" target=\"_blank\">extruded aluminum heatsink LED alloy a6063 t5 extrusion profiles cutting CNC precision<\/a><\/li>\r\n<li><a href=\"https:\/\/sinoextrud.com\/product\/aluminum-anodized-gold-ashtray\/\" target=\"_blank\">Aluminum Anodized Gold Ashtray<\/a><\/li>\r\n<li><a href=\"https:\/\/sinoextrud.com\/product\/aluminum-hydraulic-oil-tank\/\" target=\"_blank\">Aluminum Hydraulic Oil Tank<\/a><\/li>\r\n<li><a href=\"https:\/\/sinoextrud.com\/product\/machined-aluminum-rail-extrusion-profile-cnc-aviation-aluminum-gantry\/\" target=\"_blank\">Machined Aluminum Rail Extrusion Profile CNC Aviation Aluminum Gantry<\/a><\/li>\r\n<li><a href=\"https:\/\/sinoextrud.com\/product\/cnc-machining-aluminum-signal-plate\/\" target=\"_blank\">CNC Machining Aluminum Signal Plate<\/a><\/li>\r\n<li><a href=\"https:\/\/sinoextrud.com\/product\/aluminum-cnc-machining\/\" target=\"_blank\">Aluminum cnc machining<\/a><\/li>\r\n<li><a href=\"https:\/\/sinoextrud.com\/product\/aluminum-profile-cnc-machining\/\" target=\"_blank\">Aluminum Profile CNC Machining<\/a><\/li>\r\n<li><a href=\"https:\/\/sinoextrud.com\/product\/extruded-aluminum-cnc-part-with-precision-custom-cnc-machining\/\" target=\"_blank\">Extruded Aluminum CNC Part with Precision Custom CNC Machining<\/a><\/li>\r\n<li><a href=\"https:\/\/sinoextrud.com\/product\/item-modular-aluminium-profile-system\/\" target=\"_blank\">Item Modular Aluminium Profile System<\/a><\/li>\r\n<li><a href=\"https:\/\/sinoextrud.com\/product\/aluminum-frame-extrusion-profiles\/\" target=\"_blank\">Aluminum Frame Extrusion Profiles<\/a><\/li>\r\n<li><a href=\"https:\/\/sinoextrud.com\/product\/triangular-extruded-aluminum-tube\/\" target=\"_blank\">Triangular Extruded Aluminum Tube<\/a><\/li>"},"feature_list":[]},"_links":{"self":[{"href":"https:\/\/sinoextrud.com\/cs\/wp-json\/wp\/v2\/product\/8539","targetHints":{"allow":["GET"]}}],"collection":[{"href":"https:\/\/sinoextrud.com\/cs\/wp-json\/wp\/v2\/product"}],"about":[{"href":"https:\/\/sinoextrud.com\/cs\/wp-json\/wp\/v2\/types\/product"}],"wp:featuredmedia":[{"embeddable":true,"href":"https:\/\/sinoextrud.com\/cs\/wp-json\/wp\/v2\/media\/8538"}],"wp:attachment":[{"href":"https:\/\/sinoextrud.com\/cs\/wp-json\/wp\/v2\/media?parent=8539"}],"wp:term":[{"taxonomy":"category","embeddable":true,"href":"https:\/\/sinoextrud.com\/cs\/wp-json\/wp\/v2\/categories?post=8539"}],"curies":[{"name":"wp","href":"https:\/\/api.w.org\/{rel}","templated":true}]}}