{"id":8527,"date":"2025-06-17T01:57:39","date_gmt":"2025-06-17T01:57:39","guid":{"rendered":"https:\/\/sinoextrud.com\/product\/aluminum-panel-outlet-socket\/"},"modified":"2025-06-24T06:24:08","modified_gmt":"2025-06-24T06:24:08","slug":"hlinikova-panelova-zasuvka","status":"publish","type":"product","link":"https:\/\/sinoextrud.com\/cs\/product\/aluminum-panel-outlet-socket\/","title":{"rendered":"Hlin\u00edkov\u00e1 panelov\u00e1 z\u00e1suvka"},"content":{"rendered":"<h2>Podrobnosti o produktech<\/h2>\n<table class=\"custom-table\">\n<tbody>\n<tr>\n<td> N\u00e1zev produktu<\/td>\n<td> Hlin\u00edkov\u00e1 panelov\u00e1 z\u00e1suvka     <\/td>\n<\/tr>\n<tr>\n<td> Materi\u00e1l<\/td>\n<td> 6063, 6061, 6043, 6082 Hlin\u00edkov\u00e1 slitina<\/td>\n<\/tr>\n<tr>\n<td> Barva<\/td>\n<td> P\u0159izp\u016fsoben\u00e9<\/td>\n<\/tr>\n<tr>\n<td> Standardn\u00ed<\/td>\n<td> GB2008<\/td>\n<\/tr>\n<tr>\n<td> T\u0159\u00edda<\/td>\n<td> \u0158ada 6000<\/td>\n<\/tr>\n<tr>\n<td> Tlou\u0161\u0165ka<\/td>\n<td> P\u0159izp\u016fsoben\u00e9<\/td>\n<\/tr>\n<tr>\n<td> Pou\u017eit\u00ed<\/td>\n<td> Dekorace<\/td>\n<\/tr>\n<tr>\n<td> Temperament<\/td>\n<td> T3-T8<\/td>\n<\/tr>\n<tr>\n<td> D\u00e9lka<\/td>\n<td> P\u0159izp\u016fsoben\u00e9<\/td>\n<\/tr>\n<tr>\n<td> Povrchov\u00e1 \u00faprava<\/td>\n<td> Pr\u00e1\u0161kov\u00e9 lakov\u00e1n\u00ed, ml\u00fdnsk\u00e1 povrchov\u00e1 \u00faprava, PVDF, eloxovan\u00e9, d\u0159ev\u011bn\u00e9 zrno, le\u0161t\u011bn\u00e9, kart\u00e1\u010dovan\u00e9 atd.<\/td>\n<\/tr>\n<tr>\n<td> Orgin<\/td>\n<td> \u010c\u00cdNA<\/td>\n<\/tr>\n<tr>\n<td> Je slitina nebo ne<\/td>\n<td> Je slitina<\/td>\n<\/tr>\n<tr>\n<td> P\u0159\u00edstav<\/td>\n<td> Guangzhou, Shenzhen, Foshan<\/td>\n<\/tr>\n<\/tbody>\n<\/table>\n<h2>Na\u0161e v\u00fdrobn\u00ed z\u00e1kladna<\/h2>\n<h3>Panorama tov\u00e1rny<\/h3>\n<p><img decoding=\"async\" src=\"\/wp-content\/uploads\/factory-01.webp\"\/><\/p>\n<h3>D\u00edlna na v\u00fdrobu hlin\u00edkov\u00fdch ty\u010d\u00ed<\/h3>\n<p><img decoding=\"async\" src=\"\/wp-content\/uploads\/factory-02.webp\"\/><\/p>\n<p><img decoding=\"async\" src=\"\/wp-content\/uploads\/factory-03.webp\"\/><\/p>\n<h3>Sklad pl\u00edsn\u00ed<\/h3>\n<p><img decoding=\"async\" src=\"\/wp-content\/uploads\/factory-04.webp\"\/><\/p>\n<h3>43 linek na vytla\u010dov\u00e1n\u00ed hlin\u00edku (500 - 5500 tun)<\/h3>\n<p><img decoding=\"async\" src=\"\/wp-content\/uploads\/factory-05.webp\"\/><\/p>\n<p><img decoding=\"async\" src=\"\/wp-content\/uploads\/factory-06.webp\"\/><\/p>\n<p><img decoding=\"async\" src=\"\/wp-content\/uploads\/factory-07.webp\"\/><\/p>\n<h3>D\u00edlna pr\u00e1\u0161kov\u00e9ho lakov\u00e1n\u00ed<\/h3>\n<p><img decoding=\"async\" src=\"\/wp-content\/uploads\/factory-09.webp\"\/><\/p>\n<h3>D\u00edlna eloxov\u00e1n\u00ed<\/h3>\n<p><img decoding=\"async\" src=\"\/wp-content\/uploads\/factory-10.webp\"\/><\/p>\n<h3>Workshop o hloubkov\u00e9m zpracov\u00e1n\u00ed<\/h3>\n<p><img decoding=\"async\" src=\"\/wp-content\/uploads\/factory-11.webp\"\/><\/p>\n<h3>D\u00edlna CNC p\u0159esn\u00e9ho obr\u00e1b\u011bn\u00ed<\/h3>\n<p><img decoding=\"async\" src=\"\/wp-content\/uploads\/factory-11.5.webp\"\/><\/p>\n<h3>Sklad hotov\u00fdch v\u00fdrobk\u016f a exportn\u00ed sklad<\/h3>\n<p><img decoding=\"async\" src=\"\/wp-content\/uploads\/factory-12.webp\"\/><\/p>\n<p><img decoding=\"async\" src=\"\/wp-content\/uploads\/factory-13.webp\"\/><\/p>\n<p><img decoding=\"async\" src=\"\/wp-content\/uploads\/factory-14.webp\"\/><\/p>\n<h2>\u010cASTO KLADEN\u00c9 DOTAZY<\/h2>\n<p><p><b>1.Co je hlin\u00edkov\u00e1 panelov\u00e1 z\u00e1suvka?<\/b><\/p>\n<p>Hlin\u00edkov\u00e1 panelov\u00e1 z\u00e1suvka je odoln\u00e1 a lehk\u00e1 elektrick\u00e1 z\u00e1suvka ur\u010den\u00e1 k instalaci do hlin\u00edkov\u00fdch panel\u016f, kter\u00e1 poskytuje spolehliv\u00e9 p\u0159ipojen\u00ed nap\u00e1jen\u00ed pro r\u016fzn\u00e9 aplikace.<br \/>\n<\/p><br \/>\n<br \/>\n<p><b>2.Pro\u010d se pro panelov\u00e9 z\u00e1suvky pou\u017e\u00edv\u00e1 hlin\u00edk?<\/b><\/p>\n<p>Hlin\u00edk je odoln\u00fd proti korozi, lehk\u00fd a trvanliv\u00fd, tak\u017ee je ide\u00e1ln\u00edm materi\u00e1lem pro panelov\u00e9 z\u00e1suvky, kter\u00e9 vy\u017eaduj\u00ed dlouhou \u017eivotnost v r\u016fzn\u00fdch prost\u0159ed\u00edch.<br \/>\n<\/p><br \/>\n<br \/>\n<p><b>3.Jak bezpe\u010dn\u00e9 jsou hlin\u00edkov\u00e9 panelov\u00e9 z\u00e1suvky?<\/b><\/p>\n<p>Hlin\u00edkov\u00e9 panelov\u00e9 z\u00e1suvky jsou navr\u017eeny s ohledem na bezpe\u010dnost, nab\u00edzej\u00ed vysoce kvalitn\u00ed elektrickou vodivost a spl\u0148uj\u00ed p\u0159\u00edsn\u00e9 bezpe\u010dnostn\u00ed normy pro spolehliv\u00fd a bezpe\u010dn\u00fd provoz.<br \/>\n<\/p><br \/>\n<br \/>\n<p><b>4.Mohou b\u00fdt hlin\u00edkov\u00e9 panelov\u00e9 z\u00e1suvky p\u0159izp\u016fsobeny?<\/b><\/p>\n<p>Ano, hlin\u00edkov\u00e9 panelov\u00e9 z\u00e1suvky lze p\u0159izp\u016fsobit z hlediska velikosti, designu a konfigurace tak, aby vyhovovaly specifick\u00fdm po\u017eadavk\u016fm pro r\u016fzn\u00e9 projekty nebo instalace.<br \/>\n<\/p><br \/>\n<br \/>\n<p><b>5.Jak\u00e1 odv\u011btv\u00ed pou\u017e\u00edvaj\u00ed hlin\u00edkov\u00e9 panelov\u00e9 z\u00e1suvky?<\/b><\/p>\n<p>Hlin\u00edkov\u00e9 panelov\u00e9 z\u00e1suvky se d\u00edky sv\u00e9 odolnosti a snadn\u00e9 instalaci hojn\u011b pou\u017e\u00edvaj\u00ed v odv\u011btv\u00edch, jako jsou obytn\u00e9, komer\u010dn\u00ed a pr\u016fmyslov\u00e9 elektroinstalace.<br \/>\n<\/p><br \/>\n<br \/>\n<p><b>6.Jak snadn\u00e1 je instalace hlin\u00edkov\u00e9 panelov\u00e9 z\u00e1suvky?<\/b><\/p>\n<p>Hlin\u00edkov\u00e9 panelov\u00e9 z\u00e1suvky jsou navr\u017eeny pro rychlou a snadnou instalaci, kter\u00e1 umo\u017e\u0148uje jednoduch\u00e9 nastaven\u00ed s minim\u00e1ln\u00edmi n\u00e1roky na \u00fadr\u017ebu.<br \/>\n<\/p><br \/>\n<br \/>\n<p><b>7.Jsou hlin\u00edkov\u00e9 panelov\u00e9 z\u00e1suvky cenov\u011b v\u00fdhodn\u00e9?<\/b><\/p>\n<p>Ano, hlin\u00edkov\u00e9 panelov\u00e9 z\u00e1suvky jsou cenov\u011b v\u00fdhodn\u00e9, nab\u00edzej\u00ed vynikaj\u00edc\u00ed odolnost, nen\u00e1ro\u010dnou \u00fadr\u017ebu a dlouhotrvaj\u00edc\u00ed v\u00fdkon za konkurenceschopnou cenu pro r\u016fzn\u00e9 aplikace.<br \/>\n<\/p><br \/><\/p>","protected":false},"featured_media":8526,"template":"","categories":[68],"class_list":["post-8527","product","type-product","status-publish","has-post-thumbnail","hentry","category-cnc-machining-aluminum-profile"],"meta_box":{"hilight_text_group":{"product_hilight_text":"<li>Durable and lightweight aluminum panel outlet socket<\/li>\r\r\n<li>Corrosion-resistant and long-lasting material for various environments<\/li>\r\r\n<li>Easy installation and maintenance for quick setup<\/li>\r\r\n<li>Compact design suitable for residential, commercial, and industrial applications<\/li>\r\r\n<li>High-quality electrical conductivity and safe operation<\/li>\r\r\n<li>Customizable sizes and configurations to meet specific needs<\/li>","product_chanpin_blog":"<ul>\r\r\n<li><a href=\"https:\/\/sinoextrud.com\/t-slot-v-slot-differences\/\" target=\"_blank\">t slot vs v slot<\/a><\/li>\r\r\n<li><a href=\"https:\/\/sinoextrud.com\/what-is-4040-aluminium-extrud\/\" target=\"_blank\">4040 aluminium extrusion<\/a><\/li>\r\r\n<li><a href=\"https:\/\/sinoextrud.com\/what-is-4040-aluminium-extrud\/\" target=\"_blank\">aluminum extrusions for industrial racks<\/a><\/li>\r\r\n<li><a href=\"https:\/\/sinoextrud.com\/powder-coating-aluminium-process\/\" target=\"_blank\">powder coating aluminium<\/a><\/li>\r\r\n<li><a href=\"https:\/\/sinoextrud.com\/what-is-an-aluminium-strip-ceiling\/\" target=\"_blank\">aluminium strip ceiling<\/a><\/li>\r\r\n<li><a href=\"https:\/\/sinoextrud.com\/what-is-a-heat-sink\/\" target=\"_blank\">what is a heat sink<\/a><\/li>\r\r\n<\/ul>","product_chanpin_chanpin":"<li><a href=\"https:\/\/sinoextrud.com\/product\/aluminium-extrusion-enclosure\/\" target=\"_blank\">Aluminium Extrusion Enclosure<\/a><\/li>\r\n<li><a href=\"https:\/\/sinoextrud.com\/product\/aluminum-cnc-punching-parts\/\" target=\"_blank\">Aluminum CNC Punching Parts<\/a><\/li>\r\n<li><a href=\"https:\/\/sinoextrud.com\/product\/factory-cnc-precision-aluminum-parts\/\" target=\"_blank\">Factory Cnc Precision Aluminum Parts<\/a><\/li>\r\n<li><a href=\"https:\/\/sinoextrud.com\/product\/extruded-aluminium-housing\/\" target=\"_blank\">Extruded Aluminium Housing<\/a><\/li>\r\n<li><a href=\"https:\/\/sinoextrud.com\/product\/aluminum-panel-outlet-socket\/\" target=\"_blank\">Aluminum Panel Outlet Socket<\/a><\/li>\r\n<li><a href=\"https:\/\/sinoextrud.com\/product\/anodized-small-machining-aluminum-parts\/\" target=\"_blank\">Anodized Small Machining Aluminum Parts<\/a><\/li>\r\n<li><a href=\"https:\/\/sinoextrud.com\/product\/extruded-aluminum-heatsink-led-alloy-a6063-t5-extrusion-profiles-cutting-cnc-precision\/\" target=\"_blank\">extruded aluminum heatsink LED alloy a6063 t5 extrusion profiles cutting CNC precision<\/a><\/li>\r\n<li><a href=\"https:\/\/sinoextrud.com\/product\/aluminum-anodized-gold-ashtray\/\" target=\"_blank\">Aluminum Anodized Gold Ashtray<\/a><\/li>\r\n<li><a href=\"https:\/\/sinoextrud.com\/product\/aluminum-hydraulic-oil-tank\/\" target=\"_blank\">Aluminum Hydraulic Oil Tank<\/a><\/li>\r\n<li><a href=\"https:\/\/sinoextrud.com\/product\/aluminium-tube-suppliers-offer-extruded-aluminium-square-tube-profile-with-anodized-powder-coating-surface-treatment\/\" target=\"_blank\">Aluminium Tube Suppliers Offer Extruded Aluminium Square Tube Profile With Anodized Powder Coating Surface Treatment<\/a><\/li>\r\n<li><a href=\"https:\/\/sinoextrud.com\/product\/aluminum-electronic-enclosure-heatsink\/\" target=\"_blank\">Aluminum Electronic Enclosure heatsink<\/a><\/li>"},"feature_list":[]},"_links":{"self":[{"href":"https:\/\/sinoextrud.com\/cs\/wp-json\/wp\/v2\/product\/8527","targetHints":{"allow":["GET"]}}],"collection":[{"href":"https:\/\/sinoextrud.com\/cs\/wp-json\/wp\/v2\/product"}],"about":[{"href":"https:\/\/sinoextrud.com\/cs\/wp-json\/wp\/v2\/types\/product"}],"wp:featuredmedia":[{"embeddable":true,"href":"https:\/\/sinoextrud.com\/cs\/wp-json\/wp\/v2\/media\/8526"}],"wp:attachment":[{"href":"https:\/\/sinoextrud.com\/cs\/wp-json\/wp\/v2\/media?parent=8527"}],"wp:term":[{"taxonomy":"category","embeddable":true,"href":"https:\/\/sinoextrud.com\/cs\/wp-json\/wp\/v2\/categories?post=8527"}],"curies":[{"name":"wp","href":"https:\/\/api.w.org\/{rel}","templated":true}]}}