{"id":8525,"date":"2025-06-17T01:53:04","date_gmt":"2025-06-17T01:53:04","guid":{"rendered":"https:\/\/sinoextrud.com\/product\/extruded-aluminium-housing\/"},"modified":"2025-06-24T06:24:08","modified_gmt":"2025-06-24T06:24:08","slug":"extrudovane-hlinikove-pouzdro","status":"publish","type":"product","link":"https:\/\/sinoextrud.com\/cs\/product\/extruded-aluminium-housing\/","title":{"rendered":"Extrudovan\u00e9 hlin\u00edkov\u00e9 pouzdro"},"content":{"rendered":"<h2>Podrobnosti o produktech<\/h2>\n<table class=\"custom-table\">\n<tbody>\n<tr>\n<td> N\u00e1zev produktu<\/td>\n<td> Extrudovan\u00e9 hlin\u00edkov\u00e9 pouzdro<\/td>\n<\/tr>\n<tr>\n<td> Materi\u00e1l<\/td>\n<td> 6063, 6061 atd.<\/td>\n<\/tr>\n<tr>\n<td> Tvar<\/td>\n<td> \u010ctvercov\u00e9 nebo jin\u00e9 vlastn\u00ed tvary<\/td>\n<\/tr>\n<tr>\n<td> Tlou\u0161\u0165ka<\/td>\n<td> 0,7 mm-10 mm<\/td>\n<\/tr>\n<tr>\n<td> Velikost<\/td>\n<td> Dle po\u017eadavku klienta<\/td>\n<\/tr>\n<tr>\n<td> Tolerance p\u0159esn\u00e9ho \u0159ez\u00e1n\u00ed<\/td>\n<td> \u22641m: \u00b10,25 mm<br \/>\n1m&lt; : \u22642m, \u00b10,35mm<br \/>\n\u22652m: \u00b10,50 mm<\/td>\n<\/tr>\n<tr>\n<td> Tolerance vrt\u00e1n\u00ed<\/td>\n<td> \u00b10,15~0,20 mm<\/td>\n<\/tr>\n<tr>\n<td> Tolerance b\u011b\u017en\u00e9ho \u0159ez\u00e1n\u00ed<\/td>\n<td> \u00b110 ~ 0 mm<\/td>\n<\/tr>\n<tr>\n<td> Typick\u00e9 aplikace<\/td>\n<td> Pr\u016fmysl, elektronika, automobily atd.<\/td>\n<\/tr>\n<tr>\n<td> Hloubkov\u00fd proces<\/td>\n<td> CNC fr\u00e9zov\u00e1n\u00ed, vrt\u00e1n\u00ed, d\u011brov\u00e1n\u00ed, vrt\u00e1n\u00ed, z\u00e1vitov\u00e1n\u00ed, oh\u00fdb\u00e1n\u00ed<\/td>\n<\/tr>\n<tr>\n<td> Zna\u010dka<\/td>\n<td> Sinoextrud, Sinoextrud,, vlastn\u00ed ochrann\u00e1 zn\u00e1mka avalaible<\/td>\n<\/tr>\n<tr>\n<td> Povrchov\u00e1 \u00faprava<\/td>\n<td> Ml\u00fdn dokon\u010dil, eloxovan\u00fd, pr\u00e1\u0161kov\u00fd povlak atd.<\/td>\n<\/tr>\n<tr>\n<td> MOQ<\/td>\n<td> 200 kg<\/td>\n<\/tr>\n<tr>\n<td> Z\u00e1ruka kvality<\/td>\n<td> Kontrola 100% pro zaji\u0161t\u011bn\u00ed vysok\u00e9 kvality<\/td>\n<\/tr>\n<tr>\n<td> Certifik\u00e1ty<\/td>\n<td> ISO9001, ISO4001, CQM, SGS, CE, BV atd.<\/td>\n<\/tr>\n<tr>\n<td> M\u00edsto p\u016fvodu<\/td>\n<td> Guangdong, \u010c\u00edna<\/td>\n<\/tr>\n<\/tbody>\n<\/table>\n<h2>Na\u0161e v\u00fdrobn\u00ed z\u00e1kladna<\/h2>\n<h3>Panorama tov\u00e1rny<\/h3>\n<p><img decoding=\"async\" src=\"\/wp-content\/uploads\/factory-01.webp\"\/><\/p>\n<h3>D\u00edlna na v\u00fdrobu hlin\u00edkov\u00fdch ty\u010d\u00ed<\/h3>\n<p><img decoding=\"async\" src=\"\/wp-content\/uploads\/factory-02.webp\"\/><\/p>\n<\/p>\n<p><img decoding=\"async\" src=\"\/wp-content\/uploads\/factory-03.webp\"\/><\/p>\n<h3>Sklad pl\u00edsn\u00ed<\/h3>\n<p><img decoding=\"async\" src=\"\/wp-content\/uploads\/factory-04.webp\"\/><\/p>\n<h3>43 linek na vytla\u010dov\u00e1n\u00ed hlin\u00edku (500-5500 tun)<\/h3>\n<p><img decoding=\"async\" src=\"\/wp-content\/uploads\/factory-05.webp\"\/><\/p>\n<p><img decoding=\"async\" src=\"\/wp-content\/uploads\/factory-06.webp\"\/><\/p>\n<p><img decoding=\"async\" src=\"\/wp-content\/uploads\/factory-07.webp\"\/><\/p>\n<h3>D\u00edlna pr\u00e1\u0161kov\u00e9ho lakov\u00e1n\u00ed<\/h3>\n<p><img decoding=\"async\" src=\"\/wp-content\/uploads\/factory-09.webp\"\/><\/p>\n<h3>D\u00edlna eloxov\u00e1n\u00ed<\/h3>\n<p><img decoding=\"async\" src=\"\/wp-content\/uploads\/factory-10.webp\"\/><\/p>\n<h3>Workshop o hloubkov\u00e9m zpracov\u00e1n\u00ed<\/h3>\n<p><img decoding=\"async\" src=\"\/wp-content\/uploads\/factory-11.webp\"\/><\/p>\n<h3>D\u00edlna CNC p\u0159esn\u00e9ho obr\u00e1b\u011bn\u00ed<\/h3>\n<p><img decoding=\"async\" src=\"\/wp-content\/uploads\/factory-11.5.webp\"\/><\/p>\n<h3>Sklad hotov\u00fdch v\u00fdrobk\u016f a exportn\u00ed sklad<\/h3>\n<p><img decoding=\"async\" src=\"\/wp-content\/uploads\/factory-12.webp\"\/><\/p>\n<p><img decoding=\"async\" src=\"\/wp-content\/uploads\/factory-13.webp\"\/><\/p>\n<p><img decoding=\"async\" src=\"\/wp-content\/uploads\/factory-14.webp\"\/><\/p>\n<h2>\u010cASTO KLADEN\u00c9 DOTAZY<\/h2>\n<p><b>1.Co je extrudovan\u00e9 hlin\u00edkov\u00e9 pouzdro?<\/b><\/p>\n<p>Extrudovan\u00fd hlin\u00edkov\u00fd kryt je typ krytu vyroben\u00fd z hlin\u00edku, kter\u00fd je tvarov\u00e1n procesem vytla\u010dov\u00e1n\u00ed a nab\u00edz\u00ed odolnost, n\u00edzkou hmotnost a vynikaj\u00edc\u00ed odvod tepla pro r\u016fzn\u00e9 aplikace.\n<\/p>\n<p><\/p>\n<p><b>2.Pro\u010d se v elektronice pou\u017e\u00edvaj\u00ed hlin\u00edkov\u00e1 pouzdra z extrudovan\u00e9ho hlin\u00edku?<\/b><\/p>\n<p>Extrudovan\u00e9 hlin\u00edkov\u00e9 pouzdro je ide\u00e1ln\u00ed pro elektroniku, proto\u017ee zaji\u0161\u0165uje \u00fa\u010dinn\u00fd odvod tepla, odolnost proti korozi a ochranu citliv\u00fdch sou\u010d\u00e1st\u00ed, co\u017e zaru\u010duje dlouhou \u017eivotnost a spolehlivost.\n<\/p>\n<p><\/p>\n<p><b>3.Jak trvanliv\u00e9 je hlin\u00edkov\u00e9 pouzdro z extrudovan\u00e9ho hlin\u00edku?<\/b><\/p>\n<p>Extrudovan\u00e9 hlin\u00edkov\u00e9 pouzdro je vysoce odoln\u00e9 a nab\u00edz\u00ed dlouhotrvaj\u00edc\u00ed v\u00fdkon, odolnost proti korozi, opot\u0159eben\u00ed a vliv\u016fm prost\u0159ed\u00ed, tak\u017ee je ide\u00e1ln\u00ed pro drsn\u00e9 podm\u00ednky.\n<\/p>\n<p><\/p>\n<p><b>4.Can Extruded Aluminium Housing b\u00fdt p\u0159izp\u016fsoben?<\/b><\/p>\n<p>Ano, lisovan\u00e9 hlin\u00edkov\u00e9 pouzdro lze p\u0159izp\u016fsobit z hlediska velikosti, tvaru a designu tak, aby vyhovovalo specifick\u00fdm pot\u0159eb\u00e1m r\u016fzn\u00fdch pr\u016fmyslov\u00fdch odv\u011btv\u00ed a aplikac\u00ed.\n<\/p>\n<p><\/p>\n<p><b>5.Pro jak\u00e1 pr\u016fmyslov\u00e1 odv\u011btv\u00ed je v\u00fdhodn\u00e9 pou\u017e\u00edvat hlin\u00edkov\u00e9 pouzdro z extrudovan\u00e9ho hlin\u00edku?<\/b><\/p>\n<p>Pr\u016fmyslov\u00e1 odv\u011btv\u00ed, jako je elektronika, telekomunikace, pr\u016fmyslov\u00e1 za\u0159\u00edzen\u00ed a automobilov\u00fd pr\u016fmysl, vyu\u017e\u00edvaj\u00ed v\u00fdhod lisovan\u00fdch hlin\u00edkov\u00fdch kryt\u016f d\u00edky jejich pevnosti, n\u00edzk\u00e9 hmotnosti a schopnosti chr\u00e1nit komponenty.\n<\/p>\n<p><\/p>\n<p><b>6.Jak rychle lze vyrobit hlin\u00edkov\u00e9 pouzdro z extrudovan\u00e9ho hlin\u00edku?<\/b><\/p>\n<p>Extrudovan\u00e1 hlin\u00edkov\u00e1 pouzdra lze d\u00edky efektivn\u00edmu procesu extruze vyr\u00e1b\u011bt rychle a s kr\u00e1tk\u00fdmi dodac\u00edmi lh\u016ftami, co\u017e zaji\u0161\u0165uje v\u010dasn\u00e9 dod\u00e1n\u00ed pro projekty s kr\u00e1tk\u00fdmi term\u00edny.\n<\/p>\n<p><\/p>\n<p><b>7.Je extrudovan\u00e9 hlin\u00edkov\u00e9 pouzdro n\u00e1kladov\u011b efektivn\u00ed?<\/b><\/p>\n<p>Ano, extrudovan\u00fd hlin\u00edkov\u00fd kryt nab\u00edz\u00ed cenov\u011b v\u00fdhodn\u00e9 \u0159e\u0161en\u00ed pro zak\u00e1zkov\u00e9 sk\u0159\u00edn\u011b, kter\u00e9 kombinuje cenovou dostupnost s vysok\u00fdm v\u00fdkonem a odolnost\u00ed pro r\u016fzn\u00e9 aplikace.\n<\/p>\n<p><\/p>","protected":false},"featured_media":8524,"template":"","categories":[68],"class_list":["post-8525","product","type-product","status-publish","has-post-thumbnail","hentry","category-cnc-machining-aluminum-profile"],"meta_box":{"hilight_text_group":{"product_hilight_text":"<li>Durable and lightweight extruded aluminum housing<\/li>\r\r\n<li>Excellent heat dissipation properties for electronic components<\/li>\r\r\n<li>Customizable sizes and designs to fit specific applications<\/li>\r\r\n<li>Corrosion-resistant and long-lasting material<\/li>\r\r\n<li>Ideal for use in electronics, telecommunications, and industrial equipment<\/li>\r\r\n<li>Cost-effective manufacturing with quick lead times<\/li>","product_chanpin_blog":"<ul>\r\r\n<li><a href=\"https:\/\/sinoextrud.com\/t-slot-v-slot-differences\/\" target=\"_blank\">t slot vs v slot<\/a><\/li>\r\r\n<li><a href=\"https:\/\/sinoextrud.com\/what-is-4040-aluminium-extrud\/\" target=\"_blank\">4040 aluminium extrusion<\/a><\/li>\r\r\n<li><a href=\"https:\/\/sinoextrud.com\/what-is-4040-aluminium-extrud\/\" target=\"_blank\">aluminum extrusions for industrial racks<\/a><\/li>\r\r\n<li><a href=\"https:\/\/sinoextrud.com\/powder-coating-aluminium-process\/\" target=\"_blank\">powder coating aluminium<\/a><\/li>\r\r\n<li><a href=\"https:\/\/sinoextrud.com\/what-is-an-aluminium-strip-ceiling\/\" target=\"_blank\">aluminium strip ceiling<\/a><\/li>\r\r\n<li><a href=\"https:\/\/sinoextrud.com\/what-is-a-heat-sink\/\" target=\"_blank\">what is a heat sink<\/a><\/li>\r\r\n<\/ul>","product_chanpin_chanpin":"<li><a href=\"https:\/\/sinoextrud.com\/product\/extruded-aluminium-case\/\" target=\"_blank\">Extruded Aluminium Case<\/a><\/li>\r\n<li><a href=\"https:\/\/sinoextrud.com\/product\/aluminium-extrusion-enclosure\/\" target=\"_blank\">Aluminium Extrusion Enclosure<\/a><\/li>\r\n<li><a href=\"https:\/\/sinoextrud.com\/product\/aluminum-cnc-punching-parts\/\" target=\"_blank\">Aluminum CNC Punching Parts<\/a><\/li>\r\n<li><a href=\"https:\/\/sinoextrud.com\/product\/factory-cnc-precision-aluminum-parts\/\" target=\"_blank\">Factory Cnc Precision Aluminum Parts<\/a><\/li>\r\n<li><a href=\"https:\/\/sinoextrud.com\/product\/extruded-aluminium-housing\/\" target=\"_blank\">Extruded Aluminium Housing<\/a><\/li>\r\n<li><a href=\"https:\/\/sinoextrud.com\/product\/aluminum-panel-outlet-socket\/\" target=\"_blank\">Aluminum Panel Outlet Socket<\/a><\/li>\r\n<li><a href=\"https:\/\/sinoextrud.com\/product\/anodized-small-machining-aluminum-parts\/\" target=\"_blank\">Anodized Small Machining Aluminum Parts<\/a><\/li>\r\n<li><a href=\"https:\/\/sinoextrud.com\/product\/extruded-aluminum-heatsink-led-alloy-a6063-t5-extrusion-profiles-cutting-cnc-precision\/\" target=\"_blank\">extruded aluminum heatsink LED alloy a6063 t5 extrusion profiles cutting CNC precision<\/a><\/li>\r\n<li><a href=\"https:\/\/sinoextrud.com\/product\/aluminum-anodized-gold-ashtray\/\" target=\"_blank\">Aluminum Anodized Gold Ashtray<\/a><\/li>\r\n<li><a href=\"https:\/\/sinoextrud.com\/product\/cnc-machine-for-aluminum-profiles\/\" target=\"_blank\">CNC Machine For Aluminum Profiles<\/a><\/li>\r\n<li><a href=\"https:\/\/sinoextrud.com\/product\/modular-extruded-aluminum-framing\/\" target=\"_blank\">Modular Extruded Aluminum Framing<\/a><\/li>"},"feature_list":[]},"_links":{"self":[{"href":"https:\/\/sinoextrud.com\/cs\/wp-json\/wp\/v2\/product\/8525","targetHints":{"allow":["GET"]}}],"collection":[{"href":"https:\/\/sinoextrud.com\/cs\/wp-json\/wp\/v2\/product"}],"about":[{"href":"https:\/\/sinoextrud.com\/cs\/wp-json\/wp\/v2\/types\/product"}],"wp:featuredmedia":[{"embeddable":true,"href":"https:\/\/sinoextrud.com\/cs\/wp-json\/wp\/v2\/media\/8524"}],"wp:attachment":[{"href":"https:\/\/sinoextrud.com\/cs\/wp-json\/wp\/v2\/media?parent=8525"}],"wp:term":[{"taxonomy":"category","embeddable":true,"href":"https:\/\/sinoextrud.com\/cs\/wp-json\/wp\/v2\/categories?post=8525"}],"curies":[{"name":"wp","href":"https:\/\/api.w.org\/{rel}","templated":true}]}}