{"id":8517,"date":"2025-06-17T01:43:51","date_gmt":"2025-06-17T01:43:51","guid":{"rendered":"https:\/\/sinoextrud.com\/product\/extruded-aluminium-case\/"},"modified":"2025-06-24T06:24:06","modified_gmt":"2025-06-24T06:24:06","slug":"extrudovany-hlinikovy-kufr","status":"publish","type":"product","link":"https:\/\/sinoextrud.com\/cs\/product\/extruded-aluminium-case\/","title":{"rendered":"Extrudovan\u00e9 hlin\u00edkov\u00e9 pouzdro"},"content":{"rendered":"<h2>Podrobnosti o produktech<\/h2>\n<table class=\"custom-table\">\n<tbody>\n<tr>\n<td> Model NO:<\/td>\n<td> 6063<\/td>\n<\/tr>\n<tr>\n<td> M\u00edrnost:<\/td>\n<td> T5<\/td>\n<\/tr>\n<tr>\n<td> Povrchov\u00e1 \u00faprava:<\/td>\n<td> Trysk\u00e1n\u00ed p\u00edskem<\/td>\n<\/tr>\n<tr>\n<td> Slitina:<\/td>\n<td> Slitina<\/td>\n<\/tr>\n<tr>\n<td> Povrch:<\/td>\n<td> Sliver<\/td>\n<\/tr>\n<tr>\n<td> Typ:<\/td>\n<td> Hlin\u00edkov\u00e9 pouzdro na profily<\/td>\n<\/tr>\n<tr>\n<td> Technika:<\/td>\n<td> Extrudovan\u00e9<\/td>\n<\/tr>\n<tr>\n<td> Ochrann\u00e1 zn\u00e1mka:<\/td>\n<td> OEM<\/td>\n<\/tr>\n<tr>\n<td> P\u016fvod:<\/td>\n<td> Guangdong \u010c\u00edna<\/td>\n<\/tr>\n<tr>\n<td> Tvar:<\/td>\n<td> obd\u00e9ln\u00edkov\u00fd<\/td>\n<\/tr>\n<tr>\n<td> Proces:<\/td>\n<td> Vytv\u00e1\u0159en\u00ed forem - vytla\u010dov\u00e1n\u00ed - \u0159ez\u00e1n\u00ed - d\u011brov\u00e1n\u00ed - potahov\u00e1n\u00ed - balen\u00ed<\/td>\n<\/tr>\n<tr>\n<td> Pou\u017eit\u00ed:<\/td>\n<td> Hlin\u00edkov\u00e9 profily pro automobilov\u00e9 n\u00e1pln\u011b<\/td>\n<\/tr>\n<tr>\n<td> Certifikace:<\/td>\n<td> EN, ASTM, GB\/T<\/td>\n<\/tr>\n<tr>\n<td> K\u00f3d HS:<\/td>\n<td> 7604299000<\/td>\n<\/tr>\n<tr>\n<td> Tlou\u0161\u0165ka st\u011bny:<\/td>\n<td> 1,4 mm. Mo\u017enost p\u0159izp\u016fsoben\u00ed<\/td>\n<\/tr>\n<tr>\n<td> Balen\u00ed:<\/td>\n<td> Exportn\u00ed standard, baleno do PE firmy, ka\u017ed\u00fd pak zakryt\u00ed v kartonov\u00e9 krabici a pak zabaleno s d\u0159ev\u011bnou paletou<\/td>\n<\/tr>\n<tr>\n<td> Doba dod\u00e1n\u00ed:<\/td>\n<td> Do 30 dn\u016f po obdr\u017een\u00ed z\u00e1lohy<\/td>\n<\/tr>\n<tr>\n<td> Pozn\u00e1mky:<\/td>\n<td> Specifick\u00e9 po\u017eadavky na slitinu, temperaci nebo specifikaci lze projednat na va\u0161i \u017e\u00e1dost.<\/td>\n<\/tr>\n<\/tbody>\n<\/table>\n<h2>Na\u0161e v\u00fdrobn\u00ed z\u00e1kladna<\/h2>\n<h3>Panorama tov\u00e1rny<\/h3>\n<p><img decoding=\"async\" src=\"\/wp-content\/uploads\/factory-01.webp\"\/><\/p>\n<h3>D\u00edlna na v\u00fdrobu hlin\u00edkov\u00fdch ty\u010d\u00ed<\/h3>\n<p><img decoding=\"async\" src=\"\/wp-content\/uploads\/factory-02.webp\"\/><\/p>\n<p><img decoding=\"async\" src=\"\/wp-content\/uploads\/factory-03.webp\"\/><\/p>\n<h3>Sklad pl\u00edsn\u00ed<\/h3>\n<p><img decoding=\"async\" src=\"\/wp-content\/uploads\/factory-04.webp\"\/><\/p>\n<h3>43 linek na vytla\u010dov\u00e1n\u00ed hlin\u00edku (500 - 5500 tun)<\/h3>\n<p><img decoding=\"async\" src=\"\/wp-content\/uploads\/factory-05.webp\"\/><\/p>\n<p><img decoding=\"async\" src=\"\/wp-content\/uploads\/factory-06.webp\"\/><\/p>\n<p><img decoding=\"async\" src=\"\/wp-content\/uploads\/factory-07.webp\"\/><\/p>\n<h3>D\u00edlna pr\u00e1\u0161kov\u00e9ho lakov\u00e1n\u00ed<\/h3>\n<p><img decoding=\"async\" src=\"\/wp-content\/uploads\/factory-09.webp\"\/><\/p>\n<h3>D\u00edlna eloxov\u00e1n\u00ed<\/h3>\n<p><img decoding=\"async\" src=\"\/wp-content\/uploads\/factory-10.webp\"\/><\/p>\n<h3>Workshop o hloubkov\u00e9m zpracov\u00e1n\u00ed<\/h3>\n<p><img decoding=\"async\" src=\"\/wp-content\/uploads\/factory-11.webp\"\/><\/p>\n<h3>D\u00edlna CNC p\u0159esn\u00e9ho obr\u00e1b\u011bn\u00ed<\/h3>\n<p><img decoding=\"async\" src=\"\/wp-content\/uploads\/factory-11.5.webp\"\/><\/p>\n<h3>Sklad hotov\u00fdch v\u00fdrobk\u016f a exportn\u00ed sklad<\/h3>\n<p><img decoding=\"async\" src=\"\/wp-content\/uploads\/factory-12.webp\"\/><\/p>\n<p><img decoding=\"async\" src=\"\/wp-content\/uploads\/factory-13.webp\"\/><\/p>\n<p><img decoding=\"async\" src=\"\/wp-content\/uploads\/factory-14.webp\"\/><\/p>\n<h2>\u010cASTO KLADEN\u00c9 DOTAZY<\/h2>\n<p><p><b>1.Co je extrudovan\u00fd hlin\u00edkov\u00fd kufr?<\/b><\/p>\n<p>Extrudovan\u00e1 hlin\u00edkov\u00e1 sk\u0159\u00ed\u0148 je ochrann\u00fd kryt vyroben\u00fd z hlin\u00edkov\u00e9ho v\u00fdlisku, ur\u010den\u00fd k um\u00edst\u011bn\u00ed a ochran\u011b komponent\u016f, \u010dasto pou\u017e\u00edvan\u00fd v pr\u016fmyslov\u00fdch a elektronick\u00fdch aplikac\u00edch.<br \/>\n<\/p><br \/>\n<br \/>\n<p><b>2.Jak\u00e9 jsou v\u00fdhody pou\u017e\u00edv\u00e1n\u00ed extrudovan\u00fdch hlin\u00edkov\u00fdch sk\u0159\u00edn\u00ed?<\/b><\/p>\n<p>Extrudovan\u00e9 hlin\u00edkov\u00e9 sk\u0159\u00edn\u011b jsou odoln\u00e9, lehk\u00e9, odoln\u00e9 proti korozi, p\u0159izp\u016fsobiteln\u00e9 a poskytuj\u00ed vynikaj\u00edc\u00ed ochranu citliv\u00fdch sou\u010d\u00e1st\u00ed v r\u016fzn\u00fdch pr\u016fmyslov\u00fdch odv\u011btv\u00edch.<br \/>\n<\/p><br \/>\n<br \/>\n<p><b>3.Can Extruded hlin\u00edkov\u00e9 sk\u0159\u00edn\u011b b\u00fdt p\u0159izp\u016fsoben?<\/b><\/p>\n<p>Ano, Extrudovan\u00e9 hlin\u00edkov\u00e9 sk\u0159\u00edn\u011b lze p\u0159izp\u016fsobit z hlediska velikosti, tvaru a designu tak, aby spl\u0148ovaly specifick\u00e9 po\u017eadavky na pou\u017eit\u00ed a ochranu.<br \/>\n<\/p><br \/>\n<br \/>\n<p><b>4.Jak se projevuje odolnost proti korozi u sk\u0159\u00edn\u00ed z extrudovan\u00e9ho hlin\u00edku?<\/b><\/p>\n<p>Odolnost proti korozi extrudovan\u00fdch hlin\u00edkov\u00fdch sk\u0159\u00edn\u00ed zaji\u0161\u0165uje, \u017ee si zachov\u00e1vaj\u00ed svou pevnost a vzhled i v n\u00e1ro\u010dn\u00fdch podm\u00ednk\u00e1ch prost\u0159ed\u00ed, co\u017e prodlu\u017euje jejich \u017eivotnost.<br \/>\n<\/p><br \/>\n<br \/>\n<p><b>5.Jak\u00e1 odv\u011btv\u00ed pou\u017e\u00edvaj\u00ed extrudovan\u00e9 hlin\u00edkov\u00e9 sk\u0159\u00edn\u011b?<\/b><\/p>\n<p>Extrudovan\u00e9 hlin\u00edkov\u00e9 sk\u0159\u00edn\u011b se \u0161iroce pou\u017e\u00edvaj\u00ed v pr\u016fmyslov\u00fdch odv\u011btv\u00edch, jako je elektronika, automobilov\u00fd a leteck\u00fd pr\u016fmysl a telekomunikace, k ochran\u011b citliv\u00fdch za\u0159\u00edzen\u00ed a komponent\u016f.<br \/>\n<\/p><br \/>\n<br \/>\n<p><b>6.Jak lehk\u00e1 konstrukce sk\u0159\u00edn\u00ed z extrudovan\u00e9ho hlin\u00edku zvy\u0161uje efektivitu?<\/b><\/p>\n<p>Lehk\u00e1 konstrukce umo\u017e\u0148uje snadnou manipulaci a instalaci sk\u0159\u00edn\u00ed z extrudovan\u00e9ho hlin\u00edku, co\u017e sni\u017euje celkovou hmotnost za\u0159\u00edzen\u00ed a zvy\u0161uje celkovou \u00fa\u010dinnost syst\u00e9mu.<br \/>\n<\/p><br \/>\n<br \/>\n<p><b>7.Jsou extrudovan\u00e9 hlin\u00edkov\u00e9 sk\u0159\u00edn\u011b \u0161etrn\u00e9 k \u017eivotn\u00edmu prost\u0159ed\u00ed?<\/b><\/p>\n<p>Ano, hlin\u00edk je recyklovateln\u00fd materi\u00e1l a extrudovan\u00e9 hlin\u00edkov\u00e9 kufry jsou ekologickou variantou udr\u017eiteln\u00e9 v\u00fdroby.<br \/>\n<\/p><br \/>\n<br \/>\n<p><b>8.Jak prosp\u00edv\u00e1 elektronice vlastnost rozptylu tepla extrudovan\u00fdch hlin\u00edkov\u00fdch sk\u0159\u00edn\u00ed?<\/b><\/p>\n<p>Vlastnosti extrudovan\u00e9ho hlin\u00edku pro odvod tepla pom\u00e1haj\u00ed regulovat teplotu elektronick\u00fdch za\u0159\u00edzen\u00ed, zabra\u0148uj\u00ed p\u0159eh\u0159\u00edv\u00e1n\u00ed a zaji\u0161\u0165uj\u00ed optim\u00e1ln\u00ed v\u00fdkon.<br \/>\n<\/p><br \/><\/p>","protected":false},"featured_media":8516,"template":"","categories":[68],"class_list":["post-8517","product","type-product","status-publish","has-post-thumbnail","hentry","category-cnc-machining-aluminum-profile"],"meta_box":{"hilight_text_group":{"product_hilight_text":"<li>Durable extruded aluminum casing offers superior protection for sensitive components.<\/li>\r\r\n<li>Lightweight yet strong, providing a sturdy and reliable solution for industrial applications.<\/li>\r\r\n<li>Customizable sizes and designs to meet specific packaging and enclosure requirements.<\/li>\r\r\n<li>Corrosion-resistant surface for long-lasting performance in various environments.<\/li>\r\r\n<li>Efficient production process for both small and large-scale manufacturing runs.<\/li>\r\r\n<li>Excellent heat dissipation properties, ideal for electronic devices and equipment.<\/li>\r\r\n<li>Eco-friendly, as aluminum is fully recyclable, contributing to sustainability.<\/li>","product_chanpin_blog":"<ul>\r\r\n<li><a href=\"https:\/\/sinoextrud.com\/t-slot-v-slot-differences\/\" target=\"_blank\">t slot vs v slot<\/a><\/li>\r\r\n<li><a href=\"https:\/\/sinoextrud.com\/what-is-4040-aluminium-extrud\/\" target=\"_blank\">4040 aluminium extrusion<\/a><\/li>\r\r\n<li><a href=\"https:\/\/sinoextrud.com\/what-is-4040-aluminium-extrud\/\" target=\"_blank\">aluminum extrusions for industrial racks<\/a><\/li>\r\r\n<li><a href=\"https:\/\/sinoextrud.com\/powder-coating-aluminium-process\/\" target=\"_blank\">powder coating aluminium<\/a><\/li>\r\r\n<li><a href=\"https:\/\/sinoextrud.com\/what-is-an-aluminium-strip-ceiling\/\" target=\"_blank\">aluminium strip ceiling<\/a><\/li>\r\r\n<li><a href=\"https:\/\/sinoextrud.com\/what-is-a-heat-sink\/\" target=\"_blank\">what is a heat sink<\/a><\/li>\r\r\n<\/ul>","product_chanpin_chanpin":"<li><a href=\"https:\/\/sinoextrud.com\/product\/aluminum-profile-for-cnc\/\" target=\"_blank\">Aluminum Profile For CNC<\/a><\/li>\r\n<li><a href=\"https:\/\/sinoextrud.com\/product\/aluminium-profile-bending\/\" target=\"_blank\">Aluminium Profile Bending<\/a><\/li>\r\n<li><a href=\"https:\/\/sinoextrud.com\/product\/aluminum-extruded-handles\/\" target=\"_blank\">Aluminum Extruded Handles<\/a><\/li>\r\n<li><a href=\"https:\/\/sinoextrud.com\/product\/aluminum-cnc-profile\/\" target=\"_blank\">Aluminum CNC Profile<\/a><\/li>\r\n<li><a href=\"https:\/\/sinoextrud.com\/product\/extruded-aluminium-case\/\" target=\"_blank\">Extruded Aluminium Case<\/a><\/li>\r\n<li><a href=\"https:\/\/sinoextrud.com\/product\/aluminium-extrusion-enclosure\/\" target=\"_blank\">Aluminium Extrusion Enclosure<\/a><\/li>\r\n<li><a href=\"https:\/\/sinoextrud.com\/product\/aluminum-cnc-punching-parts\/\" target=\"_blank\">Aluminum CNC Punching Parts<\/a><\/li>\r\n<li><a href=\"https:\/\/sinoextrud.com\/product\/factory-cnc-precision-aluminum-parts\/\" target=\"_blank\">Factory Cnc Precision Aluminum Parts<\/a><\/li>\r\n<li><a href=\"https:\/\/sinoextrud.com\/product\/extruded-aluminium-housing\/\" target=\"_blank\">Extruded Aluminium Housing<\/a><\/li>\r\n<li><a href=\"https:\/\/sinoextrud.com\/product\/gb-matt-anodized-aluminium\/\" target=\"_blank\">GB Matt Anodized Aluminium<\/a><\/li>\r\n<li><a href=\"https:\/\/sinoextrud.com\/product\/half-round-aluminum-extrusion\/\" target=\"_blank\">Half Round Aluminum Extrusion<\/a><\/li>"},"feature_list":[]},"_links":{"self":[{"href":"https:\/\/sinoextrud.com\/cs\/wp-json\/wp\/v2\/product\/8517","targetHints":{"allow":["GET"]}}],"collection":[{"href":"https:\/\/sinoextrud.com\/cs\/wp-json\/wp\/v2\/product"}],"about":[{"href":"https:\/\/sinoextrud.com\/cs\/wp-json\/wp\/v2\/types\/product"}],"wp:featuredmedia":[{"embeddable":true,"href":"https:\/\/sinoextrud.com\/cs\/wp-json\/wp\/v2\/media\/8516"}],"wp:attachment":[{"href":"https:\/\/sinoextrud.com\/cs\/wp-json\/wp\/v2\/media?parent=8517"}],"wp:term":[{"taxonomy":"category","embeddable":true,"href":"https:\/\/sinoextrud.com\/cs\/wp-json\/wp\/v2\/categories?post=8517"}],"curies":[{"name":"wp","href":"https:\/\/api.w.org\/{rel}","templated":true}]}}