{"id":8511,"date":"2025-06-17T01:36:58","date_gmt":"2025-06-17T01:36:58","guid":{"rendered":"https:\/\/sinoextrud.com\/product\/aluminium-profile-bending\/"},"modified":"2025-06-24T06:24:05","modified_gmt":"2025-06-24T06:24:05","slug":"ohybani-hlinikovych-profilu-2","status":"publish","type":"product","link":"https:\/\/sinoextrud.com\/cs\/product\/aluminium-profile-bending\/","title":{"rendered":"Oh\u00fdb\u00e1n\u00ed hlin\u00edkov\u00fdch profil\u016f"},"content":{"rendered":"<h2>Podrobnosti o produktech<\/h2>\n<table class=\"custom-table\">\n<tr>\n<td class=\"label\">Typ:<\/td>\n<td> Oh\u00fdb\u00e1n\u00ed hlin\u00edkov\u00fdch profil\u016f<\/td>\n<\/tr>\n<tr>\n<td class=\"label\">T\u0159\u00edda:<\/td>\n<td> \u0158ada 6000<\/td>\n<\/tr>\n<tr>\n<td class=\"label\">M\u00edrnost:<\/td>\n<td> T3-T8<\/td>\n<\/tr>\n<tr>\n<td class=\"label\">Povrchov\u00e1 \u00faprava:<\/td>\n<td> Anodick\u00e1 oxidace<\/td>\n<\/tr>\n<tr>\n<td class=\"label\">Certifikace:<\/td>\n<td> CE, ISO, TUV<\/td>\n<\/tr>\n<tr>\n<td class=\"label\">Specifikace:<\/td>\n<td> OEM<\/td>\n<\/tr>\n<tr>\n<td class=\"label\">K\u00f3d HS:<\/td>\n<td> 7606125900<\/td>\n<\/tr>\n<tr>\n<td class=\"label\">M\u00edrnost:<\/td>\n<td> T3-T8<\/td>\n<\/tr>\n<tr>\n<td class=\"label\">Slitina:<\/td>\n<td> Je slitina<\/td>\n<\/tr>\n<tr>\n<td class=\"label\">P\u0159epravn\u00ed bal\u00ed\u010dek:<\/td>\n<td> podle po\u017eadavku z\u00e1kazn\u00edka<\/td>\n<\/tr>\n<tr>\n<td class=\"label\">P\u016fvod:<\/td>\n<td> Foshan, \u010c\u00edna<\/td>\n<\/tr>\n<\/table>\n<h2>Na\u0161e v\u00fdrobn\u00ed z\u00e1kladna<\/h2>\n<h3>Panorama tov\u00e1rny<\/h3>\n<p><img decoding=\"async\" src=\"\/wp-content\/uploads\/factory-01.webp\"\/><\/p>\n<h3>D\u00edlna na v\u00fdrobu hlin\u00edkov\u00fdch ty\u010d\u00ed<\/h3>\n<p><img decoding=\"async\" src=\"\/wp-content\/uploads\/factory-02.webp\"\/><\/p>\n<p><img decoding=\"async\" src=\"\/wp-content\/uploads\/factory-03.webp\"\/><\/p>\n<h3>Sklad pl\u00edsn\u00ed<\/h3>\n<p><img decoding=\"async\" src=\"\/wp-content\/uploads\/factory-04.webp\"\/><\/p>\n<h3>43 linek na vytla\u010dov\u00e1n\u00ed hlin\u00edku (500-5500 tun)<\/h3>\n<p><img decoding=\"async\" src=\"\/wp-content\/uploads\/factory-05.webp\"\/><\/p>\n<p><img decoding=\"async\" src=\"\/wp-content\/uploads\/factory-06.webp\"\/><\/p>\n<p><img decoding=\"async\" src=\"\/wp-content\/uploads\/factory-07.webp\"\/><\/p>\n<h3>D\u00edlna pr\u00e1\u0161kov\u00e9ho lakov\u00e1n\u00ed<\/h3>\n<p><img decoding=\"async\" src=\"\/wp-content\/uploads\/factory-09.webp\"\/><\/p>\n<h3>D\u00edlna eloxov\u00e1n\u00ed<\/h3>\n<p><img decoding=\"async\" src=\"\/wp-content\/uploads\/factory-10.webp\"\/><\/p>\n<h3>Workshop o hloubkov\u00e9m zpracov\u00e1n\u00ed<\/h3>\n<p><img decoding=\"async\" src=\"\/wp-content\/uploads\/factory-11.webp\"\/><\/p>\n<h3>D\u00edlna CNC p\u0159esn\u00e9ho obr\u00e1b\u011bn\u00ed<\/h3>\n<p><img decoding=\"async\" src=\"\/wp-content\/uploads\/factory-11.5.webp\"\/><\/p>\n<h3>Sklad hotov\u00fdch v\u00fdrobk\u016f a exportn\u00ed sklad<\/h3>\n<p><img decoding=\"async\" src=\"\/wp-content\/uploads\/factory-12.webp\"\/><\/p>\n<p><img decoding=\"async\" src=\"\/wp-content\/uploads\/factory-13.webp\"\/><\/p>\n<p><img decoding=\"async\" src=\"\/wp-content\/uploads\/factory-14.webp\"\/><\/p>\n<h2>\u010cASTO KLADEN\u00c9 DOTAZY<\/h2>\n<p><p><b>1.Co je oh\u00fdb\u00e1n\u00ed hlin\u00edkov\u00fdch profil\u016f?<\/b><\/p>\n<p>Oh\u00fdb\u00e1n\u00ed hlin\u00edkov\u00fdch profil\u016f je proces oh\u00fdb\u00e1n\u00ed hlin\u00edkov\u00fdch profil\u016f do specifick\u00fdch tvar\u016f, kter\u00e9 spl\u0148uj\u00ed po\u017eadavky na vlastn\u00ed konstrukci pro r\u016fzn\u00e9 pr\u016fmyslov\u00e9 aplikace.<br \/>\n<\/p><br \/>\n<br \/>\n<p><b>2.Jak\u00e9 jsou v\u00fdhody oh\u00fdb\u00e1n\u00ed hlin\u00edkov\u00fdch profil\u016f?<\/b><\/p>\n<p>Oh\u00fdb\u00e1n\u00ed hlin\u00edkov\u00fdch profil\u016f nab\u00edz\u00ed p\u0159esnost, p\u0159izp\u016fsoben\u00ed, trvanlivost a n\u00e1kladovou efektivitu, tak\u017ee je ide\u00e1ln\u00ed pro r\u016fzn\u00e9 aplikace v r\u016fzn\u00fdch pr\u016fmyslov\u00fdch odv\u011btv\u00edch.<br \/>\n<\/p><br \/>\n<br \/>\n<p><b>3.Jak oh\u00fdb\u00e1n\u00ed hlin\u00edkov\u00fdch profil\u016f zvy\u0161uje flexibilitu konstrukce?<\/b><\/p>\n<p>Oh\u00fdb\u00e1n\u00ed hlin\u00edkov\u00fdch profil\u016f umo\u017e\u0148uje vytv\u00e1\u0159et slo\u017eit\u00e9 tvary a profily a nab\u00edz\u00ed flexibilitu p\u0159i navrhov\u00e1n\u00ed projekt\u016f na m\u00edru ve stavebnictv\u00ed, automobilov\u00e9m pr\u016fmyslu a dal\u0161\u00edch odv\u011btv\u00edch.<br \/>\n<\/p><br \/>\n<br \/>\n<p><b>4.Je oh\u00fdb\u00e1n\u00ed hlin\u00edkov\u00fdch profil\u016f n\u00e1kladov\u011b efektivn\u00ed?<\/b><\/p>\n<p>Ano, oh\u00fdb\u00e1n\u00ed hlin\u00edkov\u00fdch profil\u016f je n\u00e1kladov\u011b efektivn\u00ed \u0159e\u0161en\u00ed pro mal\u00e9 i velk\u00e9 v\u00fdrobn\u00ed s\u00e9rie, kter\u00e9 vyva\u017euje v\u00fdkon a cenu pro pr\u016fmyslov\u00e9 projekty.<br \/>\n<\/p><br \/>\n<br \/>\n<p><b>5.V jak\u00fdch odv\u011btv\u00edch se pou\u017e\u00edv\u00e1 oh\u00fdb\u00e1n\u00ed hlin\u00edkov\u00fdch profil\u016f?<\/b><\/p>\n<p>Pr\u016fmyslov\u00e1 odv\u011btv\u00ed, jako je stavebnictv\u00ed, automobilov\u00fd pr\u016fmysl a v\u00fdroba, \u010dasto pou\u017e\u00edvaj\u00ed oh\u00fdb\u00e1n\u00ed hlin\u00edkov\u00fdch profil\u016f pro vytv\u00e1\u0159en\u00ed vlastn\u00edch konstruk\u010dn\u00edch prvk\u016f a n\u00e1vrh\u016f.<br \/>\n<\/p><br \/>\n<br \/>\n<p><b>6.Je oh\u00fdb\u00e1n\u00ed hlin\u00edkov\u00fdch profil\u016f \u0161etrn\u00e9 k \u017eivotn\u00edmu prost\u0159ed\u00ed?<\/b><\/p>\n<p>Ano, hlin\u00edk je recyklovateln\u00fd materi\u00e1l, tak\u017ee oh\u00fdb\u00e1n\u00ed hlin\u00edkov\u00fdch profil\u016f je ekologickou volbou pro v\u00fdrobu.<br \/>\n<\/p><br \/>\n<br \/>\n<p><b>7.Jak\u00e1 je pevnost hlin\u00edkov\u00fdch profil\u016f po oh\u00fdb\u00e1n\u00ed?<\/b><\/p>\n<p>Hlin\u00edkov\u00e9 profily si po oh\u00fdb\u00e1n\u00ed zachov\u00e1vaj\u00ed svou pevnost, co\u017e zaji\u0161\u0165uje odolnost a spolehlivost pro r\u016fzn\u00e9 pr\u016fmyslov\u00e9 aplikace.<br \/>\n<\/p><br \/>\n<br \/>\n<p><b>8.Jak je zaji\u0161t\u011bna kvalita oh\u00fdb\u00e1n\u00ed hlin\u00edkov\u00fdch profil\u016f?<\/b><\/p>\n<p>Oh\u00fdb\u00e1n\u00ed hlin\u00edkov\u00fdch profil\u016f se prov\u00e1d\u00ed pomoc\u00ed p\u0159esn\u00fdch technik a vysoce kvalitn\u00edch materi\u00e1l\u016f, aby byla zaji\u0161t\u011bna p\u0159esnost, trvanlivost a v\u00fdkonnost kone\u010dn\u00e9ho v\u00fdrobku.<br \/>\n<\/p><br \/><\/p>","protected":false},"featured_media":8510,"template":"","categories":[68],"class_list":["post-8511","product","type-product","status-publish","has-post-thumbnail","hentry","category-cnc-machining-aluminum-profile"],"meta_box":{"hilight_text_group":{"product_hilight_text":"<li>Precise bending of aluminum profiles to meet custom specifications.<\/li>\r\r\n<li>Durable and lightweight material ensures both strength and flexibility.<\/li>\r\r\n<li>High-quality finish with excellent corrosion resistance for long-lasting use.<\/li>\r\r\n<li>Custom bending options allow for versatility in various industrial applications.<\/li>\r\r\n<li>Cost-effective solution for both small and large production runs.<\/li>\r\r\n<li>Efficient and reliable manufacturing process with quick turnaround times.<\/li>\r\r\n<li>Environmentally friendly and fully recyclable aluminum material.<\/li>","product_chanpin_blog":"<ul>\r\r\n<li><a href=\"https:\/\/sinoextrud.com\/t-slot-v-slot-differences\/\" target=\"_blank\">t slot vs v slot<\/a><\/li>\r\r\n<li><a href=\"https:\/\/sinoextrud.com\/what-is-4040-aluminium-extrud\/\" target=\"_blank\">4040 aluminium extrusion<\/a><\/li>\r\r\n<li><a href=\"https:\/\/sinoextrud.com\/what-is-4040-aluminium-extrud\/\" target=\"_blank\">aluminum extrusions for industrial racks<\/a><\/li>\r\r\n<li><a href=\"https:\/\/sinoextrud.com\/powder-coating-aluminium-process\/\" target=\"_blank\">powder coating aluminium<\/a><\/li>\r\r\n<li><a href=\"https:\/\/sinoextrud.com\/what-is-an-aluminium-strip-ceiling\/\" target=\"_blank\">aluminium strip ceiling<\/a><\/li>\r\r\n<li><a href=\"https:\/\/sinoextrud.com\/what-is-a-heat-sink\/\" target=\"_blank\">what is a heat sink<\/a><\/li>\r\r\n<\/ul>","product_chanpin_chanpin":"<li><a href=\"https:\/\/sinoextrud.com\/product\/custom-aluminum-extrusion-cnc-machining-aluminum-profile\/\" target=\"_blank\">Custom Aluminum Extrusion CNC Machining Aluminum Profile<\/a><\/li>\r\n<li><a href=\"https:\/\/sinoextrud.com\/product\/custom-3003-aluminum-tube-bending-coolant-tubes\/\" target=\"_blank\">Custom 3003 Aluminum Tube Bending Coolant Tubes<\/a><\/li>\r\n<li><a href=\"https:\/\/sinoextrud.com\/product\/aluminum-extrusion-curtain-wall\/\" target=\"_blank\">Aluminum Extrusion Curtain Wall<\/a><\/li>\r\n<li><a href=\"https:\/\/sinoextrud.com\/product\/aluminum-profile-for-cnc\/\" target=\"_blank\">Aluminum Profile For CNC<\/a><\/li>\r\n<li><a href=\"https:\/\/sinoextrud.com\/product\/aluminium-profile-bending\/\" target=\"_blank\">Aluminium Profile Bending<\/a><\/li>\r\n<li><a href=\"https:\/\/sinoextrud.com\/product\/aluminum-extruded-handles\/\" target=\"_blank\">Aluminum Extruded Handles<\/a><\/li>\r\n<li><a href=\"https:\/\/sinoextrud.com\/product\/aluminum-cnc-profile\/\" target=\"_blank\">Aluminum CNC Profile<\/a><\/li>\r\n<li><a href=\"https:\/\/sinoextrud.com\/product\/extruded-aluminium-case\/\" target=\"_blank\">Extruded Aluminium Case<\/a><\/li>\r\n<li><a href=\"https:\/\/sinoextrud.com\/product\/aluminium-extrusion-enclosure\/\" target=\"_blank\">Aluminium Extrusion Enclosure<\/a><\/li>\r\n<li><a href=\"https:\/\/sinoextrud.com\/product\/extruded-aluminum-enclosure-case\/\" target=\"_blank\">Extruded Aluminum Enclosure Case<\/a><\/li>\r\n<li><a href=\"https:\/\/sinoextrud.com\/product\/aluminum-profile-for-workstation-desk\/\" target=\"_blank\">Aluminum Profile For Workstation Desk<\/a><\/li>"},"feature_list":[]},"_links":{"self":[{"href":"https:\/\/sinoextrud.com\/cs\/wp-json\/wp\/v2\/product\/8511","targetHints":{"allow":["GET"]}}],"collection":[{"href":"https:\/\/sinoextrud.com\/cs\/wp-json\/wp\/v2\/product"}],"about":[{"href":"https:\/\/sinoextrud.com\/cs\/wp-json\/wp\/v2\/types\/product"}],"wp:featuredmedia":[{"embeddable":true,"href":"https:\/\/sinoextrud.com\/cs\/wp-json\/wp\/v2\/media\/8510"}],"wp:attachment":[{"href":"https:\/\/sinoextrud.com\/cs\/wp-json\/wp\/v2\/media?parent=8511"}],"wp:term":[{"taxonomy":"category","embeddable":true,"href":"https:\/\/sinoextrud.com\/cs\/wp-json\/wp\/v2\/categories?post=8511"}],"curies":[{"name":"wp","href":"https:\/\/api.w.org\/{rel}","templated":true}]}}