{"id":8509,"date":"2025-06-17T01:33:06","date_gmt":"2025-06-17T01:33:06","guid":{"rendered":"https:\/\/sinoextrud.com\/product\/aluminum-profile-for-cnc\/"},"modified":"2025-06-24T06:24:05","modified_gmt":"2025-06-24T06:24:05","slug":"hlinikovy-profil-pro-cnc","status":"publish","type":"product","link":"https:\/\/sinoextrud.com\/cs\/product\/aluminum-profile-for-cnc\/","title":{"rendered":"Hlin\u00edkov\u00fd profil pro CNC"},"content":{"rendered":"<h2>Podrobnosti o produktech<\/h2>\n<table class=\"custom-table\">\n<tbody>\n<tr>\n<td> N\u00e1zev polo\u017eky:<\/td>\n<td> Hlin\u00edkov\u00fd profil pro CNC<\/td>\n<td> Pou\u017eit\u00ed:<\/td>\n<td> Stavebnictv\u00ed; Pr\u016fmysl; atd.<\/td>\n<\/tr>\n<tr>\n<td> T\u0159\u00edda:<\/td>\n<td> \u0158ady 1000,3000, 6000,7000<\/td>\n<td> Tolerance:<\/td>\n<td> \u00b10,5%<\/td>\n<\/tr>\n<tr>\n<td> M\u00edrnost:<\/td>\n<td> T3-T8<\/td>\n<td> Tvar:<\/td>\n<td> P\u0159izp\u016fsoben\u00e9<\/td>\n<\/tr>\n<tr>\n<td> Slitina nebo ne:<\/td>\n<td> Je slitina<\/td>\n<td> Slitina:<\/td>\n<td> Slitina 6063-T5 \/6061-T6<\/td>\n<\/tr>\n<tr>\n<td> Standardn\u00ed:<\/td>\n<td> St\u0159edn\u00ed a vysok\u00e1 kvalita<\/td>\n<td> Z\u00e1ruka:<\/td>\n<td> certifik\u00e1t z\u00e1kazn\u00edka, jako je BV, Soncap, ISO<\/td>\n<\/tr>\n<tr>\n<td> MOQ:<\/td>\n<td> 200KGS pro ka\u017edou polo\u017eku a ka\u017edou barvu<\/td>\n<td> D\u00e9lka v\u00fdvozu:<\/td>\n<td> 5,8 m pro 20 stop, 5,9 m \/ 6,0 m pro 40'GP<\/td>\n<\/tr>\n<tr>\n<td> Doba dod\u00e1n\u00ed:<\/td>\n<td> 15-21dn\u00ed po obdr\u017een\u00ed z\u00e1lohy<\/td>\n<td> M\u011bs\u00ed\u010dn\u00ed v\u00fdstup:<\/td>\n<td> 15 000 tun<\/td>\n<\/tr>\n<tr>\n<td> Podrobnosti o balen\u00ed:<\/td>\n<td> Uvnit\u0159: zabalen\u00e1 ochrann\u00e1 f\u00f3lie pro ka\u017ed\u00fd kus na ochranu.<br \/>\nVn\u011bj\u0161\u00ed strana: na povrchu je zabalena do vod\u011bodoln\u00e9ho \u0159emesln\u00e9ho pap\u00edru.<\/td>\n<td> P\u0159\u00edstav:<\/td>\n<td> ShenZhen, Guangzhou, Foshan<\/td>\n<\/tr>\n<tr>\n<td> Schopnost z\u00e1sobov\u00e1n\u00ed:<\/td>\n<td> 15 000 tun za m\u011bs\u00edc Pr\u016fmyslov\u00fd hlin\u00edkov\u00fd profil<\/td>\n<td> Slu\u017eba zpracov\u00e1n\u00ed:<\/td>\n<td> Oh\u00fdb\u00e1n\u00ed, odv\u00edjen\u00ed, sva\u0159ov\u00e1n\u00ed, d\u011brov\u00e1n\u00ed, \u0159ez\u00e1n\u00ed<\/td>\n<\/tr>\n<\/tbody>\n<\/table>\n<h2>Na\u0161e v\u00fdrobn\u00ed z\u00e1kladna<\/h2>\n<h3>Panorama tov\u00e1rny<\/h3>\n<p><img decoding=\"async\" src=\"\/wp-content\/uploads\/factory-01.webp\"\/><\/p>\n<h3>D\u00edlna na v\u00fdrobu hlin\u00edkov\u00fdch ty\u010d\u00ed<\/h3>\n<p><img decoding=\"async\" src=\"\/wp-content\/uploads\/factory-02.webp\"\/><\/p>\n<\/p>\n<p><img decoding=\"async\" src=\"\/wp-content\/uploads\/factory-03.webp\"\/><\/p>\n<h3>Sklad pl\u00edsn\u00ed<\/h3>\n<p><img decoding=\"async\" src=\"\/wp-content\/uploads\/factory-04.webp\"\/><\/p>\n<h3>43 linek na vytla\u010dov\u00e1n\u00ed hlin\u00edku (500-5500 tun)<\/h3>\n<p><img decoding=\"async\" src=\"\/wp-content\/uploads\/factory-05.webp\"\/><\/p>\n<p><img decoding=\"async\" src=\"\/wp-content\/uploads\/factory-06.webp\"\/><\/p>\n<p><img decoding=\"async\" src=\"\/wp-content\/uploads\/factory-07.webp\"\/><\/p>\n<h3>D\u00edlna pr\u00e1\u0161kov\u00e9ho lakov\u00e1n\u00ed<\/h3>\n<p><img decoding=\"async\" src=\"\/wp-content\/uploads\/factory-09.webp\"\/><\/p>\n<h3>D\u00edlna eloxov\u00e1n\u00ed<\/h3>\n<p><img decoding=\"async\" src=\"\/wp-content\/uploads\/factory-10.webp\"\/><\/p>\n<h3>Workshop o hloubkov\u00e9m zpracov\u00e1n\u00ed<\/h3>\n<p><img decoding=\"async\" src=\"\/wp-content\/uploads\/factory-11.webp\"\/><\/p>\n<h3>D\u00edlna CNC p\u0159esn\u00e9ho obr\u00e1b\u011bn\u00ed<\/h3>\n<p><img decoding=\"async\" src=\"\/wp-content\/uploads\/factory-11.5.webp\"\/><\/p>\n<h3>Sklad hotov\u00fdch v\u00fdrobk\u016f a exportn\u00ed sklad<\/h3>\n<p><img decoding=\"async\" src=\"\/wp-content\/uploads\/factory-12.webp\"\/><\/p>\n<p><img decoding=\"async\" src=\"\/wp-content\/uploads\/factory-13.webp\"\/><\/p>\n<p><img decoding=\"async\" src=\"\/wp-content\/uploads\/factory-14.webp\"\/><\/p>\n<h2>\u010cASTO KLADEN\u00c9 DOTAZY<\/h2>\n<p><b>1.Co je hlin\u00edkov\u00fd profil pro CNC?<\/b><\/p>\n<p>Hlin\u00edkov\u00fd profil pro CNC ozna\u010duje hlin\u00edkov\u00e9 komponenty speci\u00e1ln\u011b navr\u017een\u00e9 a vyroben\u00e9 pro pou\u017eit\u00ed v CNC obr\u00e1b\u011bn\u00ed, kter\u00e9 zaji\u0161\u0165uj\u00ed vysokou p\u0159esnost a spolehlivost p\u0159i obr\u00e1b\u011bn\u00ed.\n<\/p>\n<p><\/p>\n<p><b>2.Jak\u00e9 jsou v\u00fdhody pou\u017eit\u00ed hlin\u00edkov\u00fdch profil\u016f pro CNC obr\u00e1b\u011bn\u00ed?<\/b><\/p>\n<p>Hlin\u00edkov\u00e9 profily pro CNC obr\u00e1b\u011bn\u00ed nab\u00edzej\u00ed vysokou p\u0159esnost, p\u0159izp\u016fsoben\u00ed a odolnost, tak\u017ee jsou ide\u00e1ln\u00ed pro r\u016fzn\u00e9 CNC aplikace v r\u016fzn\u00fdch pr\u016fmyslov\u00fdch odv\u011btv\u00edch.\n<\/p>\n<p><\/p>\n<p><b>3.Mohou b\u00fdt hlin\u00edkov\u00e9 profily p\u0159izp\u016fsobeny pro CNC stroje?<\/b><\/p>\n<p>Ano, hlin\u00edkov\u00e9 profily lze pln\u011b p\u0159izp\u016fsobit tak, aby spl\u0148ovaly specifick\u00e9 po\u017eadavky na konstrukci pro r\u016fzn\u00e9 stroje CNC, co\u017e zaji\u0161\u0165uje kompatibilitu a optim\u00e1ln\u00ed v\u00fdkon.\n<\/p>\n<p><\/p>\n<p><b>4.Jak hlin\u00edkov\u00fd profil pro CNC zvy\u0161uje p\u0159esnost obr\u00e1b\u011bn\u00ed?<\/b><\/p>\n<p>Vysoce kvalitn\u00ed a p\u0159esn\u00e1 konstrukce hlin\u00edkov\u00fdch profil\u016f zaji\u0161\u0165uje p\u0159\u00edsn\u00e9 tolerance a p\u0159esn\u00e9 rozm\u011bry, co\u017e vede k vynikaj\u00edc\u00edm v\u00fdsledk\u016fm obr\u00e1b\u011bn\u00ed.\n<\/p>\n<p><\/p>\n<p><b>5.Jsou hlin\u00edkov\u00e9 profily pro CNC n\u00e1kladov\u011b efektivn\u00ed?<\/b><\/p>\n<p>Ano, hlin\u00edkov\u00e9 profily pro CNC jsou cenov\u011b v\u00fdhodn\u00e9 a poskytuj\u00ed cenov\u011b dostupn\u00e1 \u0159e\u0161en\u00ed pro mal\u00e9 i velk\u00e9 CNC provozy bez kompromis\u016f v kvalit\u011b.\n<\/p>\n<p><\/p>\n<p><b>6.Jak\u00e1 odv\u011btv\u00ed pou\u017e\u00edvaj\u00ed hlin\u00edkov\u00e9 profily pro CNC?<\/b><\/p>\n<p>Pr\u016fmyslov\u00e1 odv\u011btv\u00ed, jako je v\u00fdroba, letectv\u00ed, automobilov\u00fd pr\u016fmysl a elektronika, pou\u017e\u00edvaj\u00ed hlin\u00edkov\u00e9 profily pro CNC k v\u00fdrob\u011b vysoce kvalitn\u00edch a p\u0159esn\u00fdch sou\u010d\u00e1st\u00ed.\n<\/p>\n<p><\/p>\n<p><b>7.Jak\u00fd p\u0159\u00ednos m\u00e1 odolnost hlin\u00edkov\u00fdch profil\u016f proti korozi pro CNC obr\u00e1b\u011bn\u00ed?<\/b><\/p>\n<p>Odolnost proti korozi zaji\u0161\u0165uje, \u017ee hlin\u00edkov\u00e9 profily si zachov\u00e1vaj\u00ed svou pevnost a v\u00fdkonnost po dlouhou dobu, a to i v n\u00e1ro\u010dn\u00fdch podm\u00ednk\u00e1ch, co\u017e z nich \u010din\u00ed spolehlivou volbu pro CNC obr\u00e1b\u011bn\u00ed.\n<\/p>\n<p><\/p>\n<p><b>8.Je hlin\u00edkov\u00fd profil pro CNC \u0161etrn\u00fd k \u017eivotn\u00edmu prost\u0159ed\u00ed?<\/b><\/p>\n<p>Ano, hlin\u00edk je recyklovateln\u00fd materi\u00e1l, tak\u017ee hlin\u00edkov\u00e9 profily pro CNC jsou ekologicky odpov\u011bdnou a udr\u017eitelnou volbou pro v\u00fdrobn\u00ed procesy.\n<\/p>\n<p><\/p>","protected":false},"featured_media":8508,"template":"","categories":[68],"class_list":["post-8509","product","type-product","status-publish","has-post-thumbnail","hentry","category-cnc-machining-aluminum-profile"],"meta_box":{"hilight_text_group":{"product_hilight_text":"<li>High-precision aluminum profiles designed for CNC machining applications.<\/li>\r\r\n<li>Customizable designs to fit specific CNC machine requirements and projects.<\/li>\r\r\n<li>Durable and lightweight material for long-lasting performance and easy handling.<\/li>\r\r\n<li>Excellent surface finish and dimensional accuracy for superior results.<\/li>\r\r\n<li>Corrosion-resistant properties ensure the profiles perform well in various environments.<\/li>\r\r\n<li>Cost-effective manufacturing solution for both small and large-scale CNC operations.<\/li>\r\r\n<li>Eco-friendly, with aluminum being fully recyclable for sustainable production.<\/li>","product_chanpin_blog":"<ul>\r\r\n<li><a href=\"https:\/\/sinoextrud.com\/t-slot-v-slot-differences\/\" target=\"_blank\">t slot vs v slot<\/a><\/li>\r\r\n<li><a href=\"https:\/\/sinoextrud.com\/what-is-4040-aluminium-extrud\/\" target=\"_blank\">4040 aluminium extrusion<\/a><\/li>\r\r\n<li><a href=\"https:\/\/sinoextrud.com\/what-is-4040-aluminium-extrud\/\" target=\"_blank\">aluminum extrusions for industrial racks<\/a><\/li>\r\r\n<li><a href=\"https:\/\/sinoextrud.com\/powder-coating-aluminium-process\/\" target=\"_blank\">powder coating aluminium<\/a><\/li>\r\r\n<li><a href=\"https:\/\/sinoextrud.com\/what-is-an-aluminium-strip-ceiling\/\" target=\"_blank\">aluminium strip ceiling<\/a><\/li>\r\r\n<li><a href=\"https:\/\/sinoextrud.com\/what-is-a-heat-sink\/\" target=\"_blank\">what is a heat sink<\/a><\/li>\r\r\n<\/ul>","product_chanpin_chanpin":"<li><a href=\"https:\/\/sinoextrud.com\/product\/cnc-aluminum-curved-profiles-tubes\/\" target=\"_blank\">CNC Aluminum Curved Profiles Tubes<\/a><\/li>\r\n<li><a href=\"https:\/\/sinoextrud.com\/product\/custom-aluminum-extrusion-cnc-machining-aluminum-profile\/\" target=\"_blank\">Custom Aluminum Extrusion CNC Machining Aluminum Profile<\/a><\/li>\r\n<li><a href=\"https:\/\/sinoextrud.com\/product\/custom-3003-aluminum-tube-bending-coolant-tubes\/\" target=\"_blank\">Custom 3003 Aluminum Tube Bending Coolant Tubes<\/a><\/li>\r\n<li><a href=\"https:\/\/sinoextrud.com\/product\/aluminum-extrusion-curtain-wall\/\" target=\"_blank\">Aluminum Extrusion Curtain Wall<\/a><\/li>\r\n<li><a href=\"https:\/\/sinoextrud.com\/product\/aluminum-profile-for-cnc\/\" target=\"_blank\">Aluminum Profile For CNC<\/a><\/li>\r\n<li><a href=\"https:\/\/sinoextrud.com\/product\/aluminium-profile-bending\/\" target=\"_blank\">Aluminium Profile Bending<\/a><\/li>\r\n<li><a href=\"https:\/\/sinoextrud.com\/product\/aluminum-extruded-handles\/\" target=\"_blank\">Aluminum Extruded Handles<\/a><\/li>\r\n<li><a href=\"https:\/\/sinoextrud.com\/product\/aluminum-cnc-profile\/\" target=\"_blank\">Aluminum CNC Profile<\/a><\/li>\r\n<li><a href=\"https:\/\/sinoextrud.com\/product\/extruded-aluminium-case\/\" target=\"_blank\">Extruded Aluminium Case<\/a><\/li>\r\n<li><a href=\"https:\/\/sinoextrud.com\/product\/aluminum-casement-door\/\" target=\"_blank\">Aluminum Casement Door<\/a><\/li>\r\n<li><a href=\"https:\/\/sinoextrud.com\/product\/aluminum-t-section-extrusions\/\" target=\"_blank\">Aluminum T Section Extrusions<\/a><\/li>"},"feature_list":[]},"_links":{"self":[{"href":"https:\/\/sinoextrud.com\/cs\/wp-json\/wp\/v2\/product\/8509","targetHints":{"allow":["GET"]}}],"collection":[{"href":"https:\/\/sinoextrud.com\/cs\/wp-json\/wp\/v2\/product"}],"about":[{"href":"https:\/\/sinoextrud.com\/cs\/wp-json\/wp\/v2\/types\/product"}],"wp:featuredmedia":[{"embeddable":true,"href":"https:\/\/sinoextrud.com\/cs\/wp-json\/wp\/v2\/media\/8508"}],"wp:attachment":[{"href":"https:\/\/sinoextrud.com\/cs\/wp-json\/wp\/v2\/media?parent=8509"}],"wp:term":[{"taxonomy":"category","embeddable":true,"href":"https:\/\/sinoextrud.com\/cs\/wp-json\/wp\/v2\/categories?post=8509"}],"curies":[{"name":"wp","href":"https:\/\/api.w.org\/{rel}","templated":true}]}}