{"id":8481,"date":"2025-06-16T13:20:48","date_gmt":"2025-06-16T13:20:48","guid":{"rendered":"https:\/\/sinoextrud.com\/product\/cnc-machining-anodized-item-extruded-aluminum\/"},"modified":"2025-06-24T06:24:02","modified_gmt":"2025-06-24T06:24:02","slug":"cnc-obrabeni-eloxovane-polozky-z-extrudovaneho-hliniku","status":"publish","type":"product","link":"https:\/\/sinoextrud.com\/cs\/product\/cnc-machining-anodized-item-extruded-aluminum\/","title":{"rendered":"CNC obr\u00e1b\u011bn\u00ed eloxovan\u00e9ho hlin\u00edku Extrudovan\u00fd hlin\u00edk"},"content":{"rendered":"<h2>Podrobnosti o produktech<\/h2>\n<table class=\"custom-table\">\n<tbody>\n<tr>\n<td> T\u0159\u00edda:<\/td>\n<td> 6063 -t5<\/td>\n<\/tr>\n<tr>\n<td> Technika:<\/td>\n<td> CNC obr\u00e1b\u011bn\u00ed eloxovan\u00e9ho hlin\u00edku Extrudovan\u00fd hlin\u00edk<\/td>\n<\/tr>\n<tr>\n<td> M\u00edrnost:<\/td>\n<td> T3 - T8<\/td>\n<\/tr>\n<tr>\n<td> Obr\u00e1b\u011bc\u00ed slu\u017eby:<\/td>\n<td> Vrt\u00e1n\u00ed, z\u00e1vitov\u00e1n\u00ed, n\u00fdtov\u00e1n\u00ed, mont\u00e1\u017e atd.<\/td>\n<\/tr>\n<tr>\n<td> Ochrann\u00e1 zn\u00e1mka:<\/td>\n<td> Sinoextrud Sinoextrud <\/td>\n<\/tr>\n<tr>\n<td> Typ:<\/td>\n<td> CNC obr\u00e1b\u011bn\u00ed eloxovan\u00e9ho hlin\u00edku Extrudovan\u00fd hlin\u00edk<\/td>\n<\/tr>\n<tr>\n<td> Tvar:<\/td>\n<td> Vyrobeno podle n\u00e1vrhu klienta<\/td>\n<\/tr>\n<tr>\n<td> Povrchov\u00e1 \u00faprava:<\/td>\n<td> Anodizovan\u00fd kart\u00e1\u010dovan\u00fd povrch<\/td>\n<\/tr>\n<tr>\n<td> D\u00e9lka:<\/td>\n<td> 1m a\u017e 9m na d\u00e9lku<\/td>\n<\/tr>\n<tr>\n<td> Barvy:<\/td>\n<td> St\u0159\u00edbrn\u00e1 \u010dern\u00e1<\/td>\n<\/tr>\n<tr>\n<td> K\u00f3d HS:<\/td>\n<td> 76042990<\/td>\n<\/tr>\n<\/tbody>\n<\/table>\n<h2>Na\u0161e v\u00fdrobn\u00ed z\u00e1kladna<\/h2>\n<h3>Panorama tov\u00e1rny<\/h3>\n<p><img decoding=\"async\" src=\"\/wp-content\/uploads\/factory-01.webp\"\/><\/p>\n<h3>D\u00edlna na v\u00fdrobu hlin\u00edkov\u00fdch ty\u010d\u00ed<\/h3>\n<p><img decoding=\"async\" src=\"\/wp-content\/uploads\/factory-02.webp\"\/><\/p>\n<p><img decoding=\"async\" src=\"\/wp-content\/uploads\/factory-03.webp\"\/><\/p>\n<h3>Sklad pl\u00edsn\u00ed<\/h3>\n<p><img decoding=\"async\" src=\"\/wp-content\/uploads\/factory-04.webp\"\/><\/p>\n<h3>43 linek na vytla\u010dov\u00e1n\u00ed hlin\u00edku (500-5500 tun)<\/h3>\n<p><img decoding=\"async\" src=\"\/wp-content\/uploads\/factory-05.webp\"\/><\/p>\n<p><img decoding=\"async\" src=\"\/wp-content\/uploads\/factory-06.webp\"\/><\/p>\n<p><img decoding=\"async\" src=\"\/wp-content\/uploads\/factory-07.webp\"\/><\/p>\n<h3>D\u00edlna pr\u00e1\u0161kov\u00e9ho lakov\u00e1n\u00ed<\/h3>\n<p><img decoding=\"async\" src=\"\/wp-content\/uploads\/factory-09.webp\"\/><\/p>\n<h3>D\u00edlna eloxov\u00e1n\u00ed<\/h3>\n<p><img decoding=\"async\" src=\"\/wp-content\/uploads\/factory-10.webp\"\/><\/p>\n<h3>Workshop o hloubkov\u00e9m zpracov\u00e1n\u00ed<\/h3>\n<p><img decoding=\"async\" src=\"\/wp-content\/uploads\/factory-11.webp\"\/><\/p>\n<h3>D\u00edlna CNC p\u0159esn\u00e9ho obr\u00e1b\u011bn\u00ed<\/h3>\n<p><img decoding=\"async\" src=\"\/wp-content\/uploads\/factory-11.5.webp\"\/><\/p>\n<h3>Sklad hotov\u00fdch v\u00fdrobk\u016f a exportn\u00ed sklad<\/h3>\n<p><img decoding=\"async\" src=\"\/wp-content\/uploads\/factory-12.webp\"\/><\/p>\n<p><img decoding=\"async\" src=\"\/wp-content\/uploads\/factory-13.webp\"\/><\/p>\n<p><img decoding=\"async\" src=\"\/wp-content\/uploads\/factory-14.webp\"\/><\/p>\n<h2>\u010cASTO KLADEN\u00c9 DOTAZY<\/h2>\n<p><p><b>1.CNC obr\u00e1b\u011bn\u00ed eloxovan\u00e9ho hlin\u00edku: Jak\u00e9 jsou v\u00fdhody CNC obr\u00e1b\u011bn\u00ed eloxovan\u00e9ho extrudovan\u00e9ho hlin\u00edku?<\/b><\/p>\n<p>CNC obr\u00e1b\u011bn\u00ed zaji\u0161\u0165uje p\u0159esnost, t\u011bsn\u00e9 tolerance a st\u00e1lou kvalitu, d\u00edky \u010demu\u017e se v\u00fdrobky z eloxovan\u00e9ho extrudovan\u00e9ho hlin\u00edku dokonale hod\u00ed pro r\u016fzn\u00e9 pr\u016fmyslov\u00e9 aplikace.<br \/>\n<\/p><br \/>\n<br \/>\n<p><b>2.Jak eloxov\u00e1n\u00ed zlep\u0161uje vlastnosti hlin\u00edku?<\/b><\/p>\n<p>Eloxov\u00e1n\u00ed vytv\u00e1\u0159\u00ed na povrchu hlin\u00edku odolnou vrstvu oxidu, kter\u00e1 zvy\u0161uje odolnost proti korozi, opot\u0159eben\u00ed a celkovou \u017eivotnost, tak\u017ee je vhodn\u00fd do venkovn\u00edch a drsn\u00fdch podm\u00ednek.<br \/>\n<\/p><br \/>\n<br \/>\n<p><b>3.Lze eloxovanou povrchovou \u00fapravu p\u0159izp\u016fsobit?<\/b><\/p>\n<p>Ano, eloxov\u00e1n\u00ed lze p\u0159izp\u016fsobit barv\u011b a struktu\u0159e, co\u017e umo\u017e\u0148uje funk\u010dn\u00ed i estetick\u00e9 \u00fapravy podle konkr\u00e9tn\u00edch po\u017eadavk\u016f projektu.<br \/>\n<\/p><br \/>\n<br \/>\n<p><b>4.Jak\u00fd je eloxovan\u00fd hlin\u00edk ve srovn\u00e1n\u00ed s neo\u0161et\u0159en\u00fdm hlin\u00edkem?<\/b><\/p>\n<p>Eloxovan\u00fd hlin\u00edk m\u00e1 vynikaj\u00edc\u00ed odolnost proti korozi, zv\u00fd\u0161enou tvrdost povrchu a lep\u0161\u00ed estetick\u00fd vzhled, tak\u017ee je odoln\u011bj\u0161\u00ed a m\u00e1 del\u0161\u00ed \u017eivotnost ne\u017e hlin\u00edk bez povrchov\u00e9 \u00fapravy.<br \/>\n<\/p><br \/>\n<br \/>\n<p><b>5.Pro jak\u00e1 pr\u016fmyslov\u00e1 odv\u011btv\u00ed jsou v\u00fdhodn\u00e9 CNC obr\u00e1b\u011bn\u00e9 eloxovan\u00e9 hlin\u00edkov\u00e9 p\u0159edm\u011bty?<\/b><\/p>\n<p>Odv\u011btv\u00ed, jako je leteck\u00fd a kosmick\u00fd pr\u016fmysl, automobilov\u00fd pr\u016fmysl, elektronika a stavebnictv\u00ed, vyu\u017e\u00edvaj\u00ed trvanlivost, pevnost a p\u0159esnost CNC obr\u00e1b\u011bn\u00fdch eloxovan\u00fdch hlin\u00edkov\u00fdch v\u00fdrobk\u016f.<br \/>\n<\/p><br \/>\n<br \/>\n<p><b>6.Jak ovliv\u0148uje eloxov\u00e1n\u00ed vzhled hlin\u00edku?<\/b><\/p>\n<p>Eloxov\u00e1n\u00ed poskytuje hladkou, atraktivn\u00ed povrchovou \u00fapravu, kterou lze p\u0159izp\u016fsobit r\u016fzn\u00fdm barv\u00e1m, co\u017e zlep\u0161uje estetick\u00fd vzhled hlin\u00edkov\u00fdch d\u00edl\u016f a z\u00e1rove\u0148 poskytuje dodate\u010dnou ochranu.<br \/>\n<\/p><br \/>\n<br \/>\n<p><b>7.Jak\u00fd je p\u0159\u00ednos eloxov\u00e1n\u00ed pro v\u00fdrobky pou\u017e\u00edvan\u00e9 ve venkovn\u00edm prost\u0159ed\u00ed?<\/b><\/p>\n<p>Eloxov\u00e1n\u00ed poskytuje dal\u0161\u00ed vrstvu ochrany proti pov\u011btrnostn\u00edm vliv\u016fm a zaji\u0161\u0165uje, \u017ee hlin\u00edkov\u00e9 p\u0159edm\u011bty si zachovaj\u00ed svou pevnost a vzhled i ve venkovn\u00edm prost\u0159ed\u00ed.<br \/>\n<\/p><br \/>\n<br \/>\n<p><b>8.Jak p\u0159isp\u00edv\u00e1 CNC obr\u00e1b\u011bn\u00ed k celkov\u00e9 kvalit\u011b eloxovan\u00fdch hlin\u00edkov\u00fdch p\u0159edm\u011bt\u016f?<\/b><\/p>\n<p>CNC obr\u00e1b\u011bn\u00ed zaji\u0161\u0165uje p\u0159esn\u00e9 \u0159ezy, tvary a rozm\u011bry, zat\u00edmco eloxov\u00e1n\u00ed d\u00e1le zvy\u0161uje odolnost a povrchovou \u00fapravu hlin\u00edku, co\u017e vede k vysoce kvalitn\u00edm v\u00fdrobk\u016fm.<br \/>\n<\/p><br \/><\/p>","protected":false},"featured_media":8480,"template":"","categories":[68],"class_list":["post-8481","product","type-product","status-publish","has-post-thumbnail","hentry","category-cnc-machining-aluminum-profile"],"meta_box":{"hilight_text_group":{"product_hilight_text":"<li>Precision CNC machining ensures tight tolerances and high-quality finishes for anodized extruded aluminum items.<\/li>\r\r\n<li>Anodized surface treatment enhances corrosion resistance and increases durability in harsh environments.<\/li>\r\r\n<li>Lightweight yet strong, providing optimal strength-to-weight ratio for a variety of industrial applications.<\/li>\r\r\n<li>Customizable extrusions and anodizing options to meet specific design and functionality requirements.<\/li>\r\r\n<li>Superior surface finish from anodizing, offering enhanced aesthetic appeal and improved scratch resistance.<\/li>","product_chanpin_blog":"<ul>\r\r\n<li><a href=\"https:\/\/sinoextrud.com\/t-slot-v-slot-differences\/\" target=\"_blank\">t slot vs v slot<\/a><\/li>\r\r\n<li><a href=\"https:\/\/sinoextrud.com\/what-is-4040-aluminium-extrud\/\" target=\"_blank\">4040 aluminium extrusion<\/a><\/li>\r\r\n<li><a href=\"https:\/\/sinoextrud.com\/what-is-4040-aluminium-extrud\/\" target=\"_blank\">aluminum extrusions for industrial racks<\/a><\/li>\r\r\n<li><a href=\"https:\/\/sinoextrud.com\/powder-coating-aluminium-process\/\" target=\"_blank\">powder coating aluminium<\/a><\/li>\r\r\n<li><a href=\"https:\/\/sinoextrud.com\/what-is-an-aluminium-strip-ceiling\/\" target=\"_blank\">aluminium strip ceiling<\/a><\/li>\r\r\n<li><a href=\"https:\/\/sinoextrud.com\/what-is-a-heat-sink\/\" target=\"_blank\">what is a heat sink<\/a><\/li>\r\r\n<\/ul>","product_chanpin_chanpin":"<li><a href=\"https:\/\/sinoextrud.com\/product\/cnc-machining-anodized-aluminum-extrusions\/\" target=\"_blank\">CNC Machining Anodized Aluminum Extrusions<\/a><\/li>\r\n<li><a href=\"https:\/\/sinoextrud.com\/product\/cnc-machined-6063-aluminium-extrusion-product\/\" target=\"_blank\">CNC Machined 6063 Aluminium Extrusion Product<\/a><\/li>\r\n<li><a href=\"https:\/\/sinoextrud.com\/product\/aluminum-alloy-cnc-aluminum-controller-shell\/\" target=\"_blank\">Aluminum Alloy CNC Aluminum Controller Shell<\/a><\/li>\r\n<li><a href=\"https:\/\/sinoextrud.com\/product\/aluminium-cnc-factory-punching-extrusion-profile-tubing-sizes-oem\/\" target=\"_blank\">aluminium cnc factory punching extrusion profile tubing sizes OEM<\/a><\/li>\r\n<li><a href=\"https:\/\/sinoextrud.com\/product\/cnc-machining-anodized-item-extruded-aluminum\/\" target=\"_blank\">CNC Machining Anodized Item Extruded Aluminum<\/a><\/li>\r\n<li><a href=\"https:\/\/sinoextrud.com\/product\/cnc-aluminum-curved-profiles-tubes\/\" target=\"_blank\">CNC Aluminum Curved Profiles Tubes<\/a><\/li>\r\n<li><a href=\"https:\/\/sinoextrud.com\/product\/custom-aluminum-extrusion-cnc-machining-aluminum-profile\/\" target=\"_blank\">Custom Aluminum Extrusion CNC Machining Aluminum Profile<\/a><\/li>\r\n<li><a href=\"https:\/\/sinoextrud.com\/product\/custom-3003-aluminum-tube-bending-coolant-tubes\/\" target=\"_blank\">Custom 3003 Aluminum Tube Bending Coolant Tubes<\/a><\/li>\r\n<li><a href=\"https:\/\/sinoextrud.com\/product\/aluminum-extrusion-curtain-wall\/\" target=\"_blank\">Aluminum Extrusion Curtain Wall<\/a><\/li>\r\n<li><a href=\"https:\/\/sinoextrud.com\/product\/custom-aluminum-extrusion\/\" target=\"_blank\">Custom Aluminum Extrusion<\/a><\/li>\r\n<li><a href=\"https:\/\/sinoextrud.com\/product\/30-x-30-aluminum-extrusion-for-decoration\/\" target=\"_blank\">30 X 30 Aluminum Extrusion For Decoration<\/a><\/li>"},"feature_list":[]},"_links":{"self":[{"href":"https:\/\/sinoextrud.com\/cs\/wp-json\/wp\/v2\/product\/8481","targetHints":{"allow":["GET"]}}],"collection":[{"href":"https:\/\/sinoextrud.com\/cs\/wp-json\/wp\/v2\/product"}],"about":[{"href":"https:\/\/sinoextrud.com\/cs\/wp-json\/wp\/v2\/types\/product"}],"wp:featuredmedia":[{"embeddable":true,"href":"https:\/\/sinoextrud.com\/cs\/wp-json\/wp\/v2\/media\/8480"}],"wp:attachment":[{"href":"https:\/\/sinoextrud.com\/cs\/wp-json\/wp\/v2\/media?parent=8481"}],"wp:term":[{"taxonomy":"category","embeddable":true,"href":"https:\/\/sinoextrud.com\/cs\/wp-json\/wp\/v2\/categories?post=8481"}],"curies":[{"name":"wp","href":"https:\/\/api.w.org\/{rel}","templated":true}]}}