{"id":8451,"date":"2025-06-16T06:12:35","date_gmt":"2025-06-16T06:12:35","guid":{"rendered":"https:\/\/sinoextrud.com\/product\/aluminum-extrusion-custom-electric-vehicle-battery-enclosure-aluminum-profile\/"},"modified":"2025-06-24T06:23:53","modified_gmt":"2025-06-24T06:23:53","slug":"hlinikovy-vylisek-na-zakazku-kryt-baterie-pro-elektromobily-hlinikovy-profil","status":"publish","type":"product","link":"https:\/\/sinoextrud.com\/cs\/product\/aluminum-extrusion-custom-electric-vehicle-battery-enclosure-aluminum-profile\/","title":{"rendered":"Hlin\u00edkov\u00e9 vytla\u010dov\u00e1n\u00ed Vlastn\u00ed kryt bateri\u00ed pro elektrick\u00e1 vozidla Hlin\u00edkov\u00fd profil"},"content":{"rendered":"<h2>Podrobnosti o produktech<\/h2>\n<table class=\"custom-table\">\n<tbody>\n<tr>\n<td> Polo\u017eka:<\/td>\n<td> Hlin\u00edkov\u00e9 vytla\u010dov\u00e1n\u00ed Vlastn\u00ed kryt bateri\u00ed pro elektrick\u00e1 vozidla Hlin\u00edkov\u00fd profil<\/td>\n<td> T\u0159\u00edda:<\/td>\n<td> \u0158ada 6000<\/td>\n<\/tr>\n<tr>\n<td> M\u00edrnost:<\/td>\n<td> 6063-T5<\/td>\n<td> M\u00edsto p\u016fvodu:<\/td>\n<td> Foshan, Guangdong<\/td>\n<\/tr>\n<tr>\n<td> Tvar:<\/td>\n<td> \u010dtvercov\u00e9, kulat\u00e9, obd\u00e9ln\u00edkov\u00e9, na m\u00edru<\/td>\n<td> Slitina nebo ne:<\/td>\n<td> Slitina hlin\u00edku<\/td>\n<\/tr>\n<tr>\n<td> Tolerance:<\/td>\n<td> \u00b11%<\/td>\n<td> Zna\u010dka:<\/td>\n<td> Sinoextrud, Sinoextrud<\/td>\n<\/tr>\n<tr>\n<td> Pou\u017eit\u00ed:<\/td>\n<td> elektromobily, autobusy a n\u00e1kladn\u00ed automobily<\/td>\n<td> Povrchov\u00e1 \u00faprava:<\/td>\n<td> pr\u00e1\u0161kov\u00e9 lakov\u00e1n\u00ed, elektrofor\u00e9za, kresba d\u0159eva, eloxov\u00e1n\u00ed, kart\u00e1\u010dov\u00e1n\u00ed, le\u0161t\u011bn\u00ed<\/td>\n<\/tr>\n<tr>\n<td> Doba dod\u00e1n\u00ed:<\/td>\n<td> 25-30 dn\u00ed<\/td>\n<td> MOQ:<\/td>\n<td> 200 kg<\/td>\n<\/tr>\n<tr>\n<td> Term\u00edn platby:<\/td>\n<td> T\/T (30% z\u00e1loha), L\/C<\/td>\n<td> Slu\u017eba zpracov\u00e1n\u00ed:<\/td>\n<td> Oh\u00fdb\u00e1n\u00ed, odv\u00edjen\u00ed, sva\u0159ov\u00e1n\u00ed, d\u011brov\u00e1n\u00ed, \u0159ez\u00e1n\u00ed<\/td>\n<\/tr>\n<tr>\n<td> P\u0159\u00edstav:<\/td>\n<td> Guangzhou, Shenzhen, Foshan<\/td>\n<td> D\u00e9lka:<\/td>\n<td> 1-9m nebo na m\u00edru<\/td>\n<\/tr>\n<\/tbody>\n<\/table>\n<h2>Na\u0161e v\u00fdrobn\u00ed z\u00e1kladna<\/h2>\n<h3>Panorama tov\u00e1rny<\/h3>\n<p><img decoding=\"async\" src=\"\/wp-content\/uploads\/factory-01.webp\"\/><\/p>\n<h3>D\u00edlna na v\u00fdrobu hlin\u00edkov\u00fdch ty\u010d\u00ed<\/h3>\n<p><img decoding=\"async\" src=\"\/wp-content\/uploads\/factory-02.webp\"\/><\/p>\n<p><img decoding=\"async\" src=\"\/wp-content\/uploads\/factory-03.webp\"\/><\/p>\n<h3>Sklad pl\u00edsn\u00ed<\/h3>\n<p><img decoding=\"async\" src=\"\/wp-content\/uploads\/factory-04.webp\"\/><\/p>\n<h3>43 linek na vytla\u010dov\u00e1n\u00ed hlin\u00edku (500-5500 tun)<\/h3>\n<p><img decoding=\"async\" src=\"\/wp-content\/uploads\/factory-05.webp\"\/><\/p>\n<p><img decoding=\"async\" src=\"\/wp-content\/uploads\/factory-06.webp\"\/><\/p>\n<p><img decoding=\"async\" src=\"\/wp-content\/uploads\/factory-07.webp\"\/><\/p>\n<h3>D\u00edlna pr\u00e1\u0161kov\u00e9ho lakov\u00e1n\u00ed<\/h3>\n<p><img decoding=\"async\" src=\"\/wp-content\/uploads\/factory-09.webp\"\/><\/p>\n<h3>D\u00edlna eloxov\u00e1n\u00ed<\/h3>\n<p><img decoding=\"async\" src=\"\/wp-content\/uploads\/factory-10.webp\"\/><\/p>\n<h3>Workshop o hloubkov\u00e9m zpracov\u00e1n\u00ed<\/h3>\n<p><img decoding=\"async\" src=\"\/wp-content\/uploads\/factory-11.webp\"\/><\/p>\n<h3>D\u00edlna CNC p\u0159esn\u00e9ho obr\u00e1b\u011bn\u00ed<\/h3>\n<p><img decoding=\"async\" src=\"\/wp-content\/uploads\/factory-11.5.webp\"\/><\/p>\n<h3>Sklad hotov\u00fdch v\u00fdrobk\u016f a exportn\u00ed sklad<\/h3>\n<p><img decoding=\"async\" src=\"\/wp-content\/uploads\/factory-12.webp\"\/><\/p>\n<p><img decoding=\"async\" src=\"\/wp-content\/uploads\/factory-13.webp\"\/><\/p>\n<p><img decoding=\"async\" src=\"\/wp-content\/uploads\/factory-14.webp\"\/><\/p>\n<h2>\u010cASTO KLADEN\u00c9 DOTAZY<\/h2>\n<p><p><b>1.Aluminum Extrusion Custom Electric Vehicle Battery Enclosure Hlin\u00edkov\u00fd profil: Jak\u00e9 jsou hlavn\u00ed v\u00fdhody tohoto v\u00fdrobku?<\/b><\/p>\n<p>Tento zak\u00e1zkov\u00fd hlin\u00edkov\u00fd v\u00fdlisek poskytuje vysokou pevnost, n\u00edzkou hmotnost a odolnost proti korozi a nab\u00edz\u00ed vynikaj\u00edc\u00ed ochranu a trvanlivost pro kryty bateri\u00ed pro elektrick\u00e1 vozidla.<br \/>\n<\/p><br \/>\n<br \/>\n<p><b>2.Jak p\u0159isp\u00edv\u00e1 hlin\u00edkov\u00fd profil k bezpe\u010dnosti bateri\u00ed v elektromobilech?<\/b><\/p>\n<p>Vynikaj\u00edc\u00ed vlastnosti hlin\u00edkov\u00e9ho profilu pro odvod tepla pom\u00e1haj\u00ed p\u0159edch\u00e1zet p\u0159eh\u0159\u00e1t\u00ed, \u010d\u00edm\u017e zaji\u0161\u0165uj\u00ed bezpe\u010dnost baterie a prodlu\u017euj\u00ed jej\u00ed \u017eivotnost.<br \/>\n<\/p><br \/>\n<br \/>\n<p><b>3.Lze hlin\u00edkov\u00e9 vytla\u010dovac\u00ed profily p\u0159izp\u016fsobit r\u016fzn\u00fdm konstrukc\u00edm bateri\u00ed?<\/b><\/p>\n<p>Ano, hlin\u00edkov\u00e9 profily lze p\u0159izp\u016fsobit r\u016fzn\u00fdm konstrukc\u00edm sk\u0159\u00edn\u00ed bateri\u00ed, tak\u017ee dokonale vyhovuj\u00ed pot\u0159eb\u00e1m va\u0161eho elektromobilu.<br \/>\n<\/p><br \/>\n<br \/>\n<p><b>4.Pro\u010d je hlin\u00edk ide\u00e1ln\u00edm materi\u00e1lem pro kryty bateri\u00ed pro elektromobily?<\/b><\/p>\n<p>Hlin\u00edk je lehk\u00fd, pevn\u00fd a odoln\u00fd proti korozi, tak\u017ee nab\u00edz\u00ed nejlep\u0161\u00ed kombinaci odolnosti a ochrany pro bateriov\u00e9 syst\u00e9my v elektromobilech.<br \/>\n<\/p><br \/>\n<br \/>\n<p><b>5.Jak odolnost proti korozi zvy\u0161uje \u017eivotnost kryt\u016f bateri\u00ed pro elektrick\u00e1 vozidla?<\/b><\/p>\n<p>Korozivzdorn\u00e9 vlastnosti hlin\u00edku zabra\u0148uj\u00ed jeho degradaci a zaji\u0161\u0165uj\u00ed, \u017ee si kryt baterie zachov\u00e1 svou integritu po dlouhou dobu, a to i v n\u00e1ro\u010dn\u00fdch podm\u00ednk\u00e1ch prost\u0159ed\u00ed.<br \/>\n<\/p><br \/>\n<br \/>\n<p><b>6.Pro jak\u00e1 pr\u016fmyslov\u00e1 odv\u011btv\u00ed je v\u00fdhodn\u00e9 pou\u017e\u00edvat hlin\u00edkov\u00e9 profily na zak\u00e1zku pro kryty bateri\u00ed?<\/b><\/p>\n<p>Pr\u016fmysl elektromobil\u016f a dal\u0161\u00ed aplikace pro ukl\u00e1d\u00e1n\u00ed energie vyu\u017e\u00edvaj\u00ed pevnost, odolnost a v\u00fdkonnost hlin\u00edkov\u00fdch vytla\u010dovac\u00edch profil\u016f pro kryty bateri\u00ed.<br \/>\n<\/p><br \/>\n<br \/>\n<p><b>7.Jak precizn\u00ed konstrukce hlin\u00edkov\u00e9ho profilu zlep\u0161uje konstrukci elektrick\u00fdch vozidel?<\/b><\/p>\n<p>Precizn\u00ed konstrukce zaji\u0161\u0165uje bezprobl\u00e9movou integraci, tak\u017ee hlin\u00edkov\u00fd profil dokonale zapad\u00e1 do syst\u00e9mu baterie, co\u017e zlep\u0161uje celkovou konstrukci a v\u00fdkon vozidla.<br \/>\n<\/p><br \/>\n<br \/>\n<p><b>8.Jak\u00fd vliv maj\u00ed lehk\u00e9 vlastnosti hlin\u00edku na v\u00fdkon elektromobil\u016f?<\/b><\/p>\n<p>Lehkost hlin\u00edku sni\u017euje celkovou hmotnost vozidla, zvy\u0161uje energetickou \u00fa\u010dinnost a prodlu\u017euje dojezd elektromobil\u016f.<br \/>\n<\/p><br \/><\/p>","protected":false},"featured_media":8450,"template":"","categories":[68],"class_list":["post-8451","product","type-product","status-publish","has-post-thumbnail","hentry","category-cnc-machining-aluminum-profile"],"meta_box":{"hilight_text_group":{"product_hilight_text":"<li>Custom aluminum extrusion profiles designed for electric vehicle battery enclosures.<\/li>\r\r\n<li>High strength and lightweight, offering excellent protection for battery systems.<\/li>\r\r\n<li>Corrosion-resistant properties ensure durability and long-lasting performance in harsh environments.<\/li>\r\r\n<li>Efficient heat dissipation for improved battery life and safety.<\/li>\r\r\n<li>Precision engineering for seamless integration with electric vehicle designs.<\/li>","product_chanpin_blog":"<ul>\r\r\n<li><a href=\"https:\/\/sinoextrud.com\/t-slot-v-slot-differences\/\" target=\"_blank\">t slot vs v slot<\/a><\/li>\r\r\n<li><a href=\"https:\/\/sinoextrud.com\/what-is-4040-aluminium-extrud\/\" target=\"_blank\">4040 aluminium extrusion<\/a><\/li>\r\r\n<li><a href=\"https:\/\/sinoextrud.com\/what-is-4040-aluminium-extrud\/\" target=\"_blank\">aluminum extrusions for industrial racks<\/a><\/li>\r\r\n<li><a href=\"https:\/\/sinoextrud.com\/powder-coating-aluminium-process\/\" target=\"_blank\">powder coating aluminium<\/a><\/li>\r\r\n<li><a href=\"https:\/\/sinoextrud.com\/what-is-an-aluminium-strip-ceiling\/\" target=\"_blank\">aluminium strip ceiling<\/a><\/li>\r\r\n<li><a href=\"https:\/\/sinoextrud.com\/what-is-a-heat-sink\/\" target=\"_blank\">what is a heat sink<\/a><\/li>\r\r\n<\/ul>","product_chanpin_chanpin":"<li><a href=\"https:\/\/sinoextrud.com\/product\/aluminium-profile-cutting\/\" target=\"_blank\">Aluminium Profile Cutting<\/a><\/li>\r\n<li><a href=\"https:\/\/sinoextrud.com\/product\/high-precision-aluminum-extrusion-profile-cnc-machining-accessory-parts\/\" target=\"_blank\">High Precision Aluminum extrusion Profile CNC Machining Accessory Parts<\/a><\/li>\r\n<li><a href=\"https:\/\/sinoextrud.com\/product\/high-precision-aluminum-extrusion-profile-cnc-machining-accessory-parts-2\/\" target=\"_blank\">High Precision Aluminum extrusion Profile CNC Machining Accessory Parts<\/a><\/li>\r\n<li><a href=\"https:\/\/sinoextrud.com\/product\/aluminium-profile-drilling-cutting-bending-puching-processing\/\" target=\"_blank\">Aluminium profile drilling cutting bending puching processing<\/a><\/li>\r\n<li><a href=\"https:\/\/sinoextrud.com\/product\/aluminum-extrusion-custom-electric-vehicle-battery-enclosure-aluminum-profile\/\" target=\"_blank\">Aluminum Extrusion Custom Electric Vehicle Battery Enclosure Aluminum Profile<\/a><\/li>\r\n<li><a href=\"https:\/\/sinoextrud.com\/product\/aluminum-extrusion-high-strength-cnc-drilling-7003-aluminum-round-pipe\/\" target=\"_blank\">Aluminum Extrusion High-strength CNC Drilling 7003 Aluminum Round Pipe<\/a><\/li>\r\n<li><a href=\"https:\/\/sinoextrud.com\/product\/cnc-machining-aluminium-profile-connectors\/\" target=\"_blank\">CNC Machining Aluminium Profile Connectors<\/a><\/li>\r\n<li><a href=\"https:\/\/sinoextrud.com\/product\/cnc-machining-anodized-aluminum-extrusions\/\" target=\"_blank\">CNC Machining Anodized Aluminum Extrusions<\/a><\/li>\r\n<li><a href=\"https:\/\/sinoextrud.com\/product\/cnc-machined-6063-aluminium-extrusion-product\/\" target=\"_blank\">CNC Machined 6063 Aluminium Extrusion Product<\/a><\/li>\r\n<li><a href=\"https:\/\/sinoextrud.com\/product\/6063-and-6061-extruded-led-lighting-telecommunications-and-audio-industrial-aluminum-heat-sink-profile\/\" target=\"_blank\">6063 and 6061 Extruded LED Lighting Telecommunications and Audio Industrial Aluminum Heat Sink Profile<\/a><\/li>\r\n<li><a href=\"https:\/\/sinoextrud.com\/product\/combination-open-cell-ceiling-system\/\" target=\"_blank\">Combination Open Cell Ceiling System<\/a><\/li>"},"feature_list":[]},"_links":{"self":[{"href":"https:\/\/sinoextrud.com\/cs\/wp-json\/wp\/v2\/product\/8451","targetHints":{"allow":["GET"]}}],"collection":[{"href":"https:\/\/sinoextrud.com\/cs\/wp-json\/wp\/v2\/product"}],"about":[{"href":"https:\/\/sinoextrud.com\/cs\/wp-json\/wp\/v2\/types\/product"}],"wp:featuredmedia":[{"embeddable":true,"href":"https:\/\/sinoextrud.com\/cs\/wp-json\/wp\/v2\/media\/8450"}],"wp:attachment":[{"href":"https:\/\/sinoextrud.com\/cs\/wp-json\/wp\/v2\/media?parent=8451"}],"wp:term":[{"taxonomy":"category","embeddable":true,"href":"https:\/\/sinoextrud.com\/cs\/wp-json\/wp\/v2\/categories?post=8451"}],"curies":[{"name":"wp","href":"https:\/\/api.w.org\/{rel}","templated":true}]}}