{"id":8434,"date":"2025-06-16T03:25:15","date_gmt":"2025-06-16T03:25:15","guid":{"rendered":"https:\/\/sinoextrud.com\/product\/aluminium-aerofoil-extrusion-oxidation-scrub-black\/"},"modified":"2025-06-24T06:23:48","modified_gmt":"2025-06-24T06:23:48","slug":"vytlacovani-hlinikovych-aerodynamickych-folii-oxidacni-drhnuti-cerne-barvy","status":"publish","type":"product","link":"https:\/\/sinoextrud.com\/cs\/product\/aluminium-aerofoil-extrusion-oxidation-scrub-black\/","title":{"rendered":"Hlin\u00edkov\u00e9 aerodynamick\u00e9 vytla\u010dov\u00e1n\u00ed Oxidace Drhnut\u00ed \u010dern\u00e9 barvy"},"content":{"rendered":"<h2>Podrobnosti o produktech<\/h2>\n<table class=\"custom-table\">\n<tr>\n<td class=\"label\">N\u00e1zev<\/td>\n<td>Hlin\u00edkov\u00e9 aerodynamick\u00e9 vytla\u010dov\u00e1n\u00ed Oxidace Drhnut\u00ed \u010dern\u00e9 barvy<\/td>\n<\/tr>\n<\/table>\n<h2>Na\u0161e v\u00fdrobn\u00ed z\u00e1kladna<\/h2>\n<h3>Panorama tov\u00e1rny<\/h3>\n<p><img decoding=\"async\" src=\"\/wp-content\/uploads\/factory-01.webp\"\/><\/p>\n<h3>D\u00edlna na v\u00fdrobu hlin\u00edkov\u00fdch ty\u010d\u00ed<\/h3>\n<p><img decoding=\"async\" src=\"\/wp-content\/uploads\/factory-02.webp\"\/><\/p>\n<p><img decoding=\"async\" src=\"\/wp-content\/uploads\/factory-03.webp\"\/><\/p>\n<h3>Sklad pl\u00edsn\u00ed<\/h3>\n<p><img decoding=\"async\" src=\"\/wp-content\/uploads\/factory-04.webp\"\/><\/p>\n<h3>43 linek na vytla\u010dov\u00e1n\u00ed hlin\u00edku (500 - 5500 tun)<\/h3>\n<p><img decoding=\"async\" src=\"\/wp-content\/uploads\/factory-05.webp\"\/><\/p>\n<p><img decoding=\"async\" src=\"\/wp-content\/uploads\/factory-06.webp\"\/><\/p>\n<p><img decoding=\"async\" src=\"\/wp-content\/uploads\/factory-07.webp\"\/><\/p>\n<h3>D\u00edlna pr\u00e1\u0161kov\u00e9ho lakov\u00e1n\u00ed<\/h3>\n<p><img decoding=\"async\" src=\"\/wp-content\/uploads\/factory-09.webp\"\/><\/p>\n<h3>D\u00edlna eloxov\u00e1n\u00ed<\/h3>\n<p><img decoding=\"async\" src=\"\/wp-content\/uploads\/factory-10.webp\"\/><\/p>\n<h3>Workshop o hloubkov\u00e9m zpracov\u00e1n\u00ed<\/h3>\n<p><img decoding=\"async\" src=\"\/wp-content\/uploads\/factory-11.webp\"\/><\/p>\n<h3>D\u00edlna CNC p\u0159esn\u00e9ho obr\u00e1b\u011bn\u00ed<\/h3>\n<p><img decoding=\"async\" src=\"\/wp-content\/uploads\/factory-11.5.webp\"\/><\/p>\n<h3>Sklad hotov\u00fdch v\u00fdrobk\u016f a exportn\u00ed sklad<\/h3>\n<p><img decoding=\"async\" src=\"\/wp-content\/uploads\/factory-12.webp\"\/><\/p>\n<p><img decoding=\"async\" src=\"\/wp-content\/uploads\/factory-13.webp\"\/><\/p>\n<p><img decoding=\"async\" src=\"\/wp-content\/uploads\/factory-14.webp\"\/><\/p>\n<h2>\u010cASTO KLADEN\u00c9 DOTAZY<\/h2>\n<p><p><b>1.Co je hlin\u00edkov\u00fd aerodynamick\u00fd vytla\u010dovan\u00fd oxidovan\u00fd \u010dern\u00fd lak?<\/b><\/p>\n<p>Aluminium Aerofoil Extrusion Oxidation Scrub Black je vysoce v\u00fdkonn\u00fd hlin\u00edkov\u00fd profil s oxida\u010dn\u011b upravenou \u010dernou povrchovou \u00fapravou, navr\u017een\u00fd pro zv\u00fd\u0161enou trvanlivost a odolnost proti korozi.<br \/>\n<\/p><br \/>\n<br \/>\n<p><b>2.Jak\u00e9 jsou v\u00fdhody hlin\u00edkov\u00e9ho aerodynamick\u00e9ho vytla\u010dov\u00e1n\u00ed Oxidation Scrub Black?<\/b><\/p>\n<p>Hlin\u00edkov\u00fd aerodynamick\u00fd v\u00fdlisek Oxidation Scrub Black nab\u00edz\u00ed odolnost proti korozi, lehkou pevnost, estetick\u00fd vzhled a mo\u017enost p\u0159izp\u016fsoben\u00ed, tak\u017ee je ide\u00e1ln\u00ed pro r\u016fzn\u00e1 pr\u016fmyslov\u00e1 pou\u017eit\u00ed.<br \/>\n<\/p><br \/>\n<br \/>\n<p><b>3.Jak oxida\u010dn\u00ed \u00faprava zlep\u0161uje vytla\u010dov\u00e1n\u00ed hlin\u00edkov\u00fdch aerodynamick\u00fdch f\u00f3li\u00ed?<\/b><\/p>\n<p>Oxida\u010dn\u00ed \u00faprava vytv\u00e1\u0159\u00ed na povrchu hlin\u00edku ochrannou vrstvu, kter\u00e1 zvy\u0161uje jeho odolnost proti korozi a zvy\u0161uje jeho celkovou \u017eivotnost.<br \/>\n<\/p><br \/>\n<br \/>\n<p><b>4.Je hlin\u00edkov\u00fd aerodynamick\u00fd vytla\u010dovan\u00fd oxidovan\u00fd drhnouc\u00ed \u010dern\u00fd materi\u00e1l p\u0159izp\u016fsobiteln\u00fd?<\/b><\/p>\n<p>Ano, hlin\u00edkov\u00e9 aerodynamick\u00e9 vytla\u010dov\u00e1n\u00ed Oxidation Scrub Black lze p\u0159izp\u016fsobit, pokud jde o tvar, velikost a povrchovou \u00fapravu, aby vyhovovaly specifick\u00fdm pot\u0159eb\u00e1m projektu.<br \/>\n<\/p><br \/>\n<br \/>\n<p><b>5.Jak\u00e1 pr\u016fmyslov\u00e1 odv\u011btv\u00ed pou\u017e\u00edvaj\u00ed hlin\u00edkov\u00e9 aerodynamick\u00e9 vytla\u010dov\u00e1n\u00ed Oxidation Scrub Black?<\/b><\/p>\n<p>Pr\u016fmyslov\u00e1 odv\u011btv\u00ed, jako je automobilov\u00fd, leteck\u00fd a stavebn\u00ed pr\u016fmysl, pou\u017e\u00edvaj\u00ed hlin\u00edkov\u00e9 aerodynamick\u00e9 vytla\u010dov\u00e1n\u00ed Oxidation Scrub Black pro aplikace, kter\u00e9 vy\u017eaduj\u00ed pevn\u00e9, korozivzdorn\u00e9 a lehk\u00e9 materi\u00e1ly.<br \/>\n<\/p><br \/>\n<br \/>\n<p><b>6.Jak\u00fd p\u0159\u00ednos m\u00e1 \u010dern\u00e1 povrchov\u00e1 \u00faprava hlin\u00edkov\u00fdch aerodynamick\u00fdch profil\u016f Oxidation Scrub Black?<\/b><\/p>\n<p>\u010cern\u00e1 povrchov\u00e1 \u00faprava zvy\u0161uje estetick\u00fd vzhled v\u00fdlisku a z\u00e1rove\u0148 poskytuje dal\u0161\u00ed vrstvu ochrany proti pov\u011btrnostn\u00edm vliv\u016fm.<br \/>\n<\/p><br \/>\n<br \/>\n<p><b>7.Je hlin\u00edkov\u00fd aerodynamick\u00fd vytla\u010dovan\u00fd oxidovan\u00fd drhnouc\u00ed \u010dern\u00fd materi\u00e1l \u0161etrn\u00fd k \u017eivotn\u00edmu prost\u0159ed\u00ed?<\/b><\/p>\n<p>Ano, hlin\u00edk je recyklovateln\u00fd materi\u00e1l, a proto je hlin\u00edkov\u00fd extrudovan\u00fd oxida\u010dn\u00ed \u010disti\u010d Aerofoil Black ekologicky \u0161etrnou volbou.<br \/>\n<\/p><br \/>\n<br \/>\n<p><b>8.Co d\u011bl\u00e1 hlin\u00edkov\u00e9 aerodynamick\u00e9 vytla\u010dov\u00e1n\u00ed Oxidation Scrub Black n\u00e1kladov\u011b efektivn\u00ed?<\/b><\/p>\n<p>D\u00edky efektivn\u00edmu v\u00fdrobn\u00edmu procesu, dlouh\u00e9 \u017eivotnosti a n\u00edzk\u00fdm n\u00e1klad\u016fm na \u00fadr\u017ebu je hlin\u00edkov\u00fd aerodynamick\u00fd vytla\u010dovac\u00ed oxida\u010dn\u00ed \u010disti\u010d cenov\u011b v\u00fdhodn\u00fdm \u0159e\u0161en\u00edm pro r\u016fzn\u00e9 pr\u016fmyslov\u00e9 aplikace.<br \/>\n<\/p><br \/><\/p>","protected":false},"featured_media":8433,"template":"","categories":[68],"class_list":["post-8434","product","type-product","status-publish","has-post-thumbnail","hentry","category-cnc-machining-aluminum-profile"],"meta_box":{"hilight_text_group":{"product_hilight_text":"<li>High-performance aluminium aerofoil extrusion with oxidation scrub black finish for enhanced durability.<\/li>\r\r\n<li>Corrosion-resistant surface ensures long-lasting protection in harsh environments.<\/li>\r\r\n<li>Lightweight yet strong, providing optimal performance without adding excess weight.<\/li>\r\r\n<li>Aesthetically appealing with a sleek black finish, ideal for modern designs.<\/li>\r\r\n<li>Customizable to meet specific shape, size, and functional requirements.<\/li>\r\r\n<li>Cost-effective solution for both small and large-scale industrial applications.<\/li>\r\r\n<li>Eco-friendly, as aluminum is a sustainable and fully recyclable material.<\/li>","product_chanpin_blog":"<ul>\r\r\n<li><a href=\"https:\/\/sinoextrud.com\/t-slot-v-slot-differences\/\" target=\"_blank\">t slot vs v slot<\/a><\/li>\r\r\n<li><a href=\"https:\/\/sinoextrud.com\/what-is-4040-aluminium-extrud\/\" target=\"_blank\">4040 aluminium extrusion<\/a><\/li>\r\r\n<li><a href=\"https:\/\/sinoextrud.com\/what-is-4040-aluminium-extrud\/\" target=\"_blank\">aluminum extrusions for industrial racks<\/a><\/li>\r\r\n<li><a href=\"https:\/\/sinoextrud.com\/powder-coating-aluminium-process\/\" target=\"_blank\">powder coating aluminium<\/a><\/li>\r\r\n<li><a href=\"https:\/\/sinoextrud.com\/what-is-an-aluminium-strip-ceiling\/\" target=\"_blank\">aluminium strip ceiling<\/a><\/li>\r\r\n<li><a href=\"https:\/\/sinoextrud.com\/what-is-a-heat-sink\/\" target=\"_blank\">what is a heat sink<\/a><\/li>\r\r\n<\/ul>","product_chanpin_chanpin":"<li><a href=\"https:\/\/sinoextrud.com\/product\/aluminum-extrusions-milling-cutting-and-assembly\/\" target=\"_blank\">Aluminum Extrusions Milling Cutting and Assembly<\/a><\/li>\r\n<li><a href=\"https:\/\/sinoextrud.com\/product\/extruded-aluminium-cnc-machining-profile-and-anodized-surface-treatment-process\/\" target=\"_blank\">Extruded Aluminium CNC Machining profile and Anodized Surface Treatment Process<\/a><\/li>\r\n<li><a href=\"https:\/\/sinoextrud.com\/product\/aluminium-precision-cnc-fabrication-milling-process-deep-processing-machining-company\/\" target=\"_blank\">Aluminium precision CNC fabrication milling process deep processing machining company<\/a><\/li>\r\n<li><a href=\"https:\/\/sinoextrud.com\/product\/aluminum-cnc\/\" target=\"_blank\">Aluminum CNC<\/a><\/li>\r\n<li><a href=\"https:\/\/sinoextrud.com\/product\/aluminium-aerofoil-extrusion-oxidation-scrub-black\/\" target=\"_blank\">Aluminium Aerofoil Extrusion Oxidation Scrub Black<\/a><\/li>\r\n<li><a href=\"https:\/\/sinoextrud.com\/product\/aluminium-extrusion-cnc\/\" target=\"_blank\">Aluminium Extrusion CNC<\/a><\/li>\r\n<li><a href=\"https:\/\/sinoextrud.com\/product\/aluminium-profile-lock\/\" target=\"_blank\">Aluminium Profile Lock<\/a><\/li>\r\n<li><a href=\"https:\/\/sinoextrud.com\/product\/aluminium-enclosure-housing-and-shells\/\" target=\"_blank\">Aluminium Enclosure Housing And Shells<\/a><\/li>\r\n<li><a href=\"https:\/\/sinoextrud.com\/product\/aluminium-profile-cutting\/\" target=\"_blank\">Aluminium Profile Cutting<\/a><\/li>\r\n<li><a href=\"https:\/\/sinoextrud.com\/product\/aluminum-oval-tubing-with-competitive-price\/\" target=\"_blank\">Aluminum Oval Tubing With Competitive Price<\/a><\/li>\r\n<li><a href=\"https:\/\/sinoextrud.com\/product\/aluminium-profile-rail\/\" target=\"_blank\">Aluminium Profile Rail<\/a><\/li>"},"feature_list":[]},"_links":{"self":[{"href":"https:\/\/sinoextrud.com\/cs\/wp-json\/wp\/v2\/product\/8434","targetHints":{"allow":["GET"]}}],"collection":[{"href":"https:\/\/sinoextrud.com\/cs\/wp-json\/wp\/v2\/product"}],"about":[{"href":"https:\/\/sinoextrud.com\/cs\/wp-json\/wp\/v2\/types\/product"}],"wp:featuredmedia":[{"embeddable":true,"href":"https:\/\/sinoextrud.com\/cs\/wp-json\/wp\/v2\/media\/8433"}],"wp:attachment":[{"href":"https:\/\/sinoextrud.com\/cs\/wp-json\/wp\/v2\/media?parent=8434"}],"wp:term":[{"taxonomy":"category","embeddable":true,"href":"https:\/\/sinoextrud.com\/cs\/wp-json\/wp\/v2\/categories?post=8434"}],"curies":[{"name":"wp","href":"https:\/\/api.w.org\/{rel}","templated":true}]}}