{"id":8432,"date":"2025-06-16T03:22:42","date_gmt":"2025-06-16T03:22:42","guid":{"rendered":"https:\/\/sinoextrud.com\/product\/aluminum-cnc\/"},"modified":"2025-06-24T06:23:48","modified_gmt":"2025-06-24T06:23:48","slug":"cnc-obrabeni-hliniku-4","status":"publish","type":"product","link":"https:\/\/sinoextrud.com\/cs\/product\/aluminum-cnc\/","title":{"rendered":"Hlin\u00edk CNC"},"content":{"rendered":"<h2>Podrobnosti o produktech<\/h2>\n<table class=\"custom-table\">\n<tr>\n<td class=\"label\">Model NO:<\/td>\n<td> CNC obr\u00e1b\u011bn\u00ed hlin\u00edku<\/td>\n<\/tr>\n<tr>\n<td class=\"label\">Certifikace:<\/td>\n<td> ISO, SGS, TUV<\/td>\n<\/tr>\n<tr>\n<td class=\"label\">Na m\u00edru:<\/td>\n<td> P\u0159izp\u016fsoben\u00e9<\/td>\n<\/tr>\n<tr>\n<td class=\"label\">Jm\u00e9no.:<\/td>\n<td> CNC obr\u00e1b\u011bn\u00ed<\/td>\n<\/tr>\n<tr>\n<td class=\"label\">Velikost:<\/td>\n<td> P\u0159izp\u016fsoben\u00e9<\/td>\n<\/tr>\n<tr>\n<td class=\"label\">Doba dod\u00e1n\u00ed:<\/td>\n<td> Kr\u00e1tk\u00e9<\/td>\n<\/tr>\n<tr>\n<td class=\"label\">Zpracov\u00e1n\u00ed p\u0159\u00edslu\u0161enstv\u00ed:<\/td>\n<td> Centrum CNC soustruh\/CNC<\/td>\n<\/tr>\n<tr>\n<td class=\"label\">Um\u00edst\u011bn\u00ed spole\u010dnosti:<\/td>\n<td> Foshan<\/td>\n<\/tr>\n<tr>\n<td class=\"label\">Specifikace:<\/td>\n<td> ISO9001, SGS, TUV<\/td>\n<\/tr>\n<tr>\n<td class=\"label\">Stav:<\/td>\n<td> Nov\u00fd<\/td>\n<\/tr>\n<tr>\n<td class=\"label\">Materi\u00e1l:<\/td>\n<td> Hlin\u00edk<\/td>\n<\/tr>\n<tr>\n<td class=\"label\">Cena:<\/td>\n<td> N\u00edzk\u00e1<\/td>\n<\/tr>\n<tr>\n<td class=\"label\">Dokon\u010deno:<\/td>\n<td> Tvrd\u00fd elox<\/td>\n<\/tr>\n<tr>\n<td class=\"label\">Obchodn\u00ed metody:<\/td>\n<td> EXW, Fob, CIF<\/td>\n<\/tr>\n<tr>\n<td class=\"label\">Kontrola kvality:<\/td>\n<td> 100% Kontrola p\u0159ed odesl\u00e1n\u00edm<\/td>\n<\/tr>\n<tr>\n<td class=\"label\">P\u0159epravn\u00ed bal\u00ed\u010dek:<\/td>\n<td> Standardn\u00ed exportn\u00ed balen\u00ed<\/td>\n<\/tr>\n<tr>\n<td class=\"label\">P\u016fvod:<\/td>\n<td> Guangdong<\/td>\n<\/tr>\n<\/table>\n<h2>Na\u0161e v\u00fdrobn\u00ed z\u00e1kladna<\/h2>\n<h3>Panorama tov\u00e1rny<\/h3>\n<p><img decoding=\"async\" src=\"\/wp-content\/uploads\/factory-01.webp\"\/><\/p>\n<h3>D\u00edlna na v\u00fdrobu hlin\u00edkov\u00fdch ty\u010d\u00ed<\/h3>\n<p><img decoding=\"async\" src=\"\/wp-content\/uploads\/factory-02.webp\"\/><\/p>\n<p><img decoding=\"async\" src=\"\/wp-content\/uploads\/factory-03.webp\"\/><\/p>\n<h3>Sklad pl\u00edsn\u00ed<\/h3>\n<p><img decoding=\"async\" src=\"\/wp-content\/uploads\/factory-04.webp\"\/><\/p>\n<h3>43 linek na vytla\u010dov\u00e1n\u00ed hlin\u00edku (500 - 5500 tun)<\/h3>\n<p><img decoding=\"async\" src=\"\/wp-content\/uploads\/factory-05.webp\"\/><\/p>\n<p><img decoding=\"async\" src=\"\/wp-content\/uploads\/factory-06.webp\"\/><\/p>\n<p><img decoding=\"async\" src=\"\/wp-content\/uploads\/factory-07.webp\"\/><\/p>\n<h3>D\u00edlna pr\u00e1\u0161kov\u00e9ho lakov\u00e1n\u00ed<\/h3>\n<p><img decoding=\"async\" src=\"\/wp-content\/uploads\/factory-09.webp\"\/><\/p>\n<h3>D\u00edlna eloxov\u00e1n\u00ed<\/h3>\n<p><img decoding=\"async\" src=\"\/wp-content\/uploads\/factory-10.webp\"\/><\/p>\n<h3>Workshop o hloubkov\u00e9m zpracov\u00e1n\u00ed<\/h3>\n<p><img decoding=\"async\" src=\"\/wp-content\/uploads\/factory-11.webp\"\/><\/p>\n<h3>D\u00edlna CNC p\u0159esn\u00e9ho obr\u00e1b\u011bn\u00ed<\/h3>\n<p><img decoding=\"async\" src=\"\/wp-content\/uploads\/factory-11.5.webp\"\/><\/p>\n<h3>Sklad hotov\u00fdch v\u00fdrobk\u016f a exportn\u00ed sklad<\/h3>\n<p><img decoding=\"async\" src=\"\/wp-content\/uploads\/factory-12.webp\"\/><\/p>\n<p><img decoding=\"async\" src=\"\/wp-content\/uploads\/factory-13.webp\"\/><\/p>\n<p><img decoding=\"async\" src=\"\/wp-content\/uploads\/factory-14.webp\"\/><\/p>\n<h2>\u010cASTO KLADEN\u00c9 DOTAZY<\/h2>\n<p><p><b>1.Co je CNC obr\u00e1b\u011bn\u00ed hlin\u00edku?<\/b><\/p>\n<p>CNC obr\u00e1b\u011bn\u00ed hlin\u00edku je p\u0159esn\u00fd a efektivn\u00ed proces, p\u0159i kter\u00e9m se pomoc\u00ed po\u010d\u00edta\u010dem \u0159\u00edzen\u00fdch stroj\u016f tvaruje hlin\u00edk do podoby zak\u00e1zkov\u00fdch d\u00edl\u016f nebo v\u00fdrobk\u016f pro r\u016fzn\u00e1 pr\u016fmyslov\u00e1 odv\u011btv\u00ed.<br \/>\n<\/p><br \/>\n<br \/>\n<p><b>2.Jak\u00e9 jsou v\u00fdhody hlin\u00edkov\u00e9ho CNC?<\/b><\/p>\n<p>Hlin\u00edk CNC se vyzna\u010duje vysokou p\u0159esnost\u00ed, odolnost\u00ed a n\u00edzkou hmotnost\u00ed, tak\u017ee je ide\u00e1ln\u00ed pro aplikace vy\u017eaduj\u00edc\u00ed pevn\u00e9 a \u00fa\u010dinn\u00e9 sou\u010d\u00e1sti.<br \/>\n<\/p><br \/>\n<br \/>\n<p><b>3.Jak je na tom hlin\u00edk CNC ve srovn\u00e1n\u00ed s jin\u00fdmi materi\u00e1ly?<\/b><\/p>\n<p>Hlin\u00edk CNC je leh\u010d\u00ed, odoln\u011bj\u0161\u00ed proti korozi a l\u00e9pe se obr\u00e1b\u00ed ne\u017e mnoho jin\u00fdch materi\u00e1l\u016f, jako je ocel nebo plast.<br \/>\n<\/p><br \/>\n<br \/>\n<p><b>4.Can hlin\u00edkov\u00e9 CNC d\u00edly b\u00fdt p\u0159izp\u016fsobeny?<\/b><\/p>\n<p>Ano, hlin\u00edkov\u00e9 d\u00edly CNC lze p\u0159izp\u016fsobit tak, aby spl\u0148ovaly specifick\u00e9 po\u017eadavky na design a funk\u010dnost pomoc\u00ed pokro\u010dil\u00fdch obr\u00e1b\u011bc\u00edch technik.<br \/>\n<\/p><br \/>\n<br \/>\n<p><b>5.Jak\u00e1 pr\u016fmyslov\u00e1 odv\u011btv\u00ed vyu\u017e\u00edvaj\u00ed v\u00fdrobky CNC z hlin\u00edku?<\/b><\/p>\n<p>Odv\u011btv\u00ed, jako je leteck\u00fd a kosmick\u00fd pr\u016fmysl, automobilov\u00fd pr\u016fmysl, elektronika a v\u00fdroba, vyu\u017e\u00edvaj\u00ed vysokou p\u0159esnost a odolnost hlin\u00edkov\u00fdch v\u00fdrobk\u016f CNC.<br \/>\n<\/p><br \/>\n<br \/>\n<p><b>6.Je hlin\u00edkov\u00e9 CNC \u0161etrn\u00e9 k \u017eivotn\u00edmu prost\u0159ed\u00ed?<\/b><\/p>\n<p>Ano, hlin\u00edk je recyklovateln\u00fd materi\u00e1l a p\u0159i CNC obr\u00e1b\u011bn\u00ed vznik\u00e1 minimum odpadu, tak\u017ee je tento v\u00fdrobn\u00ed proces \u0161etrn\u00fd k \u017eivotn\u00edmu prost\u0159ed\u00ed.<br \/>\n<\/p><br \/>\n<br \/>\n<p><b>7.Jak\u00e9 jsou d\u016fsledky CNC obr\u00e1b\u011bn\u00ed hlin\u00edku pro n\u00e1klady?<\/b><\/p>\n<p>CNC obr\u00e1b\u011bn\u00ed hlin\u00edku je cenov\u011b v\u00fdhodn\u00e9 pro mal\u00e9 i velk\u00e9 v\u00fdrobn\u00ed s\u00e9rie a nab\u00edz\u00ed rovnov\u00e1hu mezi kvalitou a cenou pro v\u011bt\u0161inu pr\u016fmyslov\u00fdch aplikac\u00ed.<br \/>\n<\/p><br \/><\/p>","protected":false},"featured_media":8431,"template":"","categories":[68],"class_list":["post-8432","product","type-product","status-publish","has-post-thumbnail","hentry","category-cnc-machining-aluminum-profile"],"meta_box":{"hilight_text_group":{"product_hilight_text":"<li>High precision and tight tolerance machining for superior quality.<\/li>\r\r\n<li>Durable and lightweight material ideal for various industrial applications.<\/li>\r\r\n<li>Customizable solutions tailored to meet specific project requirements.<\/li>\r\r\n<li>Advanced CNC technology ensures high efficiency and consistent results.<\/li>\r\r\n<li>Excellent corrosion resistance and surface finish for longevity.<\/li>\r\r\n<li>Cost-effective manufacturing process for both small and large batches.<\/li>\r\r\n<li>Environmentally friendly and sustainable material with easy recyclability.<\/li>","product_chanpin_blog":"<ul>\r\r\n<li><a href=\"https:\/\/sinoextrud.com\/t-slot-v-slot-differences\/\" target=\"_blank\">t slot vs v slot<\/a><\/li>\r\r\n<li><a href=\"https:\/\/sinoextrud.com\/what-is-4040-aluminium-extrud\/\" target=\"_blank\">4040 aluminium extrusion<\/a><\/li>\r\r\n<li><a href=\"https:\/\/sinoextrud.com\/what-is-4040-aluminium-extrud\/\" target=\"_blank\">aluminum extrusions for industrial racks<\/a><\/li>\r\r\n<li><a href=\"https:\/\/sinoextrud.com\/powder-coating-aluminium-process\/\" target=\"_blank\">powder coating aluminium<\/a><\/li>\r\r\n<li><a href=\"https:\/\/sinoextrud.com\/what-is-an-aluminium-strip-ceiling\/\" target=\"_blank\">aluminium strip ceiling<\/a><\/li>\r\r\n<li><a href=\"https:\/\/sinoextrud.com\/what-is-a-heat-sink\/\" target=\"_blank\">what is a heat sink<\/a><\/li>\r\r\n<\/ul>","product_chanpin_chanpin":"<li><a href=\"https:\/\/sinoextrud.com\/product\/t-slot-extruded-aluminum-framing-systems\/\" target=\"_blank\">T Slot Extruded Aluminum Framing Systems<\/a><\/li>\r\n<li><a href=\"https:\/\/sinoextrud.com\/product\/aluminum-extrusions-milling-cutting-and-assembly\/\" target=\"_blank\">Aluminum Extrusions Milling Cutting and Assembly<\/a><\/li>\r\n<li><a href=\"https:\/\/sinoextrud.com\/product\/extruded-aluminium-cnc-machining-profile-and-anodized-surface-treatment-process\/\" target=\"_blank\">Extruded Aluminium CNC Machining profile and Anodized Surface Treatment Process<\/a><\/li>\r\n<li><a href=\"https:\/\/sinoextrud.com\/product\/aluminium-precision-cnc-fabrication-milling-process-deep-processing-machining-company\/\" target=\"_blank\">Aluminium precision CNC fabrication milling process deep processing machining company<\/a><\/li>\r\n<li><a href=\"https:\/\/sinoextrud.com\/product\/aluminum-cnc\/\" target=\"_blank\">Aluminum CNC<\/a><\/li>\r\n<li><a href=\"https:\/\/sinoextrud.com\/product\/aluminium-aerofoil-extrusion-oxidation-scrub-black\/\" target=\"_blank\">Aluminium Aerofoil Extrusion Oxidation Scrub Black<\/a><\/li>\r\n<li><a href=\"https:\/\/sinoextrud.com\/product\/aluminium-extrusion-cnc\/\" target=\"_blank\">Aluminium Extrusion CNC<\/a><\/li>\r\n<li><a href=\"https:\/\/sinoextrud.com\/product\/aluminium-profile-lock\/\" target=\"_blank\">Aluminium Profile Lock<\/a><\/li>\r\n<li><a href=\"https:\/\/sinoextrud.com\/product\/aluminium-enclosure-housing-and-shells\/\" target=\"_blank\">Aluminium Enclosure Housing And Shells<\/a><\/li>\r\n<li><a href=\"https:\/\/sinoextrud.com\/product\/extruded-aluminum-triangle-electrical-instrument-shell-housing\/\" target=\"_blank\">Extruded Aluminum Triangle Electrical Instrument Shell Housing<\/a><\/li>\r\n<li><a href=\"https:\/\/sinoextrud.com\/product\/aluminium-sliding-door-champagne-colour\/\" target=\"_blank\">Aluminium Sliding Door Champagne colour<\/a><\/li>"},"feature_list":[]},"_links":{"self":[{"href":"https:\/\/sinoextrud.com\/cs\/wp-json\/wp\/v2\/product\/8432","targetHints":{"allow":["GET"]}}],"collection":[{"href":"https:\/\/sinoextrud.com\/cs\/wp-json\/wp\/v2\/product"}],"about":[{"href":"https:\/\/sinoextrud.com\/cs\/wp-json\/wp\/v2\/types\/product"}],"wp:featuredmedia":[{"embeddable":true,"href":"https:\/\/sinoextrud.com\/cs\/wp-json\/wp\/v2\/media\/8431"}],"wp:attachment":[{"href":"https:\/\/sinoextrud.com\/cs\/wp-json\/wp\/v2\/media?parent=8432"}],"wp:term":[{"taxonomy":"category","embeddable":true,"href":"https:\/\/sinoextrud.com\/cs\/wp-json\/wp\/v2\/categories?post=8432"}],"curies":[{"name":"wp","href":"https:\/\/api.w.org\/{rel}","templated":true}]}}