{"id":8426,"date":"2025-06-16T03:15:20","date_gmt":"2025-06-16T03:15:20","guid":{"rendered":"https:\/\/sinoextrud.com\/product\/aluminum-extrusions-milling-cutting-and-assembly\/"},"modified":"2025-06-24T06:23:47","modified_gmt":"2025-06-24T06:23:47","slug":"frezovani-a-montaz-hlinikovych-vylisku","status":"publish","type":"product","link":"https:\/\/sinoextrud.com\/cs\/product\/aluminum-extrusions-milling-cutting-and-assembly\/","title":{"rendered":"Fr\u00e9zov\u00e1n\u00ed a mont\u00e1\u017e hlin\u00edkov\u00fdch v\u00fdlisk\u016f"},"content":{"rendered":"<h2>Podrobnosti o produktech<\/h2>\n<table class=\"custom-table\">\n<tr>\n<td class=\"label\">N\u00e1zev<\/td>\n<td>Fr\u00e9zov\u00e1n\u00ed a mont\u00e1\u017e hlin\u00edkov\u00fdch v\u00fdlisk\u016f<\/td>\n<\/tr>\n<\/table>\n<h2>Na\u0161e v\u00fdrobn\u00ed z\u00e1kladna<\/h2>\n<h3>Panorama tov\u00e1rny<\/h3>\n<p><img decoding=\"async\" src=\"\/wp-content\/uploads\/factory-01.webp\"\/><\/p>\n<h3>D\u00edlna na v\u00fdrobu hlin\u00edkov\u00fdch ty\u010d\u00ed<\/h3>\n<p><img decoding=\"async\" src=\"\/wp-content\/uploads\/factory-02.webp\"\/><\/p>\n<p><img decoding=\"async\" src=\"\/wp-content\/uploads\/factory-03.webp\"\/><\/p>\n<h3>Sklad pl\u00edsn\u00ed<\/h3>\n<p><img decoding=\"async\" src=\"\/wp-content\/uploads\/factory-04.webp\"\/><\/p>\n<h3>43 linek na vytla\u010dov\u00e1n\u00ed hlin\u00edku (500 - 5500 tun)<\/h3>\n<p><img decoding=\"async\" src=\"\/wp-content\/uploads\/factory-05.webp\"\/><\/p>\n<p><img decoding=\"async\" src=\"\/wp-content\/uploads\/factory-06.webp\"\/><\/p>\n<p><img decoding=\"async\" src=\"\/wp-content\/uploads\/factory-07.webp\"\/><\/p>\n<h3>D\u00edlna pr\u00e1\u0161kov\u00e9ho lakov\u00e1n\u00ed<\/h3>\n<p><img decoding=\"async\" src=\"\/wp-content\/uploads\/factory-09.webp\"\/><\/p>\n<h3>D\u00edlna eloxov\u00e1n\u00ed<\/h3>\n<p><img decoding=\"async\" src=\"\/wp-content\/uploads\/factory-10.webp\"\/><\/p>\n<h3>Workshop o hloubkov\u00e9m zpracov\u00e1n\u00ed<\/h3>\n<p><img decoding=\"async\" src=\"\/wp-content\/uploads\/factory-11.webp\"\/><\/p>\n<h3>D\u00edlna CNC p\u0159esn\u00e9ho obr\u00e1b\u011bn\u00ed<\/h3>\n<p><img decoding=\"async\" src=\"\/wp-content\/uploads\/factory-11.5.webp\"\/><\/p>\n<h3>Sklad hotov\u00fdch v\u00fdrobk\u016f a exportn\u00ed sklad<\/h3>\n<p><img decoding=\"async\" src=\"\/wp-content\/uploads\/factory-12.webp\"\/><\/p>\n<p><img decoding=\"async\" src=\"\/wp-content\/uploads\/factory-13.webp\"\/><\/p>\n<p><img decoding=\"async\" src=\"\/wp-content\/uploads\/factory-14.webp\"\/><\/p>\n<h2>\u010cASTO KLADEN\u00c9 DOTAZY<\/h2>\n<p><p><b>1.Aluminum Extrusions Fr\u00e9zov\u00e1n\u00ed a mont\u00e1\u017e: Jak\u00e9 jsou hlavn\u00ed v\u00fdhody?<\/b><\/p>\n<p>Tento v\u00fdrobek umo\u017e\u0148uje p\u0159esn\u00e9 fr\u00e9zov\u00e1n\u00ed a \u0159ez\u00e1n\u00ed, nab\u00edz\u00ed p\u0159esn\u00e9 rozm\u011bry a vynikaj\u00edc\u00ed povrchovou \u00fapravu pro \u0159adu pr\u016fmyslov\u00fdch pot\u0159eb.<br \/>\n<\/p><br \/>\n<br \/>\n<p><b>2.Jak proces fr\u00e9zov\u00e1n\u00ed a \u0159ez\u00e1n\u00ed zlep\u0161uje kvalitu v\u00fdrobku?<\/b><\/p>\n<p>Fr\u00e9zov\u00e1n\u00ed a \u0159ez\u00e1n\u00ed zaji\u0161\u0165uje p\u0159esnost a p\u0159\u00edsn\u00e9 tolerance, co\u017e vede k vysoce kvalitn\u00edm hlin\u00edkov\u00fdm v\u00fdlisk\u016fm, kter\u00e9 spl\u0148uj\u00ed n\u00e1ro\u010dn\u00e9 normy.<br \/>\n<\/p><br \/>\n<br \/>\n<p><b>3.Can hlin\u00edkov\u00e9 v\u00fdlisky b\u00fdt p\u0159izp\u016fsobeny?<\/b><\/p>\n<p>Ano, hlin\u00edkov\u00e9 v\u00fdlisky lze p\u0159izp\u016fsobit v r\u016fzn\u00fdch velikostech, tvarech a proveden\u00edch tak, aby vyhovovaly konkr\u00e9tn\u00edm po\u017eadavk\u016fm projektu.<br \/>\n<\/p><br \/>\n<br \/>\n<p><b>4.Pro jak\u00e1 odv\u011btv\u00ed je fr\u00e9zov\u00e1n\u00ed a \u0159ez\u00e1n\u00ed hlin\u00edkov\u00fdch v\u00fdlisk\u016f nejv\u00fdhodn\u011bj\u0161\u00ed?<\/b><\/p>\n<p>P\u0159esnost a odolnost hlin\u00edkov\u00fdch v\u00fdlisk\u016f je v\u00fdhodn\u00e1 pro odv\u011btv\u00ed, jako je stavebnictv\u00ed, automobilov\u00fd pr\u016fmysl a v\u00fdroba.<br \/>\n<\/p><br \/>\n<br \/>\n<p><b>5.Je proces mont\u00e1\u017ee rychl\u00fd a hospod\u00e1rn\u00fd?<\/b><\/p>\n<p>Ano, efektivn\u00ed mont\u00e1\u017en\u00ed proces zaji\u0161\u0165uje rychl\u00e9 v\u00fdrobn\u00ed \u010dasy p\u0159i zachov\u00e1n\u00ed hospod\u00e1rnosti, co\u017e sni\u017euje celkov\u00e9 n\u00e1klady na projekt.<br \/>\n<\/p><br \/>\n<br \/>\n<p><b>6.Co \u010din\u00ed hlin\u00edkov\u00e9 v\u00fdlisky preferovanou volbou pro mnoho aplikac\u00ed?<\/b><\/p>\n<p>Hlin\u00edkov\u00e9 v\u00fdlisky jsou lehk\u00e9, pevn\u00e9 a odoln\u00e9 proti korozi, tak\u017ee jsou ide\u00e1ln\u00ed pro r\u016fzn\u00e9 pr\u016fmyslov\u00e9 a konstruk\u010dn\u00ed aplikace.<br \/>\n<\/p><br \/>\n<br \/>\n<p><b>7.Jak pom\u00e1h\u00e1 fr\u00e9zov\u00e1n\u00ed na zak\u00e1zku p\u0159i v\u00fdvoji v\u00fdrobk\u016f?<\/b><\/p>\n<p>Fr\u00e9zov\u00e1n\u00ed na zak\u00e1zku umo\u017e\u0148uje vytv\u00e1\u0159et p\u0159esn\u00e9 komponenty na m\u00edru, kter\u00e9 odpov\u00eddaj\u00ed specifick\u00fdm konstruk\u010dn\u00edm a funk\u010dn\u00edm po\u017eadavk\u016fm.<br \/>\n<\/p><br \/><\/p>","protected":false},"featured_media":8425,"template":"","categories":[68],"class_list":["post-8426","product","type-product","status-publish","has-post-thumbnail","hentry","category-cnc-machining-aluminum-profile"],"meta_box":{"hilight_text_group":{"product_hilight_text":"<li>Precision milling and cutting for accurate dimensions and high-quality finishes.<\/li>\r\r\n<li>Efficient assembly process that ensures quick turnarounds and cost-effective production.<\/li>\r\r\n<li>Customizable designs and sizes to meet specific industrial requirements.<\/li>\r\r\n<li>Aluminum extrusions offer lightweight yet durable solutions for various applications.<\/li>\r\r\n<li>Expert craftsmanship and high-performance machinery for consistent results.<\/li>","product_chanpin_blog":"<ul>\r\r\n<li><a href=\"https:\/\/sinoextrud.com\/t-slot-v-slot-differences\/\" target=\"_blank\">t slot vs v slot<\/a><\/li>\r\r\n<li><a href=\"https:\/\/sinoextrud.com\/what-is-4040-aluminium-extrud\/\" target=\"_blank\">4040 aluminium extrusion<\/a><\/li>\r\r\n<li><a href=\"https:\/\/sinoextrud.com\/what-is-4040-aluminium-extrud\/\" target=\"_blank\">aluminum extrusions for industrial racks<\/a><\/li>\r\r\n<li><a href=\"https:\/\/sinoextrud.com\/powder-coating-aluminium-process\/\" target=\"_blank\">powder coating aluminium<\/a><\/li>\r\r\n<li><a href=\"https:\/\/sinoextrud.com\/what-is-an-aluminium-strip-ceiling\/\" target=\"_blank\">aluminium strip ceiling<\/a><\/li>\r\r\n<li><a href=\"https:\/\/sinoextrud.com\/what-is-a-heat-sink\/\" target=\"_blank\">what is a heat sink<\/a><\/li>\r\r\n<\/ul>","product_chanpin_chanpin":"<li><a href=\"https:\/\/sinoextrud.com\/product\/slotted-aluminium-extrusion\/\" target=\"_blank\">Slotted Aluminium Extrusion<\/a><\/li>\r\n<li><a href=\"https:\/\/sinoextrud.com\/product\/aluminum-extrusion-fabrication\/\" target=\"_blank\">Aluminum Extrusion Fabrication<\/a><\/li>\r\n<li><a href=\"https:\/\/sinoextrud.com\/product\/industrial-profile-systems\/\" target=\"_blank\">Industrial Profile Systems<\/a><\/li>\r\n<li><a href=\"https:\/\/sinoextrud.com\/product\/t-slot-extruded-aluminum-framing-systems\/\" target=\"_blank\">T Slot Extruded Aluminum Framing Systems<\/a><\/li>\r\n<li><a href=\"https:\/\/sinoextrud.com\/product\/aluminum-extrusions-milling-cutting-and-assembly\/\" target=\"_blank\">Aluminum Extrusions Milling Cutting and Assembly<\/a><\/li>\r\n<li><a href=\"https:\/\/sinoextrud.com\/product\/extruded-aluminium-cnc-machining-profile-and-anodized-surface-treatment-process\/\" target=\"_blank\">Extruded Aluminium CNC Machining profile and Anodized Surface Treatment Process<\/a><\/li>\r\n<li><a href=\"https:\/\/sinoextrud.com\/product\/aluminium-precision-cnc-fabrication-milling-process-deep-processing-machining-company\/\" target=\"_blank\">Aluminium precision CNC fabrication milling process deep processing machining company<\/a><\/li>\r\n<li><a href=\"https:\/\/sinoextrud.com\/product\/aluminum-cnc\/\" target=\"_blank\">Aluminum CNC<\/a><\/li>\r\n<li><a href=\"https:\/\/sinoextrud.com\/product\/aluminium-aerofoil-extrusion-oxidation-scrub-black\/\" target=\"_blank\">Aluminium Aerofoil Extrusion Oxidation Scrub Black<\/a><\/li>\r\n<li><a href=\"https:\/\/sinoextrud.com\/product\/aluminum-edge-trim-for-plywood\/\" target=\"_blank\">Aluminum Edge Trim For Plywood<\/a><\/li>\r\n<li><a href=\"https:\/\/sinoextrud.com\/product\/aluminium-sections-for-glazing\/\" target=\"_blank\">Aluminium Sections For Glazing<\/a><\/li>"},"feature_list":[]},"_links":{"self":[{"href":"https:\/\/sinoextrud.com\/cs\/wp-json\/wp\/v2\/product\/8426","targetHints":{"allow":["GET"]}}],"collection":[{"href":"https:\/\/sinoextrud.com\/cs\/wp-json\/wp\/v2\/product"}],"about":[{"href":"https:\/\/sinoextrud.com\/cs\/wp-json\/wp\/v2\/types\/product"}],"wp:featuredmedia":[{"embeddable":true,"href":"https:\/\/sinoextrud.com\/cs\/wp-json\/wp\/v2\/media\/8425"}],"wp:attachment":[{"href":"https:\/\/sinoextrud.com\/cs\/wp-json\/wp\/v2\/media?parent=8426"}],"wp:term":[{"taxonomy":"category","embeddable":true,"href":"https:\/\/sinoextrud.com\/cs\/wp-json\/wp\/v2\/categories?post=8426"}],"curies":[{"name":"wp","href":"https:\/\/api.w.org\/{rel}","templated":true}]}}