{"id":8412,"date":"2025-06-16T02:49:27","date_gmt":"2025-06-16T02:49:27","guid":{"rendered":"https:\/\/sinoextrud.com\/product\/modular-aluminum-profiles-machine-hand-robot-hand-manipulator\/"},"modified":"2025-06-24T06:23:45","modified_gmt":"2025-06-24T06:23:45","slug":"modularni-hlinikove-profily-stroj-rucni-robot-rucni-manipulator","status":"publish","type":"product","link":"https:\/\/sinoextrud.com\/cs\/product\/modular-aluminum-profiles-machine-hand-robot-hand-manipulator\/","title":{"rendered":"Modul\u00e1rn\u00ed hlin\u00edkov\u00e9 profily Stroj Ru\u010dn\u00ed robot Ru\u010dn\u00ed manipul\u00e1tor"},"content":{"rendered":"<h2>Podrobnosti o produktech<\/h2>\n<table class=\"custom-table\">\n<tbody>\n<tr>\n<td> N\u00e1zev produktu<\/td>\n<td> Modul\u00e1rn\u00ed stroj na hlin\u00edkov\u00e9 profily ru\u010dn\u00ed robot ru\u010dn\u00ed manipul\u00e1tor<\/td>\n<\/tr>\n<tr>\n<td> Slitina hlin\u00edku<\/td>\n<td> 6063-T5 nebo p\u0159izp\u016fsoben\u00ed<\/td>\n<\/tr>\n<tr>\n<td> Povrchov\u00e1 \u00faprava<\/td>\n<td> pr\u00e1\u0161kov\u00e9 lakov\u00e1n\u00ed, fr\u00e9zov\u00e1n\u00ed nebo p\u0159izp\u016fsoben\u00ed<\/td>\n<\/tr>\n<tr>\n<td> Barva<\/td>\n<td> b\u00edl\u00e1, zlat\u00e1, ml\u00fdnsk\u00e1 nebo na zak\u00e1zku<\/td>\n<\/tr>\n<tr>\n<td> Velikost<\/td>\n<td> 1-9m nebo p\u0159izp\u016fsoben\u00ed<\/td>\n<\/tr>\n<tr>\n<td> Aplikace<\/td>\n<td> Modul\u00e1rn\u00ed hlin\u00edkov\u00e9 profily, strojn\u00ed ruka, robotick\u00e1 ruka, manipul\u00e1tor, strojn\u00ed rameno<\/td>\n<\/tr>\n<tr>\n<td> Zna\u010dka<\/td>\n<td> Sinoextrud \/ Sinoextrud \/ Sinoextrud Aluminium<\/td>\n<\/tr>\n<tr>\n<td> P\u016fvod<\/td>\n<td> Foshan, \u010c\u00edna<\/td>\n<\/tr>\n<\/tbody>\n<\/table>\n<h2>Na\u0161e v\u00fdrobn\u00ed z\u00e1kladna<\/h2>\n<h3>Panorama tov\u00e1rny<\/h3>\n<p><img decoding=\"async\" src=\"\/wp-content\/uploads\/factory-01.webp\"\/><\/p>\n<h3>D\u00edlna na v\u00fdrobu hlin\u00edkov\u00fdch ty\u010d\u00ed<\/h3>\n<p><img decoding=\"async\" src=\"\/wp-content\/uploads\/factory-02.webp\"\/><\/p>\n<p><img decoding=\"async\" src=\"\/wp-content\/uploads\/factory-03.webp\"\/><\/p>\n<h3>Sklad pl\u00edsn\u00ed<\/h3>\n<p><img decoding=\"async\" src=\"\/wp-content\/uploads\/factory-04.webp\"\/><\/p>\n<h3>43 linek na vytla\u010dov\u00e1n\u00ed hlin\u00edku (500 - 5500 tun)<\/h3>\n<p><img decoding=\"async\" src=\"\/wp-content\/uploads\/factory-05.webp\"\/><\/p>\n<p><img decoding=\"async\" src=\"\/wp-content\/uploads\/factory-06.webp\"\/><\/p>\n<p><img decoding=\"async\" src=\"\/wp-content\/uploads\/factory-07.webp\"\/><\/p>\n<h3>D\u00edlna pr\u00e1\u0161kov\u00e9ho lakov\u00e1n\u00ed<\/h3>\n<p><img decoding=\"async\" src=\"\/wp-content\/uploads\/factory-09.webp\"\/><\/p>\n<h3>D\u00edlna eloxov\u00e1n\u00ed<\/h3>\n<p><img decoding=\"async\" src=\"\/wp-content\/uploads\/factory-10.webp\"\/><\/p>\n<h3>Workshop o hloubkov\u00e9m zpracov\u00e1n\u00ed<\/h3>\n<p><img decoding=\"async\" src=\"\/wp-content\/uploads\/factory-11.webp\"\/><\/p>\n<h3>D\u00edlna CNC p\u0159esn\u00e9ho obr\u00e1b\u011bn\u00ed<\/h3>\n<p><img decoding=\"async\" src=\"\/wp-content\/uploads\/factory-11.5.webp\"\/><\/p>\n<h3>Sklad hotov\u00fdch v\u00fdrobk\u016f a exportn\u00ed sklad<\/h3>\n<p><img decoding=\"async\" src=\"\/wp-content\/uploads\/factory-12.webp\"\/><\/p>\n<p><img decoding=\"async\" src=\"\/wp-content\/uploads\/factory-13.webp\"\/><\/p>\n<p><img decoding=\"async\" src=\"\/wp-content\/uploads\/factory-14.webp\"\/><\/p>\n<h2>\u010cASTO KLADEN\u00c9 DOTAZY<\/h2>\n<p><p><b>1.Co d\u011bl\u00e1 modul\u00e1rn\u00ed hlin\u00edkov\u00e9 profily Machine Hand Robot Hand Manipulator vhodn\u00e9 pro automatizaci? <\/b><\/p>\n<p> Tyto modul\u00e1rn\u00ed hlin\u00edkov\u00e9 profily jsou vysoce univerz\u00e1ln\u00ed, p\u0159izp\u016fsobiteln\u00e9 a poskytuj\u00ed robustn\u00ed podporu pro p\u0159esn\u00e9 pohyby robotick\u00fdch rukou v automatiza\u010dn\u00edch syst\u00e9mech.<br \/>\n<\/p><br \/>\n<br \/>\n<p><b>2.M\u016f\u017ee b\u00fdt modul\u00e1rn\u00ed hlin\u00edkov\u00e9 profily Machine Hand Robot Hand Manipulator p\u0159izp\u016fsoben specifick\u00fdm pot\u0159eb\u00e1m? <\/b><\/p>\n<p> Ano, lze je p\u0159izp\u016fsobit r\u016fzn\u00fdm d\u00e9lk\u00e1m, velikostem a proveden\u00ed, aby vyhovovaly r\u016fzn\u00fdm robotick\u00fdm aplikac\u00edm a zajistily optim\u00e1ln\u00ed funk\u010dnost.<br \/>\n<\/p><br \/>\n<br \/>\n<p><b>3.Jak trvanliv\u00e9 jsou modul\u00e1rn\u00ed hlin\u00edkov\u00e9 profily Machine Hand Robot Hand Manipulator? <\/b><\/p>\n<p> Tyto profily jsou odoln\u00e9 proti korozi a jsou navr\u017eeny pro dlouhodob\u00fd provoz i v n\u00e1ro\u010dn\u00fdch pr\u016fmyslov\u00fdch podm\u00ednk\u00e1ch.<br \/>\n<\/p><br \/>\n<br \/>\n<p><b>4.Jak\u00e1 pr\u016fmyslov\u00e1 odv\u011btv\u00ed maj\u00ed prosp\u011bch z modul\u00e1rn\u00edch hlin\u00edkov\u00fdch profil\u016f Machine Hand Robot Hand Manipulator? <\/b><\/p>\n<p> Odv\u011btv\u00ed, jako je automobilov\u00fd pr\u016fmysl, v\u00fdroba, elektronika a logistika, vyu\u017e\u00edvaj\u00ed tyto profily v automatiza\u010dn\u00edch a robotick\u00fdch syst\u00e9mech.<br \/>\n<\/p><br \/>\n<br \/>\n<p><b>5.Is Modul\u00e1rn\u00ed hlin\u00edkov\u00e9 profily Stroj Ru\u010dn\u00ed robot Ru\u010dn\u00ed manipul\u00e1tor snadno sestavit? <\/b><\/p>\n<p> Ano, modul\u00e1rn\u00ed konstrukce umo\u017e\u0148uje rychlou mont\u00e1\u017e a snadn\u00e9 nastaven\u00ed, co\u017e sni\u017euje \u010das pot\u0159ebn\u00fd k nastaven\u00ed i n\u00e1klady na pracovn\u00ed s\u00edlu.<br \/>\n<\/p><br \/>\n<br \/>\n<p><b>6.Jak modul\u00e1rn\u00ed hlin\u00edkov\u00e9 profily Machine Hand Robot Hand Manipulator zlep\u0161uje automatiza\u010dn\u00ed v\u00fdkon? <\/b><\/p>\n<p> Lehk\u00e9, ale pevn\u00e9 profily zaji\u0161\u0165uj\u00ed stabilitu a p\u0159esnost, \u010d\u00edm\u017e zvy\u0161uj\u00ed v\u00fdkonnost a p\u0159esnost robotick\u00fdch manipul\u00e1tor\u016f ve v\u00fdrobn\u00edch procesech.<br \/>\n<\/p><br \/>\n<br \/>\n<p><b>7.Is Modul\u00e1rn\u00ed hlin\u00edkov\u00e9 profily Stroj Ru\u010dn\u00ed robot Ru\u010dn\u00ed manipul\u00e1tor \u0161etrn\u00fd k \u017eivotn\u00edmu prost\u0159ed\u00ed? <\/b><\/p>\n<p> Ano, hlin\u00edk je pln\u011b recyklovateln\u00fd, tak\u017ee tyto profily jsou ekologickou volbou pro robotick\u00e9 aplikace v automatizaci.<br \/>\n<\/p><br \/><\/p>","protected":false},"featured_media":8411,"template":"","categories":[54],"class_list":["post-8412","product","type-product","status-publish","has-post-thumbnail","hentry","category-industrial-aluminum-profiles"],"meta_box":{"hilight_text_group":{"product_hilight_text":"<li>Highly versatile modular aluminum profiles for machine hand robot hand manipulator systems<\/li>\r\r\n<li>Customizable designs to meet specific automation and robotic application needs<\/li>\r\r\n<li>Lightweight yet strong, providing excellent support without compromising durability<\/li>\r\r\n<li>Easy to assemble and disassemble, reducing setup time and improving flexibility<\/li>\r\r\n<li>Corrosion-resistant, ensuring long-lasting performance in various environments<\/li>\r\r\n<li>Efficient for precise, high-performance automation in manufacturing and assembly lines<\/li>\r\r\n<li>Eco-friendly, as aluminum is a fully recyclable material<\/li>","product_chanpin_blog":"<ul>\r\r\n<li><a href=\"https:\/\/sinoextrud.com\/t-slot-v-slot-differences\/\" target=\"_blank\">t slot vs v slot<\/a><\/li>\r\r\n<li><a href=\"https:\/\/sinoextrud.com\/what-is-4040-aluminium-extrud\/\" target=\"_blank\">4040 aluminium extrusion<\/a><\/li>\r\r\n<li><a href=\"https:\/\/sinoextrud.com\/what-is-4040-aluminium-extrud\/\" target=\"_blank\">aluminum extrusions for industrial racks<\/a><\/li>\r\r\n<li><a href=\"https:\/\/sinoextrud.com\/powder-coating-aluminium-process\/\" target=\"_blank\">powder coating aluminium<\/a><\/li>\r\r\n<li><a href=\"https:\/\/sinoextrud.com\/what-is-an-aluminium-strip-ceiling\/\" target=\"_blank\">aluminium strip ceiling<\/a><\/li>\r\r\n<li><a href=\"https:\/\/sinoextrud.com\/what-is-a-heat-sink\/\" target=\"_blank\">what is a heat sink<\/a><\/li>\r\r\n<\/ul>","product_chanpin_chanpin":"<li><a href=\"https:\/\/sinoextrud.com\/product\/industrial-aluminum-extrusion\/\" target=\"_blank\">Industrial Aluminum Extrusion<\/a><\/li>\r\n<li><a href=\"https:\/\/sinoextrud.com\/product\/round-extruded-aluminum\/\" target=\"_blank\">Round Extruded Aluminum<\/a><\/li>\r\n<li><a href=\"https:\/\/sinoextrud.com\/product\/aluminium-lightbox-extrusion\/\" target=\"_blank\">Aluminium Lightbox Extrusion<\/a><\/li>\r\n<li><a href=\"https:\/\/sinoextrud.com\/product\/extruded-aluminum-t-track\/\" target=\"_blank\">Extruded Aluminum T Track<\/a><\/li>\r\n<li><a href=\"https:\/\/sinoextrud.com\/product\/modular-aluminum-profiles-machine-hand-robot-hand-manipulator\/\" target=\"_blank\">Modular Aluminum Profiles Machine Hand Robot Hand Manipulator<\/a><\/li>\r\n<li><a href=\"https:\/\/sinoextrud.com\/product\/slotted-aluminium-extrusion\/\" target=\"_blank\">Slotted Aluminium Extrusion<\/a><\/li>\r\n<li><a href=\"https:\/\/sinoextrud.com\/product\/aluminum-extrusion-fabrication\/\" target=\"_blank\">Aluminum Extrusion Fabrication<\/a><\/li>\r\n<li><a href=\"https:\/\/sinoextrud.com\/product\/industrial-profile-systems\/\" target=\"_blank\">Industrial Profile Systems<\/a><\/li>\r\n<li><a href=\"https:\/\/sinoextrud.com\/product\/t-slot-extruded-aluminum-framing-systems\/\" target=\"_blank\">T Slot Extruded Aluminum Framing Systems<\/a><\/li>\r\n<li><a href=\"https:\/\/sinoextrud.com\/product\/architectural-aluminum-extrusion-profiles\/\" target=\"_blank\">Architectural Aluminum Extrusion Profiles<\/a><\/li>\r\n<li><a href=\"https:\/\/sinoextrud.com\/product\/6463-brightness-polished-shower-room-u-channel-aluminum-profile\/\" target=\"_blank\">6463 Brightness Polished Shower Room U Channel Aluminum Profile<\/a><\/li>"},"feature_list":[]},"_links":{"self":[{"href":"https:\/\/sinoextrud.com\/cs\/wp-json\/wp\/v2\/product\/8412","targetHints":{"allow":["GET"]}}],"collection":[{"href":"https:\/\/sinoextrud.com\/cs\/wp-json\/wp\/v2\/product"}],"about":[{"href":"https:\/\/sinoextrud.com\/cs\/wp-json\/wp\/v2\/types\/product"}],"wp:featuredmedia":[{"embeddable":true,"href":"https:\/\/sinoextrud.com\/cs\/wp-json\/wp\/v2\/media\/8411"}],"wp:attachment":[{"href":"https:\/\/sinoextrud.com\/cs\/wp-json\/wp\/v2\/media?parent=8412"}],"wp:term":[{"taxonomy":"category","embeddable":true,"href":"https:\/\/sinoextrud.com\/cs\/wp-json\/wp\/v2\/categories?post=8412"}],"curies":[{"name":"wp","href":"https:\/\/api.w.org\/{rel}","templated":true}]}}