{"id":8402,"date":"2025-06-16T02:30:59","date_gmt":"2025-06-16T02:30:59","guid":{"rendered":"https:\/\/sinoextrud.com\/product\/extruded-aluminum-t-slot-channel\/"},"modified":"2025-06-24T06:23:43","modified_gmt":"2025-06-24T06:23:43","slug":"vytlacovany-hlinikovy-kanal-s-t-drazkou","status":"publish","type":"product","link":"https:\/\/sinoextrud.com\/cs\/product\/extruded-aluminum-t-slot-channel\/","title":{"rendered":"Extrudovan\u00fd hlin\u00edkov\u00fd kan\u00e1l s T dr\u00e1\u017ekou"},"content":{"rendered":"<h2>Podrobnosti o produktech<\/h2>\n<table class=\"custom-table\">\n<tbody>\n<tr>\n<td> N\u00e1zev produktu<\/td>\n<td> Hlin\u00edkov\u00fd kan\u00e1l T-Slot<\/td>\n<\/tr>\n<tr>\n<td> Materi\u00e1l<\/td>\n<td> 6063<\/td>\n<\/tr>\n<tr>\n<td> Slitina nebo ne:<\/td>\n<td> Je slitina<\/td>\n<\/tr>\n<tr>\n<td> Temperament<\/td>\n<td> T3-T8<\/td>\n<\/tr>\n<tr>\n<td> T\u0159\u00edda<\/td>\n<td> \u0158ada 6000<\/td>\n<\/tr>\n<tr>\n<td> Hornor<\/td>\n<td> Top 10 dodavatel\u016f v \u010c\u00edn\u011b<\/td>\n<\/tr>\n<tr>\n<td> Povrchov\u00e1 \u00faprava<\/td>\n<td> Eloxovan\u00e9, pr\u00e1\u0161kov\u00e9 lakov\u00e1n\u00ed, elektrofor\u00e9za, PVDF, p\u00edskovan\u00e9<\/td>\n<\/tr>\n<tr>\n<td> Barva<\/td>\n<td> P\u0159izp\u016fsoben\u00e9<\/td>\n<\/tr>\n<tr>\n<td> D\u00e9lka<\/td>\n<td> 1-9M, jin\u00e1 d\u00e9lka k jedn\u00e1n\u00ed<\/td>\n<\/tr>\n<tr>\n<td> Z\u00e1ruka kvality<\/td>\n<td> 100% dobr\u00e1 kvalita p\u0159ed odesl\u00e1n\u00edm<\/td>\n<\/tr>\n<tr>\n<td> Certifikace<\/td>\n<td> ISO9001,ISO4001<\/td>\n<\/tr>\n<tr>\n<td> Pou\u017eit\u00ed<\/td>\n<td> Dekorace, pr\u016fmyslov\u00e9, tov\u00e1rn\u00ed potrub\u00ed<\/td>\n<\/tr>\n<\/tbody>\n<\/table>\n<h2>Na\u0161e v\u00fdrobn\u00ed z\u00e1kladna<\/h2>\n<h3>Panorama tov\u00e1rny<\/h3>\n<p><img decoding=\"async\" src=\"\/wp-content\/uploads\/factory-01.webp\"\/><\/p>\n<h3>D\u00edlna na v\u00fdrobu hlin\u00edkov\u00fdch ty\u010d\u00ed<\/h3>\n<p><img decoding=\"async\" src=\"\/wp-content\/uploads\/factory-02.webp\"\/><\/p>\n<p><img decoding=\"async\" src=\"\/wp-content\/uploads\/factory-03.webp\"\/><\/p>\n<h3>Sklad pl\u00edsn\u00ed<\/h3>\n<p><img decoding=\"async\" src=\"\/wp-content\/uploads\/factory-04.webp\"\/><\/p>\n<h3>43 linek na vytla\u010dov\u00e1n\u00ed hlin\u00edku (500-5500 tun)<\/h3>\n<p><img decoding=\"async\" src=\"\/wp-content\/uploads\/factory-05.webp\"\/><\/p>\n<p><img decoding=\"async\" src=\"\/wp-content\/uploads\/factory-06.webp\"\/><\/p>\n<p><img decoding=\"async\" src=\"\/wp-content\/uploads\/factory-07.webp\"\/><\/p>\n<h3>D\u00edlna pr\u00e1\u0161kov\u00e9ho lakov\u00e1n\u00ed<\/h3>\n<p><img decoding=\"async\" src=\"\/wp-content\/uploads\/factory-09.webp\"\/><\/p>\n<h3>D\u00edlna eloxov\u00e1n\u00ed<\/h3>\n<p><img decoding=\"async\" src=\"\/wp-content\/uploads\/factory-10.webp\"\/><\/p>\n<h3>Workshop o hloubkov\u00e9m zpracov\u00e1n\u00ed<\/h3>\n<p><img decoding=\"async\" src=\"\/wp-content\/uploads\/factory-11.webp\"\/><\/p>\n<h3>D\u00edlna CNC p\u0159esn\u00e9ho obr\u00e1b\u011bn\u00ed<\/h3>\n<p><img decoding=\"async\" src=\"\/wp-content\/uploads\/factory-11.5.webp\"\/><\/p>\n<h3>Sklad hotov\u00fdch v\u00fdrobk\u016f a exportn\u00ed sklad<\/h3>\n<p><img decoding=\"async\" src=\"\/wp-content\/uploads\/factory-12.webp\"\/><\/p>\n<p><img decoding=\"async\" src=\"\/wp-content\/uploads\/factory-13.webp\"\/><\/p>\n<p><img decoding=\"async\" src=\"\/wp-content\/uploads\/factory-14.webp\"\/><\/p>\n<h2>\u010cASTO KLADEN\u00c9 DOTAZY<\/h2>\n<p><p><b>1.Co je extrudovan\u00fd hlin\u00edkov\u00fd kan\u00e1l s T-dr\u00e1\u017ekou? <\/b><\/p>\n<p> Lisovan\u00fd hlin\u00edkov\u00fd kan\u00e1l s T-dr\u00e1\u017ekou je modul\u00e1rn\u00ed r\u00e1mov\u00fd syst\u00e9m ur\u010den\u00fd pro snadnou mont\u00e1\u017e konstrukc\u00ed a podp\u011br, kter\u00fd se b\u011b\u017en\u011b pou\u017e\u00edv\u00e1 v pr\u016fmyslov\u00fdch a automatiza\u010dn\u00edch aplikac\u00edch.<br \/>\n<\/p><br \/>\n<br \/>\n<p><b>2.Pro\u010d zvolit extrudovan\u00fd hlin\u00edk pro kan\u00e1ly s T-dr\u00e1\u017ekou? <\/b><\/p>\n<p> Extrudovan\u00fd hlin\u00edk je lehk\u00fd, ale pevn\u00fd materi\u00e1l, kter\u00fd je odoln\u00fd proti korozi, snadno se obr\u00e1b\u00ed a je ide\u00e1ln\u00ed pro stavbu konstrukc\u00ed na zak\u00e1zku.<br \/>\n<\/p><br \/>\n<br \/>\n<p><b>3.Lze kan\u00e1ly T-dr\u00e1\u017eky p\u0159izp\u016fsobit? <\/b><\/p>\n<p> Ano, nab\u00edz\u00edme vlastn\u00ed d\u00e9lky, vzory otvor\u016f a povrchov\u00e9 \u00fapravy, kter\u00e9 spl\u0148uj\u00ed specifick\u00e9 konstruk\u010dn\u00ed a designov\u00e9 po\u017eadavky va\u0161ich projekt\u016f.<br \/>\n<\/p><br \/>\n<br \/>\n<p><b>4.Jsou lisovan\u00e9 hlin\u00edkov\u00e9 kan\u00e1ly s T-dr\u00e1\u017ekou vhodn\u00e9 pro venkovn\u00ed pou\u017eit\u00ed? <\/b><\/p>\n<p> Ano, hlin\u00edk je d\u00edky sv\u00fdm korozivzdorn\u00fdm vlastnostem ide\u00e1ln\u00ed pro vnit\u0159n\u00ed i venkovn\u00ed prost\u0159ed\u00ed, co\u017e zaru\u010duje dlouhodobou spolehlivost.<br \/>\n<\/p><br \/>\n<br \/>\n<p><b>5.Jak\u00fd p\u0159\u00ednos maj\u00ed hlin\u00edkov\u00e9 profily s T-dr\u00e1\u017ekou pro mont\u00e1\u017e? <\/b><\/p>\n<p> Profily s T-dr\u00e1\u017ekou umo\u017e\u0148uj\u00ed rychlou mont\u00e1\u017e bez pou\u017eit\u00ed n\u00e1\u0159ad\u00ed s nastaviteln\u00fdmi komponenty, tak\u017ee jsou velmi flexibiln\u00ed a ide\u00e1ln\u00ed pro dynamick\u00e9 projekty, kter\u00e9 vy\u017eaduj\u00ed \u010dast\u00e9 zm\u011bny.<br \/>\n<\/p><br \/>\n<br \/>\n<p><b>6.V jak\u00fdch pr\u016fmyslov\u00fdch odv\u011btv\u00edch se b\u011b\u017en\u011b pou\u017e\u00edvaj\u00ed hlin\u00edkov\u00e9 kan\u00e1ly s T-dr\u00e1\u017ekou? <\/b><\/p>\n<p> Tyto kan\u00e1ly se pou\u017e\u00edvaj\u00ed v pr\u016fmyslov\u00fdch odv\u011btv\u00edch, jako je v\u00fdroba, automatizace, stavebnictv\u00ed a elektronika, k vytv\u00e1\u0159en\u00ed r\u00e1m\u016f, sk\u0159\u00edn\u00ed a konstruk\u010dn\u00edch podp\u011br.<br \/>\n<\/p><br \/>\n<br \/>\n<p><b>7.Je snadn\u00e9 integrovat dal\u0161\u00ed komponenty s hlin\u00edkov\u00fdmi kan\u00e1ly s T-dr\u00e1\u017ekou? <\/b><\/p>\n<p> Ano, konstrukce s T-dr\u00e1\u017ekou umo\u017e\u0148uje snadnou integraci s r\u016fzn\u00fdmi konektory, dr\u017e\u00e1ky a upev\u0148ovac\u00edmi prvky, co\u017e zaji\u0161\u0165uje univerz\u00e1lnost pro r\u016fzn\u00e9 aplikace.<br \/>\n<\/p><br \/><\/p>","protected":false},"featured_media":8401,"template":"","categories":[54],"class_list":["post-8402","product","type-product","status-publish","has-post-thumbnail","hentry","category-industrial-aluminum-profiles"],"meta_box":{"hilight_text_group":{"product_hilight_text":"<li>Versatile T-slot design allows easy assembly and reconfiguration of structures.<\/li>\r\r\n<li>Durable extruded aluminum provides high strength and excellent structural integrity.<\/li>\r\r\n<li>Corrosion-resistant surface ensures long-lasting performance in various environments.<\/li>\r\r\n<li>Customizable lengths and shapes to meet specific project requirements.<\/li>\r\r\n<li>Compatible with a wide range of connectors, brackets, and fasteners for seamless integration.<\/li>\r\r\n<li>Lightweight material reduces shipping costs and simplifies handling and installation.<\/li>\r\r\n<li>Ideal for building machine frames, workstations, safety barriers, and automation systems.<\/li>","product_chanpin_blog":"<ul>\r\r\n<li><a href=\"https:\/\/sinoextrud.com\/t-slot-v-slot-differences\/\" target=\"_blank\">t slot vs v slot<\/a><\/li>\r\r\n<li><a href=\"https:\/\/sinoextrud.com\/what-is-4040-aluminium-extrud\/\" target=\"_blank\">4040 aluminium extrusion<\/a><\/li>\r\r\n<li><a href=\"https:\/\/sinoextrud.com\/what-is-4040-aluminium-extrud\/\" target=\"_blank\">aluminum extrusions for industrial racks<\/a><\/li>\r\r\n<li><a href=\"https:\/\/sinoextrud.com\/powder-coating-aluminium-process\/\" target=\"_blank\">powder coating aluminium<\/a><\/li>\r\r\n<li><a href=\"https:\/\/sinoextrud.com\/what-is-an-aluminium-strip-ceiling\/\" target=\"_blank\">aluminium strip ceiling<\/a><\/li>\r\r\n<li><a href=\"https:\/\/sinoextrud.com\/what-is-a-heat-sink\/\" target=\"_blank\">what is a heat sink<\/a><\/li>\r\r\n<\/ul>","product_chanpin_chanpin":"<li><a href=\"https:\/\/sinoextrud.com\/product\/aluminum-car-pedal-anodized-silver\/\" target=\"_blank\">Aluminum Car Pedal Anodized Silver<\/a><\/li>\r\n<li><a href=\"https:\/\/sinoextrud.com\/product\/aluminum-frame-extrusion-profiles\/\" target=\"_blank\">Aluminum Frame Extrusion Profiles<\/a><\/li>\r\n<li><a href=\"https:\/\/sinoextrud.com\/product\/aluminum-t-slot-channel\/\" target=\"_blank\">Aluminum T Slot Channel<\/a><\/li>\r\n<li><a href=\"https:\/\/sinoextrud.com\/product\/c-beam-aluminum-extrusion\/\" target=\"_blank\">C Beam Aluminum Extrusion<\/a><\/li>\r\n<li><a href=\"https:\/\/sinoextrud.com\/product\/extruded-aluminum-t-slot-channel\/\" target=\"_blank\">Extruded Aluminum T Slot Channel<\/a><\/li>\r\n<li><a href=\"https:\/\/sinoextrud.com\/product\/industrial-aluminum-extrusion\/\" target=\"_blank\">Industrial Aluminum Extrusion<\/a><\/li>\r\n<li><a href=\"https:\/\/sinoextrud.com\/product\/round-extruded-aluminum\/\" target=\"_blank\">Round Extruded Aluminum<\/a><\/li>\r\n<li><a href=\"https:\/\/sinoextrud.com\/product\/aluminium-lightbox-extrusion\/\" target=\"_blank\">Aluminium Lightbox Extrusion<\/a><\/li>\r\n<li><a href=\"https:\/\/sinoextrud.com\/product\/extruded-aluminum-t-track\/\" target=\"_blank\">Extruded Aluminum T Track<\/a><\/li>\r\n<li><a href=\"https:\/\/sinoextrud.com\/product\/6063-t5-aluminum-extrusion-profile-for-windows-and-doors-and-curtain-walls\/\" target=\"_blank\">6063 T5 Aluminum Extrusion Profile for Windows and Doors and Curtain Walls<\/a><\/li>\r\n<li><a href=\"https:\/\/sinoextrud.com\/product\/aluminium-profiles-and-accessories\/\" target=\"_blank\">Aluminium Profiles And Accessories<\/a><\/li>"},"feature_list":[]},"_links":{"self":[{"href":"https:\/\/sinoextrud.com\/cs\/wp-json\/wp\/v2\/product\/8402","targetHints":{"allow":["GET"]}}],"collection":[{"href":"https:\/\/sinoextrud.com\/cs\/wp-json\/wp\/v2\/product"}],"about":[{"href":"https:\/\/sinoextrud.com\/cs\/wp-json\/wp\/v2\/types\/product"}],"wp:featuredmedia":[{"embeddable":true,"href":"https:\/\/sinoextrud.com\/cs\/wp-json\/wp\/v2\/media\/8401"}],"wp:attachment":[{"href":"https:\/\/sinoextrud.com\/cs\/wp-json\/wp\/v2\/media?parent=8402"}],"wp:term":[{"taxonomy":"category","embeddable":true,"href":"https:\/\/sinoextrud.com\/cs\/wp-json\/wp\/v2\/categories?post=8402"}],"curies":[{"name":"wp","href":"https:\/\/api.w.org\/{rel}","templated":true}]}}