{"id":8392,"date":"2025-06-16T01:46:29","date_gmt":"2025-06-16T01:46:29","guid":{"rendered":"https:\/\/sinoextrud.com\/product\/aluminum-boat-extrusions-6082\/"},"modified":"2025-06-24T06:23:41","modified_gmt":"2025-06-24T06:23:41","slug":"hlinikove-vylisky-pro-lode-6082","status":"publish","type":"product","link":"https:\/\/sinoextrud.com\/cs\/product\/aluminum-boat-extrusions-6082\/","title":{"rendered":"Hlin\u00edkov\u00e9 lodn\u00ed v\u00fdlisky 6082"},"content":{"rendered":"<h2>Podrobnosti o produktech<\/h2>\n<table class=\"custom-table\">\n<tbody>\n<tr>\n<td> Model NO.<\/td>\n<td> \u0158ada 6000Hlin\u00edkov\u00e9 lodn\u00ed v\u00fdlisky 6082<\/td>\n<td> Povrchov\u00e1 \u00faprava<\/td>\n<td> Post\u0159ikov\u00e1n\u00ed pr\u00e1\u0161kem<\/td>\n<\/tr>\n<tr>\n<td> Leguj\u00edc\u00ed p\u0159\u00edsada<\/td>\n<td> 6063<\/td>\n<td> Certifikace<\/td>\n<td> CE, SONCAP, ISO, CIQ, RoHS, TUV<\/td>\n<\/tr>\n<tr>\n<td> Le\u0161t\u011bn\u00fd hlin\u00edkov\u00fd profil<\/td>\n<td> Mechanick\u00e9 le\u0161t\u011bn\u00ed<\/td>\n<td> Materi\u00e1l<\/td>\n<td> 6063-T5, 6061-T6, 6463-T5, 7075-T6, 6082<\/td>\n<\/tr>\n<tr>\n<td> \u00da\u010del<\/td>\n<td> N\u00e1bytek, okna a dve\u0159e, dekorace, pr\u016fmysl<\/td>\n<td> MOQ<\/td>\n<td> 200 kg pro ka\u017ed\u00fd profil<\/td>\n<\/tr>\n<tr>\n<td> Slu\u017eba OEM<\/td>\n<td> Na z\u00e1klad\u011b v\u00fdkres\u016f nebo vzork\u016f navr\u017een\u00fdch z\u00e1kazn\u00edkem<\/td>\n<td> Povrchov\u00e1 \u00faprava<\/td>\n<td> eloxov\u00e1n\u00ed \/ elektrofor\u00e9za \/ pr\u00e1\u0161kov\u00e9 lakov\u00e1n\u00ed atd.<\/td>\n<\/tr>\n<tr>\n<td> Hloubkov\u00e9 zpracov\u00e1n\u00ed<\/td>\n<td> D\u011brov\u00e1n\u00ed, vrt\u00e1n\u00ed, z\u00e1vitov\u00e1n\u00ed, oh\u00fdb\u00e1n\u00ed<\/td>\n<td> Doba dod\u00e1n\u00ed<\/td>\n<td> 25-30 dn\u00ed po potvrzen\u00ed vzorku kupuj\u00edc\u00edm<\/td>\n<\/tr>\n<tr>\n<td> Term\u00edn vypo\u0159\u00e1d\u00e1n\u00ed<\/td>\n<td> Z\u00e1v\u011bre\u010dn\u00e1 platba se prov\u00e1d\u00ed na z\u00e1klad\u011b kone\u010dn\u00e9 skute\u010dn\u00e9 hodnoty Physi<\/td>\n<td> Z\u00e1ruka v\u00fdroby<\/td>\n<td> Barva povrchu je schopna vydr\u017eet 10 ~ 20 let<\/td>\n<\/tr>\n<tr>\n<td> P\u0159\u00edstav<\/td>\n<td> Fob Shenzhen, Guangzhou, Foshan<\/td>\n<td> Ochrann\u00e1 zn\u00e1mka<\/td>\n<td> Sinoextrud &amp; Sinoextrud<\/td>\n<\/tr>\n<tr>\n<td> P\u0159epravn\u00ed bal\u00ed\u010dek<\/td>\n<td> Norm\u00e1ln\u00ed nebo p\u0159izp\u016fsoben\u00e9<\/td>\n<td> Specifikace<\/td>\n<td> Dle po\u017eadavku klienta<\/td>\n<\/tr>\n<tr>\n<td> P\u016fvod<\/td>\n<td> \u010c\u00ednsk\u00e1 pevnina<\/td>\n<td> K\u00f3d HS<\/td>\n<td> 76042100<\/td>\n<\/tr>\n<\/tbody>\n<\/table>\n<h2>Na\u0161e v\u00fdrobn\u00ed z\u00e1kladna<\/h2>\n<h3>Panorama tov\u00e1rny<\/h3>\n<p><img decoding=\"async\" src=\"\/wp-content\/uploads\/factory-01.webp\"\/><\/p>\n<h3>D\u00edlna na v\u00fdrobu hlin\u00edkov\u00fdch ty\u010d\u00ed<\/h3>\n<p><img decoding=\"async\" src=\"\/wp-content\/uploads\/factory-02.webp\"\/><\/p>\n<p><img decoding=\"async\" src=\"\/wp-content\/uploads\/factory-03.webp\"\/><\/p>\n<h3>Sklad pl\u00edsn\u00ed<\/h3>\n<p><img decoding=\"async\" src=\"\/wp-content\/uploads\/factory-04.webp\"\/><\/p>\n<h3>43 linek na vytla\u010dov\u00e1n\u00ed hlin\u00edku (500 - 5500 tun)<\/h3>\n<p><img decoding=\"async\" src=\"\/wp-content\/uploads\/factory-05.webp\"\/><\/p>\n<p><img decoding=\"async\" src=\"\/wp-content\/uploads\/factory-06.webp\"\/><\/p>\n<p><img decoding=\"async\" src=\"\/wp-content\/uploads\/factory-07.webp\"\/><\/p>\n<h3>D\u00edlna pr\u00e1\u0161kov\u00e9ho lakov\u00e1n\u00ed<\/h3>\n<p><img decoding=\"async\" src=\"\/wp-content\/uploads\/factory-09.webp\"\/><\/p>\n<h3>D\u00edlna eloxov\u00e1n\u00ed<\/h3>\n<p><img decoding=\"async\" src=\"\/wp-content\/uploads\/factory-10.webp\"\/><\/p>\n<h3>Workshop o hloubkov\u00e9m zpracov\u00e1n\u00ed<\/h3>\n<p><img decoding=\"async\" src=\"\/wp-content\/uploads\/factory-11.webp\"\/><\/p>\n<h3>D\u00edlna CNC p\u0159esn\u00e9ho obr\u00e1b\u011bn\u00ed<\/h3>\n<p><img decoding=\"async\" src=\"\/wp-content\/uploads\/factory-11.5.webp\"\/><\/p>\n<h3>Sklad hotov\u00fdch v\u00fdrobk\u016f a exportn\u00ed sklad<\/h3>\n<p><img decoding=\"async\" src=\"\/wp-content\/uploads\/factory-12.webp\"\/><\/p>\n<p><img decoding=\"async\" src=\"\/wp-content\/uploads\/factory-13.webp\"\/><\/p>\n<p><img decoding=\"async\" src=\"\/wp-content\/uploads\/factory-14.webp\"\/><\/p>\n<h2>\u010cASTO KLADEN\u00c9 DOTAZY<\/h2>\n<p><p><b>1.K \u010demu se pou\u017e\u00edvaj\u00ed hlin\u00edkov\u00e9 lodn\u00ed v\u00fdlisky 6082? <\/b><\/p>\n<p> Hlin\u00edkov\u00e9 lodn\u00ed v\u00fdlisky 6082 se d\u00edky sv\u00e9 pevnosti a odolnosti proti korozi pou\u017e\u00edvaj\u00ed v lodn\u00edm stavitelstv\u00ed pro r\u00e1mov\u00e1n\u00ed, konstruk\u010dn\u00ed v\u00fdztuhy a podporu sou\u010d\u00e1st\u00ed.<br \/>\n<\/p><br \/>\n<br \/>\n<p><b>2.Pro\u010d je hlin\u00edk 6082 vhodn\u00fd pro n\u00e1mo\u0159n\u00ed aplikace? <\/b><\/p>\n<p> Hlin\u00edk 6082 m\u00e1 vynikaj\u00edc\u00ed odolnost proti korozi ve slan\u00e9 vod\u011b, vysokou mechanickou pevnost a dobrou sva\u0159itelnost, tak\u017ee je ide\u00e1ln\u00ed pro stavbu lod\u00ed.<br \/>\n<\/p><br \/>\n<br \/>\n<p><b>3.Can 6082 hlin\u00edkov\u00e9 v\u00fdlisky b\u00fdt p\u0159izp\u016fsobeny? <\/b><\/p>\n<p> Ano, nab\u00edz\u00edme vlastn\u00ed tvary, d\u00e9lky a povrchov\u00e9 \u00fapravy, kter\u00e9 spl\u0148uj\u00ed specifick\u00e9 konstruk\u010dn\u00ed a konstruk\u010dn\u00ed po\u017eadavky pro n\u00e1mo\u0159n\u00ed projekty.<br \/>\n<\/p><br \/>\n<br \/>\n<p><b>4.Je hlin\u00edk 6082 snadno sva\u0159iteln\u00fd pro mont\u00e1\u017e lod\u00ed? <\/b><\/p>\n<p> Absolutn\u011b, 6082 hlin\u00edk m\u00e1 vynikaj\u00edc\u00ed sva\u0159itelnost, co\u017e zjednodu\u0161uje v\u00fdrobu a opravy p\u0159i v\u00fdrob\u011b lod\u00ed.<br \/>\n<\/p><br \/>\n<br \/>\n<p><b>5.Jak\u00fd p\u0159\u00ednos m\u00e1 pou\u017eit\u00ed hlin\u00edku 6082 pro v\u00fdkon lodi? <\/b><\/p>\n<p> Lehkost hlin\u00edku 6082 sni\u017euje hmotnost lodi, zvy\u0161uje rychlost a spot\u0159ebu paliva a zlep\u0161uje ovladatelnost.<br \/>\n<\/p><br \/>\n<br \/>\n<p><b>6.Jsou hlin\u00edkov\u00e9 v\u00fdlisky 6082 odoln\u00e9 v\u016f\u010di mo\u0159sk\u00e9 vod\u011b? <\/b><\/p>\n<p> Ano, hlin\u00edk 6082 je vysoce odoln\u00fd proti korozi v mo\u0159sk\u00e9m prost\u0159ed\u00ed, v\u010detn\u011b dlouhodob\u00e9ho p\u016fsoben\u00ed slan\u00e9 vody.<br \/>\n<\/p><br \/>\n<br \/>\n<p><b>7.Jak\u00e9 typy lodn\u00edch d\u00edl\u016f lze vyrobit z v\u00fdlisk\u016f 6082? <\/b><\/p>\n<p> B\u011b\u017en\u011b se pou\u017e\u00edvaj\u00ed r\u00e1my trupu, podp\u011bry paluby, z\u00e1bradl\u00ed, konzoly a ozdobn\u00e9 d\u00edly na komer\u010dn\u00edch i rekrea\u010dn\u00edch lod\u00edch.<br \/>\n<\/p><br \/><\/p>","protected":false},"featured_media":8391,"template":"","categories":[54],"class_list":["post-8392","product","type-product","status-publish","has-post-thumbnail","hentry","category-industrial-aluminum-profiles"],"meta_box":{"hilight_text_group":{"product_hilight_text":"<li>Made from 6082 aluminum alloy for high strength and excellent corrosion resistance.<\/li>\r\r\n<li>Ideal for marine environments due to its seawater-resistant properties.<\/li>\r\r\n<li>Lightweight material reduces overall boat weight and improves fuel efficiency.<\/li>\r\r\n<li>Excellent weldability for easy boat assembly and repairs.<\/li>\r\r\n<li>Available in various extruded shapes for structural and decorative marine use.<\/li>\r\r\n<li>Precision extrusion ensures consistent dimensions and easy fabrication.<\/li>\r\r\n<li>Long service life with minimal maintenance in harsh saltwater conditions.<\/li>","product_chanpin_blog":"<ul>\r\r\n<li><a href=\"https:\/\/sinoextrud.com\/t-slot-v-slot-differences\/\" target=\"_blank\">t slot vs v slot<\/a><\/li>\r\r\n<li><a href=\"https:\/\/sinoextrud.com\/what-is-4040-aluminium-extrud\/\" target=\"_blank\">4040 aluminium extrusion<\/a><\/li>\r\r\n<li><a href=\"https:\/\/sinoextrud.com\/what-is-4040-aluminium-extrud\/\" target=\"_blank\">aluminum extrusions for industrial racks<\/a><\/li>\r\r\n<li><a href=\"https:\/\/sinoextrud.com\/powder-coating-aluminium-process\/\" target=\"_blank\">powder coating aluminium<\/a><\/li>\r\r\n<li><a href=\"https:\/\/sinoextrud.com\/what-is-an-aluminium-strip-ceiling\/\" target=\"_blank\">aluminium strip ceiling<\/a><\/li>\r\r\n<li><a href=\"https:\/\/sinoextrud.com\/what-is-a-heat-sink\/\" target=\"_blank\">what is a heat sink<\/a><\/li>\r\r\n<\/ul>","product_chanpin_chanpin":"<li><a href=\"https:\/\/sinoextrud.com\/product\/stock-aluminum-extrusion-profiles\/\" target=\"_blank\">Stock Aluminum Extrusion Profiles<\/a><\/li>\r\n<li><a href=\"https:\/\/sinoextrud.com\/product\/the-hinges-of-aluminium-clean-room\/\" target=\"_blank\">The Hinges Of Aluminium Clean Room<\/a><\/li>\r\n<li><a href=\"https:\/\/sinoextrud.com\/product\/special-aluminium-profiles-heat-sink-aluminum\/\" target=\"_blank\">Special Aluminium Profiles Heat Sink Aluminum<\/a><\/li>\r\n<li><a href=\"https:\/\/sinoextrud.com\/product\/t-slot-aluminium-profile\/\" target=\"_blank\">T Slot Aluminium Profile<\/a><\/li>\r\n<li><a href=\"https:\/\/sinoextrud.com\/product\/aluminum-boat-extrusions-6082\/\" target=\"_blank\">Aluminum Boat Extrusions 6082<\/a><\/li>\r\n<li><a href=\"https:\/\/sinoextrud.com\/product\/aluminum-car-pedal-anodized-silver\/\" target=\"_blank\">Aluminum Car Pedal Anodized Silver<\/a><\/li>\r\n<li><a href=\"https:\/\/sinoextrud.com\/product\/aluminum-frame-extrusion-profiles\/\" target=\"_blank\">Aluminum Frame Extrusion Profiles<\/a><\/li>\r\n<li><a href=\"https:\/\/sinoextrud.com\/product\/aluminum-t-slot-channel\/\" target=\"_blank\">Aluminum T Slot Channel<\/a><\/li>\r\n<li><a href=\"https:\/\/sinoextrud.com\/product\/c-beam-aluminum-extrusion\/\" target=\"_blank\">C Beam Aluminum Extrusion<\/a><\/li>\r\n<li><a href=\"https:\/\/sinoextrud.com\/product\/cnc-anodized-6063-curved-aluminum-extrusions\/\" target=\"_blank\">CNC Anodized 6063 Curved Aluminum Extrusions<\/a><\/li>\r\n<li><a href=\"https:\/\/sinoextrud.com\/product\/round-aluminum-extrusion-profiles\/\" target=\"_blank\">Round Aluminum Extrusion Profiles<\/a><\/li>"},"feature_list":[]},"_links":{"self":[{"href":"https:\/\/sinoextrud.com\/cs\/wp-json\/wp\/v2\/product\/8392","targetHints":{"allow":["GET"]}}],"collection":[{"href":"https:\/\/sinoextrud.com\/cs\/wp-json\/wp\/v2\/product"}],"about":[{"href":"https:\/\/sinoextrud.com\/cs\/wp-json\/wp\/v2\/types\/product"}],"wp:featuredmedia":[{"embeddable":true,"href":"https:\/\/sinoextrud.com\/cs\/wp-json\/wp\/v2\/media\/8391"}],"wp:attachment":[{"href":"https:\/\/sinoextrud.com\/cs\/wp-json\/wp\/v2\/media?parent=8392"}],"wp:term":[{"taxonomy":"category","embeddable":true,"href":"https:\/\/sinoextrud.com\/cs\/wp-json\/wp\/v2\/categories?post=8392"}],"curies":[{"name":"wp","href":"https:\/\/api.w.org\/{rel}","templated":true}]}}