{"id":8390,"date":"2025-06-16T01:43:06","date_gmt":"2025-06-16T01:43:06","guid":{"rendered":"https:\/\/sinoextrud.com\/product\/t-slot-aluminium-profile\/"},"modified":"2025-06-24T06:23:41","modified_gmt":"2025-06-24T06:23:41","slug":"hlinikovy-profil-s-drazkou-t-2","status":"publish","type":"product","link":"https:\/\/sinoextrud.com\/cs\/product\/t-slot-aluminium-profile\/","title":{"rendered":"Hlin\u00edkov\u00fd profil s dr\u00e1\u017ekou T"},"content":{"rendered":"<h2>Podrobnosti o produktech<\/h2>\n<table class=\"custom-table\">\n<tbody>\n<tr>\n<td> N\u00e1zev produktu<\/td>\n<td> Hlin\u00edkov\u00fd profil s dr\u00e1\u017ekou T<\/td>\n<\/tr>\n<tr>\n<td> Materi\u00e1l<\/td>\n<td> 6063<\/td>\n<\/tr>\n<tr>\n<td> Temperament<\/td>\n<td> T5, T6<\/td>\n<\/tr>\n<tr>\n<td> Tlou\u0161\u0165ka<\/td>\n<td> 1,0 mm<\/td>\n<\/tr>\n<tr>\n<td> D\u00e9lka<\/td>\n<td> 5,8 m nebo na m\u00edru<\/td>\n<\/tr>\n<tr>\n<td> Tvar<\/td>\n<td> na m\u00edru<\/td>\n<\/tr>\n<tr>\n<td> Povrchov\u00e1 \u00faprava<\/td>\n<td> Pr\u00e1\u0161kov\u00e9 lakov\u00e1n\u00ed<\/td>\n<\/tr>\n<tr>\n<td> Barva<\/td>\n<td> B\u00edl\u00e1<\/td>\n<\/tr>\n<tr>\n<td> Aplikace<\/td>\n<td> Strojn\u00ed v\u00fdrobn\u00ed linka, dopravn\u00ed kolejnice<\/td>\n<\/tr>\n<tr>\n<td> Hloubkov\u00fd proces<\/td>\n<td> CNC, vrt\u00e1n\u00ed, \u0159ez\u00e1n\u00ed, sva\u0159ov\u00e1n\u00ed, mont\u00e1\u017e<\/td>\n<\/tr>\n<tr>\n<td> MOQ<\/td>\n<td> 200 kg pro ka\u017edou polo\u017eku<\/td>\n<\/tr>\n<tr>\n<td> V\u00fdrobn\u00ed kapacita<\/td>\n<td> V\u00edce ne\u017e 15 000 tun m\u011bs\u00ed\u010dn\u011b<\/td>\n<\/tr>\n<tr>\n<td> Certifik\u00e1t a norma<\/td>\n<td> 1) ISO9001-2008\/ISO 9001:2008;<br \/>\n2) Certifikace CQM;<br \/>\n3) SGS, BV, ROSH k dispozici<\/td>\n<\/tr>\n<tr>\n<td> Z\u00e1ruka<\/td>\n<td> Barva povrchu m\u016f\u017ee b\u00fdt stabiln\u00ed po dobu 10 ~ 20 let pou\u017e\u00edv\u00e1n\u00ed v interi\u00e9ru.<\/td>\n<\/tr>\n<tr>\n<td> Podrobnosti o balen\u00ed<\/td>\n<td> Uvnit\u0159: zabaleno v plastov\u00e9 f\u00f3lii, kter\u00e1 chr\u00e1n\u00ed ka\u017ed\u00fd kus.<\/td>\n<\/tr>\n<tr>\n<td> Venku: <\/td>\n<td>Svazky zabalte do vod\u011bodoln\u00e9ho \u0159emesln\u00e9ho pap\u00edru nebo f\u00f3lie EPE. K dispozici jsou z\u00e1kaznick\u00e9 rekvizity<\/td>\n<\/tr>\n<tr>\n<td> Doba realizace<\/td>\n<td> V\u00fdvoj a testov\u00e1n\u00ed vzork\u016f: 12-18 dn\u00ed.<\/td>\n<\/tr>\n<tr>\n<td> Hromadn\u00e1 v\u00fdroba: <\/td>\n<td>20-30dn\u00ed.<\/td>\n<\/tr>\n<tr>\n<td> Platebn\u00ed podm\u00ednky<\/td>\n<td> T\/T 30% pro z\u00e1lohu, z\u016fstatek p\u0159ed dod\u00e1n\u00edm.<\/td>\n<\/tr>\n<tr>\n<td> Platebn\u00ed podm\u00ednky<\/td>\n<td> T\/T 30% pro z\u00e1lohu, z\u016fstatek p\u0159ed dod\u00e1n\u00edm.<\/td>\n<\/tr>\n<tr>\n<td> Z<\/td>\n<td> Foshan, Guangdong, \u010c\u00edna<\/td>\n<\/tr>\n<\/tbody>\n<\/table>\n<h2>Na\u0161e v\u00fdrobn\u00ed z\u00e1kladna<\/h2>\n<h3>Panorama tov\u00e1rny<\/h3>\n<p><img decoding=\"async\" src=\"\/wp-content\/uploads\/factory-01.webp\"\/><\/p>\n<h3>D\u00edlna na v\u00fdrobu hlin\u00edkov\u00fdch ty\u010d\u00ed<\/h3>\n<p><img decoding=\"async\" src=\"\/wp-content\/uploads\/factory-02.webp\"\/><\/p>\n<\/p>\n<p><img decoding=\"async\" src=\"\/wp-content\/uploads\/factory-03.webp\"\/><\/p>\n<h3>Sklad pl\u00edsn\u00ed<\/h3>\n<p><img decoding=\"async\" src=\"\/wp-content\/uploads\/factory-04.webp\"\/><\/p>\n<h3>43 linek na vytla\u010dov\u00e1n\u00ed hlin\u00edku (500 - 5500 tun)<\/h3>\n<p><img decoding=\"async\" src=\"\/wp-content\/uploads\/factory-05.webp\"\/><\/p>\n<p><img decoding=\"async\" src=\"\/wp-content\/uploads\/factory-06.webp\"\/><\/p>\n<p><img decoding=\"async\" src=\"\/wp-content\/uploads\/factory-07.webp\"\/><\/p>\n<h3>D\u00edlna pr\u00e1\u0161kov\u00e9ho lakov\u00e1n\u00ed<\/h3>\n<p><img decoding=\"async\" src=\"\/wp-content\/uploads\/factory-09.webp\"\/><\/p>\n<h3>D\u00edlna eloxov\u00e1n\u00ed<\/h3>\n<p><img decoding=\"async\" src=\"\/wp-content\/uploads\/factory-10.webp\"\/><\/p>\n<h3>Workshop o hloubkov\u00e9m zpracov\u00e1n\u00ed<\/h3>\n<p><img decoding=\"async\" src=\"\/wp-content\/uploads\/factory-11.webp\"\/><\/p>\n<h3>D\u00edlna CNC p\u0159esn\u00e9ho obr\u00e1b\u011bn\u00ed<\/h3>\n<p><img decoding=\"async\" src=\"\/wp-content\/uploads\/factory-11.5.webp\"\/><\/p>\n<h3>Sklad hotov\u00fdch v\u00fdrobk\u016f a exportn\u00ed sklad<\/h3>\n<p><img decoding=\"async\" src=\"\/wp-content\/uploads\/factory-12.webp\"\/><\/p>\n<p><img decoding=\"async\" src=\"\/wp-content\/uploads\/factory-13.webp\"\/><\/p>\n<p><img decoding=\"async\" src=\"\/wp-content\/uploads\/factory-14.webp\"\/><\/p>\n<h2>\u010cASTO KLADEN\u00c9 DOTAZY<\/h2>\n<p><b>1.K \u010demu se pou\u017e\u00edvaj\u00ed hlin\u00edkov\u00e9 profily s dr\u00e1\u017ekou T?<\/b><\/p>\n<p>Hlin\u00edkov\u00e9 profily s dr\u00e1\u017ekou T se pou\u017e\u00edvaj\u00ed k vytv\u00e1\u0159en\u00ed p\u0159izp\u016fsobiteln\u00fdch konstruk\u010dn\u00edch r\u00e1m\u016f, sk\u0159\u00edn\u00ed a pracovn\u00edch stanic v r\u016fzn\u00fdch pr\u016fmyslov\u00fdch odv\u011btv\u00edch, jako je automatizace, stavebnictv\u00ed a v\u00fdroba.\n<\/p>\n<p><\/p>\n<p><b>2.Pro\u010d se hlin\u00edkov\u00fd profil s dr\u00e1\u017ekou T snadno montuje?<\/b><\/p>\n<p>Hlin\u00edkov\u00e9 profily s dr\u00e1\u017ekou T jsou navr\u017eeny pro snadnou mont\u00e1\u017e pomoc\u00ed spojovac\u00edch prvk\u016f a konektor\u016f, \u010d\u00edm\u017e se eliminuje nutnost sva\u0159ov\u00e1n\u00ed a zkracuje se doba a slo\u017eitost mont\u00e1\u017ee.\n<\/p>\n<p><\/p>\n<p><b>3.Jak\u00e9 jsou v\u00fdhody pou\u017eit\u00ed hlin\u00edku pro profily s dr\u00e1\u017ekou T?<\/b><\/p>\n<p>Hlin\u00edk nab\u00edz\u00ed skv\u011bl\u00fd pom\u011br pevnosti a hmotnosti, odolnost proti korozi a trvanlivost, tak\u017ee je ide\u00e1ln\u00ed pro profily T Slot, kter\u00e9 vy\u017eaduj\u00ed jak konstruk\u010dn\u00ed podporu, tak dlouhou \u017eivotnost.\n<\/p>\n<p><\/p>\n<p><b>4.Can T Slot hlin\u00edkov\u00e9 profily b\u00fdt p\u0159izp\u016fsobeny?<\/b><\/p>\n<p>Ano, tyto profily jsou vysoce p\u0159izp\u016fsobiteln\u00e9 z hlediska velikosti, tvaru a konfigurace, co\u017e umo\u017e\u0148uje podnik\u016fm navrhovat r\u00e1my a konstrukce, kter\u00e9 odpov\u00eddaj\u00ed jejich specifick\u00fdm pot\u0159eb\u00e1m.\n<\/p>\n<p><\/p>\n<p><b>5.Jak se projevuje odolnost hlin\u00edkov\u00fdch profil\u016f s dr\u00e1\u017ekou T proti korozi?<\/b><\/p>\n<p>Odolnost hlin\u00edku proti korozi zaji\u0161\u0165uje, \u017ee si profily T Slot zachov\u00e1vaj\u00ed sv\u016fj vzhled a pevnost po dlouhou dobu, a to i v n\u00e1ro\u010dn\u00fdch podm\u00ednk\u00e1ch prost\u0159ed\u00ed.\n<\/p>\n<p><\/p>\n<p><b>6.Jsou hlin\u00edkov\u00e9 profily s dr\u00e1\u017ekou T cenov\u011b v\u00fdhodn\u00e9?<\/b><\/p>\n<p>Ano, jsou n\u00e1kladov\u011b efektivn\u00ed, proto\u017ee sni\u017euj\u00ed n\u00e1klady na pr\u00e1ci a materi\u00e1l, proto\u017ee je lze snadno sestavit a znovu pou\u017e\u00edt v r\u016fzn\u00fdch konfigurac\u00edch.\n<\/p>\n<p><\/p>\n<p><b>7.Jak\u00e1 pr\u016fmyslov\u00e1 odv\u011btv\u00ed vyu\u017e\u00edvaj\u00ed hlin\u00edkov\u00e9 profily s dr\u00e1\u017ekou T?<\/b><\/p>\n<p>Pr\u016fmyslov\u00e1 odv\u011btv\u00ed, jako je automatizace, v\u00fdroba, robotika a stavebnictv\u00ed, vyu\u017e\u00edvaj\u00ed pevnost, flexibilitu a snadn\u00e9 pou\u017eit\u00ed hlin\u00edkov\u00fdch profil\u016f s dr\u00e1\u017ekou T pro vytv\u00e1\u0159en\u00ed vlastn\u00edch konstrukc\u00ed a syst\u00e9m\u016f.\n<\/p>\n<p><\/p>","protected":false},"featured_media":8389,"template":"","categories":[54],"class_list":["post-8390","product","type-product","status-publish","has-post-thumbnail","hentry","category-industrial-aluminum-profiles"],"meta_box":{"hilight_text_group":{"product_hilight_text":"<li>Highly flexible design that can be easily adapted for various structural applications.<\/li>\r\r\n<li>Durable aluminum construction ensures long-lasting performance with minimal maintenance.<\/li>\r\r\n<li>Easy to assemble with no welding required, saving time and reducing costs.<\/li>\r\r\n<li>Compatible with a wide range of accessories and connectors for versatile configurations.<\/li>\r\r\n<li>Lightweight yet strong, offering excellent support for both small and large-scale projects.<\/li>","product_chanpin_blog":"<ul>\r\r\n<li><a href=\"https:\/\/sinoextrud.com\/t-slot-v-slot-differences\/\" target=\"_blank\">t slot vs v slot<\/a><\/li>\r\r\n<li><a href=\"https:\/\/sinoextrud.com\/what-is-4040-aluminium-extrud\/\" target=\"_blank\">4040 aluminium extrusion<\/a><\/li>\r\r\n<li><a href=\"https:\/\/sinoextrud.com\/what-is-4040-aluminium-extrud\/\" target=\"_blank\">aluminum extrusions for industrial racks<\/a><\/li>\r\r\n<li><a href=\"https:\/\/sinoextrud.com\/powder-coating-aluminium-process\/\" target=\"_blank\">powder coating aluminium<\/a><\/li>\r\r\n<li><a href=\"https:\/\/sinoextrud.com\/what-is-an-aluminium-strip-ceiling\/\" target=\"_blank\">aluminium strip ceiling<\/a><\/li>\r\r\n<li><a href=\"https:\/\/sinoextrud.com\/what-is-a-heat-sink\/\" target=\"_blank\">what is a heat sink<\/a><\/li>\r\r\n<\/ul>","product_chanpin_chanpin":"<li><a href=\"https:\/\/sinoextrud.com\/product\/l-shape-aluminum-angle-profile\/\" target=\"_blank\">L Shape Aluminum Angle Profile<\/a><\/li>\r\n<li><a href=\"https:\/\/sinoextrud.com\/product\/stock-aluminum-extrusion-profiles\/\" target=\"_blank\">Stock Aluminum Extrusion Profiles<\/a><\/li>\r\n<li><a href=\"https:\/\/sinoextrud.com\/product\/the-hinges-of-aluminium-clean-room\/\" target=\"_blank\">The Hinges Of Aluminium Clean Room<\/a><\/li>\r\n<li><a href=\"https:\/\/sinoextrud.com\/product\/special-aluminium-profiles-heat-sink-aluminum\/\" target=\"_blank\">Special Aluminium Profiles Heat Sink Aluminum<\/a><\/li>\r\n<li><a href=\"https:\/\/sinoextrud.com\/product\/t-slot-aluminium-profile\/\" target=\"_blank\">T Slot Aluminium Profile<\/a><\/li>\r\n<li><a href=\"https:\/\/sinoextrud.com\/product\/aluminum-boat-extrusions-6082\/\" target=\"_blank\">Aluminum Boat Extrusions 6082<\/a><\/li>\r\n<li><a href=\"https:\/\/sinoextrud.com\/product\/aluminum-car-pedal-anodized-silver\/\" target=\"_blank\">Aluminum Car Pedal Anodized Silver<\/a><\/li>\r\n<li><a href=\"https:\/\/sinoextrud.com\/product\/aluminum-frame-extrusion-profiles\/\" target=\"_blank\">Aluminum Frame Extrusion Profiles<\/a><\/li>\r\n<li><a href=\"https:\/\/sinoextrud.com\/product\/aluminum-t-slot-channel\/\" target=\"_blank\">Aluminum T Slot Channel<\/a><\/li>\r\n<li><a href=\"https:\/\/sinoextrud.com\/product\/standard-aluminum-shapes\/\" target=\"_blank\">Standard Aluminum Shapes<\/a><\/li>\r\n<li><a href=\"https:\/\/sinoextrud.com\/product\/aluminium-profiles-for-bedroom-doors\/\" target=\"_blank\">Aluminium Profiles For Bedroom Doors<\/a><\/li>"},"feature_list":[]},"_links":{"self":[{"href":"https:\/\/sinoextrud.com\/cs\/wp-json\/wp\/v2\/product\/8390","targetHints":{"allow":["GET"]}}],"collection":[{"href":"https:\/\/sinoextrud.com\/cs\/wp-json\/wp\/v2\/product"}],"about":[{"href":"https:\/\/sinoextrud.com\/cs\/wp-json\/wp\/v2\/types\/product"}],"wp:featuredmedia":[{"embeddable":true,"href":"https:\/\/sinoextrud.com\/cs\/wp-json\/wp\/v2\/media\/8389"}],"wp:attachment":[{"href":"https:\/\/sinoextrud.com\/cs\/wp-json\/wp\/v2\/media?parent=8390"}],"wp:term":[{"taxonomy":"category","embeddable":true,"href":"https:\/\/sinoextrud.com\/cs\/wp-json\/wp\/v2\/categories?post=8390"}],"curies":[{"name":"wp","href":"https:\/\/api.w.org\/{rel}","templated":true}]}}