{"id":8383,"date":"2025-06-16T01:40:07","date_gmt":"2025-06-16T01:40:07","guid":{"rendered":"https:\/\/sinoextrud.com\/product\/the-hinges-of-aluminium-clean-room\/"},"modified":"2025-06-24T06:23:40","modified_gmt":"2025-06-24T06:23:40","slug":"panty-hlinikove-ciste-mistnosti","status":"publish","type":"product","link":"https:\/\/sinoextrud.com\/cs\/product\/the-hinges-of-aluminium-clean-room\/","title":{"rendered":"Z\u00e1v\u011bsy hlin\u00edkov\u00fdch \u010dist\u00fdch prostor"},"content":{"rendered":"<h2>Podrobnosti o produktech<\/h2>\n<table class=\"custom-table\">\n<tr>\n<td class=\"label\">Hlin\u00edkov\u00e9 profily<\/td>\n<td>Materi\u00e1l: hlin\u00edkov\u00e1 slitina6063-T5<br \/>\nPovrchov\u00e1 \u00faprava: pr\u00e1\u0161kov\u00e1 barva, eloxov\u00e1n\u00ed atd.<br \/>\nBarva: p\u0159izp\u016fsoben\u00e1<br \/>\nTlou\u0161\u0165ka: 1,0 mm\/1,2 mm\/1,4 mm\/2,0 mm<\/td>\n<\/tr>\n<tr>\n<td class=\"label\">Sklo<\/td>\n<td>Materi\u00e1l: Hlin\u00edkov\u00fd profil pro \u010dist\u00e9 prostory, hlin\u00edkov\u00e9 z\u00e1v\u011bsy pro \u010dist\u00e9 prostory<br \/>\nBarva:\u010dir\u00e1\/\u0161ed\u00e1\/zelen\u00e1\/matn\u00e1<br \/>\nThickness:insulatingglass5+9A+56+12A+6<br \/>\nJednotliv\u00e9: 3 mm a\u017e 12 mm<br \/>\nTrojit\u00fd:5+6A+5+6A+5<\/td>\n<\/tr>\n<tr>\n<td class=\"label\">T\u011bsn\u011bn\u00ed<\/td>\n<td>Guma<\/td>\n<\/tr>\n<tr>\n<td class=\"label\">Hardware<\/td>\n<td>na m\u00edru<\/td>\n<\/tr>\n<tr>\n<td class=\"label\">Bal\u00ed\u010dek<\/td>\n<td>1) film, kraftov\u00fd pap\u00edr<br \/>\n2) d\u0159ev\u011bn\u00e1 bedna<br \/>\n3) na m\u00edru<\/td>\n<\/tr>\n<\/table>\n<h2>Na\u0161e v\u00fdrobn\u00ed z\u00e1kladna<\/h2>\n<h3>Panorama tov\u00e1rny<\/h3>\n<p><img decoding=\"async\" src=\"\/wp-content\/uploads\/factory-01.webp\"\/><\/p>\n<h3>D\u00edlna na v\u00fdrobu hlin\u00edkov\u00fdch ty\u010d\u00ed<\/h3>\n<p><img decoding=\"async\" src=\"\/wp-content\/uploads\/factory-02.webp\"\/><\/p>\n<\/p>\n<p><img decoding=\"async\" src=\"\/wp-content\/uploads\/factory-03.webp\"\/><\/p>\n<h3>Sklad pl\u00edsn\u00ed<\/h3>\n<p><img decoding=\"async\" src=\"\/wp-content\/uploads\/factory-04.webp\"\/><\/p>\n<h3>43 linek na vytla\u010dov\u00e1n\u00ed hlin\u00edku (500-5500 tun)<\/h3>\n<p><img decoding=\"async\" src=\"\/wp-content\/uploads\/factory-05.webp\"\/><\/p>\n<p><img decoding=\"async\" src=\"\/wp-content\/uploads\/factory-06.webp\"\/><\/p>\n<p><img decoding=\"async\" src=\"\/wp-content\/uploads\/factory-07.webp\"\/><\/p>\n<h3>D\u00edlna pr\u00e1\u0161kov\u00e9ho lakov\u00e1n\u00ed<\/h3>\n<p><img decoding=\"async\" src=\"\/wp-content\/uploads\/factory-09.webp\"\/><\/p>\n<h3>D\u00edlna eloxov\u00e1n\u00ed<\/h3>\n<p><img decoding=\"async\" src=\"\/wp-content\/uploads\/factory-10.webp\"\/><\/p>\n<h3>Workshop o hloubkov\u00e9m zpracov\u00e1n\u00ed<\/h3>\n<p><img decoding=\"async\" src=\"\/wp-content\/uploads\/factory-11.webp\"\/><\/p>\n<h3>D\u00edlna CNC p\u0159esn\u00e9ho obr\u00e1b\u011bn\u00ed<\/h3>\n<p><img decoding=\"async\" src=\"\/wp-content\/uploads\/factory-11.5.webp\"\/><\/p>\n<h3>Sklad hotov\u00fdch v\u00fdrobk\u016f a exportn\u00ed sklad<\/h3>\n<p><img decoding=\"async\" src=\"\/wp-content\/uploads\/factory-12.webp\"\/><\/p>\n<p><img decoding=\"async\" src=\"\/wp-content\/uploads\/factory-13.webp\"\/><\/p>\n<p><img decoding=\"async\" src=\"\/wp-content\/uploads\/factory-14.webp\"\/><\/p>\n<h2>\u010cASTO KLADEN\u00c9 DOTAZY<\/h2>\n<p><b>1.Jak\u00e9 jsou v\u00fdhody hlin\u00edkov\u00fdch z\u00e1v\u011bs\u016f pro \u010dist\u00e9 prostory?<\/b><\/p>\n<p>Hlin\u00edkov\u00e9 z\u00e1v\u011bsy poskytuj\u00ed pevnost, odolnost proti korozi a trvanlivost, tak\u017ee jsou ide\u00e1ln\u00ed pro zachov\u00e1n\u00ed hygieny a spolehlivosti v prost\u0159ed\u00ed \u010dist\u00fdch prostor.\n<\/p>\n<p><\/p>\n<p><b>2.Pro\u010d je u z\u00e1v\u011bs\u016f pro \u010dist\u00e9 prostory d\u016fle\u017eit\u00e1 odolnost proti korozi?<\/b><\/p>\n<p>Odolnost proti korozi zaji\u0161\u0165uje, \u017ee z\u00e1v\u011bsy z\u016fst\u00e1vaj\u00ed funk\u010dn\u00ed a \u010dist\u00e9, ani\u017e by \u010dasem degradovaly, a pom\u00e1haj\u00ed tak dodr\u017eovat p\u0159\u00edsn\u00e9 normy vy\u017eadovan\u00e9 v \u010dist\u00fdch prostor\u00e1ch.\n<\/p>\n<p><\/p>\n<p><b>3.Jak hlin\u00edkov\u00e9 z\u00e1v\u011bsy zlep\u0161uj\u00ed v\u00fdkon dve\u0159\u00ed do \u010dist\u00fdch prostor?<\/b><\/p>\n<p>Hlin\u00edkov\u00e9 z\u00e1v\u011bsy maj\u00ed hladk\u00fd chod, sni\u017euj\u00ed opot\u0159eben\u00ed a minimalizuj\u00ed pot\u0159ebu \u00fadr\u017eby, \u010d\u00edm\u017e zaji\u0161\u0165uj\u00ed st\u00e1lou funkci dve\u0159\u00ed v \u010dist\u00fdch prostor\u00e1ch.\n<\/p>\n<p><\/p>\n<p><b>4.Jsou hlin\u00edkov\u00e9 z\u00e1v\u011bsy pro \u010dist\u00e9 prostory snadno instalovateln\u00e9?<\/b><\/p>\n<p>Ano, hlin\u00edkov\u00e9 z\u00e1v\u011bsy pro \u010dist\u00e9 prostory jsou navr\u017eeny pro snadnou instalaci, kter\u00e1 zkracuje dobu nastaven\u00ed a zaji\u0161\u0165uje efektivn\u00ed provoz dve\u0159\u00ed \u010dist\u00fdch prostor.\n<\/p>\n<p><\/p>\n<p><b>5.Lze hlin\u00edkov\u00e9 z\u00e1v\u011bsy p\u0159izp\u016fsobit r\u016fzn\u00fdm velikostem dve\u0159\u00ed?<\/b><\/p>\n<p>Ano, hlin\u00edkov\u00e9 z\u00e1v\u011bsy lze p\u0159izp\u016fsobit r\u016fzn\u00fdm velikostem a hmotnostem dve\u0159\u00ed, co\u017e poskytuje flexibilitu pro r\u016fzn\u00e9 aplikace v \u010dist\u00fdch prostor\u00e1ch.\n<\/p>\n<p><\/p>\n<p><b>6.Jak p\u0159isp\u00edvaj\u00ed hlin\u00edkov\u00e9 z\u00e1v\u011bsy pro \u010dist\u00e9 prostory k dodr\u017eov\u00e1n\u00ed hygienick\u00fdch norem?<\/b><\/p>\n<p>Korozivzdorn\u00fd a snadno \u010distiteln\u00fd povrch hlin\u00edkov\u00fdch z\u00e1v\u011bs\u016f pom\u00e1h\u00e1 udr\u017eovat vysok\u00e9 hygienick\u00e9 standardy v \u010dist\u00fdch prostor\u00e1ch, proto\u017ee zabra\u0148uje kontaminaci.\n<\/p>\n<p><\/p>\n<p><b>7.Jak dlouho vydr\u017e\u00ed hlin\u00edkov\u00e9 z\u00e1v\u011bsy pro \u010dist\u00e9 prostory?<\/b><\/p>\n<p>Hlin\u00edkov\u00e9 z\u00e1v\u011bsy pro \u010dist\u00e9 prostory jsou navr\u017eeny pro dlouhodob\u00fd v\u00fdkon a nab\u00edzej\u00ed trvanlivost a odolnost proti opot\u0159eben\u00ed, korozi a po\u0161kozen\u00ed v n\u00e1ro\u010dn\u00fdch prost\u0159ed\u00edch.\n<\/p>\n<p><\/p>","protected":false},"featured_media":8382,"template":"","categories":[54],"class_list":["post-8383","product","type-product","status-publish","has-post-thumbnail","hentry","category-industrial-aluminum-profiles"],"meta_box":{"hilight_text_group":{"product_hilight_text":"<li>Durable aluminum hinges ensure long-lasting performance in clean room environments.<\/li>\r\r\n<li>Corrosion-resistant material provides reliability and maintains hygiene standards in clean rooms.<\/li>\r\r\n<li>Precision engineering for smooth door operation and minimal maintenance requirements.<\/li>\r\r\n<li>Easy to install and maintain, reducing downtime in clean room operations.<\/li>\r\r\n<li>Customizable designs to meet specific size and weight requirements for clean room doors.<\/li>","product_chanpin_blog":"<ul>\r\r\n<li><a href=\"https:\/\/sinoextrud.com\/t-slot-v-slot-differences\/\" target=\"_blank\">t slot vs v slot<\/a><\/li>\r\r\n<li><a href=\"https:\/\/sinoextrud.com\/what-is-4040-aluminium-extrud\/\" target=\"_blank\">4040 aluminium extrusion<\/a><\/li>\r\r\n<li><a href=\"https:\/\/sinoextrud.com\/what-is-4040-aluminium-extrud\/\" target=\"_blank\">aluminum extrusions for industrial racks<\/a><\/li>\r\r\n<li><a href=\"https:\/\/sinoextrud.com\/powder-coating-aluminium-process\/\" target=\"_blank\">powder coating aluminium<\/a><\/li>\r\r\n<li><a href=\"https:\/\/sinoextrud.com\/what-is-an-aluminium-strip-ceiling\/\" target=\"_blank\">aluminium strip ceiling<\/a><\/li>\r\r\n<li><a href=\"https:\/\/sinoextrud.com\/what-is-a-heat-sink\/\" target=\"_blank\">what is a heat sink<\/a><\/li>\r\r\n<\/ul>","product_chanpin_chanpin":"<li><a href=\"https:\/\/sinoextrud.com\/product\/extrusion-aluminum-pipe-anodized-sandblasted-black\/\" target=\"_blank\">Extrusion Aluminum Pipe Anodized Sandblasted Black<\/a><\/li>\r\n<li><a href=\"https:\/\/sinoextrud.com\/product\/extruded-aluminum-triangle-electrical-instrument-shell-housing\/\" target=\"_blank\">Extruded Aluminum Triangle Electrical Instrument Shell Housing<\/a><\/li>\r\n<li><a href=\"https:\/\/sinoextrud.com\/product\/l-shape-aluminum-angle-profile\/\" target=\"_blank\">L Shape Aluminum Angle Profile<\/a><\/li>\r\n<li><a href=\"https:\/\/sinoextrud.com\/product\/stock-aluminum-extrusion-profiles\/\" target=\"_blank\">Stock Aluminum Extrusion Profiles<\/a><\/li>\r\n<li><a href=\"https:\/\/sinoextrud.com\/product\/the-hinges-of-aluminium-clean-room\/\" target=\"_blank\">The Hinges Of Aluminium Clean Room<\/a><\/li>\r\n<li><a href=\"https:\/\/sinoextrud.com\/product\/special-aluminium-profiles-heat-sink-aluminum\/\" target=\"_blank\">Special Aluminium Profiles Heat Sink Aluminum<\/a><\/li>\r\n<li><a href=\"https:\/\/sinoextrud.com\/product\/t-slot-aluminium-profile\/\" target=\"_blank\">T Slot Aluminium Profile<\/a><\/li>\r\n<li><a href=\"https:\/\/sinoextrud.com\/product\/aluminum-boat-extrusions-6082\/\" target=\"_blank\">Aluminum Boat Extrusions 6082<\/a><\/li>\r\n<li><a href=\"https:\/\/sinoextrud.com\/product\/aluminum-car-pedal-anodized-silver\/\" target=\"_blank\">Aluminum Car Pedal Anodized Silver<\/a><\/li>\r\n<li><a href=\"https:\/\/sinoextrud.com\/product\/aluminum-extruded-enclosure-for-power-supply\/\" target=\"_blank\">Aluminum Extruded Enclosure For Power Supply<\/a><\/li>\r\n<li><a href=\"https:\/\/sinoextrud.com\/product\/extruded-aluminum-stock\/\" target=\"_blank\">Extruded Aluminum Stock<\/a><\/li>"},"feature_list":[]},"_links":{"self":[{"href":"https:\/\/sinoextrud.com\/cs\/wp-json\/wp\/v2\/product\/8383","targetHints":{"allow":["GET"]}}],"collection":[{"href":"https:\/\/sinoextrud.com\/cs\/wp-json\/wp\/v2\/product"}],"about":[{"href":"https:\/\/sinoextrud.com\/cs\/wp-json\/wp\/v2\/types\/product"}],"wp:featuredmedia":[{"embeddable":true,"href":"https:\/\/sinoextrud.com\/cs\/wp-json\/wp\/v2\/media\/8382"}],"wp:attachment":[{"href":"https:\/\/sinoextrud.com\/cs\/wp-json\/wp\/v2\/media?parent=8383"}],"wp:term":[{"taxonomy":"category","embeddable":true,"href":"https:\/\/sinoextrud.com\/cs\/wp-json\/wp\/v2\/categories?post=8383"}],"curies":[{"name":"wp","href":"https:\/\/api.w.org\/{rel}","templated":true}]}}