{"id":8377,"date":"2025-06-16T01:34:24","date_gmt":"2025-06-16T01:34:24","guid":{"rendered":"https:\/\/sinoextrud.com\/product\/l-shape-aluminum-angle-profile\/"},"modified":"2025-06-24T06:23:40","modified_gmt":"2025-06-24T06:23:40","slug":"hlinikovy-uhlovy-profil-tvaru-l","status":"publish","type":"product","link":"https:\/\/sinoextrud.com\/cs\/product\/l-shape-aluminum-angle-profile\/","title":{"rendered":"Hlin\u00edkov\u00fd \u00fahlov\u00fd profil ve tvaru L"},"content":{"rendered":"<h2>Podrobnosti o produktech<\/h2>\n<table class=\"custom-table\">\n<tr>\n<td class=\"label\">N\u00e1zev polo\u017eky<\/td>\n<td>Hlin\u00edkov\u00fd \u00fahlov\u00fd profil tvaru L<\/td>\n<\/tr>\n<tr>\n<td class=\"label\">Stupe\u0148 materi\u00e1lu<\/td>\n<td>6063, 6061<\/td>\n<\/tr>\n<tr>\n<td class=\"label\">Temperament<\/td>\n<td>T5-T6<\/td>\n<\/tr>\n<tr>\n<td class=\"label\">Technologie<\/td>\n<td>Vytla\u010dov\u00e1n\u00ed hlin\u00edku<\/td>\n<\/tr>\n<tr>\n<td class=\"label\">Povrchov\u00e1 \u00faprava<\/td>\n<td>eloxov\u00e1n\u00ed, pr\u00e1\u0161kov\u00e9 lakov\u00e1n\u00ed, p\u00edskov\u00e1n\u00ed, elektrofor\u00e9za, fluorokarbon atd.<\/td>\n<\/tr>\n<tr>\n<td class=\"label\">Barva<\/td>\n<td>P\u0159izp\u016fsoben\u00e9<\/td>\n<\/tr>\n<tr>\n<td class=\"label\">Tlou\u0161\u0165ka eloxov\u00e1n\u00ed<\/td>\n<td>8-25 um<\/td>\n<\/tr>\n<tr>\n<td class=\"label\">Tlou\u0161\u0165ka povlaku Power Coating<\/td>\n<td>40-120 um<\/td>\n<\/tr>\n<tr>\n<td class=\"label\">Tvar<\/td>\n<td>Tvar L nebo na m\u00edru<\/td>\n<\/tr>\n<tr>\n<td class=\"label\">Rozm\u011br<\/td>\n<td>P\u0159izp\u016fsoben\u00e9<\/td>\n<\/tr>\n<tr>\n<td class=\"label\">Hloubkov\u00e9 zpracov\u00e1n\u00ed<\/td>\n<td>\u0159ez\u00e1n\u00ed, vrt\u00e1n\u00ed, d\u011brov\u00e1n\u00ed, oh\u00fdb\u00e1n\u00ed atd.<\/td>\n<\/tr>\n<tr>\n<td class=\"label\">2D&amp;3D design<\/td>\n<td>Auto CAD, 3D, AI, SLD, PRT. IGS, PDF, JPEG atd.<\/td>\n<\/tr>\n<tr>\n<td class=\"label\">In\u017een\u00fdrstv\u00ed a n\u00e1stroje<\/td>\n<td>1: 8 in\u017een\u00fdr\u016f v lisovn\u011b.<br \/>\n2: Pou\u017eijte extrud\u00e9r s vysokou ton\u00e1\u017e\u00ed, dr\u00e1tov\u00e9 elektroerozivn\u00ed obr\u00e1b\u011bn\u00ed, CNC, vrtac\u00ed stroje atd.<\/td>\n<\/tr>\n<tr>\n<td class=\"label\">Kontrola kvality<\/td>\n<td>1.SO Schv\u00e1leno.<br \/>\n2.CE Approved<br \/>\n3.Kontrola na m\u00edst\u011b.<br \/>\n4.Kontrola p\u0159ed odesl\u00e1n\u00edm.<br \/>\n5.Testovac\u00ed stroj.<\/td>\n<\/tr>\n<tr>\n<td class=\"label\">Podrobnosti o balen\u00ed<\/td>\n<td>(1) Uvnit\u0159: baleno s plastovou ochrannou f\u00f3li\u00ed, kter\u00e1 chr\u00e1n\u00ed ka\u017ed\u00fd kus.<br \/>\n(2) Venku: Zabalte svazky do vod\u011bodoln\u00e9ho \u0159emesln\u00e9ho pap\u00edru.<\/td>\n<\/tr>\n<tr>\n<td class=\"label\">Dod\u00e1vka<\/td>\n<td>(1) V\u00fdvoj matrice a testov\u00e1n\u00ed vzork\u016f: 12-18 dn\u00ed .<br \/>\n(2) Dokon\u010den\u00ed hromadn\u00e9 v\u00fdroby: 20-30 dn\u00ed po potvrzen\u00ed vzorku kupuj\u00edc\u00edm.<\/td>\n<\/tr>\n<tr>\n<td class=\"label\">Term\u00edn platby<\/td>\n<td>T\/T 30% pro vklad, z\u016fstatek p\u0159ed odesl\u00e1n\u00edm.<\/td>\n<\/tr>\n<\/table>\n<h2>Na\u0161e v\u00fdrobn\u00ed z\u00e1kladna<\/h2>\n<h3>Panorama tov\u00e1rny<\/h3>\n<p><img decoding=\"async\" src=\"\/wp-content\/uploads\/factory-01.webp\"\/><\/p>\n<h3>D\u00edlna na v\u00fdrobu hlin\u00edkov\u00fdch ty\u010d\u00ed<\/h3>\n<p><img decoding=\"async\" src=\"\/wp-content\/uploads\/factory-02.webp\"\/><\/p>\n<p><img decoding=\"async\" src=\"\/wp-content\/uploads\/factory-03.webp\"\/><\/p>\n<h3>Sklad pl\u00edsn\u00ed<\/h3>\n<p><img decoding=\"async\" src=\"\/wp-content\/uploads\/factory-04.webp\"\/><\/p>\n<h3>43 linek na vytla\u010dov\u00e1n\u00ed hlin\u00edku (500 - 5500 tun)<\/h3>\n<p><img decoding=\"async\" src=\"\/wp-content\/uploads\/factory-05.webp\"\/><\/p>\n<p><img decoding=\"async\" src=\"\/wp-content\/uploads\/factory-06.webp\"\/><\/p>\n<p><img decoding=\"async\" src=\"\/wp-content\/uploads\/factory-07.webp\"\/><\/p>\n<h3>D\u00edlna pr\u00e1\u0161kov\u00e9ho lakov\u00e1n\u00ed<\/h3>\n<p><img decoding=\"async\" src=\"\/wp-content\/uploads\/factory-09.webp\"\/><\/p>\n<h3>D\u00edlna eloxov\u00e1n\u00ed<\/h3>\n<p><img decoding=\"async\" src=\"\/wp-content\/uploads\/factory-10.webp\"\/><\/p>\n<h3>Workshop o hloubkov\u00e9m zpracov\u00e1n\u00ed<\/h3>\n<p><img decoding=\"async\" src=\"\/wp-content\/uploads\/factory-11.webp\"\/><\/p>\n<h3>D\u00edlna CNC p\u0159esn\u00e9ho obr\u00e1b\u011bn\u00ed<\/h3>\n<p><img decoding=\"async\" src=\"\/wp-content\/uploads\/factory-11.5.webp\"\/><\/p>\n<h3>Sklad hotov\u00fdch v\u00fdrobk\u016f a exportn\u00ed sklad<\/h3>\n<p><img decoding=\"async\" src=\"\/wp-content\/uploads\/factory-12.webp\"\/><\/p>\n<p><img decoding=\"async\" src=\"\/wp-content\/uploads\/factory-13.webp\"\/><\/p>\n<p><img decoding=\"async\" src=\"\/wp-content\/uploads\/factory-14.webp\"\/><\/p>\n<h2>\u010cASTO KLADEN\u00c9 DOTAZY<\/h2>\n<p><p><b>1.Co d\u011bl\u00e1 hlin\u00edkov\u00fd \u00faheln\u00edkov\u00fd profil tvaru L ide\u00e1ln\u00edm pro konstruk\u010dn\u00ed a r\u00e1mov\u00e9 aplikace? <\/b><\/p>\n<p> Hlin\u00edkov\u00fd \u00faheln\u00edkov\u00fd profil ve tvaru p\u00edsmene L nab\u00edz\u00ed pevnou a odolnou podporu p\u0159i zachov\u00e1n\u00ed flexibility pro r\u016fzn\u00e9 konfigurace r\u00e1mov\u00e1n\u00ed a konstrukce.<br \/>\n<\/p><br \/>\n<br \/>\n<p><b>2.Can L Shape hlin\u00edkov\u00fd \u00faheln\u00edk profil b\u00fdt p\u0159izp\u016fsoben? <\/b><\/p>\n<p> Ano, hlin\u00edkov\u00e9 \u00fahlov\u00e9 profily ve tvaru p\u00edsmene L lze p\u0159izp\u016fsobit z hlediska velikosti, d\u00e9lky a \u00fahlu tak, aby vyhovovaly konkr\u00e9tn\u00edm pot\u0159eb\u00e1m projektu a designu.<br \/>\n<\/p><br \/>\n<br \/>\n<p><b>3.Jak odoln\u00fd je hlin\u00edkov\u00fd \u00fahlov\u00fd profil tvaru L? <\/b><\/p>\n<p> Korozivzdorn\u00e9 vlastnosti hlin\u00edku zaji\u0161\u0165uj\u00ed, \u017ee tyto profily poskytuj\u00ed dlouhodob\u00fd v\u00fdkon a ochranu i v n\u00e1ro\u010dn\u00fdch prost\u0159ed\u00edch.<br \/>\n<\/p><br \/>\n<br \/>\n<p><b>4.Jak\u00e1 pr\u016fmyslov\u00e1 odv\u011btv\u00ed maj\u00ed prosp\u011bch z pou\u017e\u00edv\u00e1n\u00ed hlin\u00edkov\u00e9ho \u00fahlov\u00e9ho profilu ve tvaru L? <\/b><\/p>\n<p> Pr\u016fmyslov\u00e1 odv\u011btv\u00ed, jako je stavebnictv\u00ed, v\u00fdroba, automobilov\u00fd pr\u016fmysl a stroj\u00edrenstv\u00ed, pou\u017e\u00edvaj\u00ed tyto profily k vytv\u00e1\u0159en\u00ed stabiln\u00edch a bezpe\u010dn\u00fdch r\u00e1m\u016f a podp\u011br.<br \/>\n<\/p><br \/>\n<br \/>\n<p><b>5.Je hlin\u00edkov\u00fd \u00fahlov\u00fd profil ve tvaru L snadno sestaviteln\u00fd a upraviteln\u00fd? <\/b><\/p>\n<p> Ano, tyto profily jsou navr\u017eeny pro snadnou mont\u00e1\u017e, \u00fapravy a p\u0159izp\u016fsoben\u00ed, co\u017e \u0161et\u0159\u00ed \u010das a sni\u017euje n\u00e1klady na pr\u00e1ci p\u0159i instalaci.<br \/>\n<\/p><br \/>\n<br \/>\n<p><b>6.Jak hlin\u00edkov\u00fd \u00fahlov\u00fd profil tvaru L zlep\u0161uje konstruk\u010dn\u00ed vlastnosti? <\/b><\/p>\n<p> Profil ve tvaru p\u00edsmene L poskytuje pevnou a bezpe\u010dnou oporu a zvy\u0161uje celkovou stabilitu a pevnost r\u00e1m\u016f a konstruk\u010dn\u00edch syst\u00e9m\u016f.<br \/>\n<\/p><br \/>\n<br \/>\n<p><b>7.Je hlin\u00edkov\u00fd \u00fahlov\u00fd profil ve tvaru L \u0161etrn\u00fd k \u017eivotn\u00edmu prost\u0159ed\u00ed? <\/b><\/p>\n<p> Ano, hlin\u00edk je pln\u011b recyklovateln\u00fd materi\u00e1l, tak\u017ee hlin\u00edkov\u00fd \u00fahlov\u00fd profil ve tvaru L je ekologickou volbou pro udr\u017eiteln\u00e9 stavebn\u00ed a v\u00fdrobn\u00ed projekty.<br \/>\n<\/p><br \/><\/p>","protected":false},"featured_media":8376,"template":"","categories":[54],"class_list":["post-8377","product","type-product","status-publish","has-post-thumbnail","hentry","category-industrial-aluminum-profiles"],"meta_box":{"hilight_text_group":{"product_hilight_text":"<li>Durable L-shape aluminum angle profile for versatile structural and framing applications<\/li>\r\r\n<li>Corrosion-resistant, ensuring long-lasting performance in both indoor and outdoor environments<\/li>\r\r\n<li>Lightweight yet strong, offering excellent support without adding unnecessary weight<\/li>\r\r\n<li>Customizable sizes and angles to meet specific project and design requirements<\/li>\r\r\n<li>Easy to assemble, modify, and adapt for various structural systems and mounting needs<\/li>\r\r\n<li>Ideal for use in construction, automotive, and machinery applications<\/li>\r\r\n<li>Eco-friendly, as aluminum is fully recyclable<\/li>","product_chanpin_blog":"<ul>\r\r\n<li><a href=\"https:\/\/sinoextrud.com\/t-slot-v-slot-differences\/\" target=\"_blank\">t slot vs v slot<\/a><\/li>\r\r\n<li><a href=\"https:\/\/sinoextrud.com\/what-is-4040-aluminium-extrud\/\" target=\"_blank\">4040 aluminium extrusion<\/a><\/li>\r\r\n<li><a href=\"https:\/\/sinoextrud.com\/what-is-4040-aluminium-extrud\/\" target=\"_blank\">aluminum extrusions for industrial racks<\/a><\/li>\r\r\n<li><a href=\"https:\/\/sinoextrud.com\/powder-coating-aluminium-process\/\" target=\"_blank\">powder coating aluminium<\/a><\/li>\r\r\n<li><a href=\"https:\/\/sinoextrud.com\/what-is-an-aluminium-strip-ceiling\/\" target=\"_blank\">aluminium strip ceiling<\/a><\/li>\r\r\n<li><a href=\"https:\/\/sinoextrud.com\/what-is-a-heat-sink\/\" target=\"_blank\">what is a heat sink<\/a><\/li>\r\r\n<\/ul>","product_chanpin_chanpin":"<li><a href=\"https:\/\/sinoextrud.com\/product\/cutting-aluminum-extrusion\/\" target=\"_blank\">Cutting Aluminum Extrusion<\/a><\/li>\r\n<li><a href=\"https:\/\/sinoextrud.com\/product\/extruded-aluminum-rail-system\/\" target=\"_blank\">Extruded Aluminum Rail System<\/a><\/li>\r\n<li><a href=\"https:\/\/sinoextrud.com\/product\/extrusion-aluminum-pipe-anodized-sandblasted-black\/\" target=\"_blank\">Extrusion Aluminum Pipe Anodized Sandblasted Black<\/a><\/li>\r\n<li><a href=\"https:\/\/sinoextrud.com\/product\/extruded-aluminum-triangle-electrical-instrument-shell-housing\/\" target=\"_blank\">Extruded Aluminum Triangle Electrical Instrument Shell Housing<\/a><\/li>\r\n<li><a href=\"https:\/\/sinoextrud.com\/product\/l-shape-aluminum-angle-profile\/\" target=\"_blank\">L Shape Aluminum Angle Profile<\/a><\/li>\r\n<li><a href=\"https:\/\/sinoextrud.com\/product\/stock-aluminum-extrusion-profiles\/\" target=\"_blank\">Stock Aluminum Extrusion Profiles<\/a><\/li>\r\n<li><a href=\"https:\/\/sinoextrud.com\/product\/the-hinges-of-aluminium-clean-room\/\" target=\"_blank\">The Hinges Of Aluminium Clean Room<\/a><\/li>\r\n<li><a href=\"https:\/\/sinoextrud.com\/product\/special-aluminium-profiles-heat-sink-aluminum\/\" target=\"_blank\">Special Aluminium Profiles Heat Sink Aluminum<\/a><\/li>\r\n<li><a href=\"https:\/\/sinoextrud.com\/product\/t-slot-aluminium-profile\/\" target=\"_blank\">T Slot Aluminium Profile<\/a><\/li>\r\n<li><a href=\"https:\/\/sinoextrud.com\/product\/anodized-aluminium-profiles\/\" target=\"_blank\">Anodized Aluminium Profiles<\/a><\/li>\r\n<li><a href=\"https:\/\/sinoextrud.com\/product\/aluminum-extrusion-accessories\/\" target=\"_blank\">Aluminum Extrusion Accessories<\/a><\/li>"},"feature_list":[]},"_links":{"self":[{"href":"https:\/\/sinoextrud.com\/cs\/wp-json\/wp\/v2\/product\/8377","targetHints":{"allow":["GET"]}}],"collection":[{"href":"https:\/\/sinoextrud.com\/cs\/wp-json\/wp\/v2\/product"}],"about":[{"href":"https:\/\/sinoextrud.com\/cs\/wp-json\/wp\/v2\/types\/product"}],"wp:featuredmedia":[{"embeddable":true,"href":"https:\/\/sinoextrud.com\/cs\/wp-json\/wp\/v2\/media\/8376"}],"wp:attachment":[{"href":"https:\/\/sinoextrud.com\/cs\/wp-json\/wp\/v2\/media?parent=8377"}],"wp:term":[{"taxonomy":"category","embeddable":true,"href":"https:\/\/sinoextrud.com\/cs\/wp-json\/wp\/v2\/categories?post=8377"}],"curies":[{"name":"wp","href":"https:\/\/api.w.org\/{rel}","templated":true}]}}