{"id":8375,"date":"2025-06-16T01:33:01","date_gmt":"2025-06-16T01:33:01","guid":{"rendered":"https:\/\/sinoextrud.com\/product\/extruded-aluminum-triangle-electrical-instrument-shell-housing\/"},"modified":"2025-06-24T06:23:39","modified_gmt":"2025-06-24T06:23:39","slug":"protlacovany-hlinikovy-trojuhelnik-elektricky-pristroj-kryt-shell","status":"publish","type":"product","link":"https:\/\/sinoextrud.com\/cs\/product\/extruded-aluminum-triangle-electrical-instrument-shell-housing\/","title":{"rendered":"Extrudovan\u00fd hlin\u00edkov\u00fd troj\u00faheln\u00edk Pouzdro elektrick\u00e9ho p\u0159\u00edstroje"},"content":{"rendered":"<h2>Podrobnosti o produktech<\/h2>\n<table class=\"custom-table\">\n<tbody>\n<tr>\n<td> N\u00e1zev produktu<\/td>\n<td> Extrudovan\u00fd hlin\u00edkov\u00fd troj\u00faheln\u00edkov\u00fd kryt elektrick\u00e9ho p\u0159\u00edstroje<\/td>\n<\/tr>\n<tr>\n<td> Slitina hlin\u00edku<\/td>\n<td> 6063-T5 nebo p\u0159izp\u016fsoben\u00ed<\/td>\n<\/tr>\n<tr>\n<td> Povrchov\u00e1 \u00faprava<\/td>\n<td> povrchov\u00e1 \u00faprava fr\u00e9zov\u00e1n\u00edm, kart\u00e1\u010dov\u00e1n\u00edm nebo p\u0159izp\u016fsoben\u00edm<\/td>\n<\/tr>\n<tr>\n<td> Barva<\/td>\n<td> hotov\u00fd ml\u00fdn nebo p\u0159izp\u016fsoben\u00ed<\/td>\n<\/tr>\n<tr>\n<td> Velikost<\/td>\n<td> 1-9m nebo p\u0159izp\u016fsoben\u00ed<\/td>\n<\/tr>\n<tr>\n<td> Aplikace<\/td>\n<td> Extrudovan\u00fd hlin\u00edkov\u00fd troj\u00faheln\u00edkov\u00fd pl\u00e1\u0161\u0165, kryt pro elektrick\u00fd p\u0159\u00edstroj, pr\u00e1\u0161kov\u00e1 banka, nab\u00edjec\u00ed hromada<\/td>\n<\/tr>\n<tr>\n<td> Zna\u010dka<\/td>\n<td> Sinoextrud \/ Sinoextrud \/ Sinoextrud Aluminium<\/td>\n<\/tr>\n<tr>\n<td> P\u016fvod<\/td>\n<td> Foshan, \u010c\u00edna<\/td>\n<\/tr>\n<\/tbody>\n<\/table>\n<h2>Na\u0161e v\u00fdrobn\u00ed z\u00e1kladna<\/h2>\n<h3>Panorama tov\u00e1rny<\/h3>\n<p><img decoding=\"async\" src=\"\/wp-content\/uploads\/factory-01.webp\"\/><\/p>\n<h3>D\u00edlna na v\u00fdrobu hlin\u00edkov\u00fdch ty\u010d\u00ed<\/h3>\n<p><img decoding=\"async\" src=\"\/wp-content\/uploads\/factory-02.webp\"\/><\/p>\n<p><img decoding=\"async\" src=\"\/wp-content\/uploads\/factory-03.webp\"\/><\/p>\n<h3>Sklad pl\u00edsn\u00ed<\/h3>\n<p><img decoding=\"async\" src=\"\/wp-content\/uploads\/factory-04.webp\"\/><\/p>\n<h3>43 linek na vytla\u010dov\u00e1n\u00ed hlin\u00edku (500 - 5500 tun)<\/h3>\n<p><img decoding=\"async\" src=\"\/wp-content\/uploads\/factory-05.webp\"\/><\/p>\n<p><img decoding=\"async\" src=\"\/wp-content\/uploads\/factory-06.webp\"\/><\/p>\n<p><img decoding=\"async\" src=\"\/wp-content\/uploads\/factory-07.webp\"\/><\/p>\n<h3>D\u00edlna pr\u00e1\u0161kov\u00e9ho lakov\u00e1n\u00ed<\/h3>\n<p><img decoding=\"async\" src=\"\/wp-content\/uploads\/factory-09.webp\"\/><\/p>\n<h3>D\u00edlna eloxov\u00e1n\u00ed<\/h3>\n<p><img decoding=\"async\" src=\"\/wp-content\/uploads\/factory-10.webp\"\/><\/p>\n<h3>Workshop o hloubkov\u00e9m zpracov\u00e1n\u00ed<\/h3>\n<p><img decoding=\"async\" src=\"\/wp-content\/uploads\/factory-11.webp\"\/><\/p>\n<h3>D\u00edlna CNC p\u0159esn\u00e9ho obr\u00e1b\u011bn\u00ed<\/h3>\n<p><img decoding=\"async\" src=\"\/wp-content\/uploads\/factory-11.5.webp\"\/><\/p>\n<h3>Sklad hotov\u00fdch v\u00fdrobk\u016f a exportn\u00ed sklad<\/h3>\n<p><img decoding=\"async\" src=\"\/wp-content\/uploads\/factory-12.webp\"\/><\/p>\n<p><img decoding=\"async\" src=\"\/wp-content\/uploads\/factory-13.webp\"\/><\/p>\n<p><img decoding=\"async\" src=\"\/wp-content\/uploads\/factory-14.webp\"\/><\/p>\n<h2>\u010cASTO KLADEN\u00c9 DOTAZY<\/h2>\n<p><p><b>1.Co d\u011bl\u00e1 z extrudovan\u00e9ho hlin\u00edku troj\u00faheln\u00edkov\u00fd kryt elektrick\u00fdch p\u0159\u00edstroj\u016f ide\u00e1ln\u00ed pro elektrick\u00e9 p\u0159\u00edstroje? <\/b><\/p>\n<p> Nab\u00edz\u00ed vynikaj\u00edc\u00ed ochranu, odolnost proti korozi a \u00fa\u010dinn\u00fd odvod tepla, \u010d\u00edm\u017e zaji\u0161\u0165uje bezpe\u010dnost a dlouhou \u017eivotnost elektrick\u00fdch sou\u010d\u00e1st\u00ed.<br \/>\n<\/p><br \/>\n<br \/>\n<p><b>2.Can Extruded hlin\u00edkov\u00fd troj\u00faheln\u00edk elektrick\u00fd p\u0159\u00edstroj Shell Housing b\u00fdt p\u0159izp\u016fsoben? <\/b><\/p>\n<p> Ano, tato pouzdra lze p\u0159izp\u016fsobit z hlediska velikosti, tvaru a designu tak, aby vyhovovala konkr\u00e9tn\u00edm pot\u0159eb\u00e1m elektrick\u00fdch p\u0159\u00edstroj\u016f.<br \/>\n<\/p><br \/>\n<br \/>\n<p><b>3.Jak trvanliv\u00fd je extrudovan\u00fd hlin\u00edkov\u00fd troj\u00faheln\u00edkov\u00fd kryt elektrick\u00e9ho p\u0159\u00edstroje? <\/b><\/p>\n<p> Hlin\u00edk odoln\u00fd proti korozi zaji\u0161\u0165uje, \u017ee kryt je odoln\u00fd a odol\u00e1 n\u00e1ro\u010dn\u00fdm podm\u00ednk\u00e1m prost\u0159ed\u00ed.<br \/>\n<\/p><br \/>\n<br \/>\n<p><b>4.Jak\u00e1 pr\u016fmyslov\u00e1 odv\u011btv\u00ed maj\u00ed prosp\u011bch z extrudovan\u00e9ho hlin\u00edkov\u00e9ho troj\u00faheln\u00edku elektrick\u00fdch p\u0159\u00edstroj\u016f? <\/b><\/p>\n<p> Je \u0161iroce pou\u017e\u00edv\u00e1n v odv\u011btv\u00edch, jako je elektronika, telekomunikace a p\u0159\u00edstrojov\u00e1 technika, pro um\u00edst\u011bn\u00ed citliv\u00fdch elektrick\u00fdch sou\u010d\u00e1stek.<br \/>\n<\/p><br \/>\n<br \/>\n<p><b>5.Is Extruded Aluminum Triangle Electrical Instrument Shell Housing se snadno instaluje? <\/b><\/p>\n<p> Ano, je navr\u017een pro snadnou mont\u00e1\u017e a \u00fapravy, tak\u017ee je cenov\u011b v\u00fdhodn\u00fd a rychle implementovateln\u00fd do r\u016fzn\u00fdch projekt\u016f.<br \/>\n<\/p><br \/>\n<br \/>\n<p><b>6.Jak\u00fdm zp\u016fsobem zlep\u0161uje extrudovan\u00fd hlin\u00edkov\u00fd troj\u00faheln\u00edkov\u00fd pl\u00e1\u0161\u0165 elektrick\u00fdch p\u0159\u00edstroj\u016f jejich v\u00fdkon? <\/b><\/p>\n<p> Pouzdro pom\u00e1h\u00e1 \u00fa\u010dinn\u011b regulovat teplo, udr\u017eovat integritu sou\u010d\u00e1st\u00ed a chr\u00e1nit citliv\u00e9 d\u00edly p\u0159ed po\u0161kozen\u00edm vlivem prost\u0159ed\u00ed.<br \/>\n<\/p><br \/>\n<br \/>\n<p><b>7.Je extrudovan\u00fd hlin\u00edkov\u00fd troj\u00faheln\u00edk elektrick\u00e9ho p\u0159\u00edstroje Shell Housing \u0161etrn\u00fd k \u017eivotn\u00edmu prost\u0159ed\u00ed? <\/b><\/p>\n<p> Ano, hlin\u00edk je pln\u011b recyklovateln\u00fd, a proto je tento kryt ekologickou volbou pro r\u016fzn\u00e9 aplikace.<br \/>\n<\/p><br \/><\/p>","protected":false},"featured_media":8374,"template":"","categories":[54],"class_list":["post-8375","product","type-product","status-publish","has-post-thumbnail","hentry","category-industrial-aluminum-profiles"],"meta_box":{"hilight_text_group":{"product_hilight_text":"<li>Durable extruded aluminum triangle electrical instrument shell housing for enhanced protection<\/li>\r\r\n<li>Corrosion-resistant, ensuring long-lasting reliability in various environments<\/li>\r\r\n<li>Lightweight yet sturdy, offering strong protection without adding excess weight<\/li>\r\r\n<li>Customizable sizes and designs to meet specific requirements for electrical instruments<\/li>\r\r\n<li>Efficient heat dissipation, helping to maintain optimal operating temperatures<\/li>\r\r\n<li>Easy to assemble and modify, reducing production and setup time<\/li>\r\r\n<li>Eco-friendly, as aluminum is a fully recyclable material<\/li>","product_chanpin_blog":"<ul>\r\r\n<li><a href=\"https:\/\/sinoextrud.com\/t-slot-v-slot-differences\/\" target=\"_blank\">t slot vs v slot<\/a><\/li>\r\r\n<li><a href=\"https:\/\/sinoextrud.com\/what-is-4040-aluminium-extrud\/\" target=\"_blank\">4040 aluminium extrusion<\/a><\/li>\r\r\n<li><a href=\"https:\/\/sinoextrud.com\/what-is-4040-aluminium-extrud\/\" target=\"_blank\">aluminum extrusions for industrial racks<\/a><\/li>\r\r\n<li><a href=\"https:\/\/sinoextrud.com\/powder-coating-aluminium-process\/\" target=\"_blank\">powder coating aluminium<\/a><\/li>\r\r\n<li><a href=\"https:\/\/sinoextrud.com\/what-is-an-aluminium-strip-ceiling\/\" target=\"_blank\">aluminium strip ceiling<\/a><\/li>\r\r\n<li><a href=\"https:\/\/sinoextrud.com\/what-is-a-heat-sink\/\" target=\"_blank\">what is a heat sink<\/a><\/li>\r\r\n<\/ul>","product_chanpin_chanpin":"<li><a href=\"https:\/\/sinoextrud.com\/product\/aluminum-t-track-extrusion\/\" target=\"_blank\">Aluminum T Track Extrusion<\/a><\/li>\r\n<li><a href=\"https:\/\/sinoextrud.com\/product\/cutting-aluminum-extrusion\/\" target=\"_blank\">Cutting Aluminum Extrusion<\/a><\/li>\r\n<li><a href=\"https:\/\/sinoextrud.com\/product\/extruded-aluminum-rail-system\/\" target=\"_blank\">Extruded Aluminum Rail System<\/a><\/li>\r\n<li><a href=\"https:\/\/sinoextrud.com\/product\/extrusion-aluminum-pipe-anodized-sandblasted-black\/\" target=\"_blank\">Extrusion Aluminum Pipe Anodized Sandblasted Black<\/a><\/li>\r\n<li><a href=\"https:\/\/sinoextrud.com\/product\/extruded-aluminum-triangle-electrical-instrument-shell-housing\/\" target=\"_blank\">Extruded Aluminum Triangle Electrical Instrument Shell Housing<\/a><\/li>\r\n<li><a href=\"https:\/\/sinoextrud.com\/product\/l-shape-aluminum-angle-profile\/\" target=\"_blank\">L Shape Aluminum Angle Profile<\/a><\/li>\r\n<li><a href=\"https:\/\/sinoextrud.com\/product\/stock-aluminum-extrusion-profiles\/\" target=\"_blank\">Stock Aluminum Extrusion Profiles<\/a><\/li>\r\n<li><a href=\"https:\/\/sinoextrud.com\/product\/the-hinges-of-aluminium-clean-room\/\" target=\"_blank\">The Hinges Of Aluminium Clean Room<\/a><\/li>\r\n<li><a href=\"https:\/\/sinoextrud.com\/product\/special-aluminium-profiles-heat-sink-aluminum\/\" target=\"_blank\">Special Aluminium Profiles Heat Sink Aluminum<\/a><\/li>\r\n<li><a href=\"https:\/\/sinoextrud.com\/product\/6061-6063-6082-street-lamp-column-aluminum-profile\/\" target=\"_blank\">6061 6063 6082 Street Lamp Column Aluminum Profile<\/a><\/li>\r\n<li><a href=\"https:\/\/sinoextrud.com\/product\/t-section-aluminium-extrusion\/\" target=\"_blank\">T Section Aluminium Extrusion<\/a><\/li>"},"feature_list":[]},"_links":{"self":[{"href":"https:\/\/sinoextrud.com\/cs\/wp-json\/wp\/v2\/product\/8375","targetHints":{"allow":["GET"]}}],"collection":[{"href":"https:\/\/sinoextrud.com\/cs\/wp-json\/wp\/v2\/product"}],"about":[{"href":"https:\/\/sinoextrud.com\/cs\/wp-json\/wp\/v2\/types\/product"}],"wp:featuredmedia":[{"embeddable":true,"href":"https:\/\/sinoextrud.com\/cs\/wp-json\/wp\/v2\/media\/8374"}],"wp:attachment":[{"href":"https:\/\/sinoextrud.com\/cs\/wp-json\/wp\/v2\/media?parent=8375"}],"wp:term":[{"taxonomy":"category","embeddable":true,"href":"https:\/\/sinoextrud.com\/cs\/wp-json\/wp\/v2\/categories?post=8375"}],"curies":[{"name":"wp","href":"https:\/\/api.w.org\/{rel}","templated":true}]}}